{"id":225701,"date":"2021-10-25T13:48:29","date_gmt":"2021-10-25T12:48:29","guid":{"rendered":"https:\/\/www.web.prilux.cloud\/product\/essense-compact-smart-led-15w-830-e14\/"},"modified":"2023-08-16T12:56:28","modified_gmt":"2023-08-16T11:56:28","slug":"essense-compact-smart-led-15w-830-e14","status":"publish","type":"product","link":"https:\/\/prilux.es\/fr\/produit\/essense-compact-smart-led-15w-830-e14\/","title":{"rendered":"ESSENSE COMPACT SMART LED 1,5W 830 E14"},"content":{"rendered":"<p>Lampe LED intelligente EsSENSE COMPACT d&rsquo;une puissance de 1,5 W, \u00e0 une tension de 230 V CA, de la famille PRILUX LED SMART. Il s&rsquo;agit d&rsquo;une petite lampe LED \u00e0 haut rendement qui permet des \u00e9conomies de consommation importantes gr\u00e2ce \u00e0 sa technologie LED, et poss\u00e8de l&rsquo;excellent certificat d&rsquo;efficacit\u00e9 de classe A ++, qui la certifie. Cela se traduit par une \u00e9conomie de consommation de 94% par rapport \u00e0 l&rsquo;utilisation de lampes \u00e0 incandescence traditionnelles. EsSENSE COMPACT smart est \u00e9quip\u00e9 de LED 3000K avec une temp\u00e9rature de couleur et une tonalit\u00e9 de lumi\u00e8re chaude, et offre un flux lumineux de 180 lumens. En plus d&rsquo;\u00e9conomiser sur la consommation, cette lampe a une longue dur\u00e9e de vie utile de 25 000 heures, r\u00e9duisant au minimum ses co\u00fbts de maintenance. L&rsquo;\u00e9clairage dans l&rsquo;espace est de la plus haute qualit\u00e9 gr\u00e2ce \u00e0 l&rsquo;indice de rendu des couleurs Ra&gt; 80, qui assure une reproduction fid\u00e8le des couleurs des objets \u00e9clair\u00e9s. Avec un angle de faisceau de 200 \u00b0. La lampe intelligente esSENSE COMPACT dispose d&rsquo;une douille E14 et d&rsquo;un diffuseur opale. De petite taille, il mesure \u00f819 x 62 mm.<\/p>\n","protected":false},"excerpt":{"rendered":"<p>Lampe LED intelligente EsSENSE COMPACT, puissance 1.5W, flux 3000K et 180lm. Le capuchon est E14. Il offre jusqu&rsquo;\u00e0 94% d&rsquo;\u00e9conomies d&rsquo;\u00e9nergie, avec une classe d&rsquo;efficacit\u00e9 A ++.<\/p>\n","protected":false},"featured_media":52040,"template":"","meta":[],"product_cat":[15],"product_tag":[],"familia":[{"id":22429,"name":"ESSENSE COMPACT","slug":"essense-compact-fr"}],"acf":[],"_links":{"self":[{"href":"https:\/\/prilux.es\/fr\/wp-json\/wp\/v2\/product\/225701"}],"collection":[{"href":"https:\/\/prilux.es\/fr\/wp-json\/wp\/v2\/product"}],"about":[{"href":"https:\/\/prilux.es\/fr\/wp-json\/wp\/v2\/types\/product"}],"version-history":[{"count":0,"href":"https:\/\/prilux.es\/fr\/wp-json\/wp\/v2\/product\/225701\/revisions"}],"wp:featuredmedia":[{"embeddable":true,"href":"https:\/\/prilux.es\/fr\/wp-json\/wp\/v2\/media\/52040"}],"wp:attachment":[{"href":"https:\/\/prilux.es\/fr\/wp-json\/wp\/v2\/media?parent=225701"}],"wp:term":[{"taxonomy":"product_cat","embeddable":true,"href":"https:\/\/prilux.es\/fr\/wp-json\/wp\/v2\/product_cat?post=225701"},{"taxonomy":"product_tag","embeddable":true,"href":"https:\/\/prilux.es\/fr\/wp-json\/wp\/v2\/product_tag?post=225701"},{"taxonomy":"familia","embeddable":true,"href":"https:\/\/prilux.es\/fr\/wp-json\/wp\/v2\/familia?post=225701"}],"curies":[{"name":"wp","href":"https:\/\/api.w.org\/{rel}","templated":true}]}}