{"id":225784,"date":"2021-10-25T13:58:47","date_gmt":"2021-10-25T12:58:47","guid":{"rendered":"https:\/\/www.web.prilux.cloud\/product\/essense-r80-smart-9w-830-e27-230v\/"},"modified":"2023-08-16T13:00:34","modified_gmt":"2023-08-16T12:00:34","slug":"essense-r80-smart-9w-830-e27-230v","status":"publish","type":"product","link":"https:\/\/prilux.es\/fr\/produit\/essense-r80-smart-9w-830-e27-230v\/","title":{"rendered":"ESSENSE R80 SMART 9W 830 E27 230V"},"content":{"rendered":"<p>Lampe \u00e0 r\u00e9flecteur LED intelligente EsSENSE R80 avec une puissance de 9W, 230V AC, de la famille PRILUX LED SMART. C&rsquo;est une lampe R80 avec technologie LED qui permet d&rsquo;excellentes \u00e9conomies de consommation et poss\u00e8de l&rsquo;excellent certificat d&rsquo;efficacit\u00e9 de classe A +, qui la certifie. Cela se traduit par une grande \u00e9conomie de consommation de 80% par rapport \u00e0 l&rsquo;utilisation de lampes \u00e0 incandescence traditionnelles. EsSENSE R80 smart est \u00e9quip\u00e9 de LED d&rsquo;une temp\u00e9rature de couleur de 3 000K et d&rsquo;une tonalit\u00e9 de lumi\u00e8re chaude, et offre un flux lumineux de 724 lumens. En plus d&rsquo;\u00e9conomiser sur la consommation, cette lampe a une longue dur\u00e9e de vie qui atteint 30 000 heures, r\u00e9duisant au minimum ses co\u00fbts de maintenance. L&rsquo;angle du faisceau est de 120 \u00b0, et l&rsquo;\u00e9clairage de l&rsquo;espace est de la plus haute qualit\u00e9 gr\u00e2ce \u00e0 son indice de rendu des couleurs Ra&gt; 80, qui assure une reproduction fid\u00e8le des couleurs des objets \u00e9clair\u00e9s. La lampe intelligente esSENSE R80 a une douille E27 et est de couleur grise. Elle a la forme d&rsquo;une lampe R80 et ses dimensions sont \u00f880 x 116 mm.<\/p>\n","protected":false},"excerpt":{"rendered":"<p>Lampe \u00e0 r\u00e9flecteur LED intelligente EsSENSE R80 avec une puissance de 9W \u00e0 230V AC, un flux de 724lm et 3000K. Avec douille E27. Pour un rendement \u00e9lev\u00e9, avec une \u00e9conomie de consommation de 80%.<\/p>\n","protected":false},"featured_media":51225,"template":"","meta":[],"product_cat":[15],"product_tag":[],"familia":[{"id":22435,"name":"ESSENSE REFLECTOR","slug":"essense-reflector-fr"}],"acf":[],"_links":{"self":[{"href":"https:\/\/prilux.es\/fr\/wp-json\/wp\/v2\/product\/225784"}],"collection":[{"href":"https:\/\/prilux.es\/fr\/wp-json\/wp\/v2\/product"}],"about":[{"href":"https:\/\/prilux.es\/fr\/wp-json\/wp\/v2\/types\/product"}],"version-history":[{"count":0,"href":"https:\/\/prilux.es\/fr\/wp-json\/wp\/v2\/product\/225784\/revisions"}],"wp:featuredmedia":[{"embeddable":true,"href":"https:\/\/prilux.es\/fr\/wp-json\/wp\/v2\/media\/51225"}],"wp:attachment":[{"href":"https:\/\/prilux.es\/fr\/wp-json\/wp\/v2\/media?parent=225784"}],"wp:term":[{"taxonomy":"product_cat","embeddable":true,"href":"https:\/\/prilux.es\/fr\/wp-json\/wp\/v2\/product_cat?post=225784"},{"taxonomy":"product_tag","embeddable":true,"href":"https:\/\/prilux.es\/fr\/wp-json\/wp\/v2\/product_tag?post=225784"},{"taxonomy":"familia","embeddable":true,"href":"https:\/\/prilux.es\/fr\/wp-json\/wp\/v2\/familia?post=225784"}],"curies":[{"name":"wp","href":"https:\/\/api.w.org\/{rel}","templated":true}]}}