{"id":2317648,"date":"2026-01-29T12:24:02","date_gmt":"2026-01-29T11:24:02","guid":{"rendered":"https:\/\/prilux.es\/product\/kentau-sq-6w-840-ac180-250v-blanc\/"},"modified":"2026-01-29T12:24:13","modified_gmt":"2026-01-29T11:24:13","slug":"kentau-sq-6w-840-ac180-250v-blanc","status":"publish","type":"product","link":"https:\/\/prilux.es\/fr\/produit\/kentau-sq-6w-840-ac180-250v-blanc\/","title":{"rendered":"KENTAU SQ 6W 840 AC180-250V BLANC"},"content":{"rendered":"<p>Downlight LED KENTAU SQ, 6W, de la famille PRILUX SILVER LED. KENTAU SQ est un downlight basse consommation au design simple, pur, \u00e9l\u00e9gant et compact. Son installation est ais\u00e9e, gr\u00e2ce \u00e0 sa technologie CELLTECH, qui simplifie grandement l&rsquo;installation du driver. La possibilit\u00e9 de choisir entre ses 4 tailles, ses 2 temp\u00e9ratures de couleur, sa forme carr\u00e9e ou circulaire et son installation encastr\u00e9e ou en surface font de ce Downlight le plus polyvalent et attractif du march\u00e9. Le pilote est \u00e9galement amovible et interchangeable. Le support KENTAU SQ LED est encastr\u00e9, bien qu&rsquo;il puisse \u00e9galement \u00eatre install\u00e9 en surface, \u00e0 l&rsquo;aide d&rsquo;un accessoire. Le downlight LED KENTAU SQ, de forme carr\u00e9e, a un corps en aluminium et un diffuseur en polycarbonate, et est blanc. Adapt\u00e9 \u00e0 l&rsquo;\u00e9clairage int\u00e9rieur, le luminaire a un indice de protection IP20, bien qu&rsquo;il soit IP40 une fois le downlight install\u00e9. La dur\u00e9e de vie utile de la LED KENTAU SQ est L70&gt; 50 000h. Faible consommation, ce downlight a une puissance de 6W et un flux lumineux de 541 lumens, sous une tension de 230V AC. Le downlight est \u00e9quip\u00e9 de lampes LED 4000K avec une temp\u00e9rature de couleur et un ton neutre. Dot\u00e9 de bonnes qualit\u00e9s lumineuses, il pr\u00e9sente un indice de rendu des couleurs Ra&gt; 80, ce qui assure une reproduction fid\u00e8le des couleurs des objets \u00e9clair\u00e9s. KENTAU SQ mesure 125 x 125 x 30 mm et la d\u00e9coupe du plafond pour le montage doit \u00eatre de 100 x 100 mm.<\/p>\n","protected":false},"excerpt":{"rendered":"<p>Downlight LED KENTAU 6W, 230V AC, flux 557lm et 4000K, forme carr\u00e9e et blanc. Facile \u00e0 installer, montage polyvalent et technologie CellTech.<\/p>\n","protected":false},"featured_media":2317583,"template":"","meta":[],"product_cat":[15],"product_tag":[],"familia":[{"id":22481,"name":"KENTAU","slug":"kentau-fr"}],"acf":[],"_links":{"self":[{"href":"https:\/\/prilux.es\/fr\/wp-json\/wp\/v2\/product\/2317648"}],"collection":[{"href":"https:\/\/prilux.es\/fr\/wp-json\/wp\/v2\/product"}],"about":[{"href":"https:\/\/prilux.es\/fr\/wp-json\/wp\/v2\/types\/product"}],"version-history":[{"count":0,"href":"https:\/\/prilux.es\/fr\/wp-json\/wp\/v2\/product\/2317648\/revisions"}],"wp:featuredmedia":[{"embeddable":true,"href":"https:\/\/prilux.es\/fr\/wp-json\/wp\/v2\/media\/2317583"}],"wp:attachment":[{"href":"https:\/\/prilux.es\/fr\/wp-json\/wp\/v2\/media?parent=2317648"}],"wp:term":[{"taxonomy":"product_cat","embeddable":true,"href":"https:\/\/prilux.es\/fr\/wp-json\/wp\/v2\/product_cat?post=2317648"},{"taxonomy":"product_tag","embeddable":true,"href":"https:\/\/prilux.es\/fr\/wp-json\/wp\/v2\/product_tag?post=2317648"},{"taxonomy":"familia","embeddable":true,"href":"https:\/\/prilux.es\/fr\/wp-json\/wp\/v2\/familia?post=2317648"}],"curies":[{"name":"wp","href":"https:\/\/api.w.org\/{rel}","templated":true}]}}