{"id":2317811,"date":"2026-01-29T12:35:18","date_gmt":"2026-01-29T11:35:18","guid":{"rendered":"https:\/\/prilux.es\/product\/kentau-sq-9w-830-ac180-250v-gris-9006\/"},"modified":"2026-01-29T13:32:35","modified_gmt":"2026-01-29T12:32:35","slug":"kentau-sq-9w-830-ac180-250v-gris-9006","status":"publish","type":"product","link":"https:\/\/prilux.es\/fr\/produit\/kentau-sq-9w-830-ac180-250v-gris-9006\/","title":{"rendered":"KENTAU SQ 9W 830 AC180-250V GRIS 9006"},"content":{"rendered":"<p>Downlight LED KENTAU SQ 10W de la famille PRILUX SILVER LED. KENTAU SQ est un downlight basse consommation au design simple, pur, \u00e9l\u00e9gant et compact. Son installation est ais\u00e9e, gr\u00e2ce \u00e0 sa technologie CELLTECH, qui simplifie grandement l&rsquo;installation du driver. La possibilit\u00e9 de choisir entre ses 4 tailles, ses 2 temp\u00e9ratures de couleur, sa forme carr\u00e9e ou circulaire et son installation encastr\u00e9e ou en surface font de ce Downlight le plus polyvalent et attractif du march\u00e9. Le pilote est \u00e9galement amovible et interchangeable. Le support KENTAU SQ LED est encastr\u00e9, bien qu&rsquo;il puisse \u00e9galement \u00eatre install\u00e9 en surface, \u00e0 l&rsquo;aide d&rsquo;un accessoire. Le downlight LED KENTAU SQ de forme carr\u00e9e a un corps en aluminium et un diffuseur en polycarbonate, et est de couleur nickel avec une finition mate. Adapt\u00e9 \u00e0 l&rsquo;\u00e9clairage int\u00e9rieur, le luminaire a un indice de protection IP20, bien qu&rsquo;il soit IP40 une fois le downlight install\u00e9. La dur\u00e9e de vie utile de la LED KENTAU SQ est L70&gt; 50 000h. Faible consommation, ce downlight a une puissance de 10W et un flux lumineux de 887 lumens, sous une tension de 230V AC. Le downlight est \u00e9quip\u00e9 de lampes LED avec une temp\u00e9rature de couleur de 3 000K et une tonalit\u00e9 de lumi\u00e8re chaude. Dot\u00e9 de bonnes qualit\u00e9s lumineuses, il pr\u00e9sente un indice de rendu des couleurs Ra&gt; 80, ce qui assure une reproduction fid\u00e8le des couleurs des objets \u00e9clair\u00e9s. KENTAU SQ mesure 150 x 150 x 30 mm et la d\u00e9coupe du plafond pour le montage doit \u00eatre de 125 x 125 mm.<\/p>\n","protected":false},"excerpt":{"rendered":"<p>Downlight LED KENTAU 10W, 230V AC, flux 906lm et 3000K, forme carr\u00e9e et couleur nickel mat. Facile \u00e0 installer, montage polyvalent et technologie CellTech.<\/p>\n","protected":false},"featured_media":2317795,"template":"","meta":[],"product_cat":[15],"product_tag":[],"familia":[{"id":22481,"name":"KENTAU","slug":"kentau-fr"}],"acf":[],"_links":{"self":[{"href":"https:\/\/prilux.es\/fr\/wp-json\/wp\/v2\/product\/2317811"}],"collection":[{"href":"https:\/\/prilux.es\/fr\/wp-json\/wp\/v2\/product"}],"about":[{"href":"https:\/\/prilux.es\/fr\/wp-json\/wp\/v2\/types\/product"}],"version-history":[{"count":0,"href":"https:\/\/prilux.es\/fr\/wp-json\/wp\/v2\/product\/2317811\/revisions"}],"wp:featuredmedia":[{"embeddable":true,"href":"https:\/\/prilux.es\/fr\/wp-json\/wp\/v2\/media\/2317795"}],"wp:attachment":[{"href":"https:\/\/prilux.es\/fr\/wp-json\/wp\/v2\/media?parent=2317811"}],"wp:term":[{"taxonomy":"product_cat","embeddable":true,"href":"https:\/\/prilux.es\/fr\/wp-json\/wp\/v2\/product_cat?post=2317811"},{"taxonomy":"product_tag","embeddable":true,"href":"https:\/\/prilux.es\/fr\/wp-json\/wp\/v2\/product_tag?post=2317811"},{"taxonomy":"familia","embeddable":true,"href":"https:\/\/prilux.es\/fr\/wp-json\/wp\/v2\/familia?post=2317811"}],"curies":[{"name":"wp","href":"https:\/\/api.w.org\/{rel}","templated":true}]}}