{"id":2360928,"date":"2026-02-11T09:24:43","date_gmt":"2026-02-11T08:24:43","guid":{"rendered":"https:\/\/prilux.es\/product\/lartis-23w-ip65-ik10-3cct-830-840-860-antivan-2\/"},"modified":"2026-02-11T15:20:22","modified_gmt":"2026-02-11T14:20:22","slug":"lartis-23w-ip65-ik10-3cct-830-840-860-antivan-2","status":"publish","type":"product","link":"https:\/\/prilux.es\/fr\/produit\/lartis-23w-ip65-ik10-3cct-830-840-860-antivan-2\/","title":{"rendered":"LARTIS 23W IP65 IK10 3CCT  830-840-860 ANTIVAN"},"content":{"rendered":"","protected":false},"excerpt":{"rendered":"<p>Plaf\u00f3n superficie IP65 IK10 con torniller\u00eda antivand\u00e1lica<\/p>\n","protected":false},"featured_media":2360613,"template":"","meta":[],"product_cat":[15],"product_tag":[],"familia":[],"acf":[],"_links":{"self":[{"href":"https:\/\/prilux.es\/fr\/wp-json\/wp\/v2\/product\/2360928"}],"collection":[{"href":"https:\/\/prilux.es\/fr\/wp-json\/wp\/v2\/product"}],"about":[{"href":"https:\/\/prilux.es\/fr\/wp-json\/wp\/v2\/types\/product"}],"version-history":[{"count":0,"href":"https:\/\/prilux.es\/fr\/wp-json\/wp\/v2\/product\/2360928\/revisions"}],"wp:featuredmedia":[{"embeddable":true,"href":"https:\/\/prilux.es\/fr\/wp-json\/wp\/v2\/media\/2360613"}],"wp:attachment":[{"href":"https:\/\/prilux.es\/fr\/wp-json\/wp\/v2\/media?parent=2360928"}],"wp:term":[{"taxonomy":"product_cat","embeddable":true,"href":"https:\/\/prilux.es\/fr\/wp-json\/wp\/v2\/product_cat?post=2360928"},{"taxonomy":"product_tag","embeddable":true,"href":"https:\/\/prilux.es\/fr\/wp-json\/wp\/v2\/product_tag?post=2360928"},{"taxonomy":"familia","embeddable":true,"href":"https:\/\/prilux.es\/fr\/wp-json\/wp\/v2\/familia?post=2360928"}],"curies":[{"name":"wp","href":"https:\/\/api.w.org\/{rel}","templated":true}]}}