{"id":239297,"date":"2022-07-09T01:27:24","date_gmt":"2022-07-09T00:27:24","guid":{"rendered":"https:\/\/www.web.prilux.cloud\/product\/arisa-top1-12led-12w-133wt-740-va00k0m-8n-da-cmr-2\/"},"modified":"2023-07-06T16:03:02","modified_gmt":"2023-07-06T15:03:02","slug":"arisa-top1-12led-12w-133wt-740-va00k0m-8n-da-cmr","status":"publish","type":"product","link":"https:\/\/prilux.es\/fr\/produit\/arisa-top1-12led-12w-133wt-740-va00k0m-8n-da-cmr\/","title":{"rendered":"ARISA TOP1 12LED 12W\/13,3WT 740 VA00K0M 8N DA CMR"},"content":{"rendered":"","protected":false},"excerpt":{"rendered":"","protected":false},"featured_media":50528,"template":"","meta":[],"product_cat":[15],"product_tag":[],"familia":[{"id":22398,"name":"ARISA","slug":"arisa-fr"}],"acf":{"codigo_corto_maestro":"573375","manual":"https:\/\/d7rh5s3nxmpy4.cloudfront.net\/CMP1303\/files\/5\/m-arisa-top1.pdf","dc_eu":"https:\/\/d7rh5s3nxmpy4.cloudfront.net\/CMP1303\/files\/2\/dc-ue-arisa-top-1.pdf","dossier":"https:\/\/d7rh5s3nxmpy4.cloudfront.net\/CMP1303\/files\/2\/ds-arisa.pdf","imagen_posicion_de_montaje":"https:\/\/d7rh5s3nxmpy4.cloudfront.net\/CMP1303\/gr-montaje-paramento-fuste-punta-vertical.jpg","grafico":"https:\/\/d7rh5s3nxmpy4.cloudfront.net\/CMP1303\/gr-arisa-top1.jpg","video":"","etiqueta_energetica":"https:\/\/d7rh5s3nxmpy4.cloudfront.net\/CMP1303\/files\/2\/gr-cee-luminaria-led.pdf","url_imagen_alta":"","bajo_pedido":"Clase II","soluciones":"Was Outdoor","descripcion_bc3_auto":"","bloque_aplicaciones":"<div class=\"bloque_aplicaciones\">\n        <div><img class=\"bloque_imagen\" src=\"http:\/\/d7rh5s3nxmpy4.cloudfront.net\/CMP1303\/files\/gs-ico-carreteras-2.svg\" alt=\"Carreteras\">\n                        <p>Routes<\/p>\n                        \n                    <\/div><div><img class=\"bloque_imagen\" src=\"http:\/\/d7rh5s3nxmpy4.cloudfront.net\/CMP1303\/files\/gs-ico-parques.svg\" alt=\"Parques\">\n                        <p>Parcs<\/p>\n                        \n                    <\/div><div><img class=\"bloque_imagen\" src=\"http:\/\/d7rh5s3nxmpy4.cloudfront.net\/CMP1303\/files\/gs-ico-viaductos.svg\" alt=\"Viaductos\">\n                        <p>Viaducs<\/p>\n                        \n                    <\/div><div><img class=\"bloque_imagen\" src=\"http:\/\/d7rh5s3nxmpy4.cloudfront.net\/CMP1303\/files\/gs-ico-zonas-residenciales.svg\" alt=\"Zonas Residenciales\">\n                        <p>Zones r\u00e9sidentielles<\/p>\n                        \n                    <\/div><div><img class=\"bloque_imagen\" src=\"http:\/\/d7rh5s3nxmpy4.cloudfront.net\/CMP1303\/files\/gs-ico-zonas-peatonales.svg\" alt=\"Zonas Peatonales\">\n                        <p>Zones pi\u00e9tonnes<\/p>\n                        \n                    <\/div><div><img class=\"bloque_imagen\" src=\"http:\/\/d7rh5s3nxmpy4.cloudfront.net\/CMP1303\/files\/gs-ico-carrilbici.svg\" alt=\"Carril bici\">\n                        <p>Pistes cyclables<\/p>\n                        \n                    <\/div><div><img class=\"bloque_imagen\" src=\"http:\/\/d7rh5s3nxmpy4.cloudfront.net\/CMP1303\/files\/gs-ico-parking.svg\" alt=\"Parkings\">\n                        <p>Parkings<\/p>\n                        \n                    <\/div><div><img class=\"bloque_imagen\" src=\"http:\/\/d7rh5s3nxmpy4.cloudfront.net\/CMP1303\/files\/gs-ico-perimetros-industriales.svg\" alt=\"Per\u00edmetros industriales\">\n                        <p>P\u00e9rim\u00e8tres industriels<\/p>\n                        \n                    <\/div>\n        <\/div>","bloque_dimensiones":"<div class=\"tabla_montaje\">\n                    <div>\n                        <p class=\"blockName\">Dimensions et montage<\/p>\n                        <div class=\"\">\n  <div>\n  \n      <table>\n        <tbody>\n        <tr>\n            <td><div><p><i aria-hidden=\"true\" class=\"prilux prilux-prilux_ico-resistencia-viento\"><\/i>R\u00e9sistance au vent<\/p><\/div><\/td>\n            <td>0,188m2<\/td>\n          <\/tr><tr>\n            <td><div><p><i aria-hidden=\"true\" class=\"prilux prilux-prilux_ico-peso\"><\/i>Poids<\/p><\/div><\/td>\n            <td>8Kg<\/td>\n          <\/tr><tr>\n            <td><div><p><i aria-hidden=\"true\" class=\"prilux prilux-prilux_ico-dimensiones\"><\/i>Dimensions<\/p><\/div><\/td>\n            <td>478x478x546mm<\/td>\n          <\/tr><tr>\n            <td><div><p><i aria-hidden=\"true\" class=\"prilux prilux-prilux_ico-emalmable\"><\/i>Empalmable<\/p><\/div><\/td>\n            <td>Non<\/td>\n          <\/tr>\n        <\/tbody>\n      <\/table>\n  <\/div>\n  <\/div>\n                    <\/div>\n                    <div class=\"tabla_montaje_imgs\">\n                        <img src=\"https:\/\/d7rh5s3nxmpy4.cloudfront.net\/CMP1303\/gr-arisa-top1.jpg\" alt=\"Avatar\">\n                        <img src=\"https:\/\/d7rh5s3nxmpy4.cloudfront.net\/CMP1303\/gr-montaje-paramento-fuste-punta-vertical.jpg\" alt=\"Avatar\">\n                    <\/div>\n                <\/div>","tabla_caracteristicas":"<div class=\"tabla_caracteristicas\">\n  <table>\n  <thead>\n    <tr>\n    <th><i aria-hidden=\"true\" class=\"prilux prilux-prilux_ico-codigo\"><\/i><\/th><th><i aria-hidden=\"true\" class=\"prilux prilux-prilux_ico-potencia_led_w\"><\/i><\/th><th><i aria-hidden=\"true\" class=\"prilux prilux-prilux_ico-potencia\"><\/i><\/th><th><i aria-hidden=\"true\" class=\"prilux prilux-prilux_ico-intensidad\"><\/i><\/th><th><i aria-hidden=\"true\" class=\"prilux prilux-prilux_ico-flujo-luminoso-led\"><\/i><\/th><th><i aria-hidden=\"true\" class=\"prilux prilux-prilux_ico-flujo-luminoso-led\"><\/i><\/th><th><i aria-hidden=\"true\" class=\"prilux prilux-prilux_ico-flujo-luminoso-luminaria\"><\/i><\/th><th><i aria-hidden=\"true\" class=\"prilux prilux-prilux_ico-eficacia-lm-w\"><\/i><\/th><th><i aria-hidden=\"true\" class=\"prilux prilux-prilux_ico-numero-led\"><\/i><\/th>\n    <\/tr>\n  <\/thead>\n  <tbody>\n    <tr>\n    <td>573375<\/td><td>12<\/td><td>13,3<\/td><td>350<\/td><td>2.399<\/td><td>2.301<\/td><td>1.910<\/td><td>144<\/td><td>12<\/td>\n    <\/tr>\n  <\/tbody>\n  <\/table>\n  <div\/>","tabla_descargas":"<div class=\"tabla_descargas\">\n        <div class=\"tabla_descargas_img\">\n        <img src=\"https:\/\/d7rh5s3nxmpy4.cloudfront.net\/CMP1303\/prilux-arisa-top1.jpg\" \/>\n        <\/div>\n        <div class=\"tabla_descargas_table\">\n          <table>\n          <tbody><tr>\n            <td><img src=\"https:\/\/www.prilux.es\/wp-content\/uploads\/2021\/12\/icono-catalogo-1.svg\"\/><p>Code SKU<\/p><\/td>\n            <td>573375<\/td>\n          <\/tr><tr>\n            <td><img src=\"https:\/\/www.prilux.es\/wp-content\/uploads\/2021\/12\/icono-catalogo-1.svg\"\/><p>Fiche technique SKU<\/p><\/td>\n            <td><a title=\"Ficha t\u00e9cnica\" href=\"https:\/\/storage.googleapis.com\/prilux-web-fichas\/ft-573375-ARISA_TOP_1_fr.pdf\" class=\"DownloadButton\" target=\"_blank\" rel=\"noopener noreferrer\"><span>T\u00c9L\u00c9CHARGER<\/span><i aria-hidden=\"true\" class=\"far fa-arrow-alt-circle-down\"><\/a><\/td>\n          <\/tr><tr>\n            <td><img src=\"https:\/\/www.prilux.es\/wp-content\/uploads\/2021\/12\/icono-catalogo-1.svg\"\/><p>Fiche technique du mod\u00e8le<\/p><\/td>\n            <td><a title=\"Ficha T\u00e9cnica modelo\" href=\"https:\/\/storage.googleapis.com\/prilux-web-fichas\/ft-ARISA_TOP_1_fr.pdf\" class=\"DownloadButton\" target=\"_blank\" rel=\"noopener noreferrer\"><span>T\u00c9L\u00c9CHARGER<\/span><i aria-hidden=\"true\" class=\"far fa-arrow-alt-circle-down\"><\/a><\/td>\n          <\/tr><tr>\n            <td><img src=\"https:\/\/www.prilux.es\/wp-content\/uploads\/2021\/12\/icono-catalogo-1.svg\"\/><p>Courbe photom\u00e9trique SKU<\/p><\/td>\n            <td><a title=\"Curva fotom\u00e9trica\" href=\"https:\/\/d7rh5s3nxmpy4.cloudfront.net\/CMP1303\/files\/arisa_top1_12led_12w_740_va00k0m_vt-573375.zip\" class=\"DownloadButton\" target=\"_blank\" rel=\"noopener noreferrer\"><span>T\u00c9L\u00c9CHARGER<\/span><i aria-hidden=\"true\" class=\"far fa-arrow-alt-circle-down\"><\/a><\/td>\n          <\/tr><tr>\n            <td><img src=\"https:\/\/www.prilux.es\/wp-content\/uploads\/2021\/12\/icono-catalogo-1.svg\"\/><p>Courbe photom\u00e9trique du mod\u00e8le<\/p><\/td>\n            <td><a title=\"Curva fotom\u00e9trica modelo\" href=\"https:\/\/d7rh5s3nxmpy4.cloudfront.net\/CMP1303\/files\/arisa-top1.zip\" class=\"DownloadButton\" target=\"_blank\" rel=\"noopener noreferrer\"><span>T\u00c9L\u00c9CHARGER<\/span><i aria-hidden=\"true\" class=\"far fa-arrow-alt-circle-down\"><\/a><\/td>\n          <\/tr><tr>\n            <td><img src=\"https:\/\/www.prilux.es\/wp-content\/uploads\/2021\/12\/icono-catalogo-1.svg\"\/><p>D\u00e9claration de conformit\u00e9<\/p><\/td>\n            <td><a title=\"Declaraci\u00f3n de conformidad\" href=\"https:\/\/d7rh5s3nxmpy4.cloudfront.net\/CMP1303\/files\/2\/dc-ue-arisa-top-1.pdf\" class=\"DownloadButton\" target=\"_blank\" rel=\"noopener noreferrer\"><span>T\u00c9L\u00c9CHARGER<\/span><i aria-hidden=\"true\" class=\"far fa-arrow-alt-circle-down\"><\/a><\/td>\n          <\/tr><tr>\n            <td><img src=\"https:\/\/www.prilux.es\/wp-content\/uploads\/2021\/12\/icono-catalogo-1.svg\"\/><p>Instructions d\u2019installation<\/p><\/td>\n            <td><a title=\"Manual\" href=\"https:\/\/d7rh5s3nxmpy4.cloudfront.net\/CMP1303\/files\/5\/m-arisa-top1.pdf\" class=\"DownloadButton\" target=\"_blank\" rel=\"noopener noreferrer\"><span>T\u00c9L\u00c9CHARGER<\/span><i aria-hidden=\"true\" class=\"far fa-arrow-alt-circle-down\"><\/a><\/td>\n          <\/tr><tr>\n          <td><img src=\"https:\/\/www.prilux.es\/wp-content\/uploads\/2021\/12\/icono-catalogo-1.svg\"\/><p>Graphique CAD<\/p><\/td>\n          <td><a title=\"Gr\u00e1fico CAD\" href=\"https:\/\/d7rh5s3nxmpy4.cloudfront.net\/CMP1303\/gr-arisa-top1.jpg\" class=\"DownloadButton\" target=\"_blank\" rel=\"noopener noreferrer\"><span>T\u00c9L\u00c9CHARGER<\/span><i aria-hidden=\"true\" class=\"far fa-arrow-alt-circle-down\"><\/a><\/td>\n        <\/tr>\n          <\/tbody>\n          <\/table>\n        <\/div>\n        <\/div>\n        ","tabla_detalle_caracteristicas":"<div class=\"tabla_detalle_caracteristicas\">\n  <div>\n  <p class=\"blockName\">Donn\u00e9es \u00e9lectriques<\/p>\n      <table>\n        <tbody>\n        <tr>\n            <td><div><p><i aria-hidden=\"true\" class=\"prilux prilux-prilux_ico--tension\"><\/i>Tension D`Alimentation (V)<\/p><\/div><\/td>\n            <td>220-240V<\/td>\n          <\/tr><tr>\n            <td><div><p><i aria-hidden=\"true\" class=\"prilux prilux-prilux_ico-frecuencia-segemnto\"><\/i>Fr\u00e9quence (Hz)<\/p><\/div><\/td>\n            <td>50-60Hz<\/td>\n          <\/tr><tr>\n            <td><div><p><i aria-hidden=\"true\" class=\"prilux prilux-prilux_ico-intensidad\"><\/i>Intensit\u00e9 (mA)<\/p><\/div><\/td>\n            <td>350mA<\/td>\n          <\/tr><tr>\n            <td><div><p><i aria-hidden=\"true\" class=\"prilux prilux-prilux_ico-factor-potencia\"><\/i>Facteur de puissance (Cos fi)<\/p><\/div><\/td>\n            <td>0,9<\/td>\n          <\/tr><tr>\n            <td><div><p><i aria-hidden=\"true\" class=\"prilux prilux-prilux_ico-numero-led\"><\/i>Nombre de led<\/p><\/div><\/td>\n            <td>12<\/td>\n          <\/tr><tr>\n            <td><div><p><i aria-hidden=\"true\" class=\"prilux prilux-prilux_ico-protocolo-regulacion-reprogramacion\"><\/i>Att\u00e9nuation<\/p><\/div><\/td>\n            <td>Oui<\/td>\n          <\/tr><tr>\n            <td><div><p><i aria-hidden=\"true\" class=\"prilux prilux-prilux_ico-protocolo-regulacion-reprogramacion\"><\/i>Prot. de comm. pour reprogr.<\/p><\/div><\/td>\n            <td>CMR<\/td>\n          <\/tr>\n        <\/tbody>\n      <\/table>\n  <\/div><div>\n  <p class=\"blockName\">Dimensions et montage<\/p>\n      <table>\n        <tbody>\n        <tr>\n            <td><div><p><i aria-hidden=\"true\" class=\"prilux prilux-prilux_ico-resistencia-viento\"><\/i>R\u00e9sistance au vent<\/p><\/div><\/td>\n            <td>0,188m2<\/td>\n          <\/tr><tr>\n            <td><div><p><i aria-hidden=\"true\" class=\"prilux prilux-prilux_ico-peso\"><\/i>Poids<\/p><\/div><\/td>\n            <td>8Kg<\/td>\n          <\/tr><tr>\n            <td><div><p><i aria-hidden=\"true\" class=\"prilux prilux-prilux_ico-dimensiones\"><\/i>Dimensions<\/p><\/div><\/td>\n            <td>478x478x546mm<\/td>\n          <\/tr><tr>\n            <td><div><p><i aria-hidden=\"true\" class=\"prilux prilux-prilux_ico-emalmable\"><\/i>Empalmable<\/p><\/div><\/td>\n            <td>Non<\/td>\n          <\/tr>\n        <\/tbody>\n      <\/table>\n  <\/div><div>\n  <p class=\"blockName\">Donn\u00e9es optiques<\/p>\n      <table>\n        <tbody>\n        <tr>\n            <td><div><p><i aria-hidden=\"true\" class=\"prilux prilux-prilux_ico-cct\"><\/i>Temp\u00e9rature de coleur<\/p><\/div><\/td>\n            <td>4.000K<\/td>\n          <\/tr><tr>\n            <td><div><p><i aria-hidden=\"true\" class=\"prilux prilux-prilux_ico-cri\"><\/i>CRI Indice de rendu des couleurs<\/p><\/div><\/td>\n            <td>>70<\/td>\n          <\/tr><tr>\n            <td><div><p><i aria-hidden=\"true\" class=\"prilux prilux-prilux_ico-optica\"><\/i>Optique<\/p><\/div><\/td>\n            <td>VA00K0M<\/td>\n          <\/tr><tr>\n            <td><div><p><i aria-hidden=\"true\" class=\"prilux prilux-prilux_ico-flujo-hemisferico-superior\"><\/i>D\u00e9bit h\u00e9misph\u00e9rique sup\u00e9rieur<\/p><\/div><\/td>\n            <td>0,0%<\/td>\n          <\/tr>\n        <\/tbody>\n      <\/table>\n  <\/div><div>\n  <p class=\"blockName\">Logement et finition<\/p>\n      <table>\n        <tbody>\n        <tr>\n            <td><div><p><i aria-hidden=\"true\" class=\"prilux prilux-prilux_ico-ik-luminaria\"><\/i>IK Protection contre des impacts<\/p><\/div><\/td>\n            <td>IK09<\/td>\n          <\/tr><tr>\n            <td><div><p><i aria-hidden=\"true\" class=\"prilux prilux-prilux_ico-ip-luminaria\"><\/i>Indice d'\u00e9tanch\u00e9it\u00e9 IP<\/p><\/div><\/td>\n            <td>IP66<\/td>\n          <\/tr><tr>\n            <td><div><p><i aria-hidden=\"true\" class=\"prilux prilux-prilux_ico-color\"><\/i>Couleur du corps<\/p><\/div><\/td>\n            <td>9007<\/td>\n          <\/tr><tr>\n            <td><div><p><i aria-hidden=\"true\" class=\"prilux prilux-prilux_ico-cuerpo\"><\/i>Corps<\/p><\/div><\/td>\n            <td>AL iap<\/td>\n          <\/tr>\n        <\/tbody>\n      <\/table>\n  <\/div><div>\n  <p class=\"blockName\">Performance<\/p>\n      <table>\n        <tbody>\n        <tr>\n            <td><div><p><i aria-hidden=\"true\" class=\"prilux prilux-prilux_ico-flujo-luminoso-luminaria\"><\/i>Flux (lm)<\/p><\/div><\/td>\n            <td>1.910lm<\/td>\n          <\/tr>\n        <\/tbody>\n      <\/table>\n  <\/div><div>\n  <p class=\"blockName\">Vie<\/p>\n      <table>\n        <tbody>\n        <tr>\n            <td><div><p><i aria-hidden=\"true\" class=\"prilux prilux-prilux_ico-vida-l70\"><\/i>Heures de vie<\/p><\/div><\/td>\n            <td>L90 B10 >200.000h<\/td>\n          <\/tr>\n        <\/tbody>\n      <\/table>\n  <\/div><div>\n  <p class=\"blockName\">\u00c9tat de fonctionnement<\/p>\n      <table>\n        <tbody>\n        <tr>\n            <td><div><p><i aria-hidden=\"true\" class=\"prilux prilux-prilux_ico-temperatura-funcionamiento\"><\/i>Temp\u00e9rature de service<\/p><\/div><\/td>\n            <td>-40~+50\u00baC<\/td>\n          <\/tr>\n        <\/tbody>\n      <\/table>\n  <\/div><div>\n  <p class=\"blockName\">Protections<\/p>\n      <table>\n        <tbody>\n        <tr>\n            <td><div><p><i aria-hidden=\"true\" class=\"prilux prilux-prilux_ico-proteccion-sobretensiones\"><\/i>Protection surfaces<\/p><\/div><\/td>\n            <td>Non<\/td>\n          <\/tr>\n        <\/tbody>\n      <\/table>\n  <\/div><div>\n  <p class=\"blockName\">Donn\u00e9es g\u00e9n\u00e9rales<\/p>\n      <table>\n        <tbody>\n        <tr>\n            <td><div><p><i aria-hidden=\"true\" class=\"prilux prilux-prilux_ico-clase-i\"><\/i>Isolation \u00e9lectrique<\/p><\/div><\/td>\n            <td>CI<\/td>\n          <\/tr>\n        <\/tbody>\n      <\/table>\n  <\/div>\n  <\/div>","bloque_opticos":"<div class=\"tabla_detalle_caracteristicas\">\n            <div><img class=\"bloque_imagen\" src=\"http:\/\/d7rh5s3nxmpy4.cloudfront.net\/CMP1303\/origin\/image\/gr-avatar.jpg\" alt=\"Avatar\"><\/div>\n            <div class=\"\">\n  <div>\n  \n      <table>\n        <tbody>\n        <tr>\n            <td><div><p><i aria-hidden=\"true\" class=\"prilux prilux-prilux_ico-cct\"><\/i>Temp\u00e9rature de coleur<\/p><\/div><\/td>\n            <td>4.000K<\/td>\n          <\/tr><tr>\n            <td><div><p><i aria-hidden=\"true\" class=\"prilux prilux-prilux_ico-cri\"><\/i>CRI Indice de rendu des couleurs<\/p><\/div><\/td>\n            <td>>70<\/td>\n          <\/tr><tr>\n            <td><div><p><i aria-hidden=\"true\" class=\"prilux prilux-prilux_ico-optica\"><\/i>Optique<\/p><\/div><\/td>\n            <td>VA00K0M<\/td>\n          <\/tr><tr>\n            <td><div><p><i aria-hidden=\"true\" class=\"prilux prilux-prilux_ico-flujo-hemisferico-superior\"><\/i>D\u00e9bit h\u00e9misph\u00e9rique sup\u00e9rieur<\/p><\/div><\/td>\n            <td>0,0%<\/td>\n          <\/tr>\n        <\/tbody>\n      <\/table>\n  <\/div>\n  <\/div>\n            <\/div>","cf_potencia_w":"12","cf_cct":"4.000K","curva_fotometrica_ldt":"https:\/\/d7rh5s3nxmpy4.cloudfront.net\/CMP1303\/files\/arisa_top1_12led_12w_740_va00k0m_vt-573375.zip","imagen_psd":"https:\/\/d7rh5s3nxmpy4.cloudfront.net\/CMP1303\/prilux-arisa-top1.jpg","cf_flujo_luminoso":"1.910","descarga_ficha_tecnica":"https:\/\/storage.googleapis.com\/prilux-web-fichas\/ft-573375-ARISA_TOP_1_fr.pdf","made_in_spain":"https:\/\/d7rh5s3nxmpy4.cloudfront.net\/CMP1303\/files\/4\/gs-made-in-spain.svg"},"_links":{"self":[{"href":"https:\/\/prilux.es\/fr\/wp-json\/wp\/v2\/product\/239297"}],"collection":[{"href":"https:\/\/prilux.es\/fr\/wp-json\/wp\/v2\/product"}],"about":[{"href":"https:\/\/prilux.es\/fr\/wp-json\/wp\/v2\/types\/product"}],"version-history":[{"count":0,"href":"https:\/\/prilux.es\/fr\/wp-json\/wp\/v2\/product\/239297\/revisions"}],"wp:featuredmedia":[{"embeddable":true,"href":"https:\/\/prilux.es\/fr\/wp-json\/wp\/v2\/media\/50528"}],"wp:attachment":[{"href":"https:\/\/prilux.es\/fr\/wp-json\/wp\/v2\/media?parent=239297"}],"wp:term":[{"taxonomy":"product_cat","embeddable":true,"href":"https:\/\/prilux.es\/fr\/wp-json\/wp\/v2\/product_cat?post=239297"},{"taxonomy":"product_tag","embeddable":true,"href":"https:\/\/prilux.es\/fr\/wp-json\/wp\/v2\/product_tag?post=239297"},{"taxonomy":"familia","embeddable":true,"href":"https:\/\/prilux.es\/fr\/wp-json\/wp\/v2\/familia?post=239297"}],"curies":[{"name":"wp","href":"https:\/\/api.w.org\/{rel}","templated":true}]}}