{"id":239377,"date":"2022-07-09T00:40:41","date_gmt":"2022-07-08T23:40:41","guid":{"rendered":"https:\/\/www.web.prilux.cloud\/product\/nantes-play-108led-35w-38wt-730-s090i2p-da-cmr-2\/"},"modified":"2024-09-20T11:51:27","modified_gmt":"2024-09-20T10:51:27","slug":"nantes-play-108led-35w-38wt-730-s090i2p-da-cmr","status":"publish","type":"product","link":"https:\/\/prilux.es\/fr\/produit\/nantes-play-108led-35w-38wt-730-s090i2p-da-cmr\/","title":{"rendered":"NANTES PLAY 108LED 35W\/38WT 730 S090I2P DA CMR"},"content":{"rendered":"","protected":false},"excerpt":{"rendered":"<p>La famille NANTES PLAY, compos\u00e9e de NANTES PLAY, NANTES PLAY L et NANTES PLAY XL, est disponible avec des modules LED \u00e9quip\u00e9s de matrices de 108, 192 et 300 LED de derni\u00e8re g\u00e9n\u00e9ration pour atteindre des rendements allant jusqu&rsquo;\u00e0 160lm\/W.<\/p>\n","protected":false},"featured_media":51849,"template":"","meta":[],"product_cat":[15],"product_tag":[],"familia":[{"id":22510,"name":"NANTES","slug":"nantes-fr"}],"acf":[],"_links":{"self":[{"href":"https:\/\/prilux.es\/fr\/wp-json\/wp\/v2\/product\/239377"}],"collection":[{"href":"https:\/\/prilux.es\/fr\/wp-json\/wp\/v2\/product"}],"about":[{"href":"https:\/\/prilux.es\/fr\/wp-json\/wp\/v2\/types\/product"}],"version-history":[{"count":0,"href":"https:\/\/prilux.es\/fr\/wp-json\/wp\/v2\/product\/239377\/revisions"}],"wp:featuredmedia":[{"embeddable":true,"href":"https:\/\/prilux.es\/fr\/wp-json\/wp\/v2\/media\/51849"}],"wp:attachment":[{"href":"https:\/\/prilux.es\/fr\/wp-json\/wp\/v2\/media?parent=239377"}],"wp:term":[{"taxonomy":"product_cat","embeddable":true,"href":"https:\/\/prilux.es\/fr\/wp-json\/wp\/v2\/product_cat?post=239377"},{"taxonomy":"product_tag","embeddable":true,"href":"https:\/\/prilux.es\/fr\/wp-json\/wp\/v2\/product_tag?post=239377"},{"taxonomy":"familia","embeddable":true,"href":"https:\/\/prilux.es\/fr\/wp-json\/wp\/v2\/familia?post=239377"}],"curies":[{"name":"wp","href":"https:\/\/api.w.org\/{rel}","templated":true}]}}