{"id":239380,"date":"2021-10-25T13:57:56","date_gmt":"2021-10-25T12:57:56","guid":{"rendered":"https:\/\/www.web.prilux.cloud\/product\/nantes-play-108led-51w-551wt-740-s-090-dali-2\/"},"modified":"2024-09-20T11:48:17","modified_gmt":"2024-09-20T10:48:17","slug":"nantes-play-108led-51w-551wt-740-s-090-dali","status":"publish","type":"product","link":"https:\/\/prilux.es\/fr\/produit\/nantes-play-108led-51w-551wt-740-s-090-dali\/","title":{"rendered":"NANTES PLAY 108LED 51W\/55,1WT 740 S-090 DALI"},"content":{"rendered":"<p>Il a un design compact et minimaliste bas\u00e9 sur des lignes et des angles de base \u00e0 la fois purs et \u00e9l\u00e9gants. Son esth\u00e9tique permet une int\u00e9gration en harmonie avec l&rsquo;architecture<br \/>\nSa conception est con\u00e7ue pour dissiper la chaleur, prolongeant la dur\u00e9e de vie de la LED et favorisant l&rsquo;\u00e9vacuation de l&rsquo;eau, \u00e9vitant les points d&rsquo;oxydation et facilitant ainsi son auto-nettoyage.<br \/>\nLe corps, le couvercle et le support ont \u00e9t\u00e9 fabriqu\u00e9s en aluminium inject\u00e9 \u00e0 haute pression de haute qualit\u00e9 qui garantit la durabilit\u00e9 du luminaire.<\/p>\n<p>La famille Nantes est compatible avec nos syst\u00e8mes de contr\u00f4le Cora Sports, Cora Industrie, Cora Manager et la plateforme de gestion \u00e0 distance Prilux Cora Platform qui permet le suivi, la mesure, le contr\u00f4le et la gestion \u00e0 distance de l&rsquo;infrastructure d&rsquo;\u00e9clairage pour optimiser la qualit\u00e9 de l&rsquo;\u00e9clairage.<\/p>\n","protected":false},"excerpt":{"rendered":"<p>La famille NANTES PLAY, compos\u00e9e de NANTES PLAY, NANTES PLAY L et NANTES PLAY XL, est disponible avec des modules LED \u00e9quip\u00e9s de barrettes LED 108, 192 et 300 de pointe pour atteindre des rendements jusqu&rsquo;\u00e0 160lm\/W.<\/p>\n","protected":false},"featured_media":51853,"template":"","meta":[],"product_cat":[15],"product_tag":[],"familia":[{"id":22510,"name":"NANTES","slug":"nantes-fr"}],"acf":[],"_links":{"self":[{"href":"https:\/\/prilux.es\/fr\/wp-json\/wp\/v2\/product\/239380"}],"collection":[{"href":"https:\/\/prilux.es\/fr\/wp-json\/wp\/v2\/product"}],"about":[{"href":"https:\/\/prilux.es\/fr\/wp-json\/wp\/v2\/types\/product"}],"version-history":[{"count":0,"href":"https:\/\/prilux.es\/fr\/wp-json\/wp\/v2\/product\/239380\/revisions"}],"wp:featuredmedia":[{"embeddable":true,"href":"https:\/\/prilux.es\/fr\/wp-json\/wp\/v2\/media\/51853"}],"wp:attachment":[{"href":"https:\/\/prilux.es\/fr\/wp-json\/wp\/v2\/media?parent=239380"}],"wp:term":[{"taxonomy":"product_cat","embeddable":true,"href":"https:\/\/prilux.es\/fr\/wp-json\/wp\/v2\/product_cat?post=239380"},{"taxonomy":"product_tag","embeddable":true,"href":"https:\/\/prilux.es\/fr\/wp-json\/wp\/v2\/product_tag?post=239380"},{"taxonomy":"familia","embeddable":true,"href":"https:\/\/prilux.es\/fr\/wp-json\/wp\/v2\/familia?post=239380"}],"curies":[{"name":"wp","href":"https:\/\/api.w.org\/{rel}","templated":true}]}}