{"id":239656,"date":"2022-07-09T06:39:19","date_gmt":"2022-07-09T05:39:19","guid":{"rendered":"https:\/\/www.web.prilux.cloud\/product\/etna-basic-595x595x20-36w-840-2\/"},"modified":"2023-08-07T12:24:05","modified_gmt":"2023-08-07T11:24:05","slug":"etna-basic-595x595x20-36w-840","status":"publish","type":"product","link":"https:\/\/prilux.es\/fr\/produit\/etna-basic-595x595x20-36w-840\/","title":{"rendered":"ETNA BASIC 595X595X20 36W 840"},"content":{"rendered":"","protected":false},"excerpt":{"rendered":"","protected":false},"featured_media":193303,"template":"","meta":[],"product_cat":[15],"product_tag":[],"familia":[{"id":22439,"name":"ETNA","slug":"etna-fr"}],"acf":{"codigo_corto_maestro":"582070","manual":"https:\/\/d7rh5s3nxmpy4.cloudfront.net\/CMP1303\/files\/1\/m-etna-basic.pdf","grafico":"https:\/\/d7rh5s3nxmpy4.cloudfront.net\/CMP1303\/gr-etna-basic.jpg","video":"","etiqueta_energetica":"https:\/\/d7rh5s3nxmpy4.cloudfront.net\/CMP1303\/files\/2\/gr-cee-luminaria-led.pdf","url_imagen_alta":"","bajo_pedido":"Kit de emergencia 1h","descripcion_bc3_auto":"","bloque_aplicaciones":"<div class=\"bloque_aplicaciones\">\n        <div><img class=\"bloque_imagen\" src=\"http:\/\/d7rh5s3nxmpy4.cloudfront.net\/CMP1303\/files\/gs-ico-aulas.svg\" alt=\"Aulas\">\n                        <p>Salles de classe<\/p>\n                        \n                    <\/div><div><img class=\"bloque_imagen\" src=\"http:\/\/d7rh5s3nxmpy4.cloudfront.net\/CMP1303\/files\/gs-ico-despachos.svg\" alt=\"Despachos\">\n                        <p>Bureaux<\/p>\n                        \n                    <\/div><div><img class=\"bloque_imagen\" src=\"http:\/\/d7rh5s3nxmpy4.cloudfront.net\/CMP1303\/files\/gs-ico-retail.svg\" alt=\"Retail\">\n                        <p>Vente au d\u00e9tail<\/p>\n                        \n                    <\/div><div><img class=\"bloque_imagen\" src=\"http:\/\/d7rh5s3nxmpy4.cloudfront.net\/CMP1303\/files\/gs-ico-hogar.svg\" alt=\"Hogar\">\n                        <p>Accueil<\/p>\n                        \n                    <\/div><div><img class=\"bloque_imagen\" src=\"http:\/\/d7rh5s3nxmpy4.cloudfront.net\/CMP1303\/files\/gs-ico-grandes-superficies.svg\" alt=\"Grandes Superficies\">\n                        <p>Grandes surfaces<\/p>\n                        \n                    <\/div><div><img class=\"bloque_imagen\" src=\"http:\/\/d7rh5s3nxmpy4.cloudfront.net\/CMP1303\/files\/gs-ico-hoteles.svg\" alt=\"Hoteles\">\n                        <p>H\u00f4tels<\/p>\n                        \n                    <\/div><div><img class=\"bloque_imagen\" src=\"http:\/\/d7rh5s3nxmpy4.cloudfront.net\/CMP1303\/files\/gs-ico-restaurantes.svg\" alt=\"Restaurantes\">\n                        <p>Restaurants<\/p>\n                        \n                    <\/div><div><img class=\"bloque_imagen\" src=\"http:\/\/d7rh5s3nxmpy4.cloudfront.net\/CMP1303\/files\/gs-ico-cuidado-salud.svg\" alt=\"Cuidado de la salud\">\n                        <p>Soins de sant\u00e9<\/p>\n                        \n                    <\/div>\n        <\/div>","bloque_dimensiones":"<div class=\"tabla_montaje\">\n                    <div>\n                        <p class=\"blockName\">Dimensions et montage<\/p>\n                        <div class=\"\">\n  <div>\n  \n      <table>\n        <tbody>\n        <tr>\n            <td><div><p><i aria-hidden=\"true\" class=\"prilux prilux-prilux_ico-dimensiones\"><\/i>Dimensions<\/p><\/div><\/td>\n            <td>595x595x20mm<\/td>\n          <\/tr><tr>\n            <td><div><p><i aria-hidden=\"true\" class=\"prilux prilux-prilux_ico-posicion-montaje\"><\/i>Position de montage<\/p><\/div><\/td>\n            <td>Empotrar<\/td>\n          <\/tr><tr>\n            <td><div><p><i aria-hidden=\"true\" class=\"prilux prilux-prilux_ico-emalmable\"><\/i>Empalmable<\/p><\/div><\/td>\n            <td>NON<\/td>\n          <\/tr>\n        <\/tbody>\n      <\/table>\n  <\/div>\n  <\/div>\n                    <\/div>\n                    <div class=\"tabla_montaje_imgs\">\n                        <img src=\"https:\/\/d7rh5s3nxmpy4.cloudfront.net\/CMP1303\/files\/gr-etna-basic.svg\" alt=\"Avatar\">\n                        \n                    <\/div>\n                <\/div>","tabla_caracteristicas":"<div class=\"tabla_caracteristicas\">\n  <table>\n  <thead>\n    <tr>\n    <th><i aria-hidden=\"true\" class=\"prilux prilux-prilux_ico-codigo\"><\/i><\/th><th><i aria-hidden=\"true\" class=\"prilux prilux-prilux_ico-potencia_led_w\"><\/i><\/th><th><i aria-hidden=\"true\" class=\"prilux prilux-prilux_ico-potencia\"><\/i><\/th><th><i aria-hidden=\"true\" class=\"prilux prilux-prilux_ico-intensidad\"><\/i><\/th><th><i aria-hidden=\"true\" class=\"prilux prilux-prilux_ico-flujo-luminoso-led\"><\/i><\/th><th><i aria-hidden=\"true\" class=\"prilux prilux-prilux_ico-flujo-luminoso-luminaria\"><\/i><\/th><th><i aria-hidden=\"true\" class=\"prilux prilux-prilux_ico-cct\"><\/i><\/th><th><i aria-hidden=\"true\" class=\"prilux prilux-prilux_ico-corte\"><\/i><\/th><th><i aria-hidden=\"true\" class=\"prilux prilux-prilux_ico-protocolo-regulacion-reprogramacion\"><\/i><\/th>\n    <\/tr>\n  <\/thead>\n  <tbody>\n    <tr>\n    <td>582070<\/td><td>36<\/td><td>32<\/td><td>1000<\/td><td>5.305<\/td><td>4.156<\/td><td>4.000K<\/td><td>575 x 575<\/td><td>NON<\/td>\n    <\/tr>\n  <\/tbody>\n  <\/table>\n  <div\/>","tabla_descargas":"<div class=\"tabla_descargas\">\n        <div class=\"tabla_descargas_img\">\n        <img src=\"https:\/\/d7rh5s3nxmpy4.cloudfront.net\/CMP1303\/prilux-etna-basic.jpg\" \/>\n        <\/div>\n        <div class=\"tabla_descargas_table\">\n          <table>\n          <tbody><tr>\n            <td><img src=\"https:\/\/www.prilux.es\/wp-content\/uploads\/2021\/12\/icono-catalogo-1.svg\"\/><p>Code SKU<\/p><\/td>\n            <td>582070<\/td>\n          <\/tr><tr>\n            <td><img src=\"https:\/\/www.prilux.es\/wp-content\/uploads\/2021\/12\/icono-catalogo-1.svg\"\/><p>Fiche technique SKU<\/p><\/td>\n            <td><a title=\"Ficha t\u00e9cnica\" href=\"https:\/\/storage.googleapis.com\/prilux-web-fichas\/ft-582070-ETNA_BASIC_60X60_fr.pdf\" class=\"DownloadButton\" target=\"_blank\" rel=\"noopener noreferrer\"><span>T\u00c9L\u00c9CHARGER<\/span><i aria-hidden=\"true\" class=\"far fa-arrow-alt-circle-down\"><\/a><\/td>\n          <\/tr><tr>\n            <td><img src=\"https:\/\/www.prilux.es\/wp-content\/uploads\/2021\/12\/icono-catalogo-1.svg\"\/><p>Fiche technique du mod\u00e8le<\/p><\/td>\n            <td><a title=\"Ficha T\u00e9cnica modelo\" href=\"https:\/\/storage.googleapis.com\/prilux-web-fichas\/ft-ETNA_BASIC_60X60_fr.pdf\" class=\"DownloadButton\" target=\"_blank\" rel=\"noopener noreferrer\"><span>T\u00c9L\u00c9CHARGER<\/span><i aria-hidden=\"true\" class=\"far fa-arrow-alt-circle-down\"><\/a><\/td>\n          <\/tr><tr>\n            <td><img src=\"https:\/\/www.prilux.es\/wp-content\/uploads\/2021\/12\/icono-catalogo-1.svg\"\/><p>Courbe photom\u00e9trique SKU<\/p><\/td>\n            <td><a title=\"Curva fotom\u00e9trica\" href=\"https:\/\/d7rh5s3nxmpy4.cloudfront.net\/CMP1303\/files\/etna_basic_595x595x20_32w_840-582070.zip\" class=\"DownloadButton\" target=\"_blank\" rel=\"noopener noreferrer\"><span>T\u00c9L\u00c9CHARGER<\/span><i aria-hidden=\"true\" class=\"far fa-arrow-alt-circle-down\"><\/a><\/td>\n          <\/tr><tr>\n            <td><img src=\"https:\/\/www.prilux.es\/wp-content\/uploads\/2021\/12\/icono-catalogo-1.svg\"\/><p>Courbe photom\u00e9trique du mod\u00e8le<\/p><\/td>\n            <td><a title=\"Curva fotom\u00e9trica modelo\" href=\"https:\/\/d7rh5s3nxmpy4.cloudfront.net\/CMP1303\/files\/etna_basic.zip\" class=\"DownloadButton\" target=\"_blank\" rel=\"noopener noreferrer\"><span>T\u00c9L\u00c9CHARGER<\/span><i aria-hidden=\"true\" class=\"far fa-arrow-alt-circle-down\"><\/a><\/td>\n          <\/tr><tr>\n            <td><img src=\"https:\/\/www.prilux.es\/wp-content\/uploads\/2021\/12\/icono-catalogo-1.svg\"\/><p>Instructions d\u2019installation<\/p><\/td>\n            <td><a title=\"Manual\" href=\"https:\/\/d7rh5s3nxmpy4.cloudfront.net\/CMP1303\/files\/1\/m-etna-basic.pdf\" class=\"DownloadButton\" target=\"_blank\" rel=\"noopener noreferrer\"><span>T\u00c9L\u00c9CHARGER<\/span><i aria-hidden=\"true\" class=\"far fa-arrow-alt-circle-down\"><\/a><\/td>\n          <\/tr><tr>\n          <td><img src=\"https:\/\/www.prilux.es\/wp-content\/uploads\/2021\/12\/icono-catalogo-1.svg\"\/><p>Graphique CAD<\/p><\/td>\n          <td><a title=\"Gr\u00e1fico CAD\" href=\"https:\/\/d7rh5s3nxmpy4.cloudfront.net\/CMP1303\/gr-etna-basic.jpg\" class=\"DownloadButton\" target=\"_blank\" rel=\"noopener noreferrer\"><span>T\u00c9L\u00c9CHARGER<\/span><i aria-hidden=\"true\" class=\"far fa-arrow-alt-circle-down\"><\/a><\/td>\n        <\/tr>\n          <\/tbody>\n          <\/table>\n        <\/div>\n        <\/div>\n        ","tabla_detalle_caracteristicas":"<div class=\"tabla_detalle_caracteristicas\">\n  <div>\n  <p class=\"blockName\">Donn\u00e9es \u00e9lectriques<\/p>\n      <table>\n        <tbody>\n        <tr>\n            <td><div><p><i aria-hidden=\"true\" class=\"prilux prilux-prilux_ico--tension\"><\/i>Tension D`Alimentation (V)<\/p><\/div><\/td>\n            <td>230V<\/td>\n          <\/tr><tr>\n            <td><div><p><i aria-hidden=\"true\" class=\"prilux prilux-prilux_ico-frecuencia-segemnto\"><\/i>Fr\u00e9quence (Hz)<\/p><\/div><\/td>\n            <td>50-60Hz<\/td>\n          <\/tr><tr>\n            <td><div><p><i aria-hidden=\"true\" class=\"prilux prilux-prilux_ico-intensidad\"><\/i>Intensit\u00e9 (mA)<\/p><\/div><\/td>\n            <td>1000mA<\/td>\n          <\/tr><tr>\n            <td><div><p><i aria-hidden=\"true\" class=\"prilux prilux-prilux_ico-protocolo-regulacion-reprogramacion\"><\/i>Att\u00e9nuation<\/p><\/div><\/td>\n            <td>NON<\/td>\n          <\/tr>\n        <\/tbody>\n      <\/table>\n  <\/div><div>\n  <p class=\"blockName\">Dimensions et montage<\/p>\n      <table>\n        <tbody>\n        <tr>\n            <td><div><p><i aria-hidden=\"true\" class=\"prilux prilux-prilux_ico-dimensiones\"><\/i>Dimensions<\/p><\/div><\/td>\n            <td>595x595x20mm<\/td>\n          <\/tr><tr>\n            <td><div><p><i aria-hidden=\"true\" class=\"prilux prilux-prilux_ico-posicion-montaje\"><\/i>Position de montage<\/p><\/div><\/td>\n            <td>Empotrar<\/td>\n          <\/tr><tr>\n            <td><div><p><i aria-hidden=\"true\" class=\"prilux prilux-prilux_ico-emalmable\"><\/i>Empalmable<\/p><\/div><\/td>\n            <td>NON<\/td>\n          <\/tr>\n        <\/tbody>\n      <\/table>\n  <\/div><div>\n  <p class=\"blockName\">Donn\u00e9es optiques<\/p>\n      <table>\n        <tbody>\n        <tr>\n            <td><div><p><i aria-hidden=\"true\" class=\"prilux prilux-prilux_ico-cct\"><\/i>Temp\u00e9rature de coleur<\/p><\/div><\/td>\n            <td>4.000K<\/td>\n          <\/tr><tr>\n            <td><div><p><i aria-hidden=\"true\" class=\"prilux prilux-prilux_ico-cri\"><\/i>CRI Indice de rendu des couleurs<\/p><\/div><\/td>\n            <td>>80<\/td>\n          <\/tr><tr>\n            <td><div><p><i aria-hidden=\"true\" class=\"prilux prilux-prilux_ico-angulo-apertura\"><\/i>Angle d'ouverture<\/p><\/div><\/td>\n            <td>120<\/td>\n          <\/tr>\n        <\/tbody>\n      <\/table>\n  <\/div><div>\n  <p class=\"blockName\">Logement et finition<\/p>\n      <table>\n        <tbody>\n        <tr>\n            <td><div><p><i aria-hidden=\"true\" class=\"prilux prilux-prilux_ico-ip-luminaria\"><\/i>Indice d'\u00e9tanch\u00e9it\u00e9 IP<\/p><\/div><\/td>\n            <td>IP20<\/td>\n          <\/tr><tr>\n            <td><div><p><i aria-hidden=\"true\" class=\"prilux prilux-prilux_ico-ip-instalado\"><\/i>Intensit\u00e9 (A)<\/p><\/div><\/td>\n            <td>44<\/td>\n          <\/tr><tr>\n            <td><div><p><i aria-hidden=\"true\" class=\"prilux prilux-prilux_ico-color\"><\/i>Couleur du corps<\/p><\/div><\/td>\n            <td>Blanc<\/td>\n          <\/tr><tr>\n            <td><div><p><i aria-hidden=\"true\" class=\"prilux prilux-prilux_ico-cuerpo\"><\/i>Corps<\/p><\/div><\/td>\n            <td>FE<\/td>\n          <\/tr>\n        <\/tbody>\n      <\/table>\n  <\/div><div>\n  <p class=\"blockName\">Performance<\/p>\n      <table>\n        <tbody>\n        <tr>\n            <td><div><p><i aria-hidden=\"true\" class=\"prilux prilux-prilux_ico-flujo-luminoso-luminaria\"><\/i>Flux (lm)<\/p><\/div><\/td>\n            <td>4.156lm<\/td>\n          <\/tr>\n        <\/tbody>\n      <\/table>\n  <\/div><div>\n  <p class=\"blockName\">Vie<\/p>\n      <table>\n        <tbody>\n        <tr>\n            <td><div><p><i aria-hidden=\"true\" class=\"prilux prilux-prilux_ico-vida-util\"><\/i>Heures de vie<\/p><\/div><\/td>\n            <td>(L70B50>) 30.000h<\/td>\n          <\/tr>\n        <\/tbody>\n      <\/table>\n  <\/div><div>\n  <p class=\"blockName\">Protections<\/p>\n      <table>\n        <tbody>\n        <tr>\n            <td><div><p><i aria-hidden=\"true\" class=\"prilux prilux-prilux_ico-proteccion-sobretensiones\"><\/i>Protection surfaces<\/p><\/div><\/td>\n            <td>NON<\/td>\n          <\/tr>\n        <\/tbody>\n      <\/table>\n  <\/div><div>\n  <p class=\"blockName\">Donn\u00e9es g\u00e9n\u00e9rales<\/p>\n      <table>\n        <tbody>\n        <tr>\n            <td><div><p><i aria-hidden=\"true\" class=\"prilux prilux-prilux_ico-clase-ii\"><\/i>Isolation \u00e9lectrique<\/p><\/div><\/td>\n            <td>CII<\/td>\n          <\/tr>\n        <\/tbody>\n      <\/table>\n  <\/div>\n  <\/div>","bloque_opticos":"<div class=\"tabla_detalle_caracteristicas\">\n            <div><img class=\"bloque_imagen\" src=\"http:\/\/d7rh5s3nxmpy4.cloudfront.net\/CMP1303\/origin\/image\/gr-avatar.jpg\" alt=\"Avatar\"><\/div>\n            <div class=\"\">\n  <div>\n  \n      <table>\n        <tbody>\n        <tr>\n            <td><div><p><i aria-hidden=\"true\" class=\"prilux prilux-prilux_ico-cct\"><\/i>Temp\u00e9rature de coleur<\/p><\/div><\/td>\n            <td>4.000K<\/td>\n          <\/tr><tr>\n            <td><div><p><i aria-hidden=\"true\" class=\"prilux prilux-prilux_ico-cri\"><\/i>CRI Indice de rendu des couleurs<\/p><\/div><\/td>\n            <td>>80<\/td>\n          <\/tr><tr>\n            <td><div><p><i aria-hidden=\"true\" class=\"prilux prilux-prilux_ico-angulo-apertura\"><\/i>Angle d'ouverture<\/p><\/div><\/td>\n            <td>120<\/td>\n          <\/tr>\n        <\/tbody>\n      <\/table>\n  <\/div>\n  <\/div>\n            <\/div>","cf_potencia_w":"36","cf_cct":"4.000K","cf_flujo_luminoso":"4.156","ficha_familia":"https:\/\/storage.googleapis.com\/prilux-web-fichas\/ft-ETNA_BASIC_60X60_fr.pdf","accesorios_producto":"PDECO00000964562,PDECO00000164092,PPRIL00000397391","curva_fotometrica_ldt":"https:\/\/d7rh5s3nxmpy4.cloudfront.net\/CMP1303\/files\/etna_basic_595x595x20_32w_840-582070.zip","curva_fotometrica_ldt_familia":"https:\/\/d7rh5s3nxmpy4.cloudfront.net\/CMP1303\/files\/etna_basic.zip","descarga_ficha_tecnica":"https:\/\/storage.googleapis.com\/prilux-web-fichas\/ft-582070-ETNA_BASIC_60X60_fr.pdf","soluciones":"Pack CTE"},"_links":{"self":[{"href":"https:\/\/prilux.es\/fr\/wp-json\/wp\/v2\/product\/239656"}],"collection":[{"href":"https:\/\/prilux.es\/fr\/wp-json\/wp\/v2\/product"}],"about":[{"href":"https:\/\/prilux.es\/fr\/wp-json\/wp\/v2\/types\/product"}],"version-history":[{"count":0,"href":"https:\/\/prilux.es\/fr\/wp-json\/wp\/v2\/product\/239656\/revisions"}],"wp:featuredmedia":[{"embeddable":true,"href":"https:\/\/prilux.es\/fr\/wp-json\/wp\/v2\/media\/193303"}],"wp:attachment":[{"href":"https:\/\/prilux.es\/fr\/wp-json\/wp\/v2\/media?parent=239656"}],"wp:term":[{"taxonomy":"product_cat","embeddable":true,"href":"https:\/\/prilux.es\/fr\/wp-json\/wp\/v2\/product_cat?post=239656"},{"taxonomy":"product_tag","embeddable":true,"href":"https:\/\/prilux.es\/fr\/wp-json\/wp\/v2\/product_tag?post=239656"},{"taxonomy":"familia","embeddable":true,"href":"https:\/\/prilux.es\/fr\/wp-json\/wp\/v2\/familia?post=239656"}],"curies":[{"name":"wp","href":"https:\/\/api.w.org\/{rel}","templated":true}]}}