{"id":239718,"date":"2021-10-25T14:03:32","date_gmt":"2021-10-25T13:03:32","guid":{"rendered":"https:\/\/www.web.prilux.cloud\/product\/livia-12led-44w-471wt-740-s150l1m-2\/"},"modified":"2023-07-07T12:13:17","modified_gmt":"2023-07-07T11:13:17","slug":"livia-12led-44w-471wt-740-s150l1m","status":"publish","type":"product","link":"https:\/\/prilux.es\/fr\/produit\/livia-12led-44w-471wt-740-s150l1m\/","title":{"rendered":"LIVIA 12LED 44W\/47,1WT 740 S150L1M"},"content":{"rendered":"<p>Lampadaire LED Livia 44W, de la gamme Prilux CITY LED. C&rsquo;est la solution id\u00e9ale pour l&rsquo;\u00e9clairage public, gr\u00e2ce \u00e0 sa haute r\u00e9sistance et les \u00e9conomies importantes qu&rsquo;il permet en consommation d&rsquo;\u00e9nergie. Efficace et r\u00e9sistant, le lampadaire LED Livia, con\u00e7u par Prilux, est un produit Made in Spain, adapt\u00e9 \u00e0 tous types d&rsquo;espaces publics ext\u00e9rieurs gr\u00e2ce \u00e0 sa r\u00e9sistance \u00e0 tous types de menaces m\u00e9t\u00e9orologiques et son haut niveau de protection IP66 et IK08. Luminaire routier robuste et s\u00fbr, de forme conique invers\u00e9e, corps en aluminium, couleur gris RAL 9007 et diffuseur en polycarbonate. Avec une optique secondaire sp\u00e9ciale de lentille de distribution asym\u00e9trique pour flacon. Equip\u00e9 de 12 LED, 44W de puissance LED \u00e0 1200mA et un flux lumineux LED de 5248 lumens. Il a une longue dur\u00e9e de vie de L70 B10&gt; 100 000h et un indice de rendu des couleurs Ra&gt; 70. L&rsquo;efficacit\u00e9 de Livia est soutenue par les technologies Overstorm et Systemshield, toutes deux d\u00e9velopp\u00e9es par Prilux: Overstorm prot\u00e8ge le luminaire des surtensions, en \u00e9tant capable de r\u00e9sister \u00e0 des pics de tension allant jusqu&rsquo;\u00e0 10 kV. Systemshield permet un fonctionnement optimal m\u00eame \u00e0 des temp\u00e9ratures extr\u00eames, gr\u00e2ce \u00e0 un syst\u00e8me de sondes thermiques qui connaissent la temp\u00e9rature du luminaire et autor\u00e9gulent sa puissance pour rester en s\u00e9curit\u00e9 \u00e0 tout moment. Livia LED est dimmable, sous un syst\u00e8me de gradation 1-10V. Sur demande, des syst\u00e8mes de r\u00e9gulation \u00e0 double niveau pr\u00e9programm\u00e9s avec ligne de commande ou 5 \u00e9tapes sont \u00e9galement disponibles. Equip\u00e9 de lampes LED 4 000K et d&rsquo;un ton neutre, il est \u00e9galement disponible en temp\u00e9rature de couleur 3 000K et 5 000K et m\u00eame en Ambre ou PC. Ce luminaire doit \u00eatre install\u00e9 \u00e0 l&rsquo;aide d&rsquo;un support vertical \u00e0 l&rsquo;extr\u00e9mit\u00e9 du poteau d&rsquo;\u00e9clairage. Le luminaire LED Livia mesure 600 x 435 mm et le support sur le m\u00e2t est \u00d860 mm ou \u00d876 mm.<\/p>\n","protected":false},"excerpt":{"rendered":"<p>Lampadaire LED Livia, 44W de puissance avec 12 LED de 4000K et 5248lm, pour un \u00e9clairage public efficace, performant et robuste.<\/p>\n","protected":false},"featured_media":51104,"template":"","meta":[],"product_cat":[15],"product_tag":[],"familia":[{"id":22489,"name":"LIVIA","slug":"livia-fr"}],"acf":[],"_links":{"self":[{"href":"https:\/\/prilux.es\/fr\/wp-json\/wp\/v2\/product\/239718"}],"collection":[{"href":"https:\/\/prilux.es\/fr\/wp-json\/wp\/v2\/product"}],"about":[{"href":"https:\/\/prilux.es\/fr\/wp-json\/wp\/v2\/types\/product"}],"version-history":[{"count":0,"href":"https:\/\/prilux.es\/fr\/wp-json\/wp\/v2\/product\/239718\/revisions"}],"wp:featuredmedia":[{"embeddable":true,"href":"https:\/\/prilux.es\/fr\/wp-json\/wp\/v2\/media\/51104"}],"wp:attachment":[{"href":"https:\/\/prilux.es\/fr\/wp-json\/wp\/v2\/media?parent=239718"}],"wp:term":[{"taxonomy":"product_cat","embeddable":true,"href":"https:\/\/prilux.es\/fr\/wp-json\/wp\/v2\/product_cat?post=239718"},{"taxonomy":"product_tag","embeddable":true,"href":"https:\/\/prilux.es\/fr\/wp-json\/wp\/v2\/product_tag?post=239718"},{"taxonomy":"familia","embeddable":true,"href":"https:\/\/prilux.es\/fr\/wp-json\/wp\/v2\/familia?post=239718"}],"curies":[{"name":"wp","href":"https:\/\/api.w.org\/{rel}","templated":true}]}}