{"id":240140,"date":"2021-10-25T13:53:31","date_gmt":"2021-10-25T12:53:31","guid":{"rendered":"https:\/\/www.web.prilux.cloud\/product\/nantes-l-play-192led-62w-683wt-740-s-090-dali-2\/"},"modified":"2024-09-20T11:54:35","modified_gmt":"2024-09-20T10:54:35","slug":"nantes-l-play-192led-62w-683wt-740-s-090-dali","status":"publish","type":"product","link":"https:\/\/prilux.es\/fr\/produit\/nantes-l-play-192led-62w-683wt-740-s-090-dali\/","title":{"rendered":"NANTES L PLAY 192LED 62W\/68,3WT 740 S-090 DALI"},"content":{"rendered":"<p>Il a un design compact et minimaliste bas\u00e9 sur des lignes de base et des angles purs et \u00e9l\u00e9gants. Son esth\u00e9tique permet une int\u00e9gration en harmonie avec l&rsquo;architecture<br \/>\nSa conception est con\u00e7ue pour dissiper la chaleur, prolonger la dur\u00e9e de vie de la LED et favoriser l&rsquo;\u00e9vacuation de l&rsquo;eau, \u00e9vitant les points d&rsquo;oxydation et facilitant ainsi l&rsquo;auto-nettoyage.<br \/>\nLe corps, le couvercle et la lyre ont \u00e9t\u00e9 fabriqu\u00e9s en aluminium inject\u00e9 haute pression de haute qualit\u00e9 qui garantit la durabilit\u00e9 du luminaire.<\/p>\n<p>La famille Nantes est compatible avec nos syst\u00e8mes de contr\u00f4le Cora Sports, Cora Industry, Cora Manager et la plateforme de t\u00e9l\u00e9gestion Prilux Cora Platform qui permet de surveiller, mesurer, contr\u00f4ler et maintenir une gestion \u00e0 distance de l&rsquo;infrastructure d&rsquo;\u00e9clairage pour optimiser la qualit\u00e9 de l&rsquo;\u00e9clairage. m\u00eame.<\/p>\n","protected":false},"excerpt":{"rendered":"<p>La famille NANTES PLAY, compos\u00e9e de NANTES PLAY, NANTES PLAY L et NANTES PLAY XL, est disponible avec des modules LED \u00e9quip\u00e9s de matrices de 108, 192 et 300 LED \u00e0 la pointe de la technologie pour atteindre des rendements allant jusqu&rsquo;\u00e0 160lm \/ W.<\/p>\n","protected":false},"featured_media":50896,"template":"","meta":[],"product_cat":[15],"product_tag":[],"familia":[{"id":22510,"name":"NANTES","slug":"nantes-fr"}],"acf":[],"_links":{"self":[{"href":"https:\/\/prilux.es\/fr\/wp-json\/wp\/v2\/product\/240140"}],"collection":[{"href":"https:\/\/prilux.es\/fr\/wp-json\/wp\/v2\/product"}],"about":[{"href":"https:\/\/prilux.es\/fr\/wp-json\/wp\/v2\/types\/product"}],"version-history":[{"count":0,"href":"https:\/\/prilux.es\/fr\/wp-json\/wp\/v2\/product\/240140\/revisions"}],"wp:featuredmedia":[{"embeddable":true,"href":"https:\/\/prilux.es\/fr\/wp-json\/wp\/v2\/media\/50896"}],"wp:attachment":[{"href":"https:\/\/prilux.es\/fr\/wp-json\/wp\/v2\/media?parent=240140"}],"wp:term":[{"taxonomy":"product_cat","embeddable":true,"href":"https:\/\/prilux.es\/fr\/wp-json\/wp\/v2\/product_cat?post=240140"},{"taxonomy":"product_tag","embeddable":true,"href":"https:\/\/prilux.es\/fr\/wp-json\/wp\/v2\/product_tag?post=240140"},{"taxonomy":"familia","embeddable":true,"href":"https:\/\/prilux.es\/fr\/wp-json\/wp\/v2\/familia?post=240140"}],"curies":[{"name":"wp","href":"https:\/\/api.w.org\/{rel}","templated":true}]}}