{"id":240150,"date":"2021-10-25T13:52:36","date_gmt":"2021-10-25T12:52:36","guid":{"rendered":"https:\/\/www.web.prilux.cloud\/product\/nantes-xl-play-300led-201w-2133wt-740-s-090-dali-2\/"},"modified":"2024-09-20T11:57:11","modified_gmt":"2024-09-20T10:57:11","slug":"nantes-xl-play-300led-201w-2133wt-740-s-090-dali","status":"publish","type":"product","link":"https:\/\/prilux.es\/fr\/produit\/nantes-xl-play-300led-201w-2133wt-740-s-090-dali\/","title":{"rendered":"NANTES XL PLAY 300LED 201W\/213,3WT 740 S-090 DALI"},"content":{"rendered":"<p>Il pr\u00e9sente un design compact et minimaliste bas\u00e9 sur des lignes basiques et des angles purs mais \u00e9l\u00e9gants. Son esth\u00e9tique permet une int\u00e9gration en harmonie avec l&rsquo;architecture<br \/>\nSa conception est con\u00e7ue pour dissiper la chaleur, prolongeant la dur\u00e9e de vie de la LED et favorisant l&rsquo;\u00e9vacuation de l&rsquo;eau, \u00e9vitant les points d&rsquo;oxydation et facilitant ainsi l&rsquo;autonettoyage.<br \/>\nLe corps, le couvercle et la lyre ont \u00e9t\u00e9 fabriqu\u00e9s en aluminium inject\u00e9 sous haute pression de haute qualit\u00e9 qui garantit la durabilit\u00e9 du luminaire.<\/p>\n<p>La famille Nantes est compatible avec nos syst\u00e8mes de contr\u00f4le Cora Sports, Cora Industry, Cora Manager et la plateforme de gestion \u00e0 distance Prilux Cora Platform qui permet de surveiller, mesurer, contr\u00f4ler et maintenir la gestion \u00e0 distance de l&rsquo;infrastructure d&rsquo;\u00e9clairage pour optimiser la qualit\u00e9 de l&rsquo;\u00e9clairage. m\u00eame.<\/p>\n","protected":false},"excerpt":{"rendered":"<p>La famille NANTES PLAY, compos\u00e9e de NANTES PLAY, NANTES PLAY L et NANTES PLAY XL, est disponible avec des modules LED \u00e9quip\u00e9s de matrices de 108, 192 et 300 LED de derni\u00e8re g\u00e9n\u00e9ration pour atteindre des rendements allant jusqu&rsquo;\u00e0 160lm\/W.<\/p>\n","protected":false},"featured_media":50790,"template":"","meta":[],"product_cat":[15],"product_tag":[],"familia":[{"id":22510,"name":"NANTES","slug":"nantes-fr"}],"acf":{"codigo_corto_maestro":"520065","manual":"https:\/\/d7rh5s3nxmpy4.cloudfront.net\/CMP1303\/files\/1\/m-nantes-xl-play.pdf","dc_eu":"https:\/\/d7rh5s3nxmpy4.cloudfront.net\/CMP1303\/files\/dc-ue-nantes.pdf","dossier":"https:\/\/d7rh5s3nxmpy4.cloudfront.net\/CMP1303\/files\/ds-nantes.pdf","grafico":"https:\/\/d7rh5s3nxmpy4.cloudfront.net\/CMP1303\/1\/gr-prilux-nantes-play-xl.jpg","video":"","etiqueta_energetica":"https:\/\/d7rh5s3nxmpy4.cloudfront.net\/CMP1303\/files\/2\/gr-cee-luminaria-led.pdf","url_imagen_alta":"","bajo_pedido":"Clase II","soluciones":"Cora Manager CMR","descripcion_bc3_auto":"","bloque_aplicaciones":"<div class=\"bloque_aplicaciones\">\n        <div><img class=\"bloque_imagen\" src=\"http:\/\/d7rh5s3nxmpy4.cloudfront.net\/CMP1303\/files\/gs-ico-fachada-jardin.svg\" alt=\"Fachadas\">\n                        <p>Fa\u00e7ades<\/p>\n                        \n                    <\/div><div><img class=\"bloque_imagen\" src=\"http:\/\/d7rh5s3nxmpy4.cloudfront.net\/CMP1303\/files\/gs-ico-zonas-industriales.svg\" alt=\"Zonas Industriales\">\n                        <p>Zones industrielles<\/p>\n                        \n                    <\/div><div><img class=\"bloque_imagen\" src=\"http:\/\/d7rh5s3nxmpy4.cloudfront.net\/CMP1303\/files\/gs-ico-perimetros-industriales.svg\" alt=\"Per\u00edmetros industriales\">\n                        <p>P\u00e9rim\u00e8tres industriels<\/p>\n                        \n                    <\/div><div><img class=\"bloque_imagen\" src=\"http:\/\/d7rh5s3nxmpy4.cloudfront.net\/CMP1303\/files\/gs-ico-recintos-deportivos.svg\" alt=\"Recintos deportivos\">\n                        <p>Terrains de sport<\/p>\n                        \n                    <\/div><div><img class=\"bloque_imagen\" src=\"http:\/\/d7rh5s3nxmpy4.cloudfront.net\/CMP1303\/files\/gs-ico-monumentos.svg\" alt=\"Monumentos\">\n                        <p>Monuments<\/p>\n                        \n                    <\/div><div><img class=\"bloque_imagen\" src=\"http:\/\/d7rh5s3nxmpy4.cloudfront.net\/CMP1303\/files\/gs-ico-parking.svg\" alt=\"Parkings\">\n                        <p>Parkings<\/p>\n                        \n                    <\/div>\n        <\/div>","bloque_dimensiones":"<div class=\"tabla_montaje\">\n                    <div>\n                        <p class=\"blockName\">Dimensions et montage<\/p>\n                        <div class=\"\">\n  <div>\n  \n      <table>\n        <tbody>\n        <tr>\n            <td><div><p><i aria-hidden=\"true\" class=\"prilux prilux-prilux_ico-resistencia-viento\"><\/i>R\u00e9sistance au vent<\/p><\/div><\/td>\n            <td>0,2m2<\/td>\n          <\/tr><tr>\n            <td><div><p><i aria-hidden=\"true\" class=\"prilux prilux-prilux_ico-peso\"><\/i>Poids<\/p><\/div><\/td>\n            <td>11.5Kg<\/td>\n          <\/tr><tr>\n            <td><div><p><i aria-hidden=\"true\" class=\"prilux prilux-prilux_ico-dimensiones\"><\/i>Dimensions<\/p><\/div><\/td>\n            <td>650x350x60mm<\/td>\n          <\/tr><tr>\n            <td><div><p><i aria-hidden=\"true\" class=\"prilux prilux-prilux_ico-posicion-montaje\"><\/i>Position de montage<\/p><\/div><\/td>\n            <td>Montaje en Lira<\/td>\n          <\/tr><tr>\n            <td><div><p><i aria-hidden=\"true\" class=\"prilux prilux-prilux_ico-emalmable\"><\/i>Empalmable<\/p><\/div><\/td>\n            <td>NON<\/td>\n          <\/tr>\n        <\/tbody>\n      <\/table>\n  <\/div>\n  <\/div>\n                    <\/div>\n                    <div class=\"tabla_montaje_imgs\">\n                        <img src=\"https:\/\/d7rh5s3nxmpy4.cloudfront.net\/CMP1303\/files\/2\/gr-prilux-nantes-xl-play.svg\" alt=\"Avatar\">\n                        \n                    <\/div>\n                <\/div>","tabla_caracteristicas":"<div class=\"tabla_caracteristicas\">\n  <table>\n  <thead>\n    <tr>\n    <th><i aria-hidden=\"true\" class=\"prilux prilux-prilux_ico-codigo\"><\/i><\/th><th><i aria-hidden=\"true\" class=\"prilux prilux-prilux_ico-potencia_led_w\"><\/i><\/th><th><i aria-hidden=\"true\" class=\"prilux prilux-prilux_ico-potencia\"><\/i><\/th><th><i aria-hidden=\"true\" class=\"prilux prilux-prilux_ico-intensidad\"><\/i><\/th><th><i aria-hidden=\"true\" class=\"prilux prilux-prilux_ico-flujo-luminoso-led\"><\/i><\/th><th><i aria-hidden=\"true\" class=\"prilux prilux-prilux_ico-flujo-luminoso-led\"><\/i><\/th><th><i aria-hidden=\"true\" class=\"prilux prilux-prilux_ico-flujo-luminoso-luminaria\"><\/i><\/th><th><i aria-hidden=\"true\" class=\"prilux prilux-prilux_ico-eficacia-lm-w\"><\/i><\/th><th><i aria-hidden=\"true\" class=\"prilux prilux-prilux_ico-numero-led\"><\/i><\/th><th><i aria-hidden=\"true\" class=\"prilux prilux-prilux_ico-optica\"><\/i><\/th><th><i aria-hidden=\"true\" class=\"prilux prilux-prilux_ico-protocolo-regulacion-reprogramacion\"><\/i><\/th>\n    <\/tr>\n  <\/thead>\n  <tbody>\n    <tr>\n    <td>520065<\/td><td>201<\/td><td>215,9<\/td><td>700<\/td><td>37876<\/td><td>36897<\/td><td>32100<\/td><td>149<\/td><td>300<\/td><td>S090I2P<\/td><td>NON<\/td>\n    <\/tr>\n  <\/tbody>\n  <\/table>\n  <div\/>","tabla_descargas":"<div class=\"tabla_descargas\">\n        <div class=\"tabla_descargas_img\">\n        <img src=\"https:\/\/d7rh5s3nxmpy4.cloudfront.net\/CMP1303\/1\/prilux-nantes-play-xl.jpg\" \/>\n        <\/div>\n        <div class=\"tabla_descargas_table\">\n          <table>\n          <tbody><tr>\n            <td><img src=\"https:\/\/www.prilux.es\/wp-content\/uploads\/2021\/12\/icono-catalogo-1.svg\"\/><p>Code SKU<\/p><\/td>\n            <td>520065<\/td>\n          <\/tr><tr>\n            <td><img src=\"https:\/\/www.prilux.es\/wp-content\/uploads\/2021\/12\/icono-catalogo-1.svg\"\/><p>Fiche technique SKU<\/p><\/td>\n            <td><a title=\"Ficha t\u00e9cnica\" href=\"https:\/\/storage.googleapis.com\/prilux-web-fichas\/ft-520065-NANTES_XL_fr.pdf\" class=\"DownloadButton\" target=\"_blank\" rel=\"noopener noreferrer\"><span>T\u00c9L\u00c9CHARGER<\/span><i aria-hidden=\"true\" class=\"far fa-arrow-alt-circle-down\"><\/a><\/td>\n          <\/tr><tr>\n            <td><img src=\"https:\/\/www.prilux.es\/wp-content\/uploads\/2021\/12\/icono-catalogo-1.svg\"\/><p>Fiche technique du mod\u00e8le<\/p><\/td>\n            <td><a title=\"Ficha T\u00e9cnica modelo\" href=\"https:\/\/storage.googleapis.com\/prilux-web-fichas\/ft-NANTES_XL_fr.pdf\" class=\"DownloadButton\" target=\"_blank\" rel=\"noopener noreferrer\"><span>T\u00c9L\u00c9CHARGER<\/span><i aria-hidden=\"true\" class=\"far fa-arrow-alt-circle-down\"><\/a><\/td>\n          <\/tr><tr>\n            <td><img src=\"https:\/\/www.prilux.es\/wp-content\/uploads\/2021\/12\/icono-catalogo-1.svg\"\/><p>Courbe photom\u00e9trique SKU<\/p><\/td>\n            <td><a title=\"Curva fotom\u00e9trica\" href=\"https:\/\/d7rh5s3nxmpy4.cloudfront.net\/CMP1303\/files\/3\/nantes_xl_play_300l_201w_740_s090i2p_vt-_520065.zip\" class=\"DownloadButton\" target=\"_blank\" rel=\"noopener noreferrer\"><span>T\u00c9L\u00c9CHARGER<\/span><i aria-hidden=\"true\" class=\"far fa-arrow-alt-circle-down\"><\/a><\/td>\n          <\/tr><tr>\n            <td><img src=\"https:\/\/www.prilux.es\/wp-content\/uploads\/2021\/12\/icono-catalogo-1.svg\"\/><p>Courbe photom\u00e9trique du mod\u00e8le<\/p><\/td>\n            <td><a title=\"Curva fotom\u00e9trica modelo\" href=\"https:\/\/d7rh5s3nxmpy4.cloudfront.net\/CMP1303\/files\/3\/nantes-xl.zip\" class=\"DownloadButton\" target=\"_blank\" rel=\"noopener noreferrer\"><span>T\u00c9L\u00c9CHARGER<\/span><i aria-hidden=\"true\" class=\"far fa-arrow-alt-circle-down\"><\/a><\/td>\n          <\/tr><tr>\n            <td><img src=\"https:\/\/www.prilux.es\/wp-content\/uploads\/2021\/12\/icono-catalogo-1.svg\"\/><p>D\u00e9claration de conformit\u00e9<\/p><\/td>\n            <td><a title=\"Declaraci\u00f3n de conformidad\" href=\"https:\/\/d7rh5s3nxmpy4.cloudfront.net\/CMP1303\/files\/dc-ue-nantes.pdf\" class=\"DownloadButton\" target=\"_blank\" rel=\"noopener noreferrer\"><span>T\u00c9L\u00c9CHARGER<\/span><i aria-hidden=\"true\" class=\"far fa-arrow-alt-circle-down\"><\/a><\/td>\n          <\/tr><tr>\n            <td><img src=\"https:\/\/www.prilux.es\/wp-content\/uploads\/2021\/12\/icono-catalogo-1.svg\"\/><p>Instructions d\u2019installation<\/p><\/td>\n            <td><a title=\"Manual\" href=\"https:\/\/d7rh5s3nxmpy4.cloudfront.net\/CMP1303\/files\/1\/m-nantes-xl-play.pdf\" class=\"DownloadButton\" target=\"_blank\" rel=\"noopener noreferrer\"><span>T\u00c9L\u00c9CHARGER<\/span><i aria-hidden=\"true\" class=\"far fa-arrow-alt-circle-down\"><\/a><\/td>\n          <\/tr><tr>\n          <td><img src=\"https:\/\/www.prilux.es\/wp-content\/uploads\/2021\/12\/icono-catalogo-1.svg\"\/><p>Graphique CAD<\/p><\/td>\n          <td><a title=\"Gr\u00e1fico CAD\" href=\"https:\/\/d7rh5s3nxmpy4.cloudfront.net\/CMP1303\/1\/gr-prilux-nantes-play-xl.jpg\" class=\"DownloadButton\" target=\"_blank\" rel=\"noopener noreferrer\"><span>T\u00c9L\u00c9CHARGER<\/span><i aria-hidden=\"true\" class=\"far fa-arrow-alt-circle-down\"><\/a><\/td>\n        <\/tr>\n          <\/tbody>\n          <\/table>\n        <\/div>\n        <\/div>\n        ","tabla_detalle_caracteristicas":"<div class=\"tabla_detalle_caracteristicas\">\n  <div>\n  <p class=\"blockName\">Donn\u00e9es \u00e9lectriques<\/p>\n      <table>\n        <tbody>\n        <tr>\n            <td><div><p><i aria-hidden=\"true\" class=\"prilux prilux-prilux_ico--tension\"><\/i>Tension D`Alimentation (V)<\/p><\/div><\/td>\n            <td>220-240V<\/td>\n          <\/tr><tr>\n            <td><div><p><i aria-hidden=\"true\" class=\"prilux prilux-prilux_ico-frecuencia-segemnto\"><\/i>Fr\u00e9quence (Hz)<\/p><\/div><\/td>\n            <td>50-60Hz<\/td>\n          <\/tr><tr>\n            <td><div><p><i aria-hidden=\"true\" class=\"prilux prilux-prilux_ico-intensidad\"><\/i>Intensit\u00e9 (mA)<\/p><\/div><\/td>\n            <td>700mA<\/td>\n          <\/tr><tr>\n            <td><div><p><i aria-hidden=\"true\" class=\"prilux prilux-prilux_ico-factor-potencia\"><\/i>Facteur de puissance (Cos fi)<\/p><\/div><\/td>\n            <td>0,97<\/td>\n          <\/tr><tr>\n            <td><div><p><i aria-hidden=\"true\" class=\"prilux prilux-prilux_ico-numero-led\"><\/i>Nombre de led<\/p><\/div><\/td>\n            <td>300<\/td>\n          <\/tr><tr>\n            <td><div><p><i aria-hidden=\"true\" class=\"prilux prilux-prilux_ico-protocolo-regulacion-reprogramacion\"><\/i>Att\u00e9nuation<\/p><\/div><\/td>\n            <td>NON<\/td>\n          <\/tr>\n        <\/tbody>\n      <\/table>\n  <\/div><div>\n  <p class=\"blockName\">Dimensions et montage<\/p>\n      <table>\n        <tbody>\n        <tr>\n            <td><div><p><i aria-hidden=\"true\" class=\"prilux prilux-prilux_ico-resistencia-viento\"><\/i>R\u00e9sistance au vent<\/p><\/div><\/td>\n            <td>0,2m2<\/td>\n          <\/tr><tr>\n            <td><div><p><i aria-hidden=\"true\" class=\"prilux prilux-prilux_ico-peso\"><\/i>Poids<\/p><\/div><\/td>\n            <td>11.5Kg<\/td>\n          <\/tr><tr>\n            <td><div><p><i aria-hidden=\"true\" class=\"prilux prilux-prilux_ico-dimensiones\"><\/i>Dimensions<\/p><\/div><\/td>\n            <td>650x350x60mm<\/td>\n          <\/tr><tr>\n            <td><div><p><i aria-hidden=\"true\" class=\"prilux prilux-prilux_ico-posicion-montaje\"><\/i>Position de montage<\/p><\/div><\/td>\n            <td>Montaje en Lira<\/td>\n          <\/tr><tr>\n            <td><div><p><i aria-hidden=\"true\" class=\"prilux prilux-prilux_ico-emalmable\"><\/i>Empalmable<\/p><\/div><\/td>\n            <td>NON<\/td>\n          <\/tr>\n        <\/tbody>\n      <\/table>\n  <\/div><div>\n  <p class=\"blockName\">Donn\u00e9es optiques<\/p>\n      <table>\n        <tbody>\n        <tr>\n            <td><div><p><i aria-hidden=\"true\" class=\"prilux prilux-prilux_ico-cct\"><\/i>Temp\u00e9rature de coleur<\/p><\/div><\/td>\n            <td>4000K<\/td>\n          <\/tr><tr>\n            <td><div><p><i aria-hidden=\"true\" class=\"prilux prilux-prilux_ico-cri\"><\/i>CRI Indice de rendu des couleurs<\/p><\/div><\/td>\n            <td>70<\/td>\n          <\/tr><tr>\n            <td><div><p><i aria-hidden=\"true\" class=\"prilux prilux-prilux_ico-optica\"><\/i>Optique<\/p><\/div><\/td>\n            <td>S090I2P<\/td>\n          <\/tr>\n        <\/tbody>\n      <\/table>\n  <\/div><div>\n  <p class=\"blockName\">Logement et finition<\/p>\n      <table>\n        <tbody>\n        <tr>\n            <td><div><p><i aria-hidden=\"true\" class=\"prilux prilux-prilux_ico-ik-luminaria\"><\/i>IK Protection contre des impacts<\/p><\/div><\/td>\n            <td>IK09<\/td>\n          <\/tr><tr>\n            <td><div><p><i aria-hidden=\"true\" class=\"prilux prilux-prilux_ico-ip-luminaria\"><\/i>Indice d'\u00e9tanch\u00e9it\u00e9 IP<\/p><\/div><\/td>\n            <td>IP66<\/td>\n          <\/tr><tr>\n            <td><div><p><i aria-hidden=\"true\" class=\"prilux prilux-prilux_ico-color\"><\/i>Couleur du corps<\/p><\/div><\/td>\n            <td>9007<\/td>\n          <\/tr><tr>\n            <td><div><p><i aria-hidden=\"true\" class=\"prilux prilux-prilux_ico-cuerpo\"><\/i>Corps<\/p><\/div><\/td>\n            <td>AL iap<\/td>\n          <\/tr>\n        <\/tbody>\n      <\/table>\n  <\/div><div>\n  <p class=\"blockName\">Performance<\/p>\n      <table>\n        <tbody>\n        <tr>\n            <td><div><p><i aria-hidden=\"true\" class=\"prilux prilux-prilux_ico-flujo-luminoso-luminaria\"><\/i>Flux (lm)<\/p><\/div><\/td>\n            <td>32100lm<\/td>\n          <\/tr>\n        <\/tbody>\n      <\/table>\n  <\/div><div>\n  <p class=\"blockName\">Vie<\/p>\n      <table>\n        <tbody>\n        <tr>\n            <td><div><p><i aria-hidden=\"true\" class=\"prilux prilux-prilux_ico-vida-util\"><\/i>Heures de vie<\/p><\/div><\/td>\n            <td>L70B10>100.000h<\/td>\n          <\/tr>\n        <\/tbody>\n      <\/table>\n  <\/div><div>\n  <p class=\"blockName\">\u00c9tat de fonctionnement<\/p>\n      <table>\n        <tbody>\n        <tr>\n            <td><div><p><i aria-hidden=\"true\" class=\"prilux prilux-prilux_ico-temperatura-funcionamiento\"><\/i>Temp\u00e9rature de service<\/p><\/div><\/td>\n            <td>50<\/td>\n          <\/tr>\n        <\/tbody>\n      <\/table>\n  <\/div><div>\n  <p class=\"blockName\">Protections<\/p>\n      <table>\n        <tbody>\n        <tr>\n            <td><div><p><i aria-hidden=\"true\" class=\"prilux prilux-prilux_ico-proteccion-sobretensiones\"><\/i>Protection surfaces<\/p><\/div><\/td>\n            <td>NON<\/td>\n          <\/tr>\n        <\/tbody>\n      <\/table>\n  <\/div><div>\n  <p class=\"blockName\">Donn\u00e9es g\u00e9n\u00e9rales<\/p>\n      <table>\n        <tbody>\n        <tr>\n            <td><div><p><i aria-hidden=\"true\" class=\"prilux prilux-prilux_ico-clase-i\"><\/i>Isolation \u00e9lectrique<\/p><\/div><\/td>\n            <td>CCI<\/td>\n          <\/tr>\n        <\/tbody>\n      <\/table>\n  <\/div>\n  <\/div>","bloque_opticos":"<div class=\"tabla_detalle_caracteristicas\">\n            <div><img class=\"bloque_imagen\" src=\"http:\/\/d7rh5s3nxmpy4.cloudfront.net\/CMP1303\/origin\/image\/gr-avatar.jpg\" alt=\"Avatar\"><\/div>\n            <div class=\"\">\n  <div>\n  \n      <table>\n        <tbody>\n        <tr>\n            <td><div><p><i aria-hidden=\"true\" class=\"prilux prilux-prilux_ico-cct\"><\/i>Temp\u00e9rature de coleur<\/p><\/div><\/td>\n            <td>4000K<\/td>\n          <\/tr><tr>\n            <td><div><p><i aria-hidden=\"true\" class=\"prilux prilux-prilux_ico-cri\"><\/i>CRI Indice de rendu des couleurs<\/p><\/div><\/td>\n            <td>70<\/td>\n          <\/tr><tr>\n            <td><div><p><i aria-hidden=\"true\" class=\"prilux prilux-prilux_ico-optica\"><\/i>Optique<\/p><\/div><\/td>\n            <td>S090I2P<\/td>\n          <\/tr>\n        <\/tbody>\n      <\/table>\n  <\/div>\n  <\/div>\n            <\/div>","cf_potencia_w":"201","ficha_familia":"https:\/\/storage.googleapis.com\/prilux-web-fichas\/ft-NANTES_XL_fr.pdf","made_in_spain":"https:\/\/d7rh5s3nxmpy4.cloudfront.net\/CMP1303\/files\/4\/gs-made-in-spain.svg","imagen_psd":"","curva_fotometrica_ldt":"https:\/\/d7rh5s3nxmpy4.cloudfront.net\/CMP1303\/files\/3\/nantes_xl_play_300l_201w_740_s090i2p_vt-_520065.zip","cf_cct":"4000K","cf_flujo_luminoso":"32100","curva_fotometrica_ldt_familia":"https:\/\/d7rh5s3nxmpy4.cloudfront.net\/CMP1303\/files\/3\/nantes-xl.zip","accesorios_producto":"XPRIL00000515832","descarga_ficha_tecnica":"https:\/\/storage.googleapis.com\/prilux-web-fichas\/ft-520065-NANTES_XL_fr.pdf"},"_links":{"self":[{"href":"https:\/\/prilux.es\/fr\/wp-json\/wp\/v2\/product\/240150"}],"collection":[{"href":"https:\/\/prilux.es\/fr\/wp-json\/wp\/v2\/product"}],"about":[{"href":"https:\/\/prilux.es\/fr\/wp-json\/wp\/v2\/types\/product"}],"version-history":[{"count":0,"href":"https:\/\/prilux.es\/fr\/wp-json\/wp\/v2\/product\/240150\/revisions"}],"wp:featuredmedia":[{"embeddable":true,"href":"https:\/\/prilux.es\/fr\/wp-json\/wp\/v2\/media\/50790"}],"wp:attachment":[{"href":"https:\/\/prilux.es\/fr\/wp-json\/wp\/v2\/media?parent=240150"}],"wp:term":[{"taxonomy":"product_cat","embeddable":true,"href":"https:\/\/prilux.es\/fr\/wp-json\/wp\/v2\/product_cat?post=240150"},{"taxonomy":"product_tag","embeddable":true,"href":"https:\/\/prilux.es\/fr\/wp-json\/wp\/v2\/product_tag?post=240150"},{"taxonomy":"familia","embeddable":true,"href":"https:\/\/prilux.es\/fr\/wp-json\/wp\/v2\/familia?post=240150"}],"curies":[{"name":"wp","href":"https:\/\/api.w.org\/{rel}","templated":true}]}}