{"id":248624,"date":"2021-10-25T14:12:01","date_gmt":"2021-10-25T13:12:01","guid":{"rendered":"https:\/\/www.web.prilux.cloud\/product\/agua-avant-abs-20w-750-ip68\/"},"modified":"2023-08-07T12:04:31","modified_gmt":"2023-08-07T11:04:31","slug":"agua-avant-abs-20w-750-ip68","status":"publish","type":"product","link":"https:\/\/prilux.es\/fr\/produit\/agua-avant-abs-20w-750-ip68\/","title":{"rendered":"AGUA AVANT ABS 20W 750 IP68"},"content":{"rendered":"<p>Le luminaire encastr\u00e9 submersible Agua Avant ABS 20W est un luminaire encastr\u00e9 de la gamme LED d\u00e9corative d&rsquo;ext\u00e9rieur Prilux. C&rsquo;est la solution optimale pour l&rsquo;\u00e9clairage de piscine. Efficace, efficace et r\u00e9sistant, Agua Avant ABS est un luminaire adapt\u00e9 \u00e0 la d\u00e9coration et \u00e0 l&rsquo;\u00e9clairage d&rsquo;espaces sous-marins, avec une profondeur maximale d&rsquo;installation de 2 m\u00e8tres, gr\u00e2ce \u00e0 son excellent niveau de protection IP68 et IK08. Il est encastr\u00e9, soit sur un mur vertical, soit sur le sol. Agua Avant ABS a un corps et un cadre en plastique ABS r\u00e9sistant, en blanc. L&rsquo;\u00e9quipement du transformateur, la quincaillerie en acier inoxydable et le bo\u00eetier d&rsquo;encastrement du luminaire sont en mat\u00e9riau thermoplastique. Il a une dur\u00e9e de vie utile de L70&gt; 50 000h. L&rsquo;installation d&rsquo;Agua Avant ABS permet des \u00e9conomies de consommation et une bonne luminosit\u00e9, puisque, avec sa source de lumi\u00e8re LED, il dispose d&rsquo;une puissance LED de 20W et d&rsquo;un flux lumineux LED de 2161 lumens \u00e0 1650mA d&rsquo;intensit\u00e9. \u00c9quip\u00e9 de lampes LED de 5000K et d&rsquo;une tonalit\u00e9 de lumi\u00e8re l\u00e9g\u00e8rement froide. Le downlight a un angle de faisceau de 100 \u00b0. Il offre la possibilit\u00e9 de changer la lampe avec la piscine pleine: au moyen d&rsquo;un c\u00e2ble enroul\u00e9 \u00e0 l&rsquo;int\u00e9rieur de la niche, la lampe peut \u00eatre retir\u00e9e de l&rsquo;eau et peut ainsi \u00eatre chang\u00e9e sans avoir besoin de vider la piscine. Ce downlight submersible a des dimensions de \u00f8280 x 130mm.<\/p>\n","protected":false},"excerpt":{"rendered":"<p>LED encastr\u00e9e submersible Agua Avant ABS, 20W de puissance. R\u00e9sistante et efficace, elle est id\u00e9ale pour l&rsquo;\u00e9clairage d\u00e9coratif de piscine.<\/p>\n","protected":false},"featured_media":52067,"template":"","meta":[],"product_cat":[15],"product_tag":[],"familia":[{"id":22390,"name":"AGUA AVANT","slug":"agua-avant-fr"}],"acf":[],"_links":{"self":[{"href":"https:\/\/prilux.es\/fr\/wp-json\/wp\/v2\/product\/248624"}],"collection":[{"href":"https:\/\/prilux.es\/fr\/wp-json\/wp\/v2\/product"}],"about":[{"href":"https:\/\/prilux.es\/fr\/wp-json\/wp\/v2\/types\/product"}],"version-history":[{"count":0,"href":"https:\/\/prilux.es\/fr\/wp-json\/wp\/v2\/product\/248624\/revisions"}],"wp:featuredmedia":[{"embeddable":true,"href":"https:\/\/prilux.es\/fr\/wp-json\/wp\/v2\/media\/52067"}],"wp:attachment":[{"href":"https:\/\/prilux.es\/fr\/wp-json\/wp\/v2\/media?parent=248624"}],"wp:term":[{"taxonomy":"product_cat","embeddable":true,"href":"https:\/\/prilux.es\/fr\/wp-json\/wp\/v2\/product_cat?post=248624"},{"taxonomy":"product_tag","embeddable":true,"href":"https:\/\/prilux.es\/fr\/wp-json\/wp\/v2\/product_tag?post=248624"},{"taxonomy":"familia","embeddable":true,"href":"https:\/\/prilux.es\/fr\/wp-json\/wp\/v2\/familia?post=248624"}],"curies":[{"name":"wp","href":"https:\/\/api.w.org\/{rel}","templated":true}]}}