{"id":248626,"date":"2021-10-25T14:12:02","date_gmt":"2021-10-25T13:12:02","guid":{"rendered":"https:\/\/www.web.prilux.cloud\/product\/agua-avant-abs-18w-rgb-on-off-ip68\/"},"modified":"2023-08-07T12:04:22","modified_gmt":"2023-08-07T11:04:22","slug":"agua-avant-abs-18w-rgb-on-off-ip68","status":"publish","type":"product","link":"https:\/\/prilux.es\/fr\/produit\/agua-avant-abs-18w-rgb-on-off-ip68\/","title":{"rendered":"AGUA AVANT ABS 18W RGB ON\/OFF IP68"},"content":{"rendered":"<p>Le luminaire encastr\u00e9 submersible Agua Avant ABS RGB 18W est un luminaire encastr\u00e9 de la gamme LED d\u00e9corative d&rsquo;ext\u00e9rieur Prilux. C&rsquo;est la solution optimale pour l&rsquo;\u00e9clairage de piscine. Efficace, efficace et r\u00e9sistant, Agua Avant ABS RGB est un luminaire adapt\u00e9 \u00e0 la d\u00e9coration et \u00e0 l&rsquo;\u00e9clairage d&rsquo;espaces sous-marins, avec une profondeur maximale d&rsquo;installation de 2 m\u00e8tres, gr\u00e2ce \u00e0 son excellent niveau de protection IP68 et IK08. Il est encastr\u00e9, soit sur un mur vertical, soit sur le sol. Agua Avant ABS RGB a un corps et un cadre en plastique ABS r\u00e9sistant, en blanc. \u00c9quipement avec transformateur, les vis sont en acier inoxydable et le bo\u00eetier d&rsquo;encastrement du luminaire est en mat\u00e9riau thermoplastique. \u00c9conomie de consommation, il a une dur\u00e9e de vie utile de L70&gt; 50 000h. L&rsquo;installation de l&rsquo;Agua Avant ABS RGB permet des \u00e9conomies de consommation et une bonne luminosit\u00e9, puisque, avec sa source de lumi\u00e8re LED, il dispose d&rsquo;une puissance LED de 18W \u00e0 une intensit\u00e9 de 1500mA. \u00c9quip\u00e9 de lampes LED RVB marche \/ arr\u00eat, qui fournissent un \u00e9clairage color\u00e9 personnalisable avec le contr\u00f4leur RVB. Le downlight a un angle de faisceau de 100 \u00b0. Il offre la possibilit\u00e9 de changer la lampe lorsque la piscine est pleine: au moyen d&rsquo;un c\u00e2ble enroul\u00e9 \u00e0 l&rsquo;int\u00e9rieur de la niche, la lampe peut \u00eatre retir\u00e9e de l&rsquo;eau et peut donc \u00eatre chang\u00e9e sans avoir \u00e0 vider la piscine. Ce downlight submersible a des dimensions de \u00f8280 x 130mm.<\/p>\n","protected":false},"excerpt":{"rendered":"<p>LED encastr\u00e9e submersible Water Avant ABS RGB, 18W de puissance. R\u00e9sistante et efficace, elle est id\u00e9ale pour l&rsquo;\u00e9clairage color\u00e9 RVB ON \/ OFF dans les piscines.<\/p>\n","protected":false},"featured_media":52067,"template":"","meta":[],"product_cat":[15],"product_tag":[],"familia":[{"id":22390,"name":"AGUA AVANT","slug":"agua-avant-fr"}],"acf":[],"_links":{"self":[{"href":"https:\/\/prilux.es\/fr\/wp-json\/wp\/v2\/product\/248626"}],"collection":[{"href":"https:\/\/prilux.es\/fr\/wp-json\/wp\/v2\/product"}],"about":[{"href":"https:\/\/prilux.es\/fr\/wp-json\/wp\/v2\/types\/product"}],"version-history":[{"count":0,"href":"https:\/\/prilux.es\/fr\/wp-json\/wp\/v2\/product\/248626\/revisions"}],"wp:featuredmedia":[{"embeddable":true,"href":"https:\/\/prilux.es\/fr\/wp-json\/wp\/v2\/media\/52067"}],"wp:attachment":[{"href":"https:\/\/prilux.es\/fr\/wp-json\/wp\/v2\/media?parent=248626"}],"wp:term":[{"taxonomy":"product_cat","embeddable":true,"href":"https:\/\/prilux.es\/fr\/wp-json\/wp\/v2\/product_cat?post=248626"},{"taxonomy":"product_tag","embeddable":true,"href":"https:\/\/prilux.es\/fr\/wp-json\/wp\/v2\/product_tag?post=248626"},{"taxonomy":"familia","embeddable":true,"href":"https:\/\/prilux.es\/fr\/wp-json\/wp\/v2\/familia?post=248626"}],"curies":[{"name":"wp","href":"https:\/\/api.w.org\/{rel}","templated":true}]}}