{"id":248755,"date":"2021-10-25T13:48:39","date_gmt":"2021-10-25T12:48:39","guid":{"rendered":"https:\/\/www.web.prilux.cloud\/product\/applique-led-anzio-20w-840-ip65-220v-bl-2\/"},"modified":"2026-01-20T10:07:34","modified_gmt":"2026-01-20T09:07:34","slug":"applique-led-anzio-20w-840-ip65-220v-bl","status":"publish","type":"product","link":"https:\/\/prilux.es\/fr\/produit\/applique-led-anzio-20w-840-ip65-220v-bl\/","title":{"rendered":"APPLIQUE LED ANZIO 20W 840 IP65 220V BL"},"content":{"rendered":"<p>L&rsquo;applique murale ANZIO LED, 20W, est un luminaire de la famille PRILUX GREEN LED. Efficace, performante et r\u00e9sistante, ANZIO LED est une applique murale d&rsquo;ext\u00e9rieur adapt\u00e9e \u00e0 l&rsquo;\u00e9clairage d&rsquo;espaces tels que terrasses, jardins ou parcs. Avec un excellent indice de protection IP65, il est adapt\u00e9 pour \u00eatre install\u00e9 \u00e0 l&rsquo;ext\u00e9rieur. Avec une temp\u00e9rature de travail allant de -10 \u00b0 C \u00e0 35 \u00b0 C. Il a \u00e9galement une longue dur\u00e9e de vie, L70&gt; 25 000h. Avec le pilote inclus. ANZIO LED, de forme circulaire, a un corps en polycarbonate blanc et un diffuseur en polycarbonate transparent. Faible consommation, il a une puissance de 20W \u00e0 230V une tension, avec un flux lumineux de 1728 lumens. L&rsquo;applique murale est \u00e9quip\u00e9e de lampes LED 4000K avec une temp\u00e9rature de couleur et un ton neutre. Dot\u00e9 de bonnes qualit\u00e9s d&rsquo;\u00e9clairage, il pr\u00e9sente un indice de rendu des couleurs Ra&gt; 80, ce qui assure une reproduction fid\u00e8le des couleurs des objets \u00e9clair\u00e9s. L&rsquo;angle d&rsquo;ouverture du faisceau lumineux est de 124 \u00b0. ANZIO LED mesure \u00f8221 x 72mm.<\/p>\n","protected":false},"excerpt":{"rendered":"<p>Appliquez ANZIO LED en blanc, puissance 20W, 4000K et un flux de 1728lm. Pour un \u00e9clairage \u00e9conome en \u00e9nergie dans les espaces ext\u00e9rieurs, tels que les jardins ou les terrasses.<\/p>\n","protected":false},"featured_media":2277266,"template":"","meta":[],"product_cat":[15],"product_tag":[],"familia":[{"id":22393,"name":"ANZIO","slug":"anzio-fr"}],"acf":[],"_links":{"self":[{"href":"https:\/\/prilux.es\/fr\/wp-json\/wp\/v2\/product\/248755"}],"collection":[{"href":"https:\/\/prilux.es\/fr\/wp-json\/wp\/v2\/product"}],"about":[{"href":"https:\/\/prilux.es\/fr\/wp-json\/wp\/v2\/types\/product"}],"version-history":[{"count":0,"href":"https:\/\/prilux.es\/fr\/wp-json\/wp\/v2\/product\/248755\/revisions"}],"wp:featuredmedia":[{"embeddable":true,"href":"https:\/\/prilux.es\/fr\/wp-json\/wp\/v2\/media\/2277266"}],"wp:attachment":[{"href":"https:\/\/prilux.es\/fr\/wp-json\/wp\/v2\/media?parent=248755"}],"wp:term":[{"taxonomy":"product_cat","embeddable":true,"href":"https:\/\/prilux.es\/fr\/wp-json\/wp\/v2\/product_cat?post=248755"},{"taxonomy":"product_tag","embeddable":true,"href":"https:\/\/prilux.es\/fr\/wp-json\/wp\/v2\/product_tag?post=248755"},{"taxonomy":"familia","embeddable":true,"href":"https:\/\/prilux.es\/fr\/wp-json\/wp\/v2\/familia?post=248755"}],"curies":[{"name":"wp","href":"https:\/\/api.w.org\/{rel}","templated":true}]}}