{"id":249229,"date":"2021-10-25T13:57:02","date_gmt":"2021-10-25T12:57:02","guid":{"rendered":"https:\/\/www.web.prilux.cloud\/product\/reglette-argos-led-2x1200mm-1ext-avec-polarite-2\/"},"modified":"2024-03-01T12:27:43","modified_gmt":"2024-03-01T11:27:43","slug":"reglette-argos-led-2x1200mm-1ext-avec-polarite","status":"publish","type":"product","link":"https:\/\/prilux.es\/fr\/produit\/reglette-argos-led-2x1200mm-1ext-avec-polarite\/","title":{"rendered":"REGLETTE ARGOS LED 2X1200MM 1EXT AVEC POLARIT\u00c9"},"content":{"rendered":"<p>Le ruban LED ARGOS est un luminaire basse consommation pour l&rsquo;\u00e9clairage int\u00e9rieur, de la famille PRILUX CABINET. Efficaces et performants, les lampes de cette bande \u00e0 \u00e9conomie d&rsquo;\u00e9nergie sont 2x ecTUBE LED de 1200 mm. Il fonctionne \u00e0 une tension de 230V AC. Ce luminaire se compose d&rsquo;une bande 2x non polarit\u00e9 pour tube avec alimentation \u00e0 une extr\u00e9mit\u00e9 et avec l&rsquo;autre extr\u00e9mit\u00e9 pont\u00e9e. Sur demande, la connexion de tube aux deux extr\u00e9mit\u00e9s et la connexion \u00e0 une extr\u00e9mit\u00e9 sans polarit\u00e9 sont disponibles. La douille de la barrette est G13. Avec corps en aluminium, en blanc. Adapt\u00e9e \u00e0 l&rsquo;\u00e9clairage int\u00e9rieur, la bande LED ARGOS a un indice de protection IP20. ARGOS LED a des dimensions de 1 225 x 50 x 72 mm.<\/p>\n","protected":false},"excerpt":{"rendered":"<p>Bande LED ARGOS blanche, douille G13 pour 2 lampes ecTUBE LED 1200mm pour \u00e9clairage int\u00e9rieur.<\/p>\n","protected":false},"featured_media":51691,"template":"","meta":[],"product_cat":[15],"product_tag":[],"familia":[{"id":22397,"name":"ARGOS LED","slug":"argos-led-fr"}],"acf":[],"_links":{"self":[{"href":"https:\/\/prilux.es\/fr\/wp-json\/wp\/v2\/product\/249229"}],"collection":[{"href":"https:\/\/prilux.es\/fr\/wp-json\/wp\/v2\/product"}],"about":[{"href":"https:\/\/prilux.es\/fr\/wp-json\/wp\/v2\/types\/product"}],"version-history":[{"count":0,"href":"https:\/\/prilux.es\/fr\/wp-json\/wp\/v2\/product\/249229\/revisions"}],"wp:featuredmedia":[{"embeddable":true,"href":"https:\/\/prilux.es\/fr\/wp-json\/wp\/v2\/media\/51691"}],"wp:attachment":[{"href":"https:\/\/prilux.es\/fr\/wp-json\/wp\/v2\/media?parent=249229"}],"wp:term":[{"taxonomy":"product_cat","embeddable":true,"href":"https:\/\/prilux.es\/fr\/wp-json\/wp\/v2\/product_cat?post=249229"},{"taxonomy":"product_tag","embeddable":true,"href":"https:\/\/prilux.es\/fr\/wp-json\/wp\/v2\/product_tag?post=249229"},{"taxonomy":"familia","embeddable":true,"href":"https:\/\/prilux.es\/fr\/wp-json\/wp\/v2\/familia?post=249229"}],"curies":[{"name":"wp","href":"https:\/\/api.w.org\/{rel}","templated":true}]}}