{"id":249232,"date":"2021-10-25T13:56:57","date_gmt":"2021-10-25T12:56:57","guid":{"rendered":"https:\/\/www.web.prilux.cloud\/product\/reglette-argos-led-1x600mm-1ext-avec-polarite-2\/"},"modified":"2024-03-01T12:27:43","modified_gmt":"2024-03-01T11:27:43","slug":"reglette-argos-led-1x600mm-1ext-avec-polarite","status":"publish","type":"product","link":"https:\/\/prilux.es\/fr\/produit\/reglette-argos-led-1x600mm-1ext-avec-polarite\/","title":{"rendered":"REGLETTE ARGOS LED 1X600MM 1EXT AVEC POLARIT\u00c9"},"content":{"rendered":"<p>Le ruban LED ARGOS est un luminaire basse consommation pour l&rsquo;\u00e9clairage int\u00e9rieur, de la famille PRILUX CABINET. Efficace et efficace, la lampe de cette bande \u00e0 \u00e9conomie d&rsquo;\u00e9nergie est 1x ecTUBE LED 600mm. Il fonctionne \u00e0 une tension de 230V AC. Ce luminaire se compose d&rsquo;une bande sans polarit\u00e9 1x pour un tube avec alimentation \u00e0 une extr\u00e9mit\u00e9 et avec l&rsquo;autre extr\u00e9mit\u00e9 pont\u00e9e. Sur demande, la connexion de tube aux deux extr\u00e9mit\u00e9s et la connexion \u00e0 une extr\u00e9mit\u00e9 sans polarit\u00e9 sont disponibles. La douille de la barrette est G13. Avec corps en aluminium, en blanc. Adapt\u00e9e \u00e0 l&rsquo;\u00e9clairage int\u00e9rieur, la bande LED ARGOS a un indice de protection IP20. ARGOS LED a des dimensions de 615 x 50 x 67 mm.<\/p>\n","protected":false},"excerpt":{"rendered":"<p>Bande LED ARGOS blanche, douille G13 pour lampe LED ecTUBE 600mm pour \u00e9clairage int\u00e9rieur.<\/p>\n","protected":false},"featured_media":51458,"template":"","meta":[],"product_cat":[15],"product_tag":[],"familia":[{"id":22397,"name":"ARGOS LED","slug":"argos-led-fr"}],"acf":[],"_links":{"self":[{"href":"https:\/\/prilux.es\/fr\/wp-json\/wp\/v2\/product\/249232"}],"collection":[{"href":"https:\/\/prilux.es\/fr\/wp-json\/wp\/v2\/product"}],"about":[{"href":"https:\/\/prilux.es\/fr\/wp-json\/wp\/v2\/types\/product"}],"version-history":[{"count":0,"href":"https:\/\/prilux.es\/fr\/wp-json\/wp\/v2\/product\/249232\/revisions"}],"wp:featuredmedia":[{"embeddable":true,"href":"https:\/\/prilux.es\/fr\/wp-json\/wp\/v2\/media\/51458"}],"wp:attachment":[{"href":"https:\/\/prilux.es\/fr\/wp-json\/wp\/v2\/media?parent=249232"}],"wp:term":[{"taxonomy":"product_cat","embeddable":true,"href":"https:\/\/prilux.es\/fr\/wp-json\/wp\/v2\/product_cat?post=249232"},{"taxonomy":"product_tag","embeddable":true,"href":"https:\/\/prilux.es\/fr\/wp-json\/wp\/v2\/product_tag?post=249232"},{"taxonomy":"familia","embeddable":true,"href":"https:\/\/prilux.es\/fr\/wp-json\/wp\/v2\/familia?post=249232"}],"curies":[{"name":"wp","href":"https:\/\/api.w.org\/{rel}","templated":true}]}}