{"id":267787,"date":"2022-08-25T14:22:01","date_gmt":"2022-08-25T13:22:01","guid":{"rendered":"https:\/\/www.web.prilux.cloud\/product\/transformador-300w-12vac-ip65\/"},"modified":"2022-12-22T16:42:26","modified_gmt":"2022-12-22T15:42:26","slug":"transformador-300w-12vac-ip65","status":"publish","type":"product","link":"https:\/\/prilux.es\/fr\/produit\/transformador-300w-12vac-ip65\/","title":{"rendered":"TRANSFORMADOR 300W 12VAC IP65"},"content":{"rendered":"<p>Transformador electr\u00f3nico de m\u00e1ximo de 300W y 12V AC. Cuenta con el \u00edndice de protecci\u00f3n IP65. Apto para su uso como accesorio de l\u00e1mparas de la gama LED de Prilux.<\/p>\n","protected":false},"excerpt":{"rendered":"<p>Transformador electr\u00f3nico de m\u00e1ximo de 300W y 12V AC para l\u00e1mparas LED, con IP65.<\/p>\n","protected":false},"featured_media":266952,"template":"","meta":[],"product_cat":[6124],"product_tag":[],"familia":[],"acf":[],"_links":{"self":[{"href":"https:\/\/prilux.es\/fr\/wp-json\/wp\/v2\/product\/267787"}],"collection":[{"href":"https:\/\/prilux.es\/fr\/wp-json\/wp\/v2\/product"}],"about":[{"href":"https:\/\/prilux.es\/fr\/wp-json\/wp\/v2\/types\/product"}],"version-history":[{"count":0,"href":"https:\/\/prilux.es\/fr\/wp-json\/wp\/v2\/product\/267787\/revisions"}],"wp:featuredmedia":[{"embeddable":true,"href":"https:\/\/prilux.es\/fr\/wp-json\/wp\/v2\/media\/266952"}],"wp:attachment":[{"href":"https:\/\/prilux.es\/fr\/wp-json\/wp\/v2\/media?parent=267787"}],"wp:term":[{"taxonomy":"product_cat","embeddable":true,"href":"https:\/\/prilux.es\/fr\/wp-json\/wp\/v2\/product_cat?post=267787"},{"taxonomy":"product_tag","embeddable":true,"href":"https:\/\/prilux.es\/fr\/wp-json\/wp\/v2\/product_tag?post=267787"},{"taxonomy":"familia","embeddable":true,"href":"https:\/\/prilux.es\/fr\/wp-json\/wp\/v2\/familia?post=267787"}],"curies":[{"name":"wp","href":"https:\/\/api.w.org\/{rel}","templated":true}]}}