{"id":599886,"date":"2023-08-02T12:08:59","date_gmt":"2023-08-02T11:08:59","guid":{"rendered":"https:\/\/www.prilux.es\/product\/kentau-avant-cl-9w-840-125mm-220-240v-blanco\/"},"modified":"2023-08-07T10:01:54","modified_gmt":"2023-08-07T09:01:54","slug":"kentau-avant-cl-9w-840-125mm-220-240v-blanco","status":"publish","type":"product","link":"https:\/\/prilux.es\/fr\/produit\/kentau-avant-cl-9w-840-125mm-220-240v-blanco\/","title":{"rendered":"KENTAU AVANT CL 9W 840 125MM 220-240V BLANCO"},"content":{"rendered":"<p>Downlight LED KENTAU AVANT CL 9W de la famille PRILUX. KENTAU CL est un downlight basse consommation au design simple, pur, \u00e9l\u00e9gant et compact. Son installation est ais\u00e9e, gr\u00e2ce \u00e0 sa technologie CELLTECH, qui simplifie grandement l&rsquo;installation du driver. La possibilit\u00e9 de choisir entre ses 4 tailles, ses 2 temp\u00e9ratures de couleur, sa forme carr\u00e9e ou circulaire et son installation encastr\u00e9e ou en surface font de ce Downlight le plus polyvalent et attractif du march\u00e9. Le pilote est \u00e9galement amovible et interchangeable. Le support KENTAU AVANT CL LED est encastr\u00e9, bien qu&rsquo;il puisse \u00e9galement \u00eatre install\u00e9 en surface, \u00e0 l&rsquo;aide d&rsquo;un accessoire. Le downlight LED KENTAU AVANT CL, de forme carr\u00e9e, a un corps en aluminium et un diffuseur en polycarbonate, et est blanc. Adapt\u00e9 \u00e0 l&rsquo;\u00e9clairage int\u00e9rieur, le luminaire a un indice de protection IP20, bien qu&rsquo;il soit IP44 une fois le downlight install\u00e9. La dur\u00e9e de vie utile de la LED KENTAU CL est L70&gt; 50 000h. Faible consommation, ce downlight a une puissance de 9W et un flux lumineux de 950 lumens, sous une tension de 230V AC. Le downlight est \u00e9quip\u00e9 de lampes LED avec une temp\u00e9rature de couleur de 4000K et une tonalit\u00e9 de lumi\u00e8re chaude. Dot\u00e9 de bonnes qualit\u00e9s lumineuses, il pr\u00e9sente un indice de rendu des couleurs Ra&gt; 80, ce qui assure une reproduction fid\u00e8le des couleurs des objets \u00e9clair\u00e9s.<\/p>\n","protected":false},"excerpt":{"rendered":"<p>Downlight LED KENTAU AVANT 9W, 230V AC, d\u00e9bit 950lm et 4000K, forme carr\u00e9e et blanc. Facile \u00e0 installer, montage polyvalent et technologie CellTech.<\/p>\n","protected":false},"featured_media":603103,"template":"","meta":[],"product_cat":[15],"product_tag":[],"familia":[{"id":22481,"name":"KENTAU","slug":"kentau-fr"}],"acf":{"codigo_corto_maestro":"629324","manual":"https:\/\/d7rh5s3nxmpy4.cloudfront.net\/CMP1303\/files\/1\/m-kentau-avant.pdf","descarga_ficha_tecnica":"https:\/\/storage.googleapis.com\/prilux-web-fichas\/ft-629324-KENTAU_AVANT_CL_fr.pdf","dc_eu":"https:\/\/d7rh5s3nxmpy4.cloudfront.net\/CMP1303\/files\/dc-ue-kentau-avant.pdf","grafico":"https:\/\/d7rh5s3nxmpy4.cloudfront.net\/CMP1303\/1\/gr-kentau-avant-cl-9w.png","video":"","url_imagen_alta":"","bajo_pedido":"Kit de emergencia 2h","soluciones":"Pack BLUETOOTH","descripcion_bc3_auto":"","bloque_aplicaciones":"<div class=\"bloque_aplicaciones\">\n        <div><img class=\"bloque_imagen\" src=\"http:\/\/d7rh5s3nxmpy4.cloudfront.net\/CMP1303\/files\/gs-ico-hogar.svg\" alt=\"Hogar\">\n                        <p>Accueil<\/p>\n                        \n                    <\/div><div><img class=\"bloque_imagen\" src=\"http:\/\/d7rh5s3nxmpy4.cloudfront.net\/CMP1303\/files\/gs-ico-hoteles.svg\" alt=\"Hoteles\">\n                        <p>H\u00f4tels<\/p>\n                        \n                    <\/div><div><img class=\"bloque_imagen\" src=\"http:\/\/d7rh5s3nxmpy4.cloudfront.net\/CMP1303\/files\/gs-ico-restaurantes.svg\" alt=\"Restaurantes\">\n                        <p>Restaurants<\/p>\n                        \n                    <\/div><div><img class=\"bloque_imagen\" src=\"http:\/\/d7rh5s3nxmpy4.cloudfront.net\/CMP1303\/files\/gs-ico-retail.svg\" alt=\"Retail\">\n                        <p>Vente au d\u00e9tail<\/p>\n                        \n                    <\/div><div><img class=\"bloque_imagen\" src=\"http:\/\/d7rh5s3nxmpy4.cloudfront.net\/CMP1303\/files\/gs-ico-despachos.svg\" alt=\"Despachos\">\n                        <p>Bureaux<\/p>\n                        \n                    <\/div><div><img class=\"bloque_imagen\" src=\"http:\/\/d7rh5s3nxmpy4.cloudfront.net\/CMP1303\/files\/gs-ico-aulas.svg\" alt=\"Aulas\">\n                        <p>Salles de classe<\/p>\n                        \n                    <\/div><div><img class=\"bloque_imagen\" src=\"http:\/\/d7rh5s3nxmpy4.cloudfront.net\/CMP1303\/files\/gs-ico-halls.svg\" alt=\"Halls\">\n                        <p>Halls<\/p>\n                        \n                    <\/div>\n        <\/div>","bloque_dimensiones":"<div class=\"tabla_montaje\">\n                    <div>\n                        <p class=\"blockName\">Dimensions et montage<\/p>\n                        <div class=\"\">\n  <div>\n  \n      <table>\n        <tbody>\n        <tr>\n            <td><div><p><i aria-hidden=\"true\" class=\"prilux prilux-prilux_ico-dimensiones\"><\/i>Dimensions<\/p><\/div><\/td>\n            <td>125X50mm<\/td>\n          <\/tr><tr>\n            <td><div><p><i aria-hidden=\"true\" class=\"prilux prilux-prilux_ico-emalmable\"><\/i>Empalmable<\/p><\/div><\/td>\n            <td>NON<\/td>\n          <\/tr><tr>\n            <td><div><p><i aria-hidden=\"true\" class=\"prilux prilux-prilux_ico-iluminacion-directa-indirecta\"><\/i>\u00c9clairage<\/p><\/div><\/td>\n            <td>Directa<\/td>\n          <\/tr>\n        <\/tbody>\n      <\/table>\n  <\/div>\n  <\/div>\n                    <\/div>\n                    <div class=\"tabla_montaje_imgs\">\n                        <img src=\"https:\/\/d7rh5s3nxmpy4.cloudfront.net\/CMP1303\/files\/gr-kentau-avant-cl-9w.svg\" alt=\"Avatar\">\n                        \n                    <\/div>\n                <\/div>","tabla_caracteristicas":"<div class=\"tabla_caracteristicas\">\n  <table>\n  <thead>\n    <tr>\n    <th><i aria-hidden=\"true\" class=\"prilux prilux-prilux_ico-codigo\"><\/i><\/th><th><i aria-hidden=\"true\" class=\"prilux prilux-prilux_ico-potencia\"><\/i><\/th><th><i aria-hidden=\"true\" class=\"prilux prilux-prilux_ico-cct\"><\/i><\/th><th><i aria-hidden=\"true\" class=\"prilux prilux-prilux_ico-color\"><\/i><\/th><th><i aria-hidden=\"true\" class=\"prilux prilux-prilux_ico-corte\"><\/i><\/th><th><i aria-hidden=\"true\" class=\"prilux prilux-prilux_ico-dimensiones\"><\/i><\/th><th><i aria-hidden=\"true\" class=\"prilux prilux-prilux_ico-protocolo-regulacion-reprogramacion\"><\/i><\/th>\n    <\/tr>\n  <\/thead>\n  <tbody>\n    <tr>\n    <td>629324<\/td><td>6<\/td><td>4.000K<\/td><td>Blanco<\/td><td>105<\/td><td>125X50<\/td><td>NON<\/td>\n    <\/tr>\n  <\/tbody>\n  <\/table>\n  <div\/>","tabla_descargas":"<div class=\"tabla_descargas\">\n        <div class=\"tabla_descargas_img\">\n        <img src=\"https:\/\/d7rh5s3nxmpy4.cloudfront.net\/CMP1303\/1\/prilux-kentau-avant-cl-9w.png\" \/>\n        <\/div>\n        <div class=\"tabla_descargas_table\">\n          <table>\n          <tbody><tr>\n            <td><img src=\"https:\/\/www.prilux.es\/wp-content\/uploads\/2021\/12\/icono-catalogo-1.svg\"\/><p>Code SKU<\/p><\/td>\n            <td>629324<\/td>\n          <\/tr><tr>\n            <td><img src=\"https:\/\/www.prilux.es\/wp-content\/uploads\/2021\/12\/icono-catalogo-1.svg\"\/><p>Fiche technique SKU<\/p><\/td>\n            <td><a title=\"Ficha t\u00e9cnica\" href=\"https:\/\/storage.googleapis.com\/prilux-web-fichas\/ft-629324-KENTAU_AVANT_CL_fr.pdf\" class=\"DownloadButton\" target=\"_blank\" rel=\"noopener noreferrer\"><span>T\u00c9L\u00c9CHARGER<\/span><i aria-hidden=\"true\" class=\"far fa-arrow-alt-circle-down\"><\/a><\/td>\n          <\/tr><tr>\n            <td><img src=\"https:\/\/www.prilux.es\/wp-content\/uploads\/2021\/12\/icono-catalogo-1.svg\"\/><p>D\u00e9claration de conformit\u00e9<\/p><\/td>\n            <td><a title=\"Declaraci\u00f3n de conformidad\" href=\"https:\/\/d7rh5s3nxmpy4.cloudfront.net\/CMP1303\/files\/dc-ue-kentau-avant.pdf\" class=\"DownloadButton\" target=\"_blank\" rel=\"noopener noreferrer\"><span>T\u00c9L\u00c9CHARGER<\/span><i aria-hidden=\"true\" class=\"far fa-arrow-alt-circle-down\"><\/a><\/td>\n          <\/tr><tr>\n            <td><img src=\"https:\/\/www.prilux.es\/wp-content\/uploads\/2021\/12\/icono-catalogo-1.svg\"\/><p>Instructions d\u2019installation<\/p><\/td>\n            <td><a title=\"Manual\" href=\"https:\/\/d7rh5s3nxmpy4.cloudfront.net\/CMP1303\/files\/1\/m-kentau-avant.pdf\" class=\"DownloadButton\" target=\"_blank\" rel=\"noopener noreferrer\"><span>T\u00c9L\u00c9CHARGER<\/span><i aria-hidden=\"true\" class=\"far fa-arrow-alt-circle-down\"><\/a><\/td>\n          <\/tr><tr>\n          <td><img src=\"https:\/\/www.prilux.es\/wp-content\/uploads\/2021\/12\/icono-catalogo-1.svg\"\/><p>Graphique CAD<\/p><\/td>\n          <td><a title=\"Gr\u00e1fico CAD\" href=\"https:\/\/d7rh5s3nxmpy4.cloudfront.net\/CMP1303\/1\/gr-kentau-avant-cl-9w.png\" class=\"DownloadButton\" target=\"_blank\" rel=\"noopener noreferrer\"><span>T\u00c9L\u00c9CHARGER<\/span><i aria-hidden=\"true\" class=\"far fa-arrow-alt-circle-down\"><\/a><\/td>\n        <\/tr>\n          <\/tbody>\n          <\/table>\n        <\/div>\n        <\/div>\n        ","tabla_detalle_caracteristicas":"<div class=\"tabla_detalle_caracteristicas\">\n  <div>\n  <p class=\"blockName\">Donn\u00e9es \u00e9lectriques<\/p>\n      <table>\n        <tbody>\n        <tr>\n            <td><div><p><i aria-hidden=\"true\" class=\"prilux prilux-prilux_ico--tension\"><\/i>Tension D`Alimentation (V)<\/p><\/div><\/td>\n            <td>220-240V<\/td>\n          <\/tr><tr>\n            <td><div><p><i aria-hidden=\"true\" class=\"prilux prilux-prilux_ico-frecuencia-segemnto\"><\/i>Fr\u00e9quence (Hz)<\/p><\/div><\/td>\n            <td>50-60Hz<\/td>\n          <\/tr><tr>\n            <td><div><p><i aria-hidden=\"true\" class=\"prilux prilux-prilux_ico-factor-potencia\"><\/i>Facteur de puissance (Cos fi)<\/p><\/div><\/td>\n            <td>>0,9<\/td>\n          <\/tr><tr>\n            <td><div><p><i aria-hidden=\"true\" class=\"prilux prilux-prilux_ico-protocolo-regulacion-reprogramacion\"><\/i>Att\u00e9nuation<\/p><\/div><\/td>\n            <td>NON<\/td>\n          <\/tr>\n        <\/tbody>\n      <\/table>\n  <\/div><div>\n  <p class=\"blockName\">Dimensions et montage<\/p>\n      <table>\n        <tbody>\n        <tr>\n            <td><div><p><i aria-hidden=\"true\" class=\"prilux prilux-prilux_ico-dimensiones\"><\/i>Dimensions<\/p><\/div><\/td>\n            <td>125X50mm<\/td>\n          <\/tr><tr>\n            <td><div><p><i aria-hidden=\"true\" class=\"prilux prilux-prilux_ico-emalmable\"><\/i>Empalmable<\/p><\/div><\/td>\n            <td>NON<\/td>\n          <\/tr><tr>\n            <td><div><p><i aria-hidden=\"true\" class=\"prilux prilux-prilux_ico-iluminacion-directa-indirecta\"><\/i>\u00c9clairage<\/p><\/div><\/td>\n            <td>Directa<\/td>\n          <\/tr>\n        <\/tbody>\n      <\/table>\n  <\/div><div>\n  <p class=\"blockName\">Donn\u00e9es optiques<\/p>\n      <table>\n        <tbody>\n        <tr>\n            <td><div><p><i aria-hidden=\"true\" class=\"prilux prilux-prilux_ico-cct\"><\/i>Temp\u00e9rature de coleur<\/p><\/div><\/td>\n            <td>4.000K<\/td>\n          <\/tr><tr>\n            <td><div><p><i aria-hidden=\"true\" class=\"prilux prilux-prilux_ico-cri\"><\/i>CRI Indice de rendu des couleurs<\/p><\/div><\/td>\n            <td>>80<\/td>\n          <\/tr><tr>\n            <td><div><p><i aria-hidden=\"true\" class=\"prilux prilux-prilux_ico-angulo-apertura\"><\/i>Angle d'ouverture<\/p><\/div><\/td>\n            <td>120<\/td>\n          <\/tr>\n        <\/tbody>\n      <\/table>\n  <\/div><div>\n  <p class=\"blockName\">Logement et finition<\/p>\n      <table>\n        <tbody>\n        <tr>\n            <td><div><p><i aria-hidden=\"true\" class=\"prilux prilux-prilux_ico-ip-luminaria\"><\/i>Indice d'\u00e9tanch\u00e9it\u00e9 IP<\/p><\/div><\/td>\n            <td>IP20<\/td>\n          <\/tr><tr>\n            <td><div><p><i aria-hidden=\"true\" class=\"prilux prilux-prilux_ico-ip-instalado\"><\/i>Intensit\u00e9 (A)<\/p><\/div><\/td>\n            <td>44<\/td>\n          <\/tr><tr>\n            <td><div><p><i aria-hidden=\"true\" class=\"prilux prilux-prilux_ico-color\"><\/i>Couleur du corps<\/p><\/div><\/td>\n            <td>Blanc<\/td>\n          <\/tr><tr>\n            <td><div><p><i aria-hidden=\"true\" class=\"prilux prilux-prilux_ico-cuerpo\"><\/i>Corps<\/p><\/div><\/td>\n            <td>PC<\/td>\n          <\/tr>\n        <\/tbody>\n      <\/table>\n  <\/div><div>\n  <p class=\"blockName\">Performance<\/p>\n      <table>\n        <tbody>\n        <tr>\n            <td><div><p><i aria-hidden=\"true\" class=\"prilux prilux-prilux_ico-flujo-luminoso-luminaria\"><\/i>Flux (lm)<\/p><\/div><\/td>\n            <td>660lm<\/td>\n          <\/tr>\n        <\/tbody>\n      <\/table>\n  <\/div><div>\n  <p class=\"blockName\">Vie<\/p>\n      <table>\n        <tbody>\n        <tr>\n            <td><div><p><i aria-hidden=\"true\" class=\"prilux prilux-prilux_ico-vida-util\"><\/i>Heures de vie<\/p><\/div><\/td>\n            <td>(L70B50>) 50.000h<\/td>\n          <\/tr>\n        <\/tbody>\n      <\/table>\n  <\/div><div>\n  <p class=\"blockName\">Protections<\/p>\n      <table>\n        <tbody>\n        <tr>\n            <td><div><p><i aria-hidden=\"true\" class=\"prilux prilux-prilux_ico-proteccion-sobretensiones\"><\/i>Protection surfaces<\/p><\/div><\/td>\n            <td>NON<\/td>\n          <\/tr>\n        <\/tbody>\n      <\/table>\n  <\/div><div>\n  <p class=\"blockName\">Donn\u00e9es g\u00e9n\u00e9rales<\/p>\n      <table>\n        <tbody>\n        <tr>\n            <td><div><p><i aria-hidden=\"true\" class=\"prilux prilux-prilux_ico-clase-ii\"><\/i>Isolation \u00e9lectrique<\/p><\/div><\/td>\n            <td>CII<\/td>\n          <\/tr>\n        <\/tbody>\n      <\/table>\n  <\/div>\n  <\/div>","bloque_opticos":"<div class=\"tabla_detalle_caracteristicas\">\n            <div><img class=\"bloque_imagen\" src=\"http:\/\/d7rh5s3nxmpy4.cloudfront.net\/CMP1303\/origin\/image\/gr-avatar.jpg\" alt=\"Avatar\"><\/div>\n            <div class=\"\">\n  <div>\n  \n      <table>\n        <tbody>\n        <tr>\n            <td><div><p><i aria-hidden=\"true\" class=\"prilux prilux-prilux_ico-cct\"><\/i>Temp\u00e9rature de coleur<\/p><\/div><\/td>\n            <td>4.000K<\/td>\n          <\/tr><tr>\n            <td><div><p><i aria-hidden=\"true\" class=\"prilux prilux-prilux_ico-cri\"><\/i>CRI Indice de rendu des couleurs<\/p><\/div><\/td>\n            <td>>80<\/td>\n          <\/tr><tr>\n            <td><div><p><i aria-hidden=\"true\" class=\"prilux prilux-prilux_ico-angulo-apertura\"><\/i>Angle d'ouverture<\/p><\/div><\/td>\n            <td>120<\/td>\n          <\/tr>\n        <\/tbody>\n      <\/table>\n  <\/div>\n  <\/div>\n            <\/div>","cf_potencia_w":"","cf_flujo_luminoso":"660","cf_cct":"4.000K","accesorios_producto":"PPRIL00000600811,PPRIL00000629041","bloque_bajo_pedido":"<div class=\"bloque-bajo-pedido\"><div class=\"bloque-bajo-pedido-grupo\">\n                  <div class=\"bloque-bajo-pedido-grupo-img\">\n                    <img src=\"https:\/\/www.prilux.es\/wp-content\/uploads\/2023\/05\/prilux_ico-configuracion.png\"\/>\n                  <\/div>\n                  <div class=\"bloque-bajo-pedido-grupo-p\">\n                    <p>Kit d\u2019urgence 2h<\/p>\n                  <\/div>\n                <\/div> <div class=\"bloque-bajo-pedido-grupo\">\n                  <div class=\"bloque-bajo-pedido-grupo-img\">\n                    <img src=\"https:\/\/www.prilux.es\/wp-content\/uploads\/2023\/05\/prilux_ico-regulable.png\"\/>\n                  <\/div>\n                  <div class=\"bloque-bajo-pedido-grupo-p\">\n                    <p>Dali<\/p>\n                  <\/div>\n                <\/div><\/div>","imagen_psd":"","curva_fotometrica_ldt":"","curva_fotometrica_ldt_familia":""},"_links":{"self":[{"href":"https:\/\/prilux.es\/fr\/wp-json\/wp\/v2\/product\/599886"}],"collection":[{"href":"https:\/\/prilux.es\/fr\/wp-json\/wp\/v2\/product"}],"about":[{"href":"https:\/\/prilux.es\/fr\/wp-json\/wp\/v2\/types\/product"}],"version-history":[{"count":0,"href":"https:\/\/prilux.es\/fr\/wp-json\/wp\/v2\/product\/599886\/revisions"}],"wp:featuredmedia":[{"embeddable":true,"href":"https:\/\/prilux.es\/fr\/wp-json\/wp\/v2\/media\/603103"}],"wp:attachment":[{"href":"https:\/\/prilux.es\/fr\/wp-json\/wp\/v2\/media?parent=599886"}],"wp:term":[{"taxonomy":"product_cat","embeddable":true,"href":"https:\/\/prilux.es\/fr\/wp-json\/wp\/v2\/product_cat?post=599886"},{"taxonomy":"product_tag","embeddable":true,"href":"https:\/\/prilux.es\/fr\/wp-json\/wp\/v2\/product_tag?post=599886"},{"taxonomy":"familia","embeddable":true,"href":"https:\/\/prilux.es\/fr\/wp-json\/wp\/v2\/familia?post=599886"}],"curies":[{"name":"wp","href":"https:\/\/api.w.org\/{rel}","templated":true}]}}