{"id":1132257,"date":"2021-02-22T17:06:14","date_gmt":"2021-02-22T16:06:14","guid":{"rendered":"https:\/\/prilux.es\/politica-de-privacidade\/"},"modified":"2024-09-12T15:31:22","modified_gmt":"2024-09-12T14:31:22","slug":"politica-de-privacidade","status":"publish","type":"page","link":"https:\/\/prilux.es\/pt-pt\/politica-de-privacidade\/","title":{"rendered":"Pol\u00edtica de privacidade"},"content":{"rendered":"\t\t<div data-elementor-type=\"wp-page\" data-elementor-id=\"1132257\" class=\"elementor elementor-1132257 elementor-3\">\n\t\t\t\t\t\t\t\t\t<section class=\"elementor-section elementor-top-section elementor-element elementor-element-ea603ca elementor-section-boxed elementor-section-height-default elementor-section-height-default\" data-id=\"ea603ca\" data-element_type=\"section\">\n\t\t\t\t\t\t<div class=\"elementor-container elementor-column-gap-default\">\n\t\t\t\t\t<div class=\"elementor-column elementor-col-50 elementor-top-column elementor-element elementor-element-72aa62f\" data-id=\"72aa62f\" data-element_type=\"column\">\n\t\t\t<div class=\"elementor-widget-wrap elementor-element-populated\">\n\t\t\t\t\t\t\t\t<section class=\"elementor-section elementor-inner-section elementor-element elementor-element-2cef616 elementor-section-boxed elementor-section-height-default elementor-section-height-default\" data-id=\"2cef616\" data-element_type=\"section\" data-settings=\"{&quot;background_background&quot;:&quot;classic&quot;}\">\n\t\t\t\t\t\t<div class=\"elementor-container elementor-column-gap-default\">\n\t\t\t\t\t<div class=\"elementor-column elementor-col-100 elementor-inner-column elementor-element elementor-element-ec30a36\" data-id=\"ec30a36\" data-element_type=\"column\">\n\t\t\t<div class=\"elementor-widget-wrap elementor-element-populated\">\n\t\t\t\t\t\t\t\t<div class=\"elementor-element elementor-element-9b3a9cb elementor-widget elementor-widget-heading\" data-id=\"9b3a9cb\" data-element_type=\"widget\" data-widget_type=\"heading.default\">\n\t\t\t\t<div class=\"elementor-widget-container\">\n\t\t\t<h1 class=\"elementor-heading-title elementor-size-default\">Aviso legal<br>Pol\u00edtica de privacidade<\/h1>\t\t<\/div>\n\t\t\t\t<\/div>\n\t\t\t\t<div class=\"elementor-element elementor-element-07ac7ae elementor-widget-divider--view-line elementor-widget elementor-widget-divider\" data-id=\"07ac7ae\" data-element_type=\"widget\" data-widget_type=\"divider.default\">\n\t\t\t\t<div class=\"elementor-widget-container\">\n\t\t\t\t\t<div class=\"elementor-divider\">\n\t\t\t<span class=\"elementor-divider-separator\">\n\t\t\t\t\t\t<\/span>\n\t\t<\/div>\n\t\t\t\t<\/div>\n\t\t\t\t<\/div>\n\t\t\t\t\t<\/div>\n\t\t<\/div>\n\t\t\t\t\t\t\t<\/div>\n\t\t<\/section>\n\t\t\t\t\t<\/div>\n\t\t<\/div>\n\t\t\t\t<div class=\"elementor-column elementor-col-50 elementor-top-column elementor-element elementor-element-84a7603\" data-id=\"84a7603\" data-element_type=\"column\">\n\t\t\t<div class=\"elementor-widget-wrap elementor-element-populated\">\n\t\t\t\t\t\t\t\t<div class=\"elementor-element elementor-element-617c5e6 elementor-widget elementor-widget-text-editor\" data-id=\"617c5e6\" data-element_type=\"widget\" data-widget_type=\"text-editor.default\">\n\t\t\t\t<div class=\"elementor-widget-container\">\n\t\t\t\t\t\t\t<p><strong>AVISO LEGAL<\/strong><\/p>\n<p>\u00a9 www.prilux.es. Todos os direitos reservados. <\/p>\n<p>www.prilux.es. em cumprimento da Lei 34\/2002, de 11 de julho, de servi\u00e7os da sociedade da informa\u00e7\u00e3o e do com\u00e9rcio eletr\u00f3nico, informa que o propriet\u00e1rio do s\u00edtio Web \u00e9 PRILUX HOLDING SPAIN S.L.U. com o c\u00f3digo de identifica\u00e7\u00e3o fiscal B-79826764. <\/p>\n<p><strong><span style=\"color: #009fe3;\"><a style=\"color: #009fe3;\" href=\"https:\/\/prilux.es\/wp-content\/uploads\/2024\/04\/prilux-holding-2024-es.pdf\" target=\"_blank\" rel=\"noopener\">Ver empresas da Prilux Holding S.L.U.<\/a><\/span><\/strong><\/p>\n<p>A sua sede social situa-se na Calle R\u00edo Jarama 149, 45007 Toledo.<\/p>\n<p>Est\u00e1 inscrita no Registo Comercial de Madrid, Tomo 3.431 do Livro de Sociedades, F\u00f3lio 166, Folha M-58.044, Sec\u00e7\u00e3o 8, 1\u00aa inscri\u00e7\u00e3o, NIF: ESB-79826764.<\/p>\n<p>Pode contactar-nos atrav\u00e9s do formul\u00e1rio de contacto no nosso s\u00edtio Web: <a href=\"https:\/\/prilux.es\/pt-pt\/contacto-pt\/\">formul\u00e1rio de contacto.<\/a><\/p>\n<p><strong>PROTEC\u00c7\u00c3O DE DADOS<\/strong><\/p>\n<p>PRILUX HOLDING SPAIN S.L.U., em aplica\u00e7\u00e3o da normativa vigente em mat\u00e9ria de prote\u00e7\u00e3o de dados de car\u00e1cter pessoal, informa que os dados de car\u00e1cter pessoal recolhidos atrav\u00e9s dos formul\u00e1rios do site www.prilux.es ou por qualquer outro meio, s\u00e3o inclu\u00eddos no ficheiro de UTILIZADORES propriedade de PRILUX HOLDING SPAIN S.L.U.<\/p>\n<p>A finalidade da recolha e do tratamento automatizado dos dados pessoais \u00e9 a manuten\u00e7\u00e3o da rela\u00e7\u00e3o comercial e a realiza\u00e7\u00e3o de tarefas de informa\u00e7\u00e3o, forma\u00e7\u00e3o, assessoria, administra\u00e7\u00e3o, cumprimento contratual ou de servi\u00e7os e outras actividades da PRILUX HOLDING SPAIN S.L.U.<\/p>\n<p>A base legal para o processamento depende da rela\u00e7\u00e3o que estabeleceu com a PRILUX HOLDING SPAIN S.L.U.<\/p>\n<p>Se tiver consentido expressamente em receber not\u00edcias e informa\u00e7\u00f5es sobre produtos e servi\u00e7os da PRILUX HOLDING SPAIN S.L.U., a base legal para o tratamento \u00e9 o artigo 6.\u00ba, n.\u00ba 1, al\u00ednea a) do RGPD, o tratamento \u00e9 poss\u00edvel quando a pessoa em causa consentiu no tratamento de dados pessoais que lhe dizem respeito para uma ou mais finalidades espec\u00edficas.<\/p>\n<p>Se contratou os nossos servi\u00e7os ou adquiriu um dos nossos produtos, a base legal para o tratamento \u00e9 a al\u00ednea b) do n.\u00ba 1 do artigo 6.\u00ba do RGPD, o tratamento \u00e9 necess\u00e1rio para a execu\u00e7\u00e3o de um contrato no qual a pessoa em causa \u00e9 parte ou para a implementa\u00e7\u00e3o, a pedido da pessoa em causa, de medidas pr\u00e9-contratuais. Neste caso, \u00e9-lhe pedido que nos forne\u00e7a os dados pessoais necess\u00e1rios para a execu\u00e7\u00e3o dos servi\u00e7os. <\/p>\n<p>Se contactou a PRILUX HOLDING SPAIN S.L.U. para se candidatar a um emprego, a base legal para o tratamento \u00e9 o artigo 6.\u00ba, n.\u00ba 1, al\u00ednea b) do RGPD, o tratamento \u00e9 necess\u00e1rio para a execu\u00e7\u00e3o de um contrato no qual o titular dos dados \u00e9 parte, ou para a implementa\u00e7\u00e3o, a seu pedido, de medidas pr\u00e9-contratuais. Neste caso, \u00e9 igualmente necess\u00e1rio que nos forne\u00e7a os dados pessoais necess\u00e1rios para cumprir o regulamento no que respeita \u00e0 sele\u00e7\u00e3o e recrutamento de pessoal. <\/p>\n<p>Estes dados n\u00e3o ser\u00e3o transferidos para outras entidades sem o seu consentimento expresso, exceto se tal for exigido por lei.<\/p>\n<p>A PRILUX HOLDING SPAIN S.L.U. adopta as medidas necess\u00e1rias para garantir a seguran\u00e7a, a integridade e a confidencialidade dos dados em conformidade com as disposi\u00e7\u00f5es do Regulamento (UE) 2016\/679 do Parlamento Europeu e do Conselho, de 27 de abril de 2016 (doravante, o RGPD).<\/p>\n<p>Exercer os seus direitos<\/p>\n<p>O utilizador pode, a qualquer momento, exercer os direitos de acesso, retifica\u00e7\u00e3o, elimina\u00e7\u00e3o, portabilidade, oposi\u00e7\u00e3o ou limita\u00e7\u00e3o, revoga\u00e7\u00e3o do consentimento dado e reclama\u00e7\u00e3o, enviando um pedido por escrito para o endere\u00e7o C\/ R\u00edo Jarama 149, 45007 Toledo, identificando a sua identidade nos termos da lei.<\/p>\n<ul>\n<li>Acesso: Consulta dos dados pessoais detidos pela PRILUX HOLDING SPAIN S.L.U.<\/li>\n<li>Retifica\u00e7\u00e3o: Modificar os seus dados se estes tiverem sido alterados, estiverem incorrectos ou incompletos.<\/li>\n<li>Apagamento: Pedido de apagamento dos seus dados.<\/li>\n<li>Oposi\u00e7\u00e3o: Pedido para que os seus dados n\u00e3o sejam tratados.<\/li>\n<li>Limita\u00e7\u00e3o do tratamento: Solicitar que o tratamento dos seus dados seja limitado.<\/li>\n<\/ul>\n<p>Portabilidade: Receber os dados fornecidos por si em formato eletr\u00f3nico e os obtidos durante a rela\u00e7\u00e3o contratual com PRILUX HOLDING SPAIN S.L.U., bem como a sua transmiss\u00e3o a outra organiza\u00e7\u00e3o.<\/p>\n<p>Reclama\u00e7\u00f5es: Se considerar que, por qualquer motivo, a PRILUX HOLDING SPAIN S.L.U. n\u00e3o tratou corretamente os seus dados de acordo com a normativa vigente, pode apresentar uma reclama\u00e7\u00e3o dirigindo-se ao nosso endere\u00e7o social, atrav\u00e9s do formul\u00e1rio web ou \u00e0 Ag\u00eancia Espanhola de Prote\u00e7\u00e3o de Dados, na Calle Jorge Juan 6, C.P. 28001, Madrid, ou atrav\u00e9s do telefone 901 100 099.<\/p>\n<p>O utilizador pode opor-se livre e gratuitamente ao envio de comunica\u00e7\u00f5es comerciais atrav\u00e9s da liga\u00e7\u00e3o que aparece no rodap\u00e9 de cada comunica\u00e7\u00e3o, atrav\u00e9s do formul\u00e1rio de contacto do<a href=\"https:\/\/prilux.es\/pt-pt\"> s\u00edtio Web<\/a>, ou atrav\u00e9s de uma comunica\u00e7\u00e3o escrita dirigida a calle R\u00edo Jarama 149, 45007, Toledo.<\/p>\n<p>O utilizador declara que todos os dados fornecidos por ele s\u00e3o verdadeiros e corretos, e compromete-se a mant\u00ea-los actualizados, comunicando \u00e0 PRILUX HOLDING SPAIN S.L.U. qualquer altera\u00e7\u00e3o.<\/p>\n<p>PRILUX HOLDING SPAIN S.L.U. conservar\u00e1 os dados durante a dura\u00e7\u00e3o da rela\u00e7\u00e3o estabelecida e, posteriormente, durante cinco anos.<\/p>\n<p><strong>DADOS RECOLHIDOS PELOS UTILIZADORES DOS SERVI\u00c7OS<\/strong><\/p>\n<p>Nos casos em que o utilizador inclua ficheiros com dados pessoais nos servidores de alojamento partilhado, PRILUX HOLDING SPAIN S.L.U. n\u00e3o ser\u00e1 respons\u00e1vel pelo incumprimento da LOPD por parte do utilizador.<\/p>\n<p><strong>CONSERVA\u00c7\u00c3O DE DADOS EM CONFORMIDADE COM A LSSI<\/strong><\/p>\n<p>A PRILUX HOLDING SPAIN S.L.U. informa que, na qualidade de prestador de servi\u00e7os de alojamento de dados e em virtude do disposto na Lei 34\/2002, de 11 de julho, dos Servi\u00e7os da Sociedade da Informa\u00e7\u00e3o e do Com\u00e9rcio Eletr\u00f3nico (LSSI), conserva durante um per\u00edodo m\u00e1ximo de 12 meses as informa\u00e7\u00f5es necess\u00e1rias para identificar a origem dos dados alojados e o momento em que o servi\u00e7o foi iniciado. A conserva\u00e7\u00e3o destes dados n\u00e3o afecta o sigilo das comunica\u00e7\u00f5es e s\u00f3 pode ser utilizada no \u00e2mbito de uma investiga\u00e7\u00e3o criminal ou para salvaguarda da seguran\u00e7a p\u00fablica, sendo disponibilizada aos ju\u00edzes e\/ou tribunais ou ao Minist\u00e9rio que o requeira. A comunica\u00e7\u00e3o de dados \u00e0s For\u00e7as e Corpos do Estado ser\u00e1 feita de acordo com as disposi\u00e7\u00f5es dos regulamentos sobre prote\u00e7\u00e3o de dados pessoais.  <\/p>\n<p><strong>DIREITOS DE PROPRIEDADE INTELECTUAL<\/strong><\/p>\n<p>A PRILUX HOLDING SPAIN S.L.U. \u00e9 titular de todos os direitos de autor, propriedade intelectual e industrial, know-how e quaisquer outros direitos relacionados com os conte\u00fados do site www.prilux.es e os servi\u00e7os nele oferecidos, bem como os programas necess\u00e1rios para a sua implementa\u00e7\u00e3o e informa\u00e7\u00f5es relacionadas. N\u00e3o \u00e9 permitida a reprodu\u00e7\u00e3o, publica\u00e7\u00e3o e\/ou utiliza\u00e7\u00e3o dos conte\u00fados, no todo ou em parte, do s\u00edtio Web www.prilux.es, exceto para uso estritamente privado, sem autoriza\u00e7\u00e3o pr\u00e9via por escrito. <\/p>\n<p>PROPRIEDADE INTELECTUAL DE SOFTWARE<\/p>\n<p>O utilizador deve respeitar os programas de terceiros colocados \u00e0 disposi\u00e7\u00e3o pela PRILUX HOLDING SPAIN S.L.U., mesmo que sejam gratuitos e\/ou de acesso p\u00fablico.<\/p>\n<p>PRILUX HOLDING SPAIN S.L.U. possui os direitos de explora\u00e7\u00e3o e de propriedade intelectual necess\u00e1rios sobre o software.<\/p>\n<p>O utilizador n\u00e3o adquire quaisquer direitos ou licen\u00e7as sobre o servi\u00e7o contratado, sobre o software necess\u00e1rio para a presta\u00e7\u00e3o do servi\u00e7o, nem sobre a informa\u00e7\u00e3o t\u00e9cnica para a monitoriza\u00e7\u00e3o do servi\u00e7o, com exce\u00e7\u00e3o dos direitos e licen\u00e7as necess\u00e1rios para o cumprimento dos servi\u00e7os contratados e apenas durante o per\u00edodo de dura\u00e7\u00e3o dos mesmos. Para qualquer a\u00e7\u00e3o que exceda o cumprimento do contrato, o utilizador dever\u00e1 solicitar a autoriza\u00e7\u00e3o por escrito da PRILUX HOLDING SPAIN S.L.U., ficando proibido de aceder, modificar, visualizar a configura\u00e7\u00e3o, estrutura e ficheiros dos servidores propriedade da PRILUX HOLDING SPAIN S.L.U., assumindo a responsabilidade civil e penal derivada de qualquer incidente que possa ocorrer nos servidores e sistemas de seguran\u00e7a como consequ\u00eancia direta de uma a\u00e7\u00e3o negligente ou dolosa da sua parte. <\/p>\n<p><strong>PROPRIEDADE INTELECTUAL DOS CONTE\u00daDOS ALOJADOS<\/strong><\/p>\n<p>\u00c9 proibida a utiliza\u00e7\u00e3o dos servi\u00e7os prestados pela PRILUX HOLDING SPAIN S.L.U. e, em particular, de qualquer um dos seguintes elementos em viola\u00e7\u00e3o da legisla\u00e7\u00e3o sobre propriedade intelectual:<\/p>\n<p>Utiliza\u00e7\u00e3o contr\u00e1ria \u00e0 legisla\u00e7\u00e3o espanhola ou que infrinja os direitos de terceiros.<\/p>\n<p>A publica\u00e7\u00e3o ou transmiss\u00e3o de qualquer conte\u00fado que, na opini\u00e3o da PRILUX HOLDING SPAIN S.L.U., seja violento, obsceno, abusivo, ilegal, racial, xen\u00f3fobo ou difamat\u00f3rio.<\/p>\n<p>Cracks, n\u00fameros de s\u00e9rie de software ou qualquer outro conte\u00fado que infrinja os direitos de propriedade intelectual de terceiros.<\/p>\n<p>A recolha e\/ou utiliza\u00e7\u00e3o de dados pessoais de outros utilizadores sem o seu consentimento expresso ou em viola\u00e7\u00e3o do disposto na Lei Org\u00e2nica 15\/1999, de 13 de dezembro, de Prote\u00e7\u00e3o de Dados de Car\u00e1cter Pessoal.<\/p>\n<p>A utiliza\u00e7\u00e3o do servidor de correio do dom\u00ednio e dos endere\u00e7os de correio eletr\u00f3nico para o envio de correio eletr\u00f3nico em massa n\u00e3o solicitado.<\/p>\n<p>O utilizador \u00e9 totalmente respons\u00e1vel pelo conte\u00fado do seu s\u00edtio Web, pelas informa\u00e7\u00f5es transmitidas e armazenadas, pelas liga\u00e7\u00f5es de hipertexto, pelas reclama\u00e7\u00f5es de terceiros e pelas ac\u00e7\u00f5es judiciais relativas \u00e0 propriedade intelectual, aos direitos de terceiros e \u00e0 prote\u00e7\u00e3o de menores. O utilizador \u00e9 respons\u00e1vel no que diz respeito \u00e0s leis e regulamentos em vigor e \u00e0s regras relativas ao funcionamento do servi\u00e7o em linha, ao com\u00e9rcio eletr\u00f3nico, aos direitos de autor, \u00e0 manuten\u00e7\u00e3o da ordem p\u00fablica, bem como aos princ\u00edpios universais de utiliza\u00e7\u00e3o da Internet. <\/p>\n<p>O utilizador \u00e9 totalmente respons\u00e1vel pelo conte\u00fado do seu s\u00edtio Web, pelas informa\u00e7\u00f5es transmitidas e armazenadas, pelas liga\u00e7\u00f5es de hipertexto, pelas reclama\u00e7\u00f5es de terceiros e pelas ac\u00e7\u00f5es judiciais relativas \u00e0 propriedade intelectual, aos direitos de terceiros e \u00e0 prote\u00e7\u00e3o de menores. O utilizador \u00e9 respons\u00e1vel no que diz respeito \u00e0s leis e regulamentos em vigor e \u00e0s regras relativas ao funcionamento do servi\u00e7o em linha, ao com\u00e9rcio eletr\u00f3nico, aos direitos de autor, \u00e0 manuten\u00e7\u00e3o da ordem p\u00fablica, bem como aos princ\u00edpios universais de utiliza\u00e7\u00e3o da Internet.<\/p>\n<p><strong>PROTEC\u00c7\u00c3O DAS INFORMA\u00c7\u00d5ES ALOJADAS<\/strong><\/p>\n<p>A PRILUX HOLDING SPAIN S.L.U. realiza c\u00f3pias de seguran\u00e7a dos conte\u00fados alojados nos seus servidores, no entanto, n\u00e3o se responsabiliza pela perda ou elimina\u00e7\u00e3o acidental de dados por parte dos utilizadores. Da mesma forma, n\u00e3o garante a reposi\u00e7\u00e3o total dos dados eliminados pelos utilizadores, uma vez que os mesmos podem ter sido eliminados e\/ou modificados durante o per\u00edodo de tempo decorrido desde a \u00faltima c\u00f3pia de seguran\u00e7a. Os servi\u00e7os oferecidos, com exce\u00e7\u00e3o dos servi\u00e7os espec\u00edficos de backup, n\u00e3o incluem a reposi\u00e7\u00e3o dos conte\u00fados conservados nas c\u00f3pias de seguran\u00e7a realizadas por PRILUX HOLDING SPAIN S.L.U., quando esta perda for imput\u00e1vel ao utilizador; neste caso, ser\u00e1 determinada uma taxa em fun\u00e7\u00e3o da complexidade e do volume da recupera\u00e7\u00e3o, sempre com a aceita\u00e7\u00e3o pr\u00e9via do utilizador. A reposi\u00e7\u00e3o dos dados apagados s\u00f3 est\u00e1 inclu\u00edda no pre\u00e7o do servi\u00e7o quando a perda do conte\u00fado se deva a causas imput\u00e1veis a PRILUX HOLDING SPAIN S.L.U.   <\/p>\n<p><strong>COMUNICA\u00c7\u00d5ES COMERCIAIS<\/strong><\/p>\n<p>Os dados fornecidos \u00e0 PRILUX HOLDING SPAIN S.L.U. atrav\u00e9s do formul\u00e1rio de registo ser\u00e3o utilizados com a finalidade de atender aos seus pedidos, responder a consultas e permitir o acesso a \u00e1reas restritas do site. Al\u00e9m disso, o utilizador estar\u00e1 a dar o seu consentimento a PRILUX HOLDING SPAIN S.L.U. para o envio de comunica\u00e7\u00f5es comerciais por meios tradicionais e\/ou electr\u00f3nicos. Estas comunica\u00e7\u00f5es conter\u00e3o informa\u00e7\u00f5es comerciais sobre os nossos produtos, os nossos servi\u00e7os ou informa\u00e7\u00f5es sobre o sector da ilumina\u00e7\u00e3o.  <\/p>\n<p>O utilizador pode opor-se livre e gratuitamente ao envio destas comunica\u00e7\u00f5es atrav\u00e9s da liga\u00e7\u00e3o que aparece no rodap\u00e9 de cada comunica\u00e7\u00e3o, atrav\u00e9s do formul\u00e1rio de contacto do <a href=\"https:\/\/prilux.es\/pt-pt\/\">s\u00edtio Web<\/a>, ou atrav\u00e9s de uma comunica\u00e7\u00e3o escrita dirigida \u00e0 morada da empresa, C\/R\u00edo Jarama 149, 45007, Toledo.<\/p>\n\t\t\t\t\t\t<\/div>\n\t\t\t\t<\/div>\n\t\t\t\t\t<\/div>\n\t\t<\/div>\n\t\t\t\t\t\t\t<\/div>\n\t\t<\/section>\n\t\t\t\t\t\t\t<\/div>\n\t\t","protected":false},"excerpt":{"rendered":"<p>Aviso legalPol\u00edtica de privacidade AVISO LEGAL \u00a9 www.prilux.es. Todos os direitos reservados. www.prilux.es. em cumprimento da Lei 34\/2002, de 11 de julho, de servi\u00e7os da sociedade da informa\u00e7\u00e3o e do com\u00e9rcio eletr\u00f3nico, informa que o propriet\u00e1rio do s\u00edtio Web \u00e9&#8230;<\/p>\n","protected":false},"author":11,"featured_media":0,"parent":0,"menu_order":0,"comment_status":"closed","ping_status":"closed","template":"elementor_header_footer","meta":[],"acf":[],"_links":{"self":[{"href":"https:\/\/prilux.es\/pt-pt\/wp-json\/wp\/v2\/pages\/1132257"}],"collection":[{"href":"https:\/\/prilux.es\/pt-pt\/wp-json\/wp\/v2\/pages"}],"about":[{"href":"https:\/\/prilux.es\/pt-pt\/wp-json\/wp\/v2\/types\/page"}],"author":[{"embeddable":true,"href":"https:\/\/prilux.es\/pt-pt\/wp-json\/wp\/v2\/users\/11"}],"replies":[{"embeddable":true,"href":"https:\/\/prilux.es\/pt-pt\/wp-json\/wp\/v2\/comments?post=1132257"}],"version-history":[{"count":0,"href":"https:\/\/prilux.es\/pt-pt\/wp-json\/wp\/v2\/pages\/1132257\/revisions"}],"wp:attachment":[{"href":"https:\/\/prilux.es\/pt-pt\/wp-json\/wp\/v2\/media?parent=1132257"}],"curies":[{"name":"wp","href":"https:\/\/api.w.org\/{rel}","templated":true}]}}