{"id":1110602,"date":"2021-10-25T14:03:32","date_gmt":"2021-10-25T13:03:32","guid":{"rendered":"https:\/\/www.prilux.es\/product\/livia-12led-44w-740-s-150\/"},"modified":"2024-08-27T11:11:31","modified_gmt":"2024-08-27T10:11:31","slug":"livia-12led-44w-740-s-150","status":"publish","type":"product","link":"https:\/\/prilux.es\/pt-pt\/produto\/livia-12led-44w-740-s-150\/","title":{"rendered":"LIVIA 12LED 44W 740 S-150 &#8211;"},"content":{"rendered":"<p>L\u00e2mpada de rua LED 44W Livia, da gama Prilux CITY LED. \u00c9 a solu\u00e7\u00e3o ideal para ilumina\u00e7\u00e3o p\u00fablica, gra\u00e7as \u00e0 sua elevada resist\u00eancia e \u00e0s poupan\u00e7as significativas no consumo de energia. Eficiente e resistente, o poste de luz LED Livia, desenhado pela Prilux, \u00e9 um produto Made in Spain, adequado para todos os tipos de espa\u00e7os p\u00fablicos exteriores gra\u00e7as \u00e0 sua resist\u00eancia a todos os tipos de amea\u00e7as meteorol\u00f3gicas e ao seu elevado grau de protec\u00e7\u00e3o IP66 e IK08. Lumin\u00e1ria de estrada robusta e segura, em forma de cone invertido, corpo em alum\u00ednio, na cor cinza RAL 9007, e difusor em policarbonato. Com uma \u00f3tica de lente secund\u00e1ria de distribui\u00e7\u00e3o assim\u00e9trica especial para frasco. Equipado com 12 LEDs, 44W de pot\u00eancia do LED a 1.200mA e fluxo luminoso do LED de 5.248 lumens. Possui uma longa vida \u00fatil de L70 B10&gt; 100.000 he um \u00edndice de reprodu\u00e7\u00e3o de cor de Ra&gt; 70. A efic\u00e1cia do Livia \u00e9 suportada pelas tecnologias Overstorm e Systemshield, ambas desenvolvidas pela Prilux: Overstorm protege a lumin\u00e1ria de sobretens\u00f5es, sendo capaz de suportar picos de tens\u00e3o de at\u00e9 10kV. O Systemshield permite um funcionamento ideal mesmo em temperaturas extremas, atrav\u00e9s de um sistema de sondas t\u00e9rmicas que conhecem a temperatura da lumin\u00e1ria e auto-regulam a sua pot\u00eancia para se manter sempre seguro. O LED Livia \u00e9 regul\u00e1vel, sob o sistema de dimeriza\u00e7\u00e3o 1-10V. Mediante solicita\u00e7\u00e3o, sistemas de regula\u00e7\u00e3o de n\u00edvel duplo pr\u00e9-programados com linha de comando ou 5 etapas tamb\u00e9m est\u00e3o dispon\u00edveis. Equipado com l\u00e2mpadas LED de 4.000K e tom de luz neutro, tamb\u00e9m est\u00e1 dispon\u00edvel em temperaturas de cor de 3.000K e 5.000K e at\u00e9 mesmo em \u00e2mbar ou PC. Esta lumin\u00e1ria deve ser instalada usando uma montagem vertical na ponta do poste de luz. A lumin\u00e1ria Livia LED mede 600 x 435mm, e o suporte no poste de luz \u00e9 de \u00d860mm ou \u00d876mm.<\/p>\n","protected":false},"excerpt":{"rendered":"<p>L\u00e2mpada de rua LED 44W Livia, da gama Prilux CITY LED. \u00c9 a solu\u00e7\u00e3o ideal para ilumina\u00e7\u00e3o p\u00fablica, gra\u00e7as \u00e0 sua elevada resist\u00eancia e \u00e0s poupan\u00e7as significativas no consumo de energia. Eficiente e resistente, o poste de luz LED Livia, desenhado pela Prilux, \u00e9 um produto Made in Spain, adequado para todos os tipos de espa\u00e7os p\u00fablicos exteriores gra\u00e7as \u00e0 sua resist\u00eancia a todos os tipos de amea\u00e7as meteorol\u00f3gicas e ao seu elevado grau de protec\u00e7\u00e3o IP66 e IK08. Lumin\u00e1ria de estrada robusta e segura, em forma de cone invertido, corpo em alum\u00ednio, na cor cinza RAL 9007, e difusor em policarbonato. Com uma \u00f3tica de lente secund\u00e1ria de distribui\u00e7\u00e3o assim\u00e9trica especial para frasco. Equipado com 12 LEDs, 44W de pot\u00eancia do LED a 1.200mA e fluxo luminoso do LED de 5.248 lumens. Possui uma longa vida \u00fatil de L70 B10&gt; 100.000 he um \u00edndice de reprodu\u00e7\u00e3o de cor de Ra&gt; 70. A efic\u00e1cia do Livia \u00e9 suportada pelas tecnologias Overstorm e Systemshield, ambas desenvolvidas pela Prilux: Overstorm protege a lumin\u00e1ria de sobretens\u00f5es, sendo capaz de suportar picos de tens\u00e3o de at\u00e9 10kV. O Systemshield permite um funcionamento ideal mesmo em temperaturas extremas, atrav\u00e9s de um sistema de sondas t\u00e9rmicas que conhecem a temperatura da lumin\u00e1ria e auto-regulam a sua pot\u00eancia para se manter sempre seguro. O LED Livia \u00e9 regul\u00e1vel, sob o sistema de dimeriza\u00e7\u00e3o 1-10V. Mediante solicita\u00e7\u00e3o, sistemas de regula\u00e7\u00e3o de n\u00edvel duplo pr\u00e9-programados com linha de comando ou 5 etapas tamb\u00e9m est\u00e3o dispon\u00edveis. Equipado com l\u00e2mpadas LED de 4.000K e tom de luz neutro, tamb\u00e9m est\u00e1 dispon\u00edvel em temperaturas de cor de 3.000K e 5.000K e at\u00e9 mesmo em \u00e2mbar ou PC. Esta lumin\u00e1ria deve ser instalada usando uma montagem vertical na ponta do poste de luz. A lumin\u00e1ria Livia LED mede 600 x 435mm, e o suporte no poste de luz \u00e9 de \u00d860mm ou \u00d876mm.<\/p>\n","protected":false},"featured_media":51107,"template":"","meta":[],"product_cat":[15],"product_tag":[],"familia":[],"acf":[],"_links":{"self":[{"href":"https:\/\/prilux.es\/pt-pt\/wp-json\/wp\/v2\/product\/1110602"}],"collection":[{"href":"https:\/\/prilux.es\/pt-pt\/wp-json\/wp\/v2\/product"}],"about":[{"href":"https:\/\/prilux.es\/pt-pt\/wp-json\/wp\/v2\/types\/product"}],"version-history":[{"count":0,"href":"https:\/\/prilux.es\/pt-pt\/wp-json\/wp\/v2\/product\/1110602\/revisions"}],"wp:featuredmedia":[{"embeddable":true,"href":"https:\/\/prilux.es\/pt-pt\/wp-json\/wp\/v2\/media\/51107"}],"wp:attachment":[{"href":"https:\/\/prilux.es\/pt-pt\/wp-json\/wp\/v2\/media?parent=1110602"}],"wp:term":[{"taxonomy":"product_cat","embeddable":true,"href":"https:\/\/prilux.es\/pt-pt\/wp-json\/wp\/v2\/product_cat?post=1110602"},{"taxonomy":"product_tag","embeddable":true,"href":"https:\/\/prilux.es\/pt-pt\/wp-json\/wp\/v2\/product_tag?post=1110602"},{"taxonomy":"familia","embeddable":true,"href":"https:\/\/prilux.es\/pt-pt\/wp-json\/wp\/v2\/familia?post=1110602"}],"curies":[{"name":"wp","href":"https:\/\/api.w.org\/{rel}","templated":true}]}}