{"id":1111065,"date":"2024-09-20T11:46:08","date_gmt":"2024-09-20T10:46:08","guid":{"rendered":"https:\/\/www.prilux.es\/product\/nantes-play-108led-110w-1184wt-740-va11i2p-da-cmr\/"},"modified":"2024-09-20T11:48:27","modified_gmt":"2024-09-20T10:48:27","slug":"nantes-play-108led-110w-1184wt-740-va11i2p-da-cmr","status":"publish","type":"product","link":"https:\/\/prilux.es\/pt-pt\/produto\/nantes-play-108led-110w-1184wt-740-va11i2p-da-cmr\/","title":{"rendered":"NANTES PLAY 108LED 110W\/118,4WT 740 VA11I2P DA CMR"},"content":{"rendered":"<p>Tem um design compacto e minimalista baseado em linhas b\u00e1sicas e \u00e2ngulos puros mas elegantes. A sua est\u00e9tica permite uma integra\u00e7\u00e3o harmoniosa com a arquitetura.<br \/>\nO seu design foi concebido para dissipar o calor, prolongando a vida do LED e favorecendo a evacua\u00e7\u00e3o da \u00e1gua, evitando pontos de oxida\u00e7\u00e3o e facilitando a auto-limpeza.<br \/>\nO corpo, a tampa e a fita s\u00e3o fabricados em alum\u00ednio injetado a alta press\u00e3o de alta qualidade para garantir a durabilidade da lumin\u00e1ria.<\/p>\n<p>A fam\u00edlia Nantes \u00e9 compat\u00edvel com os nossos sistemas de controlo Cora Sports, Cora Industry, Cora Manager e com a plataforma de telegest\u00e3o Prilux Cora Platform que permite monitorizar, medir, controlar e manter a gest\u00e3o remota da infraestrutura de ilumina\u00e7\u00e3o para otimizar a qualidade da ilumina\u00e7\u00e3o.<\/p>\n","protected":false},"excerpt":{"rendered":"<p>Tem um design compacto e minimalista baseado em linhas b\u00e1sicas e \u00e2ngulos puros mas elegantes. A sua est\u00e9tica permite uma integra\u00e7\u00e3o harmoniosa com a arquitetura.<br \/>\nO seu design foi concebido para dissipar o calor, prolongando a vida do LED e favorecendo a evacua\u00e7\u00e3o da \u00e1gua, evitando pontos de oxida\u00e7\u00e3o e facilitando a auto-limpeza.<br \/>\nO corpo, a tampa e a fita s\u00e3o fabricados em alum\u00ednio injetado a alta press\u00e3o de alta qualidade para garantir a durabilidade da lumin\u00e1ria.<\/p>\n<p>A fam\u00edlia Nantes \u00e9 compat\u00edvel com os nossos sistemas de controlo Cora Sports, Cora Industry, Cora Manager e com a plataforma de telegest\u00e3o Prilux Cora Platform que permite monitorizar, medir, controlar e manter a gest\u00e3o remota da infraestrutura de ilumina\u00e7\u00e3o para otimizar a qualidade da ilumina\u00e7\u00e3o.<\/p>\n","protected":false},"featured_media":51849,"template":"","meta":[],"product_cat":[15],"product_tag":[],"familia":[],"acf":[],"_links":{"self":[{"href":"https:\/\/prilux.es\/pt-pt\/wp-json\/wp\/v2\/product\/1111065"}],"collection":[{"href":"https:\/\/prilux.es\/pt-pt\/wp-json\/wp\/v2\/product"}],"about":[{"href":"https:\/\/prilux.es\/pt-pt\/wp-json\/wp\/v2\/types\/product"}],"version-history":[{"count":0,"href":"https:\/\/prilux.es\/pt-pt\/wp-json\/wp\/v2\/product\/1111065\/revisions"}],"wp:featuredmedia":[{"embeddable":true,"href":"https:\/\/prilux.es\/pt-pt\/wp-json\/wp\/v2\/media\/51849"}],"wp:attachment":[{"href":"https:\/\/prilux.es\/pt-pt\/wp-json\/wp\/v2\/media?parent=1111065"}],"wp:term":[{"taxonomy":"product_cat","embeddable":true,"href":"https:\/\/prilux.es\/pt-pt\/wp-json\/wp\/v2\/product_cat?post=1111065"},{"taxonomy":"product_tag","embeddable":true,"href":"https:\/\/prilux.es\/pt-pt\/wp-json\/wp\/v2\/product_tag?post=1111065"},{"taxonomy":"familia","embeddable":true,"href":"https:\/\/prilux.es\/pt-pt\/wp-json\/wp\/v2\/familia?post=1111065"}],"curies":[{"name":"wp","href":"https:\/\/api.w.org\/{rel}","templated":true}]}}