{"id":1111066,"date":"2021-10-25T13:58:00","date_gmt":"2021-10-25T12:58:00","guid":{"rendered":"https:\/\/www.prilux.es\/product\/nantes-play-108led-35w-381wt-740-s-090-dali-2\/"},"modified":"2024-09-20T11:48:50","modified_gmt":"2024-09-20T10:48:50","slug":"nantes-play-108led-35w-381wt-740-s-090-dali","status":"publish","type":"product","link":"https:\/\/prilux.es\/pt-pt\/produto\/nantes-play-108led-35w-381wt-740-s-090-dali\/","title":{"rendered":"NANTES PLAY 108LED 35W\/38,1WT 740 S-090 DALI"},"content":{"rendered":"<p>Tem um design compacto e minimalista baseado em linhas b\u00e1sicas e \u00e2ngulos puros e elegantes. Sua est\u00e9tica permite uma integra\u00e7\u00e3o em harmonia com a arquitetura<br \/>\nSeu design foi desenvolvido para dissipar o calor, prolongando a vida \u00fatil do LED e favorecendo a evacua\u00e7\u00e3o da \u00e1gua, evitando pontos de oxida\u00e7\u00e3o e facilitando assim a autolimpeza.<br \/>\nO corpo, a tampa e a lira s\u00e3o fabricados em alum\u00ednio injetado de alta qualidade e alta press\u00e3o que garantem a durabilidade da lumin\u00e1ria.<\/p>\n<p>A fam\u00edlia Nantes \u00e9 compat\u00edvel com os nossos sistemas de comando Cora Sports, Cora Industry, Cora Manager e a plataforma de gest\u00e3o remota Prilux Cora Platform que permite monitorizar, medir, controlar e manter uma gest\u00e3o remota da infra-estrutura de ilumina\u00e7\u00e3o para optimizar a qualidade da ilumina\u00e7\u00e3o. mesmo.<\/p>\n","protected":false},"excerpt":{"rendered":"<p>Tem um design compacto e minimalista baseado em linhas b\u00e1sicas e \u00e2ngulos puros e elegantes. Sua est\u00e9tica permite uma integra\u00e7\u00e3o em harmonia com a arquitetura<br \/>\nSeu design foi desenvolvido para dissipar o calor, prolongando a vida \u00fatil do LED e favorecendo a evacua\u00e7\u00e3o da \u00e1gua, evitando pontos de oxida\u00e7\u00e3o e facilitando assim a autolimpeza.<br \/>\nO corpo, a tampa e a lira s\u00e3o fabricados em alum\u00ednio injetado de alta qualidade e alta press\u00e3o que garantem a durabilidade da lumin\u00e1ria.<\/p>\n<p>A fam\u00edlia Nantes \u00e9 compat\u00edvel com os nossos sistemas de comando Cora Sports, Cora Industry, Cora Manager e a plataforma de gest\u00e3o remota Prilux Cora Platform que permite monitorizar, medir, controlar e manter uma gest\u00e3o remota da infra-estrutura de ilumina\u00e7\u00e3o para optimizar a qualidade da ilumina\u00e7\u00e3o. mesmo.<\/p>\n","protected":false},"featured_media":51854,"template":"","meta":[],"product_cat":[15],"product_tag":[],"familia":[],"acf":[],"_links":{"self":[{"href":"https:\/\/prilux.es\/pt-pt\/wp-json\/wp\/v2\/product\/1111066"}],"collection":[{"href":"https:\/\/prilux.es\/pt-pt\/wp-json\/wp\/v2\/product"}],"about":[{"href":"https:\/\/prilux.es\/pt-pt\/wp-json\/wp\/v2\/types\/product"}],"version-history":[{"count":0,"href":"https:\/\/prilux.es\/pt-pt\/wp-json\/wp\/v2\/product\/1111066\/revisions"}],"wp:featuredmedia":[{"embeddable":true,"href":"https:\/\/prilux.es\/pt-pt\/wp-json\/wp\/v2\/media\/51854"}],"wp:attachment":[{"href":"https:\/\/prilux.es\/pt-pt\/wp-json\/wp\/v2\/media?parent=1111066"}],"wp:term":[{"taxonomy":"product_cat","embeddable":true,"href":"https:\/\/prilux.es\/pt-pt\/wp-json\/wp\/v2\/product_cat?post=1111066"},{"taxonomy":"product_tag","embeddable":true,"href":"https:\/\/prilux.es\/pt-pt\/wp-json\/wp\/v2\/product_tag?post=1111066"},{"taxonomy":"familia","embeddable":true,"href":"https:\/\/prilux.es\/pt-pt\/wp-json\/wp\/v2\/familia?post=1111066"}],"curies":[{"name":"wp","href":"https:\/\/api.w.org\/{rel}","templated":true}]}}