{"id":1111350,"date":"2021-10-25T13:47:56","date_gmt":"2021-10-25T12:47:56","guid":{"rendered":"https:\/\/www.prilux.es\/product\/lynx-di-1x37w-840-ind-2\/"},"modified":"2024-08-27T11:39:28","modified_gmt":"2024-08-27T10:39:28","slug":"lynx-di-1x37w-840-ind-2","status":"publish","type":"product","link":"https:\/\/prilux.es\/pt-pt\/produto\/lynx-di-1x37w-840-ind-2\/","title":{"rendered":"LYNX DI 1X37W 840 IND"},"content":{"rendered":"<p>A lumin\u00e1ria 37W LYNX LED, da gama Prilux Indoor LED, \u00e9 uma lumin\u00e1ria adequada para uma ilumina\u00e7\u00e3o decorativa eficiente e de boa qualidade em todos os tipos de interiores. De baixo consumo, a LYNX LED \u00e9 uma lumin\u00e1ria desenhada pela Prilux e Made in Spain, adequada para utiliza\u00e7\u00e3o em interiores, com um \u00edndice de protec\u00e7\u00e3o IP20. Possui boas qualidades de ilumina\u00e7\u00e3o, gra\u00e7as ao seu \u00edndice de restitui\u00e7\u00e3o de cores Ra&gt; 80, que garante uma reprodu\u00e7\u00e3o fiel das cores dos objetos iluminados. Pode ser montado na superf\u00edcie do teto ou suspenso, utilizando os acess\u00f3rios correspondentes. O LYNX LED tem as dimens\u00f5es de 1.130 x 60 x 80mm, com corpo em alum\u00ednio na cor cinza RAL 9006, e difusor em policarbonato opalino. \u00c9 uma lumin\u00e1ria LED de baixo consumo, com uma vida \u00fatil de L70&gt; 50.000h. A instala\u00e7\u00e3o do LYNX LED proporciona poupan\u00e7as de energia significativas, visto que, com os seus 90 LEDs, possui uma pot\u00eancia de LED de 37W e um fluxo luminoso de LED de 5.013 lumens, a uma intensidade de 390mA. Equipado com l\u00e2mpadas LED de 4.000K e tom de luz neutro, e tamb\u00e9m com CCT de 3.000K, 5.000K e 6.500K dispon\u00edveis mediante solicita\u00e7\u00e3o. Tamb\u00e9m a pedido est\u00e3o dispon\u00edveis um kit de emerg\u00eancia para a lumin\u00e1ria e um sensor de presen\u00e7a e luz.<\/p>\n","protected":false},"excerpt":{"rendered":"<p>A lumin\u00e1ria 37W LYNX LED, da gama Prilux Indoor LED, \u00e9 uma lumin\u00e1ria adequada para uma ilumina\u00e7\u00e3o decorativa eficiente e de boa qualidade em todos os tipos de interiores. De baixo consumo, a LYNX LED \u00e9 uma lumin\u00e1ria desenhada pela Prilux e Made in Spain, adequada para utiliza\u00e7\u00e3o em interiores, com um \u00edndice de protec\u00e7\u00e3o IP20. Possui boas qualidades de ilumina\u00e7\u00e3o, gra\u00e7as ao seu \u00edndice de restitui\u00e7\u00e3o de cores Ra&gt; 80, que garante uma reprodu\u00e7\u00e3o fiel das cores dos objetos iluminados. Pode ser montado na superf\u00edcie do teto ou suspenso, utilizando os acess\u00f3rios correspondentes. O LYNX LED tem as dimens\u00f5es de 1.130 x 60 x 80mm, com corpo em alum\u00ednio na cor cinza RAL 9006, e difusor em policarbonato opalino. \u00c9 uma lumin\u00e1ria LED de baixo consumo, com uma vida \u00fatil de L70&gt; 50.000h. A instala\u00e7\u00e3o do LYNX LED proporciona poupan\u00e7as de energia significativas, visto que, com os seus 90 LEDs, possui uma pot\u00eancia de LED de 37W e um fluxo luminoso de LED de 5.013 lumens, a uma intensidade de 390mA. Equipado com l\u00e2mpadas LED de 4.000K e tom de luz neutro, e tamb\u00e9m com CCT de 3.000K, 5.000K e 6.500K dispon\u00edveis mediante solicita\u00e7\u00e3o. Tamb\u00e9m a pedido est\u00e3o dispon\u00edveis um kit de emerg\u00eancia para a lumin\u00e1ria e um sensor de presen\u00e7a e luz.<\/p>\n","protected":false},"featured_media":50115,"template":"","meta":[],"product_cat":[15],"product_tag":[],"familia":[],"acf":[],"_links":{"self":[{"href":"https:\/\/prilux.es\/pt-pt\/wp-json\/wp\/v2\/product\/1111350"}],"collection":[{"href":"https:\/\/prilux.es\/pt-pt\/wp-json\/wp\/v2\/product"}],"about":[{"href":"https:\/\/prilux.es\/pt-pt\/wp-json\/wp\/v2\/types\/product"}],"version-history":[{"count":0,"href":"https:\/\/prilux.es\/pt-pt\/wp-json\/wp\/v2\/product\/1111350\/revisions"}],"wp:featuredmedia":[{"embeddable":true,"href":"https:\/\/prilux.es\/pt-pt\/wp-json\/wp\/v2\/media\/50115"}],"wp:attachment":[{"href":"https:\/\/prilux.es\/pt-pt\/wp-json\/wp\/v2\/media?parent=1111350"}],"wp:term":[{"taxonomy":"product_cat","embeddable":true,"href":"https:\/\/prilux.es\/pt-pt\/wp-json\/wp\/v2\/product_cat?post=1111350"},{"taxonomy":"product_tag","embeddable":true,"href":"https:\/\/prilux.es\/pt-pt\/wp-json\/wp\/v2\/product_tag?post=1111350"},{"taxonomy":"familia","embeddable":true,"href":"https:\/\/prilux.es\/pt-pt\/wp-json\/wp\/v2\/familia?post=1111350"}],"curies":[{"name":"wp","href":"https:\/\/api.w.org\/{rel}","templated":true}]}}