{"id":1111353,"date":"2021-10-25T14:07:46","date_gmt":"2021-10-25T13:07:46","guid":{"rendered":"https:\/\/www.prilux.es\/product\/tribola-neo-led-9w-niquel-830-ip65\/"},"modified":"2024-08-27T11:39:32","modified_gmt":"2024-08-27T10:39:32","slug":"tribola-neo-led-9w-niquel-830-ip65","status":"publish","type":"product","link":"https:\/\/prilux.es\/pt-pt\/produto\/tribola-neo-led-9w-niquel-830-ip65\/","title":{"rendered":"TRIBOLA NEO LED 9W NIQUEL 830 IP65"},"content":{"rendered":"<p>Lumin\u00e1ria de encastrar Tribola NEO 8W LED, da gama Prilux LED Interior Decorativa para a ilumina\u00e7\u00e3o de espa\u00e7os interiores como lojas ou similares, gra\u00e7as ao seu baixo consumo e ao seu design moderno e simples. Eficaz e eficiente, Tribola NEO \u00e9 um anel de encastrar adequado para espa\u00e7os interiores, gra\u00e7as \u00e0 sua qualidade de ilumina\u00e7\u00e3o e ao seu excelente n\u00edvel de protec\u00e7\u00e3o IP65. A sua montagem realiza-se embutida no tecto, de forma a ocultar o corpo da lumin\u00e1ria. Sua ilumina\u00e7\u00e3o \u00e9 de alta qualidade, pois possui \u00edndice de restitui\u00e7\u00e3o de cores Ra&gt; 80, o que garante uma reprodu\u00e7\u00e3o fiel das cores dos objetos iluminados. Ele tamb\u00e9m possui uma classifica\u00e7\u00e3o de brilho unificado UGR &lt;19, que se traduz em brilho m\u00ednimo. NEO tribola, de formato circular, tem dimens\u00f5es de \u00f884 x 60mm, com corpo em alum\u00ednio e na cor n\u00edquel, refletor em alum\u00ednio anodizado e difusor em vidro transparente. As dimens\u00f5es do furo no teto para montagem s\u00e3o \u00f875mm. Economia de consumo, tem uma vida \u00fatil de L70 &amp; gt; 30.000h. A instala\u00e7\u00e3o do Tribola NEO proporciona ampla economia de energia e boa luminosidade, pois, com sua tecnologia LED, possui uma pot\u00eancia do LED de 8W e um fluxo luminoso do LED de 834 lumens, a uma intensidade de 670mA. Equipado com l\u00e2mpadas LED de 3.000K e tons de luz quentes. O \u00e2ngulo do feixe do Tribola NEO \u00e9 de 45 \u00b0. A pedido, um kit de emerg\u00eancia e um sistema de dimeriza\u00e7\u00e3o para a lumin\u00e1ria tamb\u00e9m est\u00e3o dispon\u00edveis, atrav\u00e9s de um sistema 1-10V ou DALI.<\/p>\n","protected":false},"excerpt":{"rendered":"<p>Lumin\u00e1ria de encastrar Tribola NEO 8W LED, da gama Prilux LED Interior Decorativa para a ilumina\u00e7\u00e3o de espa\u00e7os interiores como lojas ou similares, gra\u00e7as ao seu baixo consumo e ao seu design moderno e simples. Eficaz e eficiente, Tribola NEO \u00e9 um anel de encastrar adequado para espa\u00e7os interiores, gra\u00e7as \u00e0 sua qualidade de ilumina\u00e7\u00e3o e ao seu excelente n\u00edvel de protec\u00e7\u00e3o IP65. A sua montagem realiza-se embutida no tecto, de forma a ocultar o corpo da lumin\u00e1ria. Sua ilumina\u00e7\u00e3o \u00e9 de alta qualidade, pois possui \u00edndice de restitui\u00e7\u00e3o de cores Ra&gt; 80, o que garante uma reprodu\u00e7\u00e3o fiel das cores dos objetos iluminados. Ele tamb\u00e9m possui uma classifica\u00e7\u00e3o de brilho unificado UGR &lt;19, que se traduz em brilho m\u00ednimo. NEO tribola, de formato circular, tem dimens\u00f5es de \u00f884 x 60mm, com corpo em alum\u00ednio e na cor n\u00edquel, refletor em alum\u00ednio anodizado e difusor em vidro transparente. As dimens\u00f5es do furo no teto para montagem s\u00e3o \u00f875mm. Economia de consumo, tem uma vida \u00fatil de L70 &amp; gt; 30.000h. A instala\u00e7\u00e3o do Tribola NEO proporciona ampla economia de energia e boa luminosidade, pois, com sua tecnologia LED, possui uma pot\u00eancia do LED de 8W e um fluxo luminoso do LED de 834 lumens, a uma intensidade de 670mA. Equipado com l\u00e2mpadas LED de 3.000K e tons de luz quentes. O \u00e2ngulo do feixe do Tribola NEO \u00e9 de 45 \u00b0. A pedido, um kit de emerg\u00eancia e um sistema de dimeriza\u00e7\u00e3o para a lumin\u00e1ria tamb\u00e9m est\u00e3o dispon\u00edveis, atrav\u00e9s de um sistema 1-10V ou DALI.<\/p>\n","protected":false},"featured_media":52288,"template":"","meta":[],"product_cat":[15],"product_tag":[],"familia":[],"acf":[],"_links":{"self":[{"href":"https:\/\/prilux.es\/pt-pt\/wp-json\/wp\/v2\/product\/1111353"}],"collection":[{"href":"https:\/\/prilux.es\/pt-pt\/wp-json\/wp\/v2\/product"}],"about":[{"href":"https:\/\/prilux.es\/pt-pt\/wp-json\/wp\/v2\/types\/product"}],"version-history":[{"count":0,"href":"https:\/\/prilux.es\/pt-pt\/wp-json\/wp\/v2\/product\/1111353\/revisions"}],"wp:featuredmedia":[{"embeddable":true,"href":"https:\/\/prilux.es\/pt-pt\/wp-json\/wp\/v2\/media\/52288"}],"wp:attachment":[{"href":"https:\/\/prilux.es\/pt-pt\/wp-json\/wp\/v2\/media?parent=1111353"}],"wp:term":[{"taxonomy":"product_cat","embeddable":true,"href":"https:\/\/prilux.es\/pt-pt\/wp-json\/wp\/v2\/product_cat?post=1111353"},{"taxonomy":"product_tag","embeddable":true,"href":"https:\/\/prilux.es\/pt-pt\/wp-json\/wp\/v2\/product_tag?post=1111353"},{"taxonomy":"familia","embeddable":true,"href":"https:\/\/prilux.es\/pt-pt\/wp-json\/wp\/v2\/familia?post=1111353"}],"curies":[{"name":"wp","href":"https:\/\/api.w.org\/{rel}","templated":true}]}}