{"id":1111360,"date":"2021-10-25T13:47:56","date_gmt":"2021-10-25T12:47:56","guid":{"rendered":"https:\/\/www.prilux.es\/product\/lynx-alu-1x30w-840-ind-2\/"},"modified":"2024-08-27T11:39:53","modified_gmt":"2024-08-27T10:39:53","slug":"lynx-alu-1x30w-840-ind-2","status":"publish","type":"product","link":"https:\/\/prilux.es\/pt-pt\/produto\/lynx-alu-1x30w-840-ind-2\/","title":{"rendered":"LYNX ALU 1X30W 840 IND"},"content":{"rendered":"<p>A lumin\u00e1ria 30W LYNX LED, da gama Prilux Indoor LED, \u00e9 uma lumin\u00e1ria adequada para uma ilumina\u00e7\u00e3o decorativa eficiente e de boa qualidade em todos os tipos de interiores. De baixo consumo, a LYNX LED \u00e9 uma lumin\u00e1ria desenhada pela Prilux e Made in Spain, adequada para utiliza\u00e7\u00e3o em interiores, com um \u00edndice de protec\u00e7\u00e3o IP20. Possui boas qualidades de ilumina\u00e7\u00e3o, gra\u00e7as ao seu \u00edndice de restitui\u00e7\u00e3o de cores Ra&gt; 80, que garante uma reprodu\u00e7\u00e3o fiel das cores dos objetos iluminados. Pode ser montado na superf\u00edcie, no teto ou suspenso, utilizando os acess\u00f3rios correspondentes. O LYNX LED tem as dimens\u00f5es de 1.130 x 60 x 80mm, com corpo de alum\u00ednio na cor cinza RAL 9006, e exclusiva \u00f3tica de rede especular de alum\u00ednio. \u00c9 uma lumin\u00e1ria LED de baixo consumo, com uma vida \u00fatil de L70&gt; 50.000h. A instala\u00e7\u00e3o do LYNX LED proporciona poupan\u00e7as de energia significativas, uma vez que, com os seus 72 LEDs, possui uma pot\u00eancia de LED de 30W e um fluxo luminoso de LED de 4.061 lumens, a uma intensidade de 390mA. Equipado com l\u00e2mpadas LED de 4.000K e tom de luz neutro, e tamb\u00e9m com CCT de 3.000K, 5.000K e 6.500K dispon\u00edveis mediante solicita\u00e7\u00e3o. Tamb\u00e9m a pedido est\u00e3o dispon\u00edveis um kit de emerg\u00eancia para a lumin\u00e1ria e um sensor de presen\u00e7a e luz.<\/p>\n","protected":false},"excerpt":{"rendered":"<p>A lumin\u00e1ria 30W LYNX LED, da gama Prilux Indoor LED, \u00e9 uma lumin\u00e1ria adequada para uma ilumina\u00e7\u00e3o decorativa eficiente e de boa qualidade em todos os tipos de interiores. De baixo consumo, a LYNX LED \u00e9 uma lumin\u00e1ria desenhada pela Prilux e Made in Spain, adequada para utiliza\u00e7\u00e3o em interiores, com um \u00edndice de protec\u00e7\u00e3o IP20. Possui boas qualidades de ilumina\u00e7\u00e3o, gra\u00e7as ao seu \u00edndice de restitui\u00e7\u00e3o de cores Ra&gt; 80, que garante uma reprodu\u00e7\u00e3o fiel das cores dos objetos iluminados. Pode ser montado na superf\u00edcie, no teto ou suspenso, utilizando os acess\u00f3rios correspondentes. O LYNX LED tem as dimens\u00f5es de 1.130 x 60 x 80mm, com corpo de alum\u00ednio na cor cinza RAL 9006, e exclusiva \u00f3tica de rede especular de alum\u00ednio. \u00c9 uma lumin\u00e1ria LED de baixo consumo, com uma vida \u00fatil de L70&gt; 50.000h. A instala\u00e7\u00e3o do LYNX LED proporciona poupan\u00e7as de energia significativas, uma vez que, com os seus 72 LEDs, possui uma pot\u00eancia de LED de 30W e um fluxo luminoso de LED de 4.061 lumens, a uma intensidade de 390mA. Equipado com l\u00e2mpadas LED de 4.000K e tom de luz neutro, e tamb\u00e9m com CCT de 3.000K, 5.000K e 6.500K dispon\u00edveis mediante solicita\u00e7\u00e3o. Tamb\u00e9m a pedido est\u00e3o dispon\u00edveis um kit de emerg\u00eancia para a lumin\u00e1ria e um sensor de presen\u00e7a e luz.<\/p>\n","protected":false},"featured_media":52236,"template":"","meta":[],"product_cat":[15],"product_tag":[],"familia":[],"acf":{"codigo_corto_maestro":"538114","manual":"https:\/\/d7rh5s3nxmpy4.cloudfront.net\/CMP1303\/files\/1\/m-lynx-led.pdf","descarga_ficha_tecnica":"https:\/\/storage.googleapis.com\/prilux-web-fichas\/ft-538114-LYNX_LED_pt.pdf","dc_eu":"https:\/\/d7rh5s3nxmpy4.cloudfront.net\/CMP1303\/files\/2\/dc-eu-lynx-led-line.pdf","grafico":"https:\/\/d7rh5s3nxmpy4.cloudfront.net\/CMP1303\/gr-lynx-aluminio-32w.jpg","video":"","made_in_spain":"https:\/\/d7rh5s3nxmpy4.cloudfront.net\/CMP1303\/files\/4\/gs-made-in-spain.svg","etiqueta_energetica":"https:\/\/d7rh5s3nxmpy4.cloudfront.net\/CMP1303\/files\/2\/gr-cee-luminaria-led.pdf","url_imagen_alta":"","bajo_pedido":"Sensor","soluciones":"Pack CTE","descripcion_bc3_auto":"-","ficha_familia":"https:\/\/storage.googleapis.com\/prilux-web-fichas\/ft-LYNX_LED_pt.pdf","bloque_aplicaciones":"<div class=\"bloque_aplicaciones\">\n        <div><img class=\"bloque_imagen\" src=\"http:\/\/d7rh5s3nxmpy4.cloudfront.net\/CMP1303\/files\/gs-ico-despachos.svg\" alt=\"Despachos\">\n                        <p>Escrit\u00f3rios<\/p>\n                        \n                    <\/div><div><img class=\"bloque_imagen\" src=\"http:\/\/d7rh5s3nxmpy4.cloudfront.net\/CMP1303\/files\/gs-ico-aulas.svg\" alt=\"Aulas\">\n                        <p>Salas de aula<\/p>\n                        \n                    <\/div><div><img class=\"bloque_imagen\" src=\"http:\/\/d7rh5s3nxmpy4.cloudfront.net\/CMP1303\/files\/gs-ico-retail.svg\" alt=\"Retail\">\n                        <p>Retalho<\/p>\n                        \n                    <\/div><div><img class=\"bloque_imagen\" src=\"http:\/\/d7rh5s3nxmpy4.cloudfront.net\/CMP1303\/files\/gs-ico-hogar.svg\" alt=\"Hogar\">\n                        <p>In\u00edcio<\/p>\n                        \n                    <\/div><div><img class=\"bloque_imagen\" src=\"http:\/\/d7rh5s3nxmpy4.cloudfront.net\/CMP1303\/files\/gs-ico-grandes-superficies.svg\" alt=\"Grandes Superficies\">\n                        <p>Grandes superf\u00edcies<\/p>\n                        \n                    <\/div><div><img class=\"bloque_imagen\" src=\"http:\/\/d7rh5s3nxmpy4.cloudfront.net\/CMP1303\/files\/gs-ico-hoteles.svg\" alt=\"Hoteles\">\n                        <p>Hot\u00e9is<\/p>\n                        \n                    <\/div><div><img class=\"bloque_imagen\" src=\"http:\/\/d7rh5s3nxmpy4.cloudfront.net\/CMP1303\/files\/gs-ico-restaurantes.svg\" alt=\"Restaurantes\">\n                        <p>Restaurantes<\/p>\n                        \n                    <\/div><div><img class=\"bloque_imagen\" src=\"http:\/\/d7rh5s3nxmpy4.cloudfront.net\/CMP1303\/files\/gs-ico-cuidado-salud.svg\" alt=\"Cuidado de la salud\">\n                        <p>Cuidados de sa\u00fade<\/p>\n                        \n                    <\/div>\n        <\/div>","bloque_dimensiones":"<div class=\"tabla_montaje\">\n                    <div>\n                        <p class=\"blockName\">Dimens\u00f5es e montagem<\/p>\n                        <div class=\"\">\n  <div>\n  \n      <table>\n        <tbody>\n        <tr>\n            <td><div><p><i aria-hidden=\"true\" class=\"prilux prilux-prilux_ico-montaje\"><\/i>Assembly<\/p><\/div><\/td>\n            <td>207638,537933,538237,538244<\/td>\n          <\/tr><tr>\n            <td><div><p><i aria-hidden=\"true\" class=\"prilux prilux-prilux_ico-dimensiones\"><\/i>Dimens\u00e3o<\/p><\/div><\/td>\n            <td>1.136x60x80mm<\/td>\n          <\/tr><tr>\n            <td><div><p><i aria-hidden=\"true\" class=\"prilux prilux-prilux_ico-posicion-montaje\"><\/i>Posi\u00e7\u00e3o de montagem<\/p><\/div><\/td>\n            <td>Superf\u00edcie<\/td>\n          <\/tr><tr>\n            <td><div><p><i aria-hidden=\"true\" class=\"prilux prilux-prilux_ico-emalmable\"><\/i>Jun\u00e7\u00e3o<\/p><\/div><\/td>\n            <td>N\u00c3O<\/td>\n          <\/tr><tr>\n            <td><div><p><i aria-hidden=\"true\" class=\"prilux prilux-prilux_ico-iluminacion-directa-indirecta\"><\/i>Ilumina\u00e7\u00e3o<\/p><\/div><\/td>\n            <td>Directa<\/td>\n          <\/tr>\n        <\/tbody>\n      <\/table>\n  <\/div>\n  <\/div>\n                    <\/div>\n                    <div class=\"tabla_montaje_imgs\">\n                        <img src=\"https:\/\/d7rh5s3nxmpy4.cloudfront.net\/CMP1303\/files\/gr-lynx-aluminio-empotrar-32w.svg\" alt=\"Avatar\">\n                        \n                    <\/div>\n                <\/div>","tabla_caracteristicas":"<div class=\"tabla_caracteristicas\">\n  <table>\n  <thead>\n    <tr>\n    <th><i aria-hidden=\"true\" class=\"prilux prilux-prilux_ico-codigo\"><\/i><\/th><th><i aria-hidden=\"true\" class=\"prilux prilux-prilux_ico-potencia_led_w\"><\/i><\/th><th><i aria-hidden=\"true\" class=\"prilux prilux-prilux_ico-potencia\"><\/i><\/th><th><i aria-hidden=\"true\" class=\"prilux prilux-prilux_ico-intensidad\"><\/i><\/th><th><i aria-hidden=\"true\" class=\"prilux prilux-prilux_ico-factor-potencia\"><\/i><\/th><th><i aria-hidden=\"true\" class=\"prilux prilux-prilux_ico-flujo-luminoso-led\"><\/i><\/th><th><i aria-hidden=\"true\" class=\"prilux prilux-prilux_ico-flujo-luminoso-luminaria\"><\/i><\/th><th><i aria-hidden=\"true\" class=\"prilux prilux-prilux_ico-numero-led\"><\/i><\/th><th><i aria-hidden=\"true\" class=\"prilux prilux-prilux_ico-cct\"><\/i><\/th><th><i aria-hidden=\"true\" class=\"prilux prilux-prilux_ico-difusor\"><\/i><\/th><th><i aria-hidden=\"true\" class=\"prilux prilux-prilux_ico-color\"><\/i><\/th><th><i aria-hidden=\"true\" class=\"prilux prilux-prilux_ico-protocolo-regulacion-reprogramacion\"><\/i><\/th><th><i aria-hidden=\"true\" class=\"prilux prilux-prilux_ico-dimensiones\"><\/i><\/th>\n    <\/tr>\n  <\/thead>\n  <tbody>\n    <tr>\n    <td>538114<\/td><td>30<\/td><td>32<\/td><td>390<\/td><td>\u22650,9<\/td><td>3945<\/td><td>2286<\/td><td>72<\/td><td>4000K<\/td><td>AL-SP<\/td><td>9006<\/td><td>N\u00c3O<\/td><td>1.136x60x80<\/td>\n    <\/tr>\n  <\/tbody>\n  <\/table>\n  <div\/>","tabla_descargas":"<div class=\"tabla_descargas\">\n        <div class=\"tabla_descargas_img\">\n        <img src=\"https:\/\/d7rh5s3nxmpy4.cloudfront.net\/CMP1303\/prilux-lynx-celosia.jpg\" \/>\n        <\/div>\n        <div class=\"tabla_descargas_table\">\n          <table>\n          <tbody><tr>\n            <td><img src=\"https:\/\/www.prilux.es\/wp-content\/uploads\/2021\/12\/icono-catalogo-1.svg\"\/><p>C\u00f3digo SKU<\/p><\/td>\n            <td>538114<\/td>\n          <\/tr><tr>\n            <td><img src=\"https:\/\/www.prilux.es\/wp-content\/uploads\/2021\/12\/icono-catalogo-1.svg\"\/><p>Ficha t\u00e9cnica SKU<\/p><\/td>\n            <td><a title=\"Ficha t\u00e9cnica\" href=\"https:\/\/storage.googleapis.com\/prilux-web-fichas\/ft-538114-LYNX_LED_pt.pdf\" class=\"DownloadButton\" target=\"_blank\" rel=\"noopener noreferrer\"><span>DOWNLOAD<\/span><i aria-hidden=\"true\" class=\"far fa-arrow-alt-circle-down\"><\/a><\/td>\n          <\/tr><tr>\n            <td><img src=\"https:\/\/www.prilux.es\/wp-content\/uploads\/2021\/12\/icono-catalogo-1.svg\"\/><p>Ficha T\u00e9cnica Modelo<\/p><\/td>\n            <td><a title=\"Ficha T\u00e9cnica modelo\" href=\"https:\/\/storage.googleapis.com\/prilux-web-fichas\/ft-LYNX_LED_pt.pdf\" class=\"DownloadButton\" target=\"_blank\" rel=\"noopener noreferrer\"><span>DOWNLOAD<\/span><i aria-hidden=\"true\" class=\"far fa-arrow-alt-circle-down\"><\/a><\/td>\n          <\/tr><tr>\n            <td><img src=\"https:\/\/www.prilux.es\/wp-content\/uploads\/2021\/12\/icono-catalogo-1.svg\"\/><p>Declara\u00e7\u00e3o de conformidade<\/p><\/td>\n            <td><a title=\"Declaraci\u00f3n de conformidad\" href=\"https:\/\/d7rh5s3nxmpy4.cloudfront.net\/CMP1303\/files\/2\/dc-eu-lynx-led-line.pdf\" class=\"DownloadButton\" target=\"_blank\" rel=\"noopener noreferrer\"><span>DOWNLOAD<\/span><i aria-hidden=\"true\" class=\"far fa-arrow-alt-circle-down\"><\/a><\/td>\n          <\/tr><tr>\n            <td><img src=\"https:\/\/www.prilux.es\/wp-content\/uploads\/2021\/12\/icono-catalogo-1.svg\"\/><p>Manual de instru\u00e7\u00f5es<\/p><\/td>\n            <td><a title=\"Manual\" href=\"https:\/\/d7rh5s3nxmpy4.cloudfront.net\/CMP1303\/files\/1\/m-lynx-led.pdf\" class=\"DownloadButton\" target=\"_blank\" rel=\"noopener noreferrer\"><span>DOWNLOAD<\/span><i aria-hidden=\"true\" class=\"far fa-arrow-alt-circle-down\"><\/a><\/td>\n          <\/tr><tr>\n          <td><img src=\"https:\/\/www.prilux.es\/wp-content\/uploads\/2021\/12\/icono-catalogo-1.svg\"\/><p>Gr\u00e1fico CAD<\/p><\/td>\n          <td><a title=\"Gr\u00e1fico CAD\" href=\"https:\/\/d7rh5s3nxmpy4.cloudfront.net\/CMP1303\/gr-lynx-aluminio-32w.jpg\" class=\"DownloadButton\" target=\"_blank\" rel=\"noopener noreferrer\"><span>DOWNLOAD<\/span><i aria-hidden=\"true\" class=\"far fa-arrow-alt-circle-down\"><\/a><\/td>\n        <\/tr>\n          <\/tbody>\n          <\/table>\n        <\/div>\n        <\/div>\n        ","tabla_detalle_caracteristicas":"<div class=\"tabla_detalle_caracteristicas\">\n  <div>\n  <p class=\"blockName\">Dados el\u00e9tricos<\/p>\n      <table>\n        <tbody>\n        <tr>\n            <td><div><p><i aria-hidden=\"true\" class=\"prilux prilux-prilux_ico--tension\"><\/i>Tens\u00e3o (V)<\/p><\/div><\/td>\n            <td>220-240V<\/td>\n          <\/tr><tr>\n            <td><div><p><i aria-hidden=\"true\" class=\"prilux prilux-prilux_ico-frecuencia-segemnto\"><\/i>Frequ\u00eancia (Hz)<\/p><\/div><\/td>\n            <td>50-60Hz<\/td>\n          <\/tr><tr>\n            <td><div><p><i aria-hidden=\"true\" class=\"prilux prilux-prilux_ico-intensidad\"><\/i>Intensidade (mA)<\/p><\/div><\/td>\n            <td>390mA<\/td>\n          <\/tr><tr>\n            <td><div><p><i aria-hidden=\"true\" class=\"prilux prilux-prilux_ico-factor-potencia\"><\/i>Fator de Pot\u00eancia (Cos fi)<\/p><\/div><\/td>\n            <td>\u22650,9<\/td>\n          <\/tr><tr>\n            <td><div><p><i aria-hidden=\"true\" class=\"prilux prilux-prilux_ico-numero-led\"><\/i>N\u00famero de leds<\/p><\/div><\/td>\n            <td>72<\/td>\n          <\/tr><tr>\n            <td><div><p><i aria-hidden=\"true\" class=\"prilux prilux-prilux_ico-protocolo-regulacion-reprogramacion\"><\/i>Regula\u00e7ao<\/p><\/div><\/td>\n            <td>N\u00c3O<\/td>\n          <\/tr>\n        <\/tbody>\n      <\/table>\n  <\/div><div>\n  <p class=\"blockName\">Dimens\u00f5es e montagem<\/p>\n      <table>\n        <tbody>\n        <tr>\n            <td><div><p><i aria-hidden=\"true\" class=\"prilux prilux-prilux_ico-montaje\"><\/i>Assembly<\/p><\/div><\/td>\n            <td>207638,537933,538237,538244<\/td>\n          <\/tr><tr>\n            <td><div><p><i aria-hidden=\"true\" class=\"prilux prilux-prilux_ico-dimensiones\"><\/i>Dimens\u00e3o<\/p><\/div><\/td>\n            <td>1.136x60x80mm<\/td>\n          <\/tr><tr>\n            <td><div><p><i aria-hidden=\"true\" class=\"prilux prilux-prilux_ico-posicion-montaje\"><\/i>Posi\u00e7\u00e3o de montagem<\/p><\/div><\/td>\n            <td>Superf\u00edcie<\/td>\n          <\/tr><tr>\n            <td><div><p><i aria-hidden=\"true\" class=\"prilux prilux-prilux_ico-emalmable\"><\/i>Jun\u00e7\u00e3o<\/p><\/div><\/td>\n            <td>N\u00c3O<\/td>\n          <\/tr><tr>\n            <td><div><p><i aria-hidden=\"true\" class=\"prilux prilux-prilux_ico-iluminacion-directa-indirecta\"><\/i>Ilumina\u00e7\u00e3o<\/p><\/div><\/td>\n            <td>Directa<\/td>\n          <\/tr>\n        <\/tbody>\n      <\/table>\n  <\/div><div>\n  <p class=\"blockName\">Dados \u00f3pticos<\/p>\n      <table>\n        <tbody>\n        <tr>\n            <td><div><p><i aria-hidden=\"true\" class=\"prilux prilux-prilux_ico-cct\"><\/i>Temperatura de cor<\/p><\/div><\/td>\n            <td>4000K<\/td>\n          <\/tr><tr>\n            <td><div><p><i aria-hidden=\"true\" class=\"prilux prilux-prilux_ico-cri\"><\/i>CRI \u00cdndice de repr. crom\u00e1tica<\/p><\/div><\/td>\n            <td>80<\/td>\n          <\/tr>\n        <\/tbody>\n      <\/table>\n  <\/div><div>\n  <p class=\"blockName\">Carca\u00e7a e Acabamento<\/p>\n      <table>\n        <tbody>\n        <tr>\n            <td><div><p><i aria-hidden=\"true\" class=\"prilux prilux-prilux_ico-ip-luminaria\"><\/i>\u00cdndice de estanqueidade IP<\/p><\/div><\/td>\n            <td>IP20<\/td>\n          <\/tr><tr>\n            <td><div><p><i aria-hidden=\"true\" class=\"prilux prilux-prilux_ico-color\"><\/i>Cor do corpo<\/p><\/div><\/td>\n            <td>9006<\/td>\n          <\/tr><tr>\n            <td><div><p><i aria-hidden=\"true\" class=\"prilux prilux-prilux_ico-cuerpo\"><\/i>Corpo<\/p><\/div><\/td>\n            <td>AL<\/td>\n          <\/tr>\n        <\/tbody>\n      <\/table>\n  <\/div><div>\n  <p class=\"blockName\">Desempenho<\/p>\n      <table>\n        <tbody>\n        <tr>\n            <td><div><p><i aria-hidden=\"true\" class=\"prilux prilux-prilux_ico-flujo-luminoso-luminaria\"><\/i>Fluxo (lm)<\/p><\/div><\/td>\n            <td>2286lm<\/td>\n          <\/tr>\n        <\/tbody>\n      <\/table>\n  <\/div><div>\n  <p class=\"blockName\">Vida<\/p>\n      <table>\n        <tbody>\n        <tr>\n            <td><div><p><i aria-hidden=\"true\" class=\"prilux prilux-prilux_ico-vida-util\"><\/i>Vida<\/p><\/div><\/td>\n            <td>L70>50000h<\/td>\n          <\/tr><tr>\n            <td><div><p><i aria-hidden=\"true\" class=\"prilux prilux-prilux_ico-vida-l70\"><\/i>Vida<\/p><\/div><\/td>\n            <td>L70 >50000h<\/td>\n          <\/tr>\n        <\/tbody>\n      <\/table>\n  <\/div><div>\n  <p class=\"blockName\">Prote\u00e7\u00f5es<\/p>\n      <table>\n        <tbody>\n        <tr>\n            <td><div><p><i aria-hidden=\"true\" class=\"prilux prilux-prilux_ico-proteccion-sobretensiones\"><\/i>Prote\u00e7\u00e3o surtos<\/p><\/div><\/td>\n            <td>N\u00c3O<\/td>\n          <\/tr>\n        <\/tbody>\n      <\/table>\n  <\/div><div>\n  <p class=\"blockName\">Dados gerais<\/p>\n      <table>\n        <tbody>\n        <tr>\n            <td><div><p><i aria-hidden=\"true\" class=\"prilux prilux-prilux_ico-clase-i\"><\/i>Isolamento el\u00e9trico<\/p><\/div><\/td>\n            <td>CCI<\/td>\n          <\/tr>\n        <\/tbody>\n      <\/table>\n  <\/div>\n  <\/div>","bloque_opticos":"<div class=\"tabla_detalle_caracteristicas\">\n            <div><img class=\"bloque_imagen\" src=\"http:\/\/d7rh5s3nxmpy4.cloudfront.net\/CMP1303\/origin\/image\/gr-avatar.jpg\" alt=\"Avatar\"><\/div>\n            <div class=\"\">\n  <div>\n  \n      <table>\n        <tbody>\n        <tr>\n            <td><div><p><i aria-hidden=\"true\" class=\"prilux prilux-prilux_ico-cct\"><\/i>Temperatura de cor<\/p><\/div><\/td>\n            <td>4000K<\/td>\n          <\/tr><tr>\n            <td><div><p><i aria-hidden=\"true\" class=\"prilux prilux-prilux_ico-cri\"><\/i>CRI \u00cdndice de repr. crom\u00e1tica<\/p><\/div><\/td>\n            <td>80<\/td>\n          <\/tr>\n        <\/tbody>\n      <\/table>\n  <\/div>\n  <\/div>\n            <\/div>","cf_potencia_w":"30","cf_cct":"4.000K","cf_flujo_luminoso":"2.286","accesorios_producto":"PPRIL00000207638,XPRIL00000538237,XPRIL00000538244,PPRIL00000537933"},"_links":{"self":[{"href":"https:\/\/prilux.es\/pt-pt\/wp-json\/wp\/v2\/product\/1111360"}],"collection":[{"href":"https:\/\/prilux.es\/pt-pt\/wp-json\/wp\/v2\/product"}],"about":[{"href":"https:\/\/prilux.es\/pt-pt\/wp-json\/wp\/v2\/types\/product"}],"version-history":[{"count":0,"href":"https:\/\/prilux.es\/pt-pt\/wp-json\/wp\/v2\/product\/1111360\/revisions"}],"wp:featuredmedia":[{"embeddable":true,"href":"https:\/\/prilux.es\/pt-pt\/wp-json\/wp\/v2\/media\/52236"}],"wp:attachment":[{"href":"https:\/\/prilux.es\/pt-pt\/wp-json\/wp\/v2\/media?parent=1111360"}],"wp:term":[{"taxonomy":"product_cat","embeddable":true,"href":"https:\/\/prilux.es\/pt-pt\/wp-json\/wp\/v2\/product_cat?post=1111360"},{"taxonomy":"product_tag","embeddable":true,"href":"https:\/\/prilux.es\/pt-pt\/wp-json\/wp\/v2\/product_tag?post=1111360"},{"taxonomy":"familia","embeddable":true,"href":"https:\/\/prilux.es\/pt-pt\/wp-json\/wp\/v2\/familia?post=1111360"}],"curies":[{"name":"wp","href":"https:\/\/api.w.org\/{rel}","templated":true}]}}