{"id":1111392,"date":"2021-10-25T13:48:01","date_gmt":"2021-10-25T12:48:01","guid":{"rendered":"https:\/\/www.prilux.es\/product\/lynx-line-alu-1x30w-840-ini-fin-2\/"},"modified":"2024-08-27T11:40:47","modified_gmt":"2024-08-27T10:40:47","slug":"lynx-line-alu-1x30w-840-ini-fin-2","status":"publish","type":"product","link":"https:\/\/prilux.es\/pt-pt\/produto\/lynx-line-alu-1x30w-840-ini-fin-2\/","title":{"rendered":"LYNX LINE ALU 1X30W 840 INI \/ FIN"},"content":{"rendered":"<p>A lumin\u00e1ria 30W LYNX LED LINE, da gama Prilux Interior LED Decorative, \u00e9 uma lumin\u00e1ria para liga\u00e7\u00e3o online, que proporciona uma ilumina\u00e7\u00e3o moderna e de qualidade em todos os tipos de interiores. De baixo consumo, a LYNX LED LINE \u00e9 uma lumin\u00e1ria desenhada pela Prilux e Made in Spain, adequada para utiliza\u00e7\u00e3o em interiores, com um \u00edndice de protec\u00e7\u00e3o IP20. Possui boas qualidades de ilumina\u00e7\u00e3o, gra\u00e7as ao seu \u00edndice de restitui\u00e7\u00e3o de cores Ra&gt; 80, que garante uma reprodu\u00e7\u00e3o fiel das cores dos objetos iluminados. A linha de lumin\u00e1rias pode ser montada no teto ou suspensa, utilizando os acess\u00f3rios correspondentes. Esta se\u00e7\u00e3o da lumin\u00e1ria deve ser instalada no in\u00edcio ou no final da linha cont\u00ednua. O LYNX LED LINE tem dimens\u00f5es de 1.127,5 x 60 x 80mm, com corpo de alum\u00ednio na cor cinza RAL 9006, e uma rede \u00f3tica exclusiva em alum\u00ednio especular. \u00c9 uma lumin\u00e1ria LED de baixo consumo, com uma vida \u00fatil de L70&gt; 50.000h. A instala\u00e7\u00e3o do LYNX LED LINE proporciona poupan\u00e7as de energia significativas, uma vez que, com os seus 72 LEDs, esta lumin\u00e1ria possui uma pot\u00eancia de LED de 30W e um fluxo luminoso de LED de 4.061 lumens, a uma intensidade de 390mA. Equipado com l\u00e2mpadas LED de 4.000K e tom de luz neutro, e tamb\u00e9m com CCT de 3.000K, 5.000K e 6.500K dispon\u00edveis mediante solicita\u00e7\u00e3o. Tamb\u00e9m a pedido est\u00e3o dispon\u00edveis um kit de emerg\u00eancia para a lumin\u00e1ria e um sensor de presen\u00e7a e luz.<\/p>\n","protected":false},"excerpt":{"rendered":"<p>A lumin\u00e1ria 30W LYNX LED LINE, da gama Prilux Interior LED Decorative, \u00e9 uma lumin\u00e1ria para liga\u00e7\u00e3o online, que proporciona uma ilumina\u00e7\u00e3o moderna e de qualidade em todos os tipos de interiores. De baixo consumo, a LYNX LED LINE \u00e9 uma lumin\u00e1ria desenhada pela Prilux e Made in Spain, adequada para utiliza\u00e7\u00e3o em interiores, com um \u00edndice de protec\u00e7\u00e3o IP20. Possui boas qualidades de ilumina\u00e7\u00e3o, gra\u00e7as ao seu \u00edndice de restitui\u00e7\u00e3o de cores Ra&gt; 80, que garante uma reprodu\u00e7\u00e3o fiel das cores dos objetos iluminados. A linha de lumin\u00e1rias pode ser montada no teto ou suspensa, utilizando os acess\u00f3rios correspondentes. Esta se\u00e7\u00e3o da lumin\u00e1ria deve ser instalada no in\u00edcio ou no final da linha cont\u00ednua. O LYNX LED LINE tem dimens\u00f5es de 1.127,5 x 60 x 80mm, com corpo de alum\u00ednio na cor cinza RAL 9006, e uma rede \u00f3tica exclusiva em alum\u00ednio especular. \u00c9 uma lumin\u00e1ria LED de baixo consumo, com uma vida \u00fatil de L70&gt; 50.000h. A instala\u00e7\u00e3o do LYNX LED LINE proporciona poupan\u00e7as de energia significativas, uma vez que, com os seus 72 LEDs, esta lumin\u00e1ria possui uma pot\u00eancia de LED de 30W e um fluxo luminoso de LED de 4.061 lumens, a uma intensidade de 390mA. Equipado com l\u00e2mpadas LED de 4.000K e tom de luz neutro, e tamb\u00e9m com CCT de 3.000K, 5.000K e 6.500K dispon\u00edveis mediante solicita\u00e7\u00e3o. Tamb\u00e9m a pedido est\u00e3o dispon\u00edveis um kit de emerg\u00eancia para a lumin\u00e1ria e um sensor de presen\u00e7a e luz.<\/p>\n","protected":false},"featured_media":52236,"template":"","meta":[],"product_cat":[15],"product_tag":[],"familia":[],"acf":[],"_links":{"self":[{"href":"https:\/\/prilux.es\/pt-pt\/wp-json\/wp\/v2\/product\/1111392"}],"collection":[{"href":"https:\/\/prilux.es\/pt-pt\/wp-json\/wp\/v2\/product"}],"about":[{"href":"https:\/\/prilux.es\/pt-pt\/wp-json\/wp\/v2\/types\/product"}],"version-history":[{"count":0,"href":"https:\/\/prilux.es\/pt-pt\/wp-json\/wp\/v2\/product\/1111392\/revisions"}],"wp:featuredmedia":[{"embeddable":true,"href":"https:\/\/prilux.es\/pt-pt\/wp-json\/wp\/v2\/media\/52236"}],"wp:attachment":[{"href":"https:\/\/prilux.es\/pt-pt\/wp-json\/wp\/v2\/media?parent=1111392"}],"wp:term":[{"taxonomy":"product_cat","embeddable":true,"href":"https:\/\/prilux.es\/pt-pt\/wp-json\/wp\/v2\/product_cat?post=1111392"},{"taxonomy":"product_tag","embeddable":true,"href":"https:\/\/prilux.es\/pt-pt\/wp-json\/wp\/v2\/product_tag?post=1111392"},{"taxonomy":"familia","embeddable":true,"href":"https:\/\/prilux.es\/pt-pt\/wp-json\/wp\/v2\/familia?post=1111392"}],"curies":[{"name":"wp","href":"https:\/\/api.w.org\/{rel}","templated":true}]}}