{"id":1111605,"date":"2021-10-25T14:06:14","date_gmt":"2021-10-25T13:06:14","guid":{"rendered":"https:\/\/www.prilux.es\/product\/softline-25w-600x120mm-840-230v-branco-2\/"},"modified":"2026-01-28T16:58:32","modified_gmt":"2026-01-28T15:58:32","slug":"softline-25w-600x120mm-840-230v-branco-2","status":"publish","type":"product","link":"https:\/\/prilux.es\/pt-pt\/produto\/softline-25w-600x120mm-840-230v-branco-2\/","title":{"rendered":"SOFTLINE 25W 600X120MM 840 230V BRANCO"},"content":{"rendered":"<p>A lumin\u00e1ria 25W SOFTLINE LED \u00e9 uma lumin\u00e1ria de baixo consumo ideal para ilumina\u00e7\u00e3o de interiores, da fam\u00edlia PRILUX CABINET. Eficaz e eficiente, o SOFTLINE LED deve ser instalado em ambientes internos, pois n\u00e3o \u00e9 adequado para exposi\u00e7\u00e3o aos raios UVA. A lumin\u00e1ria tem formato alongado, com corpo em alum\u00ednio branco e difusor em PMMA. Possui \u00edndice de prote\u00e7\u00e3o IP20. Equipada com tecnologia LED, \u00e9 uma lumin\u00e1ria de baixo consumo energ\u00e9tico, com 25W de pot\u00eancia a 230Vac, e fluxo luminoso LED de 2.945 l\u00famens. Equipado com 4.000K l\u00e2mpadas LED com temperatura de cor e tom de luz neutro. O \u00e2ngulo de abertura do feixe de luz \u00e9 120 \u00b0. Para maior conforto e durabilidade, SOFTLINE LED tem uma longa vida \u00fatil de L70&gt; 25.000h. Tem as dimens\u00f5es de 613 x 120 x 31 mm.<\/p>\n","protected":false},"excerpt":{"rendered":"<p>A lumin\u00e1ria 25W SOFTLINE LED \u00e9 uma lumin\u00e1ria de baixo consumo ideal para ilumina\u00e7\u00e3o de interiores, da fam\u00edlia PRILUX CABINET. Eficaz e eficiente, o SOFTLINE LED deve ser instalado em ambientes internos, pois n\u00e3o \u00e9 adequado para exposi\u00e7\u00e3o aos raios UVA. A lumin\u00e1ria tem formato alongado, com corpo em alum\u00ednio branco e difusor em PMMA. Possui \u00edndice de prote\u00e7\u00e3o IP20. Equipada com tecnologia LED, \u00e9 uma lumin\u00e1ria de baixo consumo energ\u00e9tico, com 25W de pot\u00eancia a 230Vac, e fluxo luminoso LED de 2.945 l\u00famens. Equipado com 4.000K l\u00e2mpadas LED com temperatura de cor e tom de luz neutro. O \u00e2ngulo de abertura do feixe de luz \u00e9 120 \u00b0. Para maior conforto e durabilidade, SOFTLINE LED tem uma longa vida \u00fatil de L70&gt; 25.000h. Tem as dimens\u00f5es de 613 x 120 x 31 mm.<\/p>\n","protected":false},"featured_media":52822,"template":"","meta":[],"product_cat":[15],"product_tag":[],"familia":[{"id":25277,"name":"SOFTLINE","slug":"softline-pt"}],"acf":[],"_links":{"self":[{"href":"https:\/\/prilux.es\/pt-pt\/wp-json\/wp\/v2\/product\/1111605"}],"collection":[{"href":"https:\/\/prilux.es\/pt-pt\/wp-json\/wp\/v2\/product"}],"about":[{"href":"https:\/\/prilux.es\/pt-pt\/wp-json\/wp\/v2\/types\/product"}],"version-history":[{"count":0,"href":"https:\/\/prilux.es\/pt-pt\/wp-json\/wp\/v2\/product\/1111605\/revisions"}],"wp:featuredmedia":[{"embeddable":true,"href":"https:\/\/prilux.es\/pt-pt\/wp-json\/wp\/v2\/media\/52822"}],"wp:attachment":[{"href":"https:\/\/prilux.es\/pt-pt\/wp-json\/wp\/v2\/media?parent=1111605"}],"wp:term":[{"taxonomy":"product_cat","embeddable":true,"href":"https:\/\/prilux.es\/pt-pt\/wp-json\/wp\/v2\/product_cat?post=1111605"},{"taxonomy":"product_tag","embeddable":true,"href":"https:\/\/prilux.es\/pt-pt\/wp-json\/wp\/v2\/product_tag?post=1111605"},{"taxonomy":"familia","embeddable":true,"href":"https:\/\/prilux.es\/pt-pt\/wp-json\/wp\/v2\/familia?post=1111605"}],"curies":[{"name":"wp","href":"https:\/\/api.w.org\/{rel}","templated":true}]}}