{"id":1111606,"date":"2021-10-25T13:56:48","date_gmt":"2021-10-25T12:56:48","guid":{"rendered":"https:\/\/www.prilux.es\/product\/arm-regua-argos-led-2x1500mm-1ext-c-polar\/"},"modified":"2024-08-27T11:50:45","modified_gmt":"2024-08-27T10:50:45","slug":"arm-regua-argos-led-2x1500mm-1ext-c-polar","status":"publish","type":"product","link":"https:\/\/prilux.es\/pt-pt\/produto\/arm-regua-argos-led-2x1500mm-1ext-c-polar\/","title":{"rendered":"ARM. R\u00c9GUA ARGOS LED 2X1500MM 1EXT C\/POLAR"},"content":{"rendered":"<p>A faixa LED ARGOS \u00e9 uma lumin\u00e1ria de baixo consumo para ilumina\u00e7\u00e3o de interiores, da fam\u00edlia PRILUX CABINET. Eficazes e eficientes, as l\u00e2mpadas nesta faixa de economia de energia s\u00e3o 2x ecTUBE LED 1.500 mm. Funciona com tens\u00e3o de 230 Vca. Esta lumin\u00e1ria consiste em uma faixa 2x sem polaridade para tubo com fonte de alimenta\u00e7\u00e3o em uma extremidade e a outra em ponte. A pedido, a conex\u00e3o de tubo em ambas as extremidades e a conex\u00e3o em uma extremidade sem polaridade est\u00e3o dispon\u00edveis. O soquete da tira \u00e9 G13. Com corpo em alum\u00ednio, na cor branca. Adequada para ilumina\u00e7\u00e3o interna, a faixa de LED ARGOS tem um \u00edndice de prote\u00e7\u00e3o IP20. O LED ARGOS tem as dimens\u00f5es de 1.525 x 50 x 72 mm.<\/p>\n","protected":false},"excerpt":{"rendered":"<p>A faixa LED ARGOS \u00e9 uma lumin\u00e1ria de baixo consumo para ilumina\u00e7\u00e3o de interiores, da fam\u00edlia PRILUX CABINET. Eficazes e eficientes, as l\u00e2mpadas nesta faixa de economia de energia s\u00e3o 2x ecTUBE LED 1.500 mm. Funciona com tens\u00e3o de 230 Vca. Esta lumin\u00e1ria consiste em uma faixa 2x sem polaridade para tubo com fonte de alimenta\u00e7\u00e3o em uma extremidade e a outra em ponte. A pedido, a conex\u00e3o de tubo em ambas as extremidades e a conex\u00e3o em uma extremidade sem polaridade est\u00e3o dispon\u00edveis. O soquete da tira \u00e9 G13. Com corpo em alum\u00ednio, na cor branca. Adequada para ilumina\u00e7\u00e3o interna, a faixa de LED ARGOS tem um \u00edndice de prote\u00e7\u00e3o IP20. O LED ARGOS tem as dimens\u00f5es de 1.525 x 50 x 72 mm.<\/p>\n","protected":false},"featured_media":51693,"template":"","meta":[],"product_cat":[15],"product_tag":[],"familia":[],"acf":[],"_links":{"self":[{"href":"https:\/\/prilux.es\/pt-pt\/wp-json\/wp\/v2\/product\/1111606"}],"collection":[{"href":"https:\/\/prilux.es\/pt-pt\/wp-json\/wp\/v2\/product"}],"about":[{"href":"https:\/\/prilux.es\/pt-pt\/wp-json\/wp\/v2\/types\/product"}],"version-history":[{"count":0,"href":"https:\/\/prilux.es\/pt-pt\/wp-json\/wp\/v2\/product\/1111606\/revisions"}],"wp:featuredmedia":[{"embeddable":true,"href":"https:\/\/prilux.es\/pt-pt\/wp-json\/wp\/v2\/media\/51693"}],"wp:attachment":[{"href":"https:\/\/prilux.es\/pt-pt\/wp-json\/wp\/v2\/media?parent=1111606"}],"wp:term":[{"taxonomy":"product_cat","embeddable":true,"href":"https:\/\/prilux.es\/pt-pt\/wp-json\/wp\/v2\/product_cat?post=1111606"},{"taxonomy":"product_tag","embeddable":true,"href":"https:\/\/prilux.es\/pt-pt\/wp-json\/wp\/v2\/product_tag?post=1111606"},{"taxonomy":"familia","embeddable":true,"href":"https:\/\/prilux.es\/pt-pt\/wp-json\/wp\/v2\/familia?post=1111606"}],"curies":[{"name":"wp","href":"https:\/\/api.w.org\/{rel}","templated":true}]}}