{"id":1111613,"date":"2021-10-25T13:49:41","date_gmt":"2021-10-25T12:49:41","guid":{"rendered":"https:\/\/www.prilux.es\/product\/favria-branco-30w-840-230v-2\/"},"modified":"2025-05-29T08:48:08","modified_gmt":"2025-05-29T07:48:08","slug":"favria-branco-30w-840-230v","status":"publish","type":"product","link":"https:\/\/prilux.es\/pt-pt\/produto\/favria-branco-30w-840-230v\/","title":{"rendered":"FAVRIA BRANCO 30W 840 230V"},"content":{"rendered":"<p>A lumin\u00e1ria FAVRIA LED 30W \u00e9 uma lumin\u00e1ria de baixo consumo para ilumina\u00e7\u00e3o interior, da fam\u00edlia PRILUX SILVER LED. Eficiente e eficaz, FAVRIA \u00e9 uma lumin\u00e1ria econ\u00f3mica adequada para iluminar espa\u00e7os interiores gra\u00e7as ao seu \u00edndice de protec\u00e7\u00e3o IP40. Ele tamb\u00e9m tem uma longa vida \u00fatil, L70&gt; 25.000h. \u00c9 montado na superf\u00edcie, no teto. A lumin\u00e1ria LED circular tem corpo em policarbonato branco e difusor em policarbonato opalino. Equipada com tecnologia LED, FAVRIA \u00e9 uma lumin\u00e1ria com 30 W de pot\u00eancia a 230 V CA e intensidade de 140 mA. Com fluxo luminoso de 2.992 lumens. Equipado com 4.000K l\u00e2mpadas LED com temperatura de cor e tom de luz neutro. O \u00e2ngulo do feixe \u00e9 125 \u00b0. Com boas qualidades de luz, possui um \u00edndice de reprodu\u00e7\u00e3o de cores Ra&gt; 80, o que garante uma reprodu\u00e7\u00e3o fiel das cores dos objetos iluminados. FAVRIA tem dimens\u00f5es de \u00f8290 x 70 mm.<\/p>\n","protected":false},"excerpt":{"rendered":"<p>A lumin\u00e1ria FAVRIA LED 30W \u00e9 uma lumin\u00e1ria de baixo consumo para ilumina\u00e7\u00e3o interior, da fam\u00edlia PRILUX SILVER LED. Eficiente e eficaz, FAVRIA \u00e9 uma lumin\u00e1ria econ\u00f3mica adequada para iluminar espa\u00e7os interiores gra\u00e7as ao seu \u00edndice de protec\u00e7\u00e3o IP40. Ele tamb\u00e9m tem uma longa vida \u00fatil, L70&gt; 25.000h. \u00c9 montado na superf\u00edcie, no teto. A lumin\u00e1ria LED circular tem corpo em policarbonato branco e difusor em policarbonato opalino. Equipada com tecnologia LED, FAVRIA \u00e9 uma lumin\u00e1ria com 30 W de pot\u00eancia a 230 V CA e intensidade de 140 mA. Com fluxo luminoso de 2.992 lumens. Equipado com 4.000K l\u00e2mpadas LED com temperatura de cor e tom de luz neutro. O \u00e2ngulo do feixe \u00e9 125 \u00b0. Com boas qualidades de luz, possui um \u00edndice de reprodu\u00e7\u00e3o de cores Ra&gt; 80, o que garante uma reprodu\u00e7\u00e3o fiel das cores dos objetos iluminados. FAVRIA tem dimens\u00f5es de \u00f8290 x 70 mm.<\/p>\n","protected":false},"featured_media":1700481,"template":"","meta":[],"product_cat":[6131],"product_tag":[],"familia":[{"id":25258,"name":"FAVRIA","slug":"favria-pt"}],"acf":[],"_links":{"self":[{"href":"https:\/\/prilux.es\/pt-pt\/wp-json\/wp\/v2\/product\/1111613"}],"collection":[{"href":"https:\/\/prilux.es\/pt-pt\/wp-json\/wp\/v2\/product"}],"about":[{"href":"https:\/\/prilux.es\/pt-pt\/wp-json\/wp\/v2\/types\/product"}],"version-history":[{"count":0,"href":"https:\/\/prilux.es\/pt-pt\/wp-json\/wp\/v2\/product\/1111613\/revisions"}],"wp:featuredmedia":[{"embeddable":true,"href":"https:\/\/prilux.es\/pt-pt\/wp-json\/wp\/v2\/media\/1700481"}],"wp:attachment":[{"href":"https:\/\/prilux.es\/pt-pt\/wp-json\/wp\/v2\/media?parent=1111613"}],"wp:term":[{"taxonomy":"product_cat","embeddable":true,"href":"https:\/\/prilux.es\/pt-pt\/wp-json\/wp\/v2\/product_cat?post=1111613"},{"taxonomy":"product_tag","embeddable":true,"href":"https:\/\/prilux.es\/pt-pt\/wp-json\/wp\/v2\/product_tag?post=1111613"},{"taxonomy":"familia","embeddable":true,"href":"https:\/\/prilux.es\/pt-pt\/wp-json\/wp\/v2\/familia?post=1111613"}],"curies":[{"name":"wp","href":"https:\/\/api.w.org\/{rel}","templated":true}]}}