{"id":1111682,"date":"2021-10-25T14:12:07","date_gmt":"2021-10-25T13:12:07","guid":{"rendered":"https:\/\/www.prilux.es\/product\/bendline-35w-80x1200mm-840-230v-branco-2\/"},"modified":"2024-08-27T11:52:42","modified_gmt":"2024-08-27T10:52:42","slug":"bendline-35w-80x1200mm-840-230v-branco-2","status":"publish","type":"product","link":"https:\/\/prilux.es\/pt-pt\/produto\/bendline-35w-80x1200mm-840-230v-branco-2\/","title":{"rendered":"BENDLINE 35W 80X1200MM 840 230V BRANCO"},"content":{"rendered":"<p>A lumin\u00e1ria 35W BENDLINE LED \u00e9 uma lumin\u00e1ria de baixo consumo para ilumina\u00e7\u00e3o de interiores, da fam\u00edlia PRILUX CABINET. O LED BENDLINE \u00e9 ideal para uso interno, pois n\u00e3o \u00e9 adequado para exposi\u00e7\u00e3o aos raios UVA. A lumin\u00e1ria tem formato alongado, com corpo em alum\u00ednio branco e difusor em policarbonato. Possui \u00edndice de prote\u00e7\u00e3o IP20. Equipada com tecnologia LED, \u00e9 uma lumin\u00e1ria de baixo consumo energ\u00e9tico, com 35W de pot\u00eancia a 230 Vca, e fluxo luminoso LED de 3.956 l\u00famens. Equipado com 4.000K l\u00e2mpadas LED com temperatura de cor e tom de luz neutro. O \u00e2ngulo de abertura do feixe de luz \u00e9 120 \u00b0. Para maior conforto e longa dura\u00e7\u00e3o, o BENDLINE LED tem uma longa vida \u00fatil de L70&gt; 25.000h. Tem as dimens\u00f5es de 1197 x 80 x 31 mm.<\/p>\n","protected":false},"excerpt":{"rendered":"<p>A lumin\u00e1ria 35W BENDLINE LED \u00e9 uma lumin\u00e1ria de baixo consumo para ilumina\u00e7\u00e3o de interiores, da fam\u00edlia PRILUX CABINET. O LED BENDLINE \u00e9 ideal para uso interno, pois n\u00e3o \u00e9 adequado para exposi\u00e7\u00e3o aos raios UVA. A lumin\u00e1ria tem formato alongado, com corpo em alum\u00ednio branco e difusor em policarbonato. Possui \u00edndice de prote\u00e7\u00e3o IP20. Equipada com tecnologia LED, \u00e9 uma lumin\u00e1ria de baixo consumo energ\u00e9tico, com 35W de pot\u00eancia a 230 Vca, e fluxo luminoso LED de 3.956 l\u00famens. Equipado com 4.000K l\u00e2mpadas LED com temperatura de cor e tom de luz neutro. O \u00e2ngulo de abertura do feixe de luz \u00e9 120 \u00b0. Para maior conforto e longa dura\u00e7\u00e3o, o BENDLINE LED tem uma longa vida \u00fatil de L70&gt; 25.000h. Tem as dimens\u00f5es de 1197 x 80 x 31 mm.<\/p>\n","protected":false},"featured_media":52474,"template":"","meta":[],"product_cat":[15],"product_tag":[],"familia":[],"acf":[],"_links":{"self":[{"href":"https:\/\/prilux.es\/pt-pt\/wp-json\/wp\/v2\/product\/1111682"}],"collection":[{"href":"https:\/\/prilux.es\/pt-pt\/wp-json\/wp\/v2\/product"}],"about":[{"href":"https:\/\/prilux.es\/pt-pt\/wp-json\/wp\/v2\/types\/product"}],"version-history":[{"count":0,"href":"https:\/\/prilux.es\/pt-pt\/wp-json\/wp\/v2\/product\/1111682\/revisions"}],"wp:featuredmedia":[{"embeddable":true,"href":"https:\/\/prilux.es\/pt-pt\/wp-json\/wp\/v2\/media\/52474"}],"wp:attachment":[{"href":"https:\/\/prilux.es\/pt-pt\/wp-json\/wp\/v2\/media?parent=1111682"}],"wp:term":[{"taxonomy":"product_cat","embeddable":true,"href":"https:\/\/prilux.es\/pt-pt\/wp-json\/wp\/v2\/product_cat?post=1111682"},{"taxonomy":"product_tag","embeddable":true,"href":"https:\/\/prilux.es\/pt-pt\/wp-json\/wp\/v2\/product_tag?post=1111682"},{"taxonomy":"familia","embeddable":true,"href":"https:\/\/prilux.es\/pt-pt\/wp-json\/wp\/v2\/familia?post=1111682"}],"curies":[{"name":"wp","href":"https:\/\/api.w.org\/{rel}","templated":true}]}}