{"id":1111735,"date":"2023-08-02T12:08:59","date_gmt":"2023-08-02T11:08:59","guid":{"rendered":"https:\/\/www.prilux.es\/product\/kentau-avant-cl-9w-840-125mm-220-240v-branco\/"},"modified":"2024-08-27T11:53:56","modified_gmt":"2024-08-27T10:53:56","slug":"kentau-avant-cl-9w-840-125mm-220-240v-branco","status":"publish","type":"product","link":"https:\/\/prilux.es\/pt-pt\/produto\/kentau-avant-cl-9w-840-125mm-220-240v-branco\/","title":{"rendered":"KENTAU AVANT CL 9W 840 125MM 220-240V BRANCO"},"content":{"rendered":"<p>Lumin\u00e1ria embutida KENTAU AVANT CL 9W LED da fam\u00edlia PRILUX. KENTAU AVANT CL \u00e9 um downlight de baixo consumo de energia com um design simples, puro, elegante e compacto. A sua instala\u00e7\u00e3o \u00e9 f\u00e1cil, gra\u00e7as \u00e0 sua tecnologia CELLTECH, que simplifica muito a instala\u00e7\u00e3o do driver. A possibilidade de escolher entre os seus 4 tamanhos, 2 temperaturas de cor, forma quadrada ou circular e instala\u00e7\u00e3o embutida ou saliente tornam este Downlight o mais vers\u00e1til e atraente do mercado. O driver tamb\u00e9m \u00e9 remov\u00edvel e intercambi\u00e1vel. A montagem do KENTAU AVANT CL LED \u00e9 embutida, embora tamb\u00e9m possa ser instalada na superf\u00edcie, utilizando um acess\u00f3rio. O downlight KENTAU AVANT CL LED, de formato quadrado, tem corpo em alum\u00ednio e difusor em policarbonato e \u00e9 branco. Adequada para ilumina\u00e7\u00e3o interior, a lumin\u00e1ria tem um \u00edndice de prote\u00e7\u00e3o IP20, embora seja IP44 depois de instalado o downlight. A vida \u00fatil do LED KENTAU AVANT CL \u00e9 L70&gt; 50.000h. De baixo consumo, este downlight tem uma pot\u00eancia de 9W e um fluxo luminoso de 950 lumens, a uma tens\u00e3o de 230V AC. O downlight est\u00e1 equipado com l\u00e2mpadas LED com temperatura de cor de 3.000K e tom de luz quente. Com boas qualidades de luz, possui um \u00edndice de reprodu\u00e7\u00e3o de cores Ra&gt; 80, o que garante uma reprodu\u00e7\u00e3o fiel das cores dos objetos iluminados.<\/p>\n","protected":false},"excerpt":{"rendered":"<p>Lumin\u00e1ria embutida KENTAU AVANT CL 9W LED da fam\u00edlia PRILUX. KENTAU AVANT CL \u00e9 um downlight de baixo consumo de energia com um design simples, puro, elegante e compacto. A sua instala\u00e7\u00e3o \u00e9 f\u00e1cil, gra\u00e7as \u00e0 sua tecnologia CELLTECH, que simplifica muito a instala\u00e7\u00e3o do driver. A possibilidade de escolher entre os seus 4 tamanhos, 2 temperaturas de cor, forma quadrada ou circular e instala\u00e7\u00e3o embutida ou saliente tornam este Downlight o mais vers\u00e1til e atraente do mercado. O driver tamb\u00e9m \u00e9 remov\u00edvel e intercambi\u00e1vel. A montagem do KENTAU AVANT CL LED \u00e9 embutida, embora tamb\u00e9m possa ser instalada na superf\u00edcie, utilizando um acess\u00f3rio. O downlight KENTAU AVANT CL LED, de formato quadrado, tem corpo em alum\u00ednio e difusor em policarbonato e \u00e9 branco. Adequada para ilumina\u00e7\u00e3o interior, a lumin\u00e1ria tem um \u00edndice de prote\u00e7\u00e3o IP20, embora seja IP44 depois de instalado o downlight. A vida \u00fatil do LED KENTAU AVANT CL \u00e9 L70&gt; 50.000h. De baixo consumo, este downlight tem uma pot\u00eancia de 9W e um fluxo luminoso de 950 lumens, a uma tens\u00e3o de 230V AC. O downlight est\u00e1 equipado com l\u00e2mpadas LED com temperatura de cor de 3.000K e tom de luz quente. Com boas qualidades de luz, possui um \u00edndice de reprodu\u00e7\u00e3o de cores Ra&gt; 80, o que garante uma reprodu\u00e7\u00e3o fiel das cores dos objetos iluminados.<\/p>\n","protected":false},"featured_media":603103,"template":"","meta":[],"product_cat":[15],"product_tag":[],"familia":[],"acf":{"imagen_psd":"","codigo_corto_maestro":"629324","manual":"https:\/\/d7rh5s3nxmpy4.cloudfront.net\/CMP1303\/files\/1\/m-kentau-avant.pdf","descarga_ficha_tecnica":"https:\/\/storage.googleapis.com\/prilux-web-fichas\/ft-629324-KENTAU_AVANT_CL_pt.pdf","dc_eu":"https:\/\/d7rh5s3nxmpy4.cloudfront.net\/CMP1303\/files\/dc-ue-kentau-avant.pdf","grafico":"https:\/\/d7rh5s3nxmpy4.cloudfront.net\/CMP1303\/1\/gr-kentau-avant-cl-9w.png","video":"","url_imagen_alta":"","bajo_pedido":"Kit de emergencia 2h","descripcion_bc3_auto":"","ficha_familia":"https:\/\/storage.googleapis.com\/prilux-web-fichas\/ft-KENTAU_AVANT_CL_pt.pdf","bloque_aplicaciones":"<div class=\"bloque_aplicaciones\">\n        <div><img class=\"bloque_imagen\" src=\"http:\/\/d7rh5s3nxmpy4.cloudfront.net\/CMP1303\/files\/gs-ico-hogar.svg\" alt=\"Hogar\">\n                        <p>In\u00edcio<\/p>\n                        \n                    <\/div><div><img class=\"bloque_imagen\" src=\"http:\/\/d7rh5s3nxmpy4.cloudfront.net\/CMP1303\/files\/gs-ico-hoteles.svg\" alt=\"Hoteles\">\n                        <p>Hot\u00e9is<\/p>\n                        \n                    <\/div><div><img class=\"bloque_imagen\" src=\"http:\/\/d7rh5s3nxmpy4.cloudfront.net\/CMP1303\/files\/gs-ico-restaurantes.svg\" alt=\"Restaurantes\">\n                        <p>Restaurantes<\/p>\n                        \n                    <\/div><div><img class=\"bloque_imagen\" src=\"http:\/\/d7rh5s3nxmpy4.cloudfront.net\/CMP1303\/files\/gs-ico-retail.svg\" alt=\"Retail\">\n                        <p>Retalho<\/p>\n                        \n                    <\/div><div><img class=\"bloque_imagen\" src=\"http:\/\/d7rh5s3nxmpy4.cloudfront.net\/CMP1303\/files\/gs-ico-despachos.svg\" alt=\"Despachos\">\n                        <p>Escrit\u00f3rios<\/p>\n                        \n                    <\/div><div><img class=\"bloque_imagen\" src=\"http:\/\/d7rh5s3nxmpy4.cloudfront.net\/CMP1303\/files\/gs-ico-aulas.svg\" alt=\"Aulas\">\n                        <p>Salas de aula<\/p>\n                        \n                    <\/div><div><img class=\"bloque_imagen\" src=\"http:\/\/d7rh5s3nxmpy4.cloudfront.net\/CMP1303\/files\/gs-ico-halls.svg\" alt=\"Halls\">\n                        <p>Salas<\/p>\n                        \n                    <\/div>\n        <\/div>","bloque_dimensiones":"<div class=\"tabla_montaje\">\n                    <div>\n                        <p class=\"blockName\">Dimens\u00f5es e montagem<\/p>\n                        <div class=\"\">\n  <div>\n  \n      <table>\n        <tbody>\n        <tr>\n            <td><div><p><i aria-hidden=\"true\" class=\"prilux prilux-prilux_ico-dimensiones\"><\/i>Dimens\u00e3o<\/p><\/div><\/td>\n            <td>\u00f8150x50mm<\/td>\n          <\/tr><tr>\n            <td><div><p><i aria-hidden=\"true\" class=\"prilux prilux-prilux_ico-posicion-montaje\"><\/i>Posi\u00e7\u00e3o de montagem<\/p><\/div><\/td>\n            <td>Tecto de encastrar<\/td>\n          <\/tr><tr>\n            <td><div><p><i aria-hidden=\"true\" class=\"prilux prilux-prilux_ico-emalmable\"><\/i>Jun\u00e7\u00e3o<\/p><\/div><\/td>\n            <td>N\u00c3O<\/td>\n          <\/tr>\n        <\/tbody>\n      <\/table>\n  <\/div>\n  <\/div>\n                    <\/div>\n                    <div class=\"tabla_montaje_imgs\">\n                        <img src=\"https:\/\/d7rh5s3nxmpy4.cloudfront.net\/CMP1303\/files\/gr-kentau-avant-cl-9w.svg\" alt=\"Avatar\">\n                        \n                    <\/div>\n                <\/div>","tabla_caracteristicas":"<div class=\"tabla_caracteristicas\">\n  <table>\n  <thead>\n    <tr>\n    <th><i aria-hidden=\"true\" class=\"prilux prilux-prilux_ico-codigo\"><\/i><\/th><th><i aria-hidden=\"true\" class=\"prilux prilux-prilux_ico-potencia\"><\/i><\/th><th><i aria-hidden=\"true\" class=\"prilux prilux-prilux_ico-cct\"><\/i><\/th><th><i aria-hidden=\"true\" class=\"prilux prilux-prilux_ico-dimensiones\"><\/i><\/th><th><i aria-hidden=\"true\" class=\"prilux prilux-prilux_ico-protocolo-regulacion-reprogramacion\"><\/i><\/th>\n    <\/tr>\n  <\/thead>\n  <tbody>\n    <tr>\n    <td>629324<\/td><td>9<\/td><td>4000K<\/td><td>\u00f8150x50<\/td><td>N\u00c3O<\/td>\n    <\/tr>\n  <\/tbody>\n  <\/table>\n  <div\/>","tabla_descargas":"<div class=\"tabla_descargas\">\n        <div class=\"tabla_descargas_img\">\n        <img src=\"https:\/\/d7rh5s3nxmpy4.cloudfront.net\/CMP1303\/1\/prilux-kentau-avant-cl-9w.png\" \/>\n        <\/div>\n        <div class=\"tabla_descargas_table\">\n          <table>\n          <tbody><tr>\n            <td><img src=\"https:\/\/www.prilux.es\/wp-content\/uploads\/2021\/12\/icono-catalogo-1.svg\"\/><p>C\u00f3digo SKU<\/p><\/td>\n            <td>629324<\/td>\n          <\/tr><tr>\n            <td><img src=\"https:\/\/www.prilux.es\/wp-content\/uploads\/2021\/12\/icono-catalogo-1.svg\"\/><p>Ficha t\u00e9cnica SKU<\/p><\/td>\n            <td><a title=\"Ficha t\u00e9cnica\" href=\"https:\/\/storage.googleapis.com\/prilux-web-fichas\/ft-629324-KENTAU_AVANT_CL_pt.pdf\" class=\"DownloadButton\" target=\"_blank\" rel=\"noopener noreferrer\"><span>DOWNLOAD<\/span><i aria-hidden=\"true\" class=\"far fa-arrow-alt-circle-down\"><\/a><\/td>\n          <\/tr><tr>\n            <td><img src=\"https:\/\/www.prilux.es\/wp-content\/uploads\/2021\/12\/icono-catalogo-1.svg\"\/><p>Ficha T\u00e9cnica Modelo<\/p><\/td>\n            <td><a title=\"Ficha T\u00e9cnica modelo\" href=\"https:\/\/storage.googleapis.com\/prilux-web-fichas\/ft-KENTAU_AVANT_CL_pt.pdf\" class=\"DownloadButton\" target=\"_blank\" rel=\"noopener noreferrer\"><span>DOWNLOAD<\/span><i aria-hidden=\"true\" class=\"far fa-arrow-alt-circle-down\"><\/a><\/td>\n          <\/tr><tr>\n            <td><img src=\"https:\/\/www.prilux.es\/wp-content\/uploads\/2021\/12\/icono-catalogo-1.svg\"\/><p>Curva fotom\u00e9trica SKU<\/p><\/td>\n            <td><a title=\"Curva fotom\u00e9trica\" href=\"https:\/\/d7rh5s3nxmpy4.cloudfront.net\/CMP1303\/files\/kentau_avant_cl_9w_840_150mm_220-240v_bl-629324.zip\" class=\"DownloadButton\" target=\"_blank\" rel=\"noopener noreferrer\"><span>DOWNLOAD<\/span><i aria-hidden=\"true\" class=\"far fa-arrow-alt-circle-down\"><\/a><\/td>\n          <\/tr><tr>\n            <td><img src=\"https:\/\/www.prilux.es\/wp-content\/uploads\/2021\/12\/icono-catalogo-1.svg\"\/><p>Curva fotom\u00e9trica modelo<\/p><\/td>\n            <td><a title=\"Curva fotom\u00e9trica modelo\" href=\"https:\/\/d7rh5s3nxmpy4.cloudfront.net\/CMP1303\/files\/kentau_avant_cl.zip\" class=\"DownloadButton\" target=\"_blank\" rel=\"noopener noreferrer\"><span>DOWNLOAD<\/span><i aria-hidden=\"true\" class=\"far fa-arrow-alt-circle-down\"><\/a><\/td>\n          <\/tr><tr>\n            <td><img src=\"https:\/\/www.prilux.es\/wp-content\/uploads\/2021\/12\/icono-catalogo-1.svg\"\/><p>Declara\u00e7\u00e3o de conformidade<\/p><\/td>\n            <td><a title=\"Declaraci\u00f3n de conformidad\" href=\"https:\/\/d7rh5s3nxmpy4.cloudfront.net\/CMP1303\/files\/dc-ue-kentau-avant.pdf\" class=\"DownloadButton\" target=\"_blank\" rel=\"noopener noreferrer\"><span>DOWNLOAD<\/span><i aria-hidden=\"true\" class=\"far fa-arrow-alt-circle-down\"><\/a><\/td>\n          <\/tr><tr>\n            <td><img src=\"https:\/\/www.prilux.es\/wp-content\/uploads\/2021\/12\/icono-catalogo-1.svg\"\/><p>Manual de instru\u00e7\u00f5es<\/p><\/td>\n            <td><a title=\"Manual\" href=\"https:\/\/d7rh5s3nxmpy4.cloudfront.net\/CMP1303\/files\/1\/m-kentau-avant.pdf\" class=\"DownloadButton\" target=\"_blank\" rel=\"noopener noreferrer\"><span>DOWNLOAD<\/span><i aria-hidden=\"true\" class=\"far fa-arrow-alt-circle-down\"><\/a><\/td>\n          <\/tr><tr>\n          <td><img src=\"https:\/\/www.prilux.es\/wp-content\/uploads\/2021\/12\/icono-catalogo-1.svg\"\/><p>Gr\u00e1fico CAD<\/p><\/td>\n          <td><a title=\"Gr\u00e1fico CAD\" href=\"https:\/\/d7rh5s3nxmpy4.cloudfront.net\/CMP1303\/1\/gr-kentau-avant-cl-9w.png\" class=\"DownloadButton\" target=\"_blank\" rel=\"noopener noreferrer\"><span>DOWNLOAD<\/span><i aria-hidden=\"true\" class=\"far fa-arrow-alt-circle-down\"><\/a><\/td>\n        <\/tr>\n          <\/tbody>\n          <\/table>\n        <\/div>\n        <\/div>\n        ","tabla_detalle_caracteristicas":"<div class=\"tabla_detalle_caracteristicas\">\n  <div>\n  <p class=\"blockName\">Dados el\u00e9tricos<\/p>\n      <table>\n        <tbody>\n        <tr>\n            <td><div><p><i aria-hidden=\"true\" class=\"prilux prilux-prilux_ico--tension\"><\/i>Tens\u00e3o (V)<\/p><\/div><\/td>\n            <td>230V<\/td>\n          <\/tr><tr>\n            <td><div><p><i aria-hidden=\"true\" class=\"prilux prilux-prilux_ico-protocolo-regulacion-reprogramacion\"><\/i>Regula\u00e7ao<\/p><\/div><\/td>\n            <td>N\u00c3O<\/td>\n          <\/tr>\n        <\/tbody>\n      <\/table>\n  <\/div><div>\n  <p class=\"blockName\">Dimens\u00f5es e montagem<\/p>\n      <table>\n        <tbody>\n        <tr>\n            <td><div><p><i aria-hidden=\"true\" class=\"prilux prilux-prilux_ico-dimensiones\"><\/i>Dimens\u00e3o<\/p><\/div><\/td>\n            <td>\u00f8150x50mm<\/td>\n          <\/tr><tr>\n            <td><div><p><i aria-hidden=\"true\" class=\"prilux prilux-prilux_ico-posicion-montaje\"><\/i>Posi\u00e7\u00e3o de montagem<\/p><\/div><\/td>\n            <td>Tecto de encastrar<\/td>\n          <\/tr><tr>\n            <td><div><p><i aria-hidden=\"true\" class=\"prilux prilux-prilux_ico-emalmable\"><\/i>Jun\u00e7\u00e3o<\/p><\/div><\/td>\n            <td>N\u00c3O<\/td>\n          <\/tr>\n        <\/tbody>\n      <\/table>\n  <\/div><div>\n  <p class=\"blockName\">Dados \u00f3pticos<\/p>\n      <table>\n        <tbody>\n        <tr>\n            <td><div><p><i aria-hidden=\"true\" class=\"prilux prilux-prilux_ico-cct\"><\/i>Temperatura de cor<\/p><\/div><\/td>\n            <td>4000K<\/td>\n          <\/tr><tr>\n            <td><div><p><i aria-hidden=\"true\" class=\"prilux prilux-prilux_ico-cri\"><\/i>CRI \u00cdndice de repr. crom\u00e1tica<\/p><\/div><\/td>\n            <td>80<\/td>\n          <\/tr>\n        <\/tbody>\n      <\/table>\n  <\/div><div>\n  <p class=\"blockName\">Carca\u00e7a e Acabamento<\/p>\n      <table>\n        <tbody>\n        <tr>\n            <td><div><p><i aria-hidden=\"true\" class=\"prilux prilux-prilux_ico-ip-luminaria\"><\/i>\u00cdndice de estanqueidade IP<\/p><\/div><\/td>\n            <td>IP20<\/td>\n          <\/tr>\n        <\/tbody>\n      <\/table>\n  <\/div><div>\n  <p class=\"blockName\">Vida<\/p>\n      <table>\n        <tbody>\n        <tr>\n            <td><div><p><i aria-hidden=\"true\" class=\"prilux prilux-prilux_ico-vida-util\"><\/i>Vida<\/p><\/div><\/td>\n            <td>(L70B50>)50.000h<\/td>\n          <\/tr><tr>\n            <td><div><p><i aria-hidden=\"true\" class=\"prilux prilux-prilux_ico-vida-l70\"><\/i>Vida<\/p><\/div><\/td>\n            <td>(L70B50>)50.000h<\/td>\n          <\/tr>\n        <\/tbody>\n      <\/table>\n  <\/div><div>\n  <p class=\"blockName\">Prote\u00e7\u00f5es<\/p>\n      <table>\n        <tbody>\n        <tr>\n            <td><div><p><i aria-hidden=\"true\" class=\"prilux prilux-prilux_ico-proteccion-sobretensiones\"><\/i>Prote\u00e7\u00e3o surtos<\/p><\/div><\/td>\n            <td>N\u00c3O<\/td>\n          <\/tr>\n        <\/tbody>\n      <\/table>\n  <\/div><div>\n  <p class=\"blockName\">Dados gerais<\/p>\n      <table>\n        <tbody>\n        <tr>\n            <td><div><p><i aria-hidden=\"true\" class=\"prilux prilux-prilux_ico-clase-i\"><\/i>Isolamento el\u00e9trico<\/p><\/div><\/td>\n            <td>CCII<\/td>\n          <\/tr>\n        <\/tbody>\n      <\/table>\n  <\/div>\n  <\/div>","bloque_opticos":"<div class=\"tabla_detalle_caracteristicas\">\n            <div><img class=\"bloque_imagen\" src=\"http:\/\/d7rh5s3nxmpy4.cloudfront.net\/CMP1303\/origin\/image\/gr-avatar.jpg\" alt=\"Avatar\"><\/div>\n            <div class=\"\">\n  <div>\n  \n      <table>\n        <tbody>\n        <tr>\n            <td><div><p><i aria-hidden=\"true\" class=\"prilux prilux-prilux_ico-cct\"><\/i>Temperatura de cor<\/p><\/div><\/td>\n            <td>4000K<\/td>\n          <\/tr><tr>\n            <td><div><p><i aria-hidden=\"true\" class=\"prilux prilux-prilux_ico-cri\"><\/i>CRI \u00cdndice de repr. crom\u00e1tica<\/p><\/div><\/td>\n            <td>80<\/td>\n          <\/tr>\n        <\/tbody>\n      <\/table>\n  <\/div>\n  <\/div>\n            <\/div>","bloque_bajo_pedido":"<div class=\"bloque-bajo-pedido\"><div class=\"bloque-bajo-pedido-grupo\">\n                  <div class=\"bloque-bajo-pedido-grupo-img\">\n                    <img src=\"https:\/\/prilux.es\/wp-content\/uploads\/2023\/05\/prilux_ico-configuracion.png\"\/>\n                  <\/div>\n                  <div class=\"bloque-bajo-pedido-grupo-p\">\n                    <p>Kit de emerg\u00eancia 2h<\/p>\n                  <\/div>\n                <\/div> <div class=\"bloque-bajo-pedido-grupo\">\n                  <div class=\"bloque-bajo-pedido-grupo-img\">\n                    <img src=\"https:\/\/prilux.es\/wp-content\/uploads\/2023\/05\/prilux_ico-regulable.png\"\/>\n                  <\/div>\n                  <div class=\"bloque-bajo-pedido-grupo-p\">\n                    <p>Dali<\/p>\n                  <\/div>\n                <\/div><\/div>","curva_fotometrica_ldt":"","cf_cct":"4.000K","cf_potencia_w":"","cf_flujo_luminoso":"660","curva_fotometrica_ldt_familia":"","accesorios_producto":"PPRIL00000600811,PPRIL00000629041"},"_links":{"self":[{"href":"https:\/\/prilux.es\/pt-pt\/wp-json\/wp\/v2\/product\/1111735"}],"collection":[{"href":"https:\/\/prilux.es\/pt-pt\/wp-json\/wp\/v2\/product"}],"about":[{"href":"https:\/\/prilux.es\/pt-pt\/wp-json\/wp\/v2\/types\/product"}],"version-history":[{"count":0,"href":"https:\/\/prilux.es\/pt-pt\/wp-json\/wp\/v2\/product\/1111735\/revisions"}],"wp:featuredmedia":[{"embeddable":true,"href":"https:\/\/prilux.es\/pt-pt\/wp-json\/wp\/v2\/media\/603103"}],"wp:attachment":[{"href":"https:\/\/prilux.es\/pt-pt\/wp-json\/wp\/v2\/media?parent=1111735"}],"wp:term":[{"taxonomy":"product_cat","embeddable":true,"href":"https:\/\/prilux.es\/pt-pt\/wp-json\/wp\/v2\/product_cat?post=1111735"},{"taxonomy":"product_tag","embeddable":true,"href":"https:\/\/prilux.es\/pt-pt\/wp-json\/wp\/v2\/product_tag?post=1111735"},{"taxonomy":"familia","embeddable":true,"href":"https:\/\/prilux.es\/pt-pt\/wp-json\/wp\/v2\/familia?post=1111735"}],"curies":[{"name":"wp","href":"https:\/\/api.w.org\/{rel}","templated":true}]}}