{"id":1111863,"date":"2021-10-25T14:12:52","date_gmt":"2021-10-25T13:12:52","guid":{"rendered":"https:\/\/www.prilux.es\/product\/breno-sq-superficie-cinza-24w-840-230v-2\/"},"modified":"2024-08-27T11:58:42","modified_gmt":"2024-08-27T10:58:42","slug":"breno-sq-superficie-cinza-24w-840-230v-2","status":"publish","type":"product","link":"https:\/\/prilux.es\/pt-pt\/produto\/breno-sq-superficie-cinza-24w-840-230v-2\/","title":{"rendered":"BRENO SQ SUPERFICIE CINZA 24W 840 230V"},"content":{"rendered":"","protected":false},"excerpt":{"rendered":"","protected":false},"featured_media":52300,"template":"","meta":[],"product_cat":[15],"product_tag":[],"familia":[],"acf":{"manual":"https:\/\/d7rh5s3nxmpy4.cloudfront.net\/CMP1303\/files\/4\/m-breno-sq-superficie.pdf","descarga_ficha_tecnica":"https:\/\/storage.googleapis.com\/prilux-web-fichas\/ft-483865-BRENO_SQ_SUPERFICIE_pt.pdf","dc_eu":"https:\/\/d7rh5s3nxmpy4.cloudfront.net\/CMP1303\/files\/2\/dc-ue-breno-superficie.pdf","curva_fotometrica_ldt":"https:\/\/d7rh5s3nxmpy4.cloudfront.net\/CMP1303\/files\/breno_sq_superficie_gris_24w_840_230v-483865.zip","grafico":"https:\/\/d7rh5s3nxmpy4.cloudfront.net\/CMP1303\/gr-breno-sq-superficie-24w.jpg","video":"","etiqueta_energetica":"https:\/\/d7rh5s3nxmpy4.cloudfront.net\/CMP1303\/files\/4\/gr-cee-a.pdf","url_imagen_alta":"","bajo_pedido":"Kit de emergencia 1h (Excepto 24W)","soluciones":"Pack CTE","descripcion_bc3_auto":"-","bloque_aplicaciones":"<div class=\"bloque_aplicaciones\">\n        <div><img class=\"bloque_imagen\" src=\"http:\/\/d7rh5s3nxmpy4.cloudfront.net\/CMP1303\/files\/gs-ico-hogar.svg\" alt=\"Hogar\">\n                        <p>In\u00edcio<\/p>\n                        \n                    <\/div><div><img class=\"bloque_imagen\" src=\"http:\/\/d7rh5s3nxmpy4.cloudfront.net\/CMP1303\/files\/gs-ico-hoteles.svg\" alt=\"Hoteles\">\n                        <p>Hot\u00e9is<\/p>\n                        \n                    <\/div><div><img class=\"bloque_imagen\" src=\"http:\/\/d7rh5s3nxmpy4.cloudfront.net\/CMP1303\/files\/gs-ico-restaurantes.svg\" alt=\"Restaurantes\">\n                        <p>Restaurantes<\/p>\n                        \n                    <\/div><div><img class=\"bloque_imagen\" src=\"http:\/\/d7rh5s3nxmpy4.cloudfront.net\/CMP1303\/files\/gs-ico-retail.svg\" alt=\"Retail\">\n                        <p>Retalho<\/p>\n                        \n                    <\/div><div><img class=\"bloque_imagen\" src=\"http:\/\/d7rh5s3nxmpy4.cloudfront.net\/CMP1303\/files\/gs-ico-despachos.svg\" alt=\"Despachos\">\n                        <p>Escrit\u00f3rios<\/p>\n                        \n                    <\/div><div><img class=\"bloque_imagen\" src=\"http:\/\/d7rh5s3nxmpy4.cloudfront.net\/CMP1303\/files\/gs-ico-aulas.svg\" alt=\"Aulas\">\n                        <p>Salas de aula<\/p>\n                        \n                    <\/div><div><img class=\"bloque_imagen\" src=\"http:\/\/d7rh5s3nxmpy4.cloudfront.net\/CMP1303\/files\/gs-ico-halls.svg\" alt=\"Halls\">\n                        <p>Salas<\/p>\n                        \n                    <\/div>\n        <\/div>","bloque_dimensiones":"<div class=\"tabla_montaje\">\n                    <div>\n                        <p class=\"blockName\">Dimens\u00f5es e montagem<\/p>\n                        <div class=\"\">\n  <div>\n  \n      <table>\n        <tbody>\n        <tr>\n            <td><div><p><i aria-hidden=\"true\" class=\"prilux prilux-prilux_ico-peso\"><\/i>Peso<\/p><\/div><\/td>\n            <td>1Kg<\/td>\n          <\/tr><tr>\n            <td><div><p><i aria-hidden=\"true\" class=\"prilux prilux-prilux_ico-dimensiones\"><\/i>Dimens\u00e3o<\/p><\/div><\/td>\n            <td>300x300x32mm<\/td>\n          <\/tr><tr>\n            <td><div><p><i aria-hidden=\"true\" class=\"prilux prilux-prilux_ico-posicion-montaje\"><\/i>Posi\u00e7\u00e3o de montagem<\/p><\/div><\/td>\n            <td>Superf\u00edcie<\/td>\n          <\/tr><tr>\n            <td><div><p><i aria-hidden=\"true\" class=\"prilux prilux-prilux_ico-emalmable\"><\/i>Jun\u00e7\u00e3o<\/p><\/div><\/td>\n            <td>N\u00c3O<\/td>\n          <\/tr><tr>\n            <td><div><p><i aria-hidden=\"true\" class=\"prilux prilux-prilux_ico-iluminacion-directa-indirecta\"><\/i>Ilumina\u00e7\u00e3o<\/p><\/div><\/td>\n            <td>Directa<\/td>\n          <\/tr>\n        <\/tbody>\n      <\/table>\n  <\/div>\n  <\/div>\n                    <\/div>\n                    <div class=\"tabla_montaje_imgs\">\n                        <img src=\"https:\/\/d7rh5s3nxmpy4.cloudfront.net\/CMP1303\/files\/gr-breno-sq-superficie-24w.svg\" alt=\"Avatar\">\n                        \n                    <\/div>\n                <\/div>","tabla_caracteristicas":"<div class=\"tabla_caracteristicas\">\n  <table>\n  <thead>\n    <tr>\n    <th><i aria-hidden=\"true\" class=\"prilux prilux-prilux_ico-codigo\"><\/i><\/th><th><i aria-hidden=\"true\" class=\"prilux prilux-prilux_ico-potencia\"><\/i><\/th><th><i aria-hidden=\"true\" class=\"prilux prilux-prilux_ico-cct\"><\/i><\/th><th><i aria-hidden=\"true\" class=\"prilux prilux-prilux_ico-dimensiones\"><\/i><\/th><th><i aria-hidden=\"true\" class=\"prilux prilux-prilux_ico-protocolo-regulacion-reprogramacion\"><\/i><\/th>\n    <\/tr>\n  <\/thead>\n  <tbody>\n    <tr>\n    <td>483865<\/td><td>24<\/td><td>4000K<\/td><td>300x300x32<\/td><td>N\u00c3O<\/td>\n    <\/tr>\n  <\/tbody>\n  <\/table>\n  <div\/>","tabla_descargas":"<div class=\"tabla_descargas\">\n        <div class=\"tabla_descargas_img\">\n        <img src=\"https:\/\/d7rh5s3nxmpy4.cloudfront.net\/CMP1303\/prilux-breno-sq-niquel-superficie.jpg\" \/>\n        <\/div>\n        <div class=\"tabla_descargas_table\">\n          <table>\n          <tbody><tr>\n            <td><img src=\"https:\/\/www.prilux.es\/wp-content\/uploads\/2021\/12\/icono-catalogo-1.svg\"\/><p>C\u00f3digo SKU<\/p><\/td>\n            <td>483865<\/td>\n          <\/tr><tr>\n            <td><img src=\"https:\/\/www.prilux.es\/wp-content\/uploads\/2021\/12\/icono-catalogo-1.svg\"\/><p>Ficha t\u00e9cnica SKU<\/p><\/td>\n            <td><a title=\"Ficha t\u00e9cnica\" href=\"https:\/\/storage.googleapis.com\/prilux-web-fichas\/ft-483865-BRENO_SQ_SUPERFICIE_pt.pdf\" class=\"DownloadButton\" target=\"_blank\" rel=\"noopener noreferrer\"><span>DOWNLOAD<\/span><i aria-hidden=\"true\" class=\"far fa-arrow-alt-circle-down\"><\/a><\/td>\n          <\/tr><tr>\n            <td><img src=\"https:\/\/www.prilux.es\/wp-content\/uploads\/2021\/12\/icono-catalogo-1.svg\"\/><p>Ficha T\u00e9cnica Modelo<\/p><\/td>\n            <td><a title=\"Ficha T\u00e9cnica modelo\" href=\"https:\/\/storage.googleapis.com\/prilux-web-fichas\/ft-BRENO_SQ_SUPERFICIE_pt.pdf\" class=\"DownloadButton\" target=\"_blank\" rel=\"noopener noreferrer\"><span>DOWNLOAD<\/span><i aria-hidden=\"true\" class=\"far fa-arrow-alt-circle-down\"><\/a><\/td>\n          <\/tr><tr>\n            <td><img src=\"https:\/\/www.prilux.es\/wp-content\/uploads\/2021\/12\/icono-catalogo-1.svg\"\/><p>Curva fotom\u00e9trica SKU<\/p><\/td>\n            <td><a title=\"Curva fotom\u00e9trica\" href=\"https:\/\/d7rh5s3nxmpy4.cloudfront.net\/CMP1303\/files\/breno_sq_superficie_gris_24w_840_230v-483865.zip\" class=\"DownloadButton\" target=\"_blank\" rel=\"noopener noreferrer\"><span>DOWNLOAD<\/span><i aria-hidden=\"true\" class=\"far fa-arrow-alt-circle-down\"><\/a><\/td>\n          <\/tr><tr>\n            <td><img src=\"https:\/\/www.prilux.es\/wp-content\/uploads\/2021\/12\/icono-catalogo-1.svg\"\/><p>Curva fotom\u00e9trica modelo<\/p><\/td>\n            <td><a title=\"Curva fotom\u00e9trica modelo\" href=\"https:\/\/d7rh5s3nxmpy4.cloudfront.net\/CMP1303\/files\/breno_sq_superficie.zip\" class=\"DownloadButton\" target=\"_blank\" rel=\"noopener noreferrer\"><span>DOWNLOAD<\/span><i aria-hidden=\"true\" class=\"far fa-arrow-alt-circle-down\"><\/a><\/td>\n          <\/tr><tr>\n            <td><img src=\"https:\/\/www.prilux.es\/wp-content\/uploads\/2021\/12\/icono-catalogo-1.svg\"\/><p>Declara\u00e7\u00e3o de conformidade<\/p><\/td>\n            <td><a title=\"Declaraci\u00f3n de conformidad\" href=\"https:\/\/d7rh5s3nxmpy4.cloudfront.net\/CMP1303\/files\/2\/dc-ue-breno-superficie.pdf\" class=\"DownloadButton\" target=\"_blank\" rel=\"noopener noreferrer\"><span>DOWNLOAD<\/span><i aria-hidden=\"true\" class=\"far fa-arrow-alt-circle-down\"><\/a><\/td>\n          <\/tr><tr>\n            <td><img src=\"https:\/\/www.prilux.es\/wp-content\/uploads\/2021\/12\/icono-catalogo-1.svg\"\/><p>Manual de instru\u00e7\u00f5es<\/p><\/td>\n            <td><a title=\"Manual\" href=\"https:\/\/d7rh5s3nxmpy4.cloudfront.net\/CMP1303\/files\/4\/m-breno-sq-superficie.pdf\" class=\"DownloadButton\" target=\"_blank\" rel=\"noopener noreferrer\"><span>DOWNLOAD<\/span><i aria-hidden=\"true\" class=\"far fa-arrow-alt-circle-down\"><\/a><\/td>\n          <\/tr><tr>\n          <td><img src=\"https:\/\/www.prilux.es\/wp-content\/uploads\/2021\/12\/icono-catalogo-1.svg\"\/><p>Gr\u00e1fico CAD<\/p><\/td>\n          <td><a title=\"Gr\u00e1fico CAD\" href=\"https:\/\/d7rh5s3nxmpy4.cloudfront.net\/CMP1303\/gr-breno-sq-superficie-24w.jpg\" class=\"DownloadButton\" target=\"_blank\" rel=\"noopener noreferrer\"><span>DOWNLOAD<\/span><i aria-hidden=\"true\" class=\"far fa-arrow-alt-circle-down\"><\/a><\/td>\n        <\/tr>\n          <\/tbody>\n          <\/table>\n        <\/div>\n        <\/div>\n        ","tabla_detalle_caracteristicas":"<div class=\"tabla_detalle_caracteristicas\">\n  <div>\n  <p class=\"blockName\">Dados el\u00e9tricos<\/p>\n      <table>\n        <tbody>\n        <tr>\n            <td><div><p><i aria-hidden=\"true\" class=\"prilux prilux-prilux_ico--tension\"><\/i>Tens\u00e3o (V)<\/p><\/div><\/td>\n            <td>230V<\/td>\n          <\/tr><tr>\n            <td><div><p><i aria-hidden=\"true\" class=\"prilux prilux-prilux_ico-frecuencia-segemnto\"><\/i>Frequ\u00eancia (Hz)<\/p><\/div><\/td>\n            <td>50-60Hz<\/td>\n          <\/tr><tr>\n            <td><div><p><i aria-hidden=\"true\" class=\"prilux prilux-prilux_ico-factor-potencia\"><\/i>Fator de Pot\u00eancia (Cos fi)<\/p><\/div><\/td>\n            <td>\u22650,9<\/td>\n          <\/tr><tr>\n            <td><div><p><i aria-hidden=\"true\" class=\"prilux prilux-prilux_ico-protocolo-regulacion-reprogramacion\"><\/i>Regula\u00e7ao<\/p><\/div><\/td>\n            <td>N\u00c3O<\/td>\n          <\/tr>\n        <\/tbody>\n      <\/table>\n  <\/div><div>\n  <p class=\"blockName\">Dimens\u00f5es e montagem<\/p>\n      <table>\n        <tbody>\n        <tr>\n            <td><div><p><i aria-hidden=\"true\" class=\"prilux prilux-prilux_ico-peso\"><\/i>Peso<\/p><\/div><\/td>\n            <td>1Kg<\/td>\n          <\/tr><tr>\n            <td><div><p><i aria-hidden=\"true\" class=\"prilux prilux-prilux_ico-dimensiones\"><\/i>Dimens\u00e3o<\/p><\/div><\/td>\n            <td>300x300x32mm<\/td>\n          <\/tr><tr>\n            <td><div><p><i aria-hidden=\"true\" class=\"prilux prilux-prilux_ico-posicion-montaje\"><\/i>Posi\u00e7\u00e3o de montagem<\/p><\/div><\/td>\n            <td>Superf\u00edcie<\/td>\n          <\/tr><tr>\n            <td><div><p><i aria-hidden=\"true\" class=\"prilux prilux-prilux_ico-emalmable\"><\/i>Jun\u00e7\u00e3o<\/p><\/div><\/td>\n            <td>N\u00c3O<\/td>\n          <\/tr><tr>\n            <td><div><p><i aria-hidden=\"true\" class=\"prilux prilux-prilux_ico-iluminacion-directa-indirecta\"><\/i>Ilumina\u00e7\u00e3o<\/p><\/div><\/td>\n            <td>Directa<\/td>\n          <\/tr>\n        <\/tbody>\n      <\/table>\n  <\/div><div>\n  <p class=\"blockName\">Dados \u00f3pticos<\/p>\n      <table>\n        <tbody>\n        <tr>\n            <td><div><p><i aria-hidden=\"true\" class=\"prilux prilux-prilux_ico-cct\"><\/i>Temperatura de cor<\/p><\/div><\/td>\n            <td>4000K<\/td>\n          <\/tr><tr>\n            <td><div><p><i aria-hidden=\"true\" class=\"prilux prilux-prilux_ico-cri\"><\/i>CRI \u00cdndice de repr. crom\u00e1tica<\/p><\/div><\/td>\n            <td>80<\/td>\n          <\/tr><tr>\n            <td><div><p><i aria-hidden=\"true\" class=\"prilux prilux-prilux_ico-angulo-apertura\"><\/i>Angulo de abertura<\/p><\/div><\/td>\n            <td>120<\/td>\n          <\/tr>\n        <\/tbody>\n      <\/table>\n  <\/div><div>\n  <p class=\"blockName\">Carca\u00e7a e Acabamento<\/p>\n      <table>\n        <tbody>\n        <tr>\n            <td><div><p><i aria-hidden=\"true\" class=\"prilux prilux-prilux_ico-ip-luminaria\"><\/i>\u00cdndice de estanqueidade IP<\/p><\/div><\/td>\n            <td>IP20<\/td>\n          <\/tr><tr>\n            <td><div><p><i aria-hidden=\"true\" class=\"prilux prilux-prilux_ico-cuerpo\"><\/i>Corpo<\/p><\/div><\/td>\n            <td>AL<\/td>\n          <\/tr>\n        <\/tbody>\n      <\/table>\n  <\/div><div>\n  <p class=\"blockName\">Desempenho<\/p>\n      <table>\n        <tbody>\n        <tr>\n            <td><div><p><i aria-hidden=\"true\" class=\"prilux prilux-prilux_ico-flujo-luminoso-luminaria\"><\/i>Fluxo (lm)<\/p><\/div><\/td>\n            <td>1956lm<\/td>\n          <\/tr>\n        <\/tbody>\n      <\/table>\n  <\/div><div>\n  <p class=\"blockName\">Vida<\/p>\n      <table>\n        <tbody>\n        <tr>\n            <td><div><p><i aria-hidden=\"true\" class=\"prilux prilux-prilux_ico-vida-util\"><\/i>Vida<\/p><\/div><\/td>\n            <td>(L70B50>)35.000h<\/td>\n          <\/tr><tr>\n            <td><div><p><i aria-hidden=\"true\" class=\"prilux prilux-prilux_ico-vida-l70\"><\/i>Vida<\/p><\/div><\/td>\n            <td>(L70B50>)35.000h<\/td>\n          <\/tr>\n        <\/tbody>\n      <\/table>\n  <\/div><div>\n  <p class=\"blockName\">Prote\u00e7\u00f5es<\/p>\n      <table>\n        <tbody>\n        <tr>\n            <td><div><p><i aria-hidden=\"true\" class=\"prilux prilux-prilux_ico-proteccion-sobretensiones\"><\/i>Prote\u00e7\u00e3o surtos<\/p><\/div><\/td>\n            <td>N\u00c3O<\/td>\n          <\/tr>\n        <\/tbody>\n      <\/table>\n  <\/div><div>\n  <p class=\"blockName\">Dados gerais<\/p>\n      <table>\n        <tbody>\n        <tr>\n            <td><div><p><i aria-hidden=\"true\" class=\"prilux prilux-prilux_ico-clase-i\"><\/i>Isolamento el\u00e9trico<\/p><\/div><\/td>\n            <td>CCII<\/td>\n          <\/tr><tr>\n            <td><div><p><i aria-hidden=\"true\" class=\"prilux prilux-prilux_ico-clasificacion-energetica\"><\/i>CEE Classifica\u00e7\u00e3o energ\u00e9tica<\/p><\/div><\/td>\n            <td>A<\/td>\n          <\/tr>\n        <\/tbody>\n      <\/table>\n  <\/div>\n  <\/div>","bloque_opticos":"<div class=\"tabla_detalle_caracteristicas\">\n            <div><img class=\"bloque_imagen\" src=\"http:\/\/d7rh5s3nxmpy4.cloudfront.net\/CMP1303\/origin\/image\/gr-avatar.jpg\" alt=\"Avatar\"><\/div>\n            <div class=\"\">\n  <div>\n  \n      <table>\n        <tbody>\n        <tr>\n            <td><div><p><i aria-hidden=\"true\" class=\"prilux prilux-prilux_ico-cct\"><\/i>Temperatura de cor<\/p><\/div><\/td>\n            <td>4000K<\/td>\n          <\/tr><tr>\n            <td><div><p><i aria-hidden=\"true\" class=\"prilux prilux-prilux_ico-cri\"><\/i>CRI \u00cdndice de repr. crom\u00e1tica<\/p><\/div><\/td>\n            <td>80<\/td>\n          <\/tr><tr>\n            <td><div><p><i aria-hidden=\"true\" class=\"prilux prilux-prilux_ico-angulo-apertura\"><\/i>Angulo de abertura<\/p><\/div><\/td>\n            <td>120<\/td>\n          <\/tr>\n        <\/tbody>\n      <\/table>\n  <\/div>\n  <\/div>\n            <\/div>"},"_links":{"self":[{"href":"https:\/\/prilux.es\/pt-pt\/wp-json\/wp\/v2\/product\/1111863"}],"collection":[{"href":"https:\/\/prilux.es\/pt-pt\/wp-json\/wp\/v2\/product"}],"about":[{"href":"https:\/\/prilux.es\/pt-pt\/wp-json\/wp\/v2\/types\/product"}],"version-history":[{"count":0,"href":"https:\/\/prilux.es\/pt-pt\/wp-json\/wp\/v2\/product\/1111863\/revisions"}],"wp:featuredmedia":[{"embeddable":true,"href":"https:\/\/prilux.es\/pt-pt\/wp-json\/wp\/v2\/media\/52300"}],"wp:attachment":[{"href":"https:\/\/prilux.es\/pt-pt\/wp-json\/wp\/v2\/media?parent=1111863"}],"wp:term":[{"taxonomy":"product_cat","embeddable":true,"href":"https:\/\/prilux.es\/pt-pt\/wp-json\/wp\/v2\/product_cat?post=1111863"},{"taxonomy":"product_tag","embeddable":true,"href":"https:\/\/prilux.es\/pt-pt\/wp-json\/wp\/v2\/product_tag?post=1111863"},{"taxonomy":"familia","embeddable":true,"href":"https:\/\/prilux.es\/pt-pt\/wp-json\/wp\/v2\/familia?post=1111863"}],"curies":[{"name":"wp","href":"https:\/\/api.w.org\/{rel}","templated":true}]}}