{"id":1112040,"date":"2021-10-25T13:56:52","date_gmt":"2021-10-25T12:56:52","guid":{"rendered":"https:\/\/www.prilux.es\/product\/encastar-navi-65w-830-45-branco-dim-2\/"},"modified":"2024-08-27T12:04:57","modified_gmt":"2024-08-27T11:04:57","slug":"encastar-navi-65w-830-45-branco-dim-2","status":"publish","type":"product","link":"https:\/\/prilux.es\/pt-pt\/produto\/encastar-navi-65w-830-45-branco-dim-2\/","title":{"rendered":"ENCASTAR NAVI 6,5W 830 45\u00b0 BRANCO DIM"},"content":{"rendered":"<p>O downlight 6.5W NAVI LED \u00e9 um downlight de baixo consumo para ilumina\u00e7\u00e3o interior, da fam\u00edlia PRILUX SILVER LED. Eficaz e eficiente, o NAVI possui baixo consumo certificado pela sua classe de excelente efici\u00eancia energ\u00e9tica, A +. Ele tamb\u00e9m tem uma longa vida \u00fatil, L70&gt; 50.000h. Possui uma cabe\u00e7a dobr\u00e1vel verticalmente. O downlight circular LED tem corpo de alum\u00ednio na cor branca. Adequado para iluminar espa\u00e7os interiores, com \u00edndice de prote\u00e7\u00e3o IP20. Equipado com tecnologia LED, o NAVI \u00e9 um downlight com 6,5 W de pot\u00eancia a 230 Vac e com um fluxo luminoso de 493 lumens. Equipado com l\u00e2mpadas LED de 3.000K com temperatura de cor e tom de luz quente. O \u00e2ngulo de abertura do feixe de luz \u00e9 de 45 \u00b0. Com boas qualidades de luz, possui um \u00edndice de reprodu\u00e7\u00e3o de cores Ra&gt; 80, o que garante uma reprodu\u00e7\u00e3o fiel das cores dos objetos iluminados. \u00c9 um recesso ajust\u00e1vel, adequado para o regulador convencional de l\u00e2mpadas incandescentes \/ TRIAC. A pedido, est\u00e3o dispon\u00edveis um kit de emerg\u00eancia para a lumin\u00e1ria e o sistema de regula\u00e7\u00e3o DALI. Tem dimens\u00f5es de \u00f894 x 31 mm, embora o corte do teto deva ser de \u00f875-80 mm.<\/p>\n","protected":false},"excerpt":{"rendered":"<p>O downlight 6.5W NAVI LED \u00e9 um downlight de baixo consumo para ilumina\u00e7\u00e3o interior, da fam\u00edlia PRILUX SILVER LED. Eficaz e eficiente, o NAVI possui baixo consumo certificado pela sua classe de excelente efici\u00eancia energ\u00e9tica, A +. Ele tamb\u00e9m tem uma longa vida \u00fatil, L70&gt; 50.000h. Possui uma cabe\u00e7a dobr\u00e1vel verticalmente. O downlight circular LED tem corpo de alum\u00ednio na cor branca. Adequado para iluminar espa\u00e7os interiores, com \u00edndice de prote\u00e7\u00e3o IP20. Equipado com tecnologia LED, o NAVI \u00e9 um downlight com 6,5 W de pot\u00eancia a 230 Vac e com um fluxo luminoso de 493 lumens. Equipado com l\u00e2mpadas LED de 3.000K com temperatura de cor e tom de luz quente. O \u00e2ngulo de abertura do feixe de luz \u00e9 de 45 \u00b0. Com boas qualidades de luz, possui um \u00edndice de reprodu\u00e7\u00e3o de cores Ra&gt; 80, o que garante uma reprodu\u00e7\u00e3o fiel das cores dos objetos iluminados. \u00c9 um recesso ajust\u00e1vel, adequado para o regulador convencional de l\u00e2mpadas incandescentes \/ TRIAC. A pedido, est\u00e3o dispon\u00edveis um kit de emerg\u00eancia para a lumin\u00e1ria e o sistema de regula\u00e7\u00e3o DALI. Tem dimens\u00f5es de \u00f894 x 31 mm, embora o corte do teto deva ser de \u00f875-80 mm.<\/p>\n","protected":false},"featured_media":51928,"template":"","meta":[],"product_cat":[15],"product_tag":[],"familia":[],"acf":[],"_links":{"self":[{"href":"https:\/\/prilux.es\/pt-pt\/wp-json\/wp\/v2\/product\/1112040"}],"collection":[{"href":"https:\/\/prilux.es\/pt-pt\/wp-json\/wp\/v2\/product"}],"about":[{"href":"https:\/\/prilux.es\/pt-pt\/wp-json\/wp\/v2\/types\/product"}],"version-history":[{"count":0,"href":"https:\/\/prilux.es\/pt-pt\/wp-json\/wp\/v2\/product\/1112040\/revisions"}],"wp:featuredmedia":[{"embeddable":true,"href":"https:\/\/prilux.es\/pt-pt\/wp-json\/wp\/v2\/media\/51928"}],"wp:attachment":[{"href":"https:\/\/prilux.es\/pt-pt\/wp-json\/wp\/v2\/media?parent=1112040"}],"wp:term":[{"taxonomy":"product_cat","embeddable":true,"href":"https:\/\/prilux.es\/pt-pt\/wp-json\/wp\/v2\/product_cat?post=1112040"},{"taxonomy":"product_tag","embeddable":true,"href":"https:\/\/prilux.es\/pt-pt\/wp-json\/wp\/v2\/product_tag?post=1112040"},{"taxonomy":"familia","embeddable":true,"href":"https:\/\/prilux.es\/pt-pt\/wp-json\/wp\/v2\/familia?post=1112040"}],"curies":[{"name":"wp","href":"https:\/\/api.w.org\/{rel}","templated":true}]}}