{"id":1112068,"date":"2021-10-25T14:11:46","date_gmt":"2021-10-25T13:11:46","guid":{"rendered":"https:\/\/www.prilux.es\/product\/painel-etna-slim-60x60-43w-830-2\/"},"modified":"2024-08-27T12:05:36","modified_gmt":"2024-08-27T11:05:36","slug":"painel-etna-slim-60x60-43w-830-2","status":"publish","type":"product","link":"https:\/\/prilux.es\/pt-pt\/produto\/painel-etna-slim-60x60-43w-830-2\/","title":{"rendered":"PAINEL ETNA SLIM 60X60 43W 830"},"content":{"rendered":"<p>A lumin\u00e1ria Etna Slim LED 40W, da gama Prilux LED Interior Decorative, \u00e9 a solu\u00e7\u00e3o ideal para a ilumina\u00e7\u00e3o de espa\u00e7os interiores, escrit\u00f3rios, salas de aula, edif\u00edcios p\u00fablicos ou similares, gra\u00e7as ao seu baixo consumo e ao seu design moderno e simples. Eficaz e eficiente, o Etna Slim \u00e9 uma tela embutida adequada para espa\u00e7os internos, gra\u00e7as \u00e0 sua qualidade de ilumina\u00e7\u00e3o e ao grau de prote\u00e7\u00e3o IP20 e IP40 instalado. A sua montagem \u00e9 feita embutida no tecto, para que o corpo esguio da lumin\u00e1ria fique escondido. A montagem em superf\u00edcie tamb\u00e9m est\u00e1 dispon\u00edvel, usando a gaveta de montagem em superf\u00edcie dispon\u00edvel como um acess\u00f3rio. A sua montagem adapta-se a tectos falsos, sejam finos ou grossos. Etna Slim, de formato quadrado, mede 600 x 600 x 10,5mm, com corpo em a\u00e7o branco e difusor em policarbonato. As dimens\u00f5es do orif\u00edcio no teto para montagem s\u00e3o 575 x 575 mm. \u00c9 uma tela LED de baixo consumo, com vida \u00fatil de L70&gt; 25.000h. A instala\u00e7\u00e3o do Etna Slim proporciona ampla economia de energia e boa luminosidade, pois, com sua tecnologia LED, possui uma pot\u00eancia do LED de 40W e um fluxo luminoso do LED de 4.583 lumens, a uma intensidade de 1.000mA. Equipado com l\u00e2mpadas LED de 3.000K e tons de luz quentes. Possui \u00edndice de reprodu\u00e7\u00e3o de cor Ra&gt; 80, o que garante uma reprodu\u00e7\u00e3o fiel das cores dos objetos iluminados. O \u00e2ngulo de feixe do Etna Slim \u00e9 de 120 \u00b0. A pedido, um kit de emerg\u00eancia e um sistema de dimeriza\u00e7\u00e3o para a lumin\u00e1ria tamb\u00e9m est\u00e3o dispon\u00edveis, atrav\u00e9s de um sistema 1-10V ou DALI.<\/p>\n","protected":false},"excerpt":{"rendered":"<p>A lumin\u00e1ria Etna Slim LED 40W, da gama Prilux LED Interior Decorative, \u00e9 a solu\u00e7\u00e3o ideal para a ilumina\u00e7\u00e3o de espa\u00e7os interiores, escrit\u00f3rios, salas de aula, edif\u00edcios p\u00fablicos ou similares, gra\u00e7as ao seu baixo consumo e ao seu design moderno e simples. Eficaz e eficiente, o Etna Slim \u00e9 uma tela embutida adequada para espa\u00e7os internos, gra\u00e7as \u00e0 sua qualidade de ilumina\u00e7\u00e3o e ao grau de prote\u00e7\u00e3o IP20 e IP40 instalado. A sua montagem \u00e9 feita embutida no tecto, para que o corpo esguio da lumin\u00e1ria fique escondido. A montagem em superf\u00edcie tamb\u00e9m est\u00e1 dispon\u00edvel, usando a gaveta de montagem em superf\u00edcie dispon\u00edvel como um acess\u00f3rio. A sua montagem adapta-se a tectos falsos, sejam finos ou grossos. Etna Slim, de formato quadrado, mede 600 x 600 x 10,5mm, com corpo em a\u00e7o branco e difusor em policarbonato. As dimens\u00f5es do orif\u00edcio no teto para montagem s\u00e3o 575 x 575 mm. \u00c9 uma tela LED de baixo consumo, com vida \u00fatil de L70&gt; 25.000h. A instala\u00e7\u00e3o do Etna Slim proporciona ampla economia de energia e boa luminosidade, pois, com sua tecnologia LED, possui uma pot\u00eancia do LED de 40W e um fluxo luminoso do LED de 4.583 lumens, a uma intensidade de 1.000mA. Equipado com l\u00e2mpadas LED de 3.000K e tons de luz quentes. Possui \u00edndice de reprodu\u00e7\u00e3o de cor Ra&gt; 80, o que garante uma reprodu\u00e7\u00e3o fiel das cores dos objetos iluminados. O \u00e2ngulo de feixe do Etna Slim \u00e9 de 120 \u00b0. A pedido, um kit de emerg\u00eancia e um sistema de dimeriza\u00e7\u00e3o para a lumin\u00e1ria tamb\u00e9m est\u00e3o dispon\u00edveis, atrav\u00e9s de um sistema 1-10V ou DALI.<\/p>\n","protected":false},"featured_media":49991,"template":"","meta":[],"product_cat":[15],"product_tag":[],"familia":[],"acf":[],"_links":{"self":[{"href":"https:\/\/prilux.es\/pt-pt\/wp-json\/wp\/v2\/product\/1112068"}],"collection":[{"href":"https:\/\/prilux.es\/pt-pt\/wp-json\/wp\/v2\/product"}],"about":[{"href":"https:\/\/prilux.es\/pt-pt\/wp-json\/wp\/v2\/types\/product"}],"version-history":[{"count":0,"href":"https:\/\/prilux.es\/pt-pt\/wp-json\/wp\/v2\/product\/1112068\/revisions"}],"wp:featuredmedia":[{"embeddable":true,"href":"https:\/\/prilux.es\/pt-pt\/wp-json\/wp\/v2\/media\/49991"}],"wp:attachment":[{"href":"https:\/\/prilux.es\/pt-pt\/wp-json\/wp\/v2\/media?parent=1112068"}],"wp:term":[{"taxonomy":"product_cat","embeddable":true,"href":"https:\/\/prilux.es\/pt-pt\/wp-json\/wp\/v2\/product_cat?post=1112068"},{"taxonomy":"product_tag","embeddable":true,"href":"https:\/\/prilux.es\/pt-pt\/wp-json\/wp\/v2\/product_tag?post=1112068"},{"taxonomy":"familia","embeddable":true,"href":"https:\/\/prilux.es\/pt-pt\/wp-json\/wp\/v2\/familia?post=1112068"}],"curies":[{"name":"wp","href":"https:\/\/api.w.org\/{rel}","templated":true}]}}