{"id":1112302,"date":"2021-10-25T14:08:55","date_gmt":"2021-10-25T13:08:55","guid":{"rendered":"https:\/\/www.prilux.es\/product\/aplique-niza-22w-830-ral-7010-ip65-2\/"},"modified":"2024-08-27T12:12:40","modified_gmt":"2024-08-27T11:12:40","slug":"aplique-niza-22w-830-ral-7010-ip65-2","status":"publish","type":"product","link":"https:\/\/prilux.es\/pt-pt\/produto\/aplique-niza-22w-830-ral-7010-ip65-2\/","title":{"rendered":"APLIQUE NIZA 22W 830 RAL 7010 IP65"},"content":{"rendered":"<p>A lumin\u00e1ria para exterior 20W Niza LED \u00e9 uma lumin\u00e1ria da gama de LEDs decorativos exteriores da Prilux, uma solu\u00e7\u00e3o elegante e de design para espa\u00e7os exteriores como jardins ou terra\u00e7os. Eficaz, eficiente e resistente, Niza LED \u00e9 uma lumin\u00e1ria indicada para a decora\u00e7\u00e3o e ilumina\u00e7\u00e3o de espa\u00e7os exteriores ao ar livre, gra\u00e7as \u00e0 sua qualidade de ilumina\u00e7\u00e3o e ao seu elevado n\u00edvel de protec\u00e7\u00e3o IP65 e IK08. \u00c9 montado na superf\u00edcie, numa parede vertical. A instala\u00e7\u00e3o da lumin\u00e1ria de Nice deve ser realizada apenas para baixo. Simp\u00e1tica, de forma c\u00fabica, com corpo em alum\u00ednio em cinzento escuro RAL 7010 e difusor em vidro prism\u00e1tico. Economiza no consumo, tem vida \u00fatil de L70&gt; 40.000h. A instala\u00e7\u00e3o do Niza LED proporciona grande economia de energia e boa luminosidade, pois, com seus 9 LEDs, possui uma pot\u00eancia de LED de 20W e um fluxo luminoso de LED de 2.861 lumens. Equipado com l\u00e2mpadas LED de 3.000K e tons de luz quentes. O \u00e2ngulo de feixe do Nice LED \u00e9 de 28 \u00b0. A boa qualidade de ilumina\u00e7\u00e3o inclui um \u00edndice de reprodu\u00e7\u00e3o de cores Ra&gt; 80, que garante a reprodu\u00e7\u00e3o fiel das cores dos objetos iluminados. Esta lumin\u00e1ria decorativa para exterior tem dimens\u00f5es de 140 x 170 x 168 mm.<\/p>\n","protected":false},"excerpt":{"rendered":"<p>A lumin\u00e1ria para exterior 20W Niza LED \u00e9 uma lumin\u00e1ria da gama de LEDs decorativos exteriores da Prilux, uma solu\u00e7\u00e3o elegante e de design para espa\u00e7os exteriores como jardins ou terra\u00e7os. Eficaz, eficiente e resistente, Niza LED \u00e9 uma lumin\u00e1ria indicada para a decora\u00e7\u00e3o e ilumina\u00e7\u00e3o de espa\u00e7os exteriores ao ar livre, gra\u00e7as \u00e0 sua qualidade de ilumina\u00e7\u00e3o e ao seu elevado n\u00edvel de protec\u00e7\u00e3o IP65 e IK08. \u00c9 montado na superf\u00edcie, numa parede vertical. A instala\u00e7\u00e3o da lumin\u00e1ria de Nice deve ser realizada apenas para baixo. Simp\u00e1tica, de forma c\u00fabica, com corpo em alum\u00ednio em cinzento escuro RAL 7010 e difusor em vidro prism\u00e1tico. Economiza no consumo, tem vida \u00fatil de L70&gt; 40.000h. A instala\u00e7\u00e3o do Niza LED proporciona grande economia de energia e boa luminosidade, pois, com seus 9 LEDs, possui uma pot\u00eancia de LED de 20W e um fluxo luminoso de LED de 2.861 lumens. Equipado com l\u00e2mpadas LED de 3.000K e tons de luz quentes. O \u00e2ngulo de feixe do Nice LED \u00e9 de 28 \u00b0. A boa qualidade de ilumina\u00e7\u00e3o inclui um \u00edndice de reprodu\u00e7\u00e3o de cores Ra&gt; 80, que garante a reprodu\u00e7\u00e3o fiel das cores dos objetos iluminados. Esta lumin\u00e1ria decorativa para exterior tem dimens\u00f5es de 140 x 170 x 168 mm.<\/p>\n","protected":false},"featured_media":50663,"template":"","meta":[],"product_cat":[15],"product_tag":[],"familia":[],"acf":[],"_links":{"self":[{"href":"https:\/\/prilux.es\/pt-pt\/wp-json\/wp\/v2\/product\/1112302"}],"collection":[{"href":"https:\/\/prilux.es\/pt-pt\/wp-json\/wp\/v2\/product"}],"about":[{"href":"https:\/\/prilux.es\/pt-pt\/wp-json\/wp\/v2\/types\/product"}],"version-history":[{"count":0,"href":"https:\/\/prilux.es\/pt-pt\/wp-json\/wp\/v2\/product\/1112302\/revisions"}],"wp:featuredmedia":[{"embeddable":true,"href":"https:\/\/prilux.es\/pt-pt\/wp-json\/wp\/v2\/media\/50663"}],"wp:attachment":[{"href":"https:\/\/prilux.es\/pt-pt\/wp-json\/wp\/v2\/media?parent=1112302"}],"wp:term":[{"taxonomy":"product_cat","embeddable":true,"href":"https:\/\/prilux.es\/pt-pt\/wp-json\/wp\/v2\/product_cat?post=1112302"},{"taxonomy":"product_tag","embeddable":true,"href":"https:\/\/prilux.es\/pt-pt\/wp-json\/wp\/v2\/product_tag?post=1112302"},{"taxonomy":"familia","embeddable":true,"href":"https:\/\/prilux.es\/pt-pt\/wp-json\/wp\/v2\/familia?post=1112302"}],"curies":[{"name":"wp","href":"https:\/\/api.w.org\/{rel}","templated":true}]}}