{"id":1112325,"date":"2021-10-25T14:06:40","date_gmt":"2021-10-25T13:06:40","guid":{"rendered":"https:\/\/www.prilux.es\/product\/projector-iseo-led-8w-12v-750-ip68-2\/"},"modified":"2026-01-20T22:46:01","modified_gmt":"2026-01-20T21:46:01","slug":"projector-iseo-led-8w-12v-750-ip68","status":"publish","type":"product","link":"https:\/\/prilux.es\/pt-pt\/produto\/projector-iseo-led-8w-12v-750-ip68\/","title":{"rendered":"PROJECTOR ISEO LED 8W 12V 750 IP68"},"content":{"rendered":"<p>O projector LED Iseo 8W \u00e9 uma lumin\u00e1ria submers\u00edvel da gama de LEDs decorativos exteriores da Prilux, excelente para uma ilumina\u00e7\u00e3o elegante e de design para espa\u00e7os exteriores como jardins, terra\u00e7os ou piscinas. Eficaz, eficiente e resistente, Iseo LED \u00e9 um projetor adequado para a decora\u00e7\u00e3o e ilumina\u00e7\u00e3o de espa\u00e7os exteriores exteriores e subaqu\u00e1ticos, gra\u00e7as \u00e0 sua qualidade de ilumina\u00e7\u00e3o e ao seu elevado n\u00edvel de protec\u00e7\u00e3o IP68 e IK08. Ele \u00e9 montado na superf\u00edcie, seja em uma parede vertical, piso ou teto. Este modelo ilumina o espa\u00e7o projetando luz diretamente. O Iseo possui corpo em a\u00e7o inox, na cor cinza Inox. Economia de consumo, tem vida \u00fatil de L70&gt; 30.000h. A instala\u00e7\u00e3o do Iseo LED proporciona ampla economia de energia e boa luminosidade, pois, com seus 3 LEDs, possui uma pot\u00eancia de 8W e um fluxo luminoso do LED de 816 lumens. Equipado com 6.500K l\u00e2mpadas LED e tom de luz frio. O \u00e2ngulo do feixe do LED Iseo \u00e9 de 30 \u00b0, e a cabe\u00e7a do projetor pode ser inclinada verticalmente, para maior versatilidade. Este projetor decorativo para exteriores tem dimens\u00f5es de 80 x 85 x 125 mm.<\/p>\n","protected":false},"excerpt":{"rendered":"<p>O projector LED Iseo 8W \u00e9 uma lumin\u00e1ria submers\u00edvel da gama de LEDs decorativos exteriores da Prilux, excelente para uma ilumina\u00e7\u00e3o elegante e de design para espa\u00e7os exteriores como jardins, terra\u00e7os ou piscinas. Eficaz, eficiente e resistente, Iseo LED \u00e9 um projetor adequado para a decora\u00e7\u00e3o e ilumina\u00e7\u00e3o de espa\u00e7os exteriores exteriores e subaqu\u00e1ticos, gra\u00e7as \u00e0 sua qualidade de ilumina\u00e7\u00e3o e ao seu elevado n\u00edvel de protec\u00e7\u00e3o IP68 e IK08. Ele \u00e9 montado na superf\u00edcie, seja em uma parede vertical, piso ou teto. Este modelo ilumina o espa\u00e7o projetando luz diretamente. O Iseo possui corpo em a\u00e7o inox, na cor cinza Inox. Economia de consumo, tem vida \u00fatil de L70&gt; 30.000h. A instala\u00e7\u00e3o do Iseo LED proporciona ampla economia de energia e boa luminosidade, pois, com seus 3 LEDs, possui uma pot\u00eancia de 8W e um fluxo luminoso do LED de 816 lumens. Equipado com 6.500K l\u00e2mpadas LED e tom de luz frio. O \u00e2ngulo do feixe do LED Iseo \u00e9 de 30 \u00b0, e a cabe\u00e7a do projetor pode ser inclinada verticalmente, para maior versatilidade. Este projetor decorativo para exteriores tem dimens\u00f5es de 80 x 85 x 125 mm.<\/p>\n","protected":false},"featured_media":2143569,"template":"","meta":[],"product_cat":[15],"product_tag":[],"familia":[{"id":25312,"name":"ISEO","slug":"iseo-pt"}],"acf":[],"_links":{"self":[{"href":"https:\/\/prilux.es\/pt-pt\/wp-json\/wp\/v2\/product\/1112325"}],"collection":[{"href":"https:\/\/prilux.es\/pt-pt\/wp-json\/wp\/v2\/product"}],"about":[{"href":"https:\/\/prilux.es\/pt-pt\/wp-json\/wp\/v2\/types\/product"}],"version-history":[{"count":0,"href":"https:\/\/prilux.es\/pt-pt\/wp-json\/wp\/v2\/product\/1112325\/revisions"}],"wp:featuredmedia":[{"embeddable":true,"href":"https:\/\/prilux.es\/pt-pt\/wp-json\/wp\/v2\/media\/2143569"}],"wp:attachment":[{"href":"https:\/\/prilux.es\/pt-pt\/wp-json\/wp\/v2\/media?parent=1112325"}],"wp:term":[{"taxonomy":"product_cat","embeddable":true,"href":"https:\/\/prilux.es\/pt-pt\/wp-json\/wp\/v2\/product_cat?post=1112325"},{"taxonomy":"product_tag","embeddable":true,"href":"https:\/\/prilux.es\/pt-pt\/wp-json\/wp\/v2\/product_tag?post=1112325"},{"taxonomy":"familia","embeddable":true,"href":"https:\/\/prilux.es\/pt-pt\/wp-json\/wp\/v2\/familia?post=1112325"}],"curies":[{"name":"wp","href":"https:\/\/api.w.org\/{rel}","templated":true}]}}