{"id":1112342,"date":"2021-10-25T14:11:52","date_gmt":"2021-10-25T13:11:52","guid":{"rendered":"https:\/\/www.prilux.es\/product\/aplique-led-lucca-18w-840-ip65-220v-branco-2\/"},"modified":"2024-08-27T12:13:42","modified_gmt":"2024-08-27T11:13:42","slug":"aplique-led-lucca-18w-840-ip65-220v-branco-2","status":"publish","type":"product","link":"https:\/\/prilux.es\/pt-pt\/produto\/aplique-led-lucca-18w-840-ip65-220v-branco-2\/","title":{"rendered":"APLIQUE LED LUCCA 18W 840 IP65 220V BRANCO"},"content":{"rendered":"<p>O aplique LED LUCCA de 18 W \u00e9 uma lumin\u00e1ria da fam\u00edlia PRILUX GREEN LED. Eficaz, eficiente e resistente, LUCCA LED \u00e9 um aplique de parede para exterior adequado para iluminar espa\u00e7os como terra\u00e7os, jardins ou parques. Com um excelente \u00edndice de prote\u00e7\u00e3o IP65, \u00e9 adequado para instala\u00e7\u00e3o ao ar livre. Com uma temperatura de trabalho variando de -10 \u00b0 C a 35 \u00b0 C. Ele tamb\u00e9m tem uma longa vida \u00fatil, L70&gt; 25.000h. Com o driver inclu\u00eddo. LUCCA LED, de forma cil\u00edndrica, possui corpo em policarbonato branco e difusor em policarbonato transparente. De baixo consumo, possui pot\u00eancia de 18W na tens\u00e3o de 230 Vca, com fluxo luminoso de 1.253 l\u00famens. O aplique est\u00e1 equipado com 4.000K l\u00e2mpadas LED com temperatura de cor e tom de luz neutro. Com boas qualidades de ilumina\u00e7\u00e3o, possui um \u00edndice de reprodu\u00e7\u00e3o de cores Ra&gt; 80, o que garante uma reprodu\u00e7\u00e3o fiel das cores dos objetos iluminados. O \u00e2ngulo do feixe \u00e9 de 127 \u00b0. O LED LUCCA mede 271 x 146 x 76 mm.<\/p>\n","protected":false},"excerpt":{"rendered":"<p>O aplique LED LUCCA de 18 W \u00e9 uma lumin\u00e1ria da fam\u00edlia PRILUX GREEN LED. Eficaz, eficiente e resistente, LUCCA LED \u00e9 um aplique de parede para exterior adequado para iluminar espa\u00e7os como terra\u00e7os, jardins ou parques. Com um excelente \u00edndice de prote\u00e7\u00e3o IP65, \u00e9 adequado para instala\u00e7\u00e3o ao ar livre. Com uma temperatura de trabalho variando de -10 \u00b0 C a 35 \u00b0 C. Ele tamb\u00e9m tem uma longa vida \u00fatil, L70&gt; 25.000h. Com o driver inclu\u00eddo. LUCCA LED, de forma cil\u00edndrica, possui corpo em policarbonato branco e difusor em policarbonato transparente. De baixo consumo, possui pot\u00eancia de 18W na tens\u00e3o de 230 Vca, com fluxo luminoso de 1.253 l\u00famens. O aplique est\u00e1 equipado com 4.000K l\u00e2mpadas LED com temperatura de cor e tom de luz neutro. Com boas qualidades de ilumina\u00e7\u00e3o, possui um \u00edndice de reprodu\u00e7\u00e3o de cores Ra&gt; 80, o que garante uma reprodu\u00e7\u00e3o fiel das cores dos objetos iluminados. O \u00e2ngulo do feixe \u00e9 de 127 \u00b0. O LED LUCCA mede 271 x 146 x 76 mm.<\/p>\n","protected":false},"featured_media":52392,"template":"","meta":[],"product_cat":[15],"product_tag":[],"familia":[],"acf":[],"_links":{"self":[{"href":"https:\/\/prilux.es\/pt-pt\/wp-json\/wp\/v2\/product\/1112342"}],"collection":[{"href":"https:\/\/prilux.es\/pt-pt\/wp-json\/wp\/v2\/product"}],"about":[{"href":"https:\/\/prilux.es\/pt-pt\/wp-json\/wp\/v2\/types\/product"}],"version-history":[{"count":0,"href":"https:\/\/prilux.es\/pt-pt\/wp-json\/wp\/v2\/product\/1112342\/revisions"}],"wp:featuredmedia":[{"embeddable":true,"href":"https:\/\/prilux.es\/pt-pt\/wp-json\/wp\/v2\/media\/52392"}],"wp:attachment":[{"href":"https:\/\/prilux.es\/pt-pt\/wp-json\/wp\/v2\/media?parent=1112342"}],"wp:term":[{"taxonomy":"product_cat","embeddable":true,"href":"https:\/\/prilux.es\/pt-pt\/wp-json\/wp\/v2\/product_cat?post=1112342"},{"taxonomy":"product_tag","embeddable":true,"href":"https:\/\/prilux.es\/pt-pt\/wp-json\/wp\/v2\/product_tag?post=1112342"},{"taxonomy":"familia","embeddable":true,"href":"https:\/\/prilux.es\/pt-pt\/wp-json\/wp\/v2\/familia?post=1112342"}],"curies":[{"name":"wp","href":"https:\/\/api.w.org\/{rel}","templated":true}]}}