{"id":1112347,"date":"2021-10-25T13:52:32","date_gmt":"2021-10-25T12:52:32","guid":{"rendered":"https:\/\/www.prilux.es\/product\/aplique-sura-14w-directo-indirecto-840-ral7010-ip65-2\/"},"modified":"2024-08-27T12:13:54","modified_gmt":"2024-08-27T11:13:54","slug":"aplique-sura-14w-directo-indirecto-840-ral7010-ip65-2","status":"publish","type":"product","link":"https:\/\/prilux.es\/pt-pt\/produto\/aplique-sura-14w-directo-indirecto-840-ral7010-ip65-2\/","title":{"rendered":"APLIQUE SURA 14W DIRECTO\/INDIRECTO 840 RAL7010 IP65"},"content":{"rendered":"<p>A lumin\u00e1ria para exterior 12W Sura LED \u00e9 uma lumin\u00e1ria da gama de LEDs decorativos exteriores da Prilux, excelente para ilumina\u00e7\u00e3o elegante e de design para espa\u00e7os exteriores, como jardins ou terra\u00e7os. Eficiente, eficiente e resistente, a Sura LED \u00e9 uma lumin\u00e1ria adequada para decorar e iluminar espa\u00e7os exteriores ao ar livre gra\u00e7as \u00e0 sua qualidade de ilumina\u00e7\u00e3o e ao seu elevado grau de protec\u00e7\u00e3o IP65 e IK08. \u00c9 montado na superf\u00edcie, numa parede vertical. Este modelo ilumina o espa\u00e7o projetando luz direta e indiretamente. Sura, de formato retangular, possui corpo de alum\u00ednio em cinza escuro RAL 7010 e difusor em vidro transparente. Economiza no consumo, tem vida \u00fatil de L70&gt; 40.000h. A instala\u00e7\u00e3o do Sura LED proporciona ampla economia de energia e boa luminosidade, pois, com sua tecnologia LED, possui uma pot\u00eancia do LED de 12W e um fluxo luminoso do LED de 1.122 lumens. Equipado com 4.000K l\u00e2mpadas LED e tom de luz neutro. O \u00e2ngulo de feixe do Sura LED \u00e9 de 77 \u00b0. A qualidade de ilumina\u00e7\u00e3o do Sura inclui um \u00edndice de reprodu\u00e7\u00e3o de cores Ra&gt; 80, que garante uma reprodu\u00e7\u00e3o fiel das cores dos objetos iluminados. Esta lumin\u00e1ria decorativa para exterior tem dimens\u00f5es de 60 x 128 x 56 mm.<\/p>\n","protected":false},"excerpt":{"rendered":"<p>A lumin\u00e1ria para exterior 12W Sura LED \u00e9 uma lumin\u00e1ria da gama de LEDs decorativos exteriores da Prilux, excelente para ilumina\u00e7\u00e3o elegante e de design para espa\u00e7os exteriores, como jardins ou terra\u00e7os. Eficiente, eficiente e resistente, a Sura LED \u00e9 uma lumin\u00e1ria adequada para decorar e iluminar espa\u00e7os exteriores ao ar livre gra\u00e7as \u00e0 sua qualidade de ilumina\u00e7\u00e3o e ao seu elevado grau de protec\u00e7\u00e3o IP65 e IK08. \u00c9 montado na superf\u00edcie, numa parede vertical. Este modelo ilumina o espa\u00e7o projetando luz direta e indiretamente. Sura, de formato retangular, possui corpo de alum\u00ednio em cinza escuro RAL 7010 e difusor em vidro transparente. Economiza no consumo, tem vida \u00fatil de L70&gt; 40.000h. A instala\u00e7\u00e3o do Sura LED proporciona ampla economia de energia e boa luminosidade, pois, com sua tecnologia LED, possui uma pot\u00eancia do LED de 12W e um fluxo luminoso do LED de 1.122 lumens. Equipado com 4.000K l\u00e2mpadas LED e tom de luz neutro. O \u00e2ngulo de feixe do Sura LED \u00e9 de 77 \u00b0. A qualidade de ilumina\u00e7\u00e3o do Sura inclui um \u00edndice de reprodu\u00e7\u00e3o de cores Ra&gt; 80, que garante uma reprodu\u00e7\u00e3o fiel das cores dos objetos iluminados. Esta lumin\u00e1ria decorativa para exterior tem dimens\u00f5es de 60 x 128 x 56 mm.<\/p>\n","protected":false},"featured_media":51630,"template":"","meta":[],"product_cat":[15],"product_tag":[],"familia":[],"acf":[],"_links":{"self":[{"href":"https:\/\/prilux.es\/pt-pt\/wp-json\/wp\/v2\/product\/1112347"}],"collection":[{"href":"https:\/\/prilux.es\/pt-pt\/wp-json\/wp\/v2\/product"}],"about":[{"href":"https:\/\/prilux.es\/pt-pt\/wp-json\/wp\/v2\/types\/product"}],"version-history":[{"count":0,"href":"https:\/\/prilux.es\/pt-pt\/wp-json\/wp\/v2\/product\/1112347\/revisions"}],"wp:featuredmedia":[{"embeddable":true,"href":"https:\/\/prilux.es\/pt-pt\/wp-json\/wp\/v2\/media\/51630"}],"wp:attachment":[{"href":"https:\/\/prilux.es\/pt-pt\/wp-json\/wp\/v2\/media?parent=1112347"}],"wp:term":[{"taxonomy":"product_cat","embeddable":true,"href":"https:\/\/prilux.es\/pt-pt\/wp-json\/wp\/v2\/product_cat?post=1112347"},{"taxonomy":"product_tag","embeddable":true,"href":"https:\/\/prilux.es\/pt-pt\/wp-json\/wp\/v2\/product_tag?post=1112347"},{"taxonomy":"familia","embeddable":true,"href":"https:\/\/prilux.es\/pt-pt\/wp-json\/wp\/v2\/familia?post=1112347"}],"curies":[{"name":"wp","href":"https:\/\/api.w.org\/{rel}","templated":true}]}}