{"id":1112355,"date":"2021-10-25T14:12:02","date_gmt":"2021-10-25T13:12:02","guid":{"rendered":"https:\/\/www.prilux.es\/product\/agua-avant-abs-18w-rgb-on-off-ip68-2\/"},"modified":"2024-08-27T12:14:05","modified_gmt":"2024-08-27T11:14:05","slug":"agua-avant-abs-18w-rgb-on-off-ip68-2","status":"publish","type":"product","link":"https:\/\/prilux.es\/pt-pt\/produto\/agua-avant-abs-18w-rgb-on-off-ip68-2\/","title":{"rendered":"AGUA AVANT ABS 18W RGB ON\/OFF IP68"},"content":{"rendered":"<p>A luz embutida submers\u00edvel 18W Agua Avant ABS RGB \u00e9 uma lumin\u00e1ria embutida da linha de LEDs decorativos exteriores da Prilux. \u00c9 a solu\u00e7\u00e3o ideal para ilumina\u00e7\u00e3o de piscinas. Eficaz, eficiente e resistente, Agua Avant ABS RGB \u00e9 uma lumin\u00e1ria indicada para a decora\u00e7\u00e3o e ilumina\u00e7\u00e3o de espa\u00e7os subaqu\u00e1ticos, com uma profundidade m\u00e1xima de instala\u00e7\u00e3o de 2 metros, gra\u00e7as ao seu excelente grau de protec\u00e7\u00e3o IP68 e IK08. Ele \u00e9 montado nivelado, seja em uma parede vertical ou no ch\u00e3o. Agua Avant ABS RGB possui corpo e moldura em pl\u00e1stico ABS resistente, na cor branca. Equipamento com transformador, os parafusos s\u00e3o em a\u00e7o inoxid\u00e1vel e a caixa de embutir da lumin\u00e1ria \u00e9 em material termopl\u00e1stico. Economiza no consumo, tem vida \u00fatil de L70&gt; 50.000h. A instala\u00e7\u00e3o do Agua Avant ABS RGB proporciona economia de consumo e boa luminosidade, pois, com sua fonte de luz LED, possui uma pot\u00eancia de LED de 18W na intensidade de 1.500mA. Equipado com l\u00e2mpadas LED RGB on \/ off, que fornecem ilumina\u00e7\u00e3o colorida personaliz\u00e1vel com o controlador RGB. O downlight tem um \u00e2ngulo de feixe de 100 \u00b0. Oferece a possibilidade de trocar a l\u00e2mpada quando a piscina estiver cheia: por meio de um cabo enrolado no nicho, a l\u00e2mpada pode ser retirada da \u00e1gua e assim ser trocada sem ter que esvaziar a piscina. Este downlight submers\u00edvel tem dimens\u00f5es de \u00f8280 x 130 mm.<\/p>\n","protected":false},"excerpt":{"rendered":"<p>A luz embutida submers\u00edvel 18W Agua Avant ABS RGB \u00e9 uma lumin\u00e1ria embutida da linha de LEDs decorativos exteriores da Prilux. \u00c9 a solu\u00e7\u00e3o ideal para ilumina\u00e7\u00e3o de piscinas. Eficaz, eficiente e resistente, Agua Avant ABS RGB \u00e9 uma lumin\u00e1ria indicada para a decora\u00e7\u00e3o e ilumina\u00e7\u00e3o de espa\u00e7os subaqu\u00e1ticos, com uma profundidade m\u00e1xima de instala\u00e7\u00e3o de 2 metros, gra\u00e7as ao seu excelente grau de protec\u00e7\u00e3o IP68 e IK08. Ele \u00e9 montado nivelado, seja em uma parede vertical ou no ch\u00e3o. Agua Avant ABS RGB possui corpo e moldura em pl\u00e1stico ABS resistente, na cor branca. Equipamento com transformador, os parafusos s\u00e3o em a\u00e7o inoxid\u00e1vel e a caixa de embutir da lumin\u00e1ria \u00e9 em material termopl\u00e1stico. Economiza no consumo, tem vida \u00fatil de L70&gt; 50.000h. A instala\u00e7\u00e3o do Agua Avant ABS RGB proporciona economia de consumo e boa luminosidade, pois, com sua fonte de luz LED, possui uma pot\u00eancia de LED de 18W na intensidade de 1.500mA. Equipado com l\u00e2mpadas LED RGB on \/ off, que fornecem ilumina\u00e7\u00e3o colorida personaliz\u00e1vel com o controlador RGB. O downlight tem um \u00e2ngulo de feixe de 100 \u00b0. Oferece a possibilidade de trocar a l\u00e2mpada quando a piscina estiver cheia: por meio de um cabo enrolado no nicho, a l\u00e2mpada pode ser retirada da \u00e1gua e assim ser trocada sem ter que esvaziar a piscina. Este downlight submers\u00edvel tem dimens\u00f5es de \u00f8280 x 130 mm.<\/p>\n","protected":false},"featured_media":52070,"template":"","meta":[],"product_cat":[15],"product_tag":[],"familia":[],"acf":[],"_links":{"self":[{"href":"https:\/\/prilux.es\/pt-pt\/wp-json\/wp\/v2\/product\/1112355"}],"collection":[{"href":"https:\/\/prilux.es\/pt-pt\/wp-json\/wp\/v2\/product"}],"about":[{"href":"https:\/\/prilux.es\/pt-pt\/wp-json\/wp\/v2\/types\/product"}],"version-history":[{"count":0,"href":"https:\/\/prilux.es\/pt-pt\/wp-json\/wp\/v2\/product\/1112355\/revisions"}],"wp:featuredmedia":[{"embeddable":true,"href":"https:\/\/prilux.es\/pt-pt\/wp-json\/wp\/v2\/media\/52070"}],"wp:attachment":[{"href":"https:\/\/prilux.es\/pt-pt\/wp-json\/wp\/v2\/media?parent=1112355"}],"wp:term":[{"taxonomy":"product_cat","embeddable":true,"href":"https:\/\/prilux.es\/pt-pt\/wp-json\/wp\/v2\/product_cat?post=1112355"},{"taxonomy":"product_tag","embeddable":true,"href":"https:\/\/prilux.es\/pt-pt\/wp-json\/wp\/v2\/product_tag?post=1112355"},{"taxonomy":"familia","embeddable":true,"href":"https:\/\/prilux.es\/pt-pt\/wp-json\/wp\/v2\/familia?post=1112355"}],"curies":[{"name":"wp","href":"https:\/\/api.w.org\/{rel}","templated":true}]}}