{"id":1112367,"date":"2021-10-25T14:06:57","date_gmt":"2021-10-25T13:06:57","guid":{"rendered":"https:\/\/www.prilux.es\/product\/greco-15w-830-branco-ral9003-ip65-2\/"},"modified":"2024-08-27T12:14:28","modified_gmt":"2024-08-27T11:14:28","slug":"greco-15w-830-branco-ral9003-ip65-2","status":"publish","type":"product","link":"https:\/\/prilux.es\/pt-pt\/produto\/greco-15w-830-branco-ral9003-ip65-2\/","title":{"rendered":"GRECO 15W 830 BRANCO RAL9003 IP65"},"content":{"rendered":"<p>A lumin\u00e1ria de exterior Greco LED 15W \u00e9 uma lumin\u00e1ria da gama LED para exteriores decorativos da Prilux e \u00e9 a solu\u00e7\u00e3o perfeita para uma ilumina\u00e7\u00e3o elegante e de design para espa\u00e7os exteriores, como jardins ou terra\u00e7os. Eficaz, eficiente e resistente, a Greco LED \u00e9 uma lumin\u00e1ria indicada para a decora\u00e7\u00e3o e ilumina\u00e7\u00e3o de espa\u00e7os exteriores ao ar livre gra\u00e7as \u00e0 sua qualidade de ilumina\u00e7\u00e3o e ao seu elevado grau de protec\u00e7\u00e3o IP65 e IK08. \u00c9 montado na superf\u00edcie, numa parede vertical. Esta lumin\u00e1ria decorativa pode iluminar o espa\u00e7o projetando luz direta ou indiretamente. O Greco, de forma retangular, possui corpo em alum\u00ednio branco RAL 9003 e difusor em vidro temperado fosco. Economiza no consumo, tem vida \u00fatil de L70&gt; 40.000h. A instala\u00e7\u00e3o do Greco LED proporciona ampla economia de energia e boa luminosidade, pois, com sua tecnologia LED, possui uma pot\u00eancia de 15W e um fluxo luminoso do LED de 786 lumens. Equipado com l\u00e2mpadas LED de 3.000K e tons de luz quentes. O \u00e2ngulo do feixe do LED Greco \u00e9 de 100 \u00b0. A qualidade de ilumina\u00e7\u00e3o de Greco inclui um \u00edndice de reprodu\u00e7\u00e3o de cor Ra&gt; 80, que garante a reprodu\u00e7\u00e3o fiel das cores dos objetos iluminados. Esta lumin\u00e1ria decorativa para exterior tem dimens\u00f5es de 220 x 106 x 90 mm.<\/p>\n","protected":false},"excerpt":{"rendered":"<p>A lumin\u00e1ria de exterior Greco LED 15W \u00e9 uma lumin\u00e1ria da gama LED para exteriores decorativos da Prilux e \u00e9 a solu\u00e7\u00e3o perfeita para uma ilumina\u00e7\u00e3o elegante e de design para espa\u00e7os exteriores, como jardins ou terra\u00e7os. Eficaz, eficiente e resistente, a Greco LED \u00e9 uma lumin\u00e1ria indicada para a decora\u00e7\u00e3o e ilumina\u00e7\u00e3o de espa\u00e7os exteriores ao ar livre gra\u00e7as \u00e0 sua qualidade de ilumina\u00e7\u00e3o e ao seu elevado grau de protec\u00e7\u00e3o IP65 e IK08. \u00c9 montado na superf\u00edcie, numa parede vertical. Esta lumin\u00e1ria decorativa pode iluminar o espa\u00e7o projetando luz direta ou indiretamente. O Greco, de forma retangular, possui corpo em alum\u00ednio branco RAL 9003 e difusor em vidro temperado fosco. Economiza no consumo, tem vida \u00fatil de L70&gt; 40.000h. A instala\u00e7\u00e3o do Greco LED proporciona ampla economia de energia e boa luminosidade, pois, com sua tecnologia LED, possui uma pot\u00eancia de 15W e um fluxo luminoso do LED de 786 lumens. Equipado com l\u00e2mpadas LED de 3.000K e tons de luz quentes. O \u00e2ngulo do feixe do LED Greco \u00e9 de 100 \u00b0. A qualidade de ilumina\u00e7\u00e3o de Greco inclui um \u00edndice de reprodu\u00e7\u00e3o de cor Ra&gt; 80, que garante a reprodu\u00e7\u00e3o fiel das cores dos objetos iluminados. Esta lumin\u00e1ria decorativa para exterior tem dimens\u00f5es de 220 x 106 x 90 mm.<\/p>\n","protected":false},"featured_media":193280,"template":"","meta":[],"product_cat":[15],"product_tag":[],"familia":[],"acf":[],"_links":{"self":[{"href":"https:\/\/prilux.es\/pt-pt\/wp-json\/wp\/v2\/product\/1112367"}],"collection":[{"href":"https:\/\/prilux.es\/pt-pt\/wp-json\/wp\/v2\/product"}],"about":[{"href":"https:\/\/prilux.es\/pt-pt\/wp-json\/wp\/v2\/types\/product"}],"version-history":[{"count":0,"href":"https:\/\/prilux.es\/pt-pt\/wp-json\/wp\/v2\/product\/1112367\/revisions"}],"wp:featuredmedia":[{"embeddable":true,"href":"https:\/\/prilux.es\/pt-pt\/wp-json\/wp\/v2\/media\/193280"}],"wp:attachment":[{"href":"https:\/\/prilux.es\/pt-pt\/wp-json\/wp\/v2\/media?parent=1112367"}],"wp:term":[{"taxonomy":"product_cat","embeddable":true,"href":"https:\/\/prilux.es\/pt-pt\/wp-json\/wp\/v2\/product_cat?post=1112367"},{"taxonomy":"product_tag","embeddable":true,"href":"https:\/\/prilux.es\/pt-pt\/wp-json\/wp\/v2\/product_tag?post=1112367"},{"taxonomy":"familia","embeddable":true,"href":"https:\/\/prilux.es\/pt-pt\/wp-json\/wp\/v2\/familia?post=1112367"}],"curies":[{"name":"wp","href":"https:\/\/api.w.org\/{rel}","templated":true}]}}