{"id":1112529,"date":"2021-10-25T13:49:00","date_gmt":"2021-10-25T12:49:00","guid":{"rendered":"https:\/\/www.prilux.es\/product\/dacil-20w-865-600mm-ip65-2\/"},"modified":"2025-05-29T09:57:34","modified_gmt":"2025-05-29T08:57:34","slug":"dacil-20w-865-600mm-ip65","status":"publish","type":"product","link":"https:\/\/prilux.es\/pt-pt\/produto\/dacil-20w-865-600mm-ip65\/","title":{"rendered":"DACIL 20W 865 600MM IP65"},"content":{"rendered":"<p>A lumin\u00e1ria LED 18W D\u00c1CIL \u00e9 uma lumin\u00e1ria eficiente para a ilumina\u00e7\u00e3o de espa\u00e7os industriais, da fam\u00edlia PRILUX INDUSTRIAL INTERIOR LED. Adequado para espa\u00e7os exigentes, tanto interiores como exteriores, embora n\u00e3o seja adequado para exposi\u00e7\u00e3o aos raios UVA. A sua instala\u00e7\u00e3o \u00e9 efectuada \u00e0 superf\u00edcie, no tecto, utilizando o grampo de fixa\u00e7\u00e3o. Possui excelentes \u00edndices de prote\u00e7\u00e3o IP65 e IK07. A lumin\u00e1ria alongada tem um corpo de policarbonato branco e um difusor de policarbonato opalino de prote\u00e7\u00e3o. Adequado para liga\u00e7\u00e3o online, o D\u00c1CIL LED possui um conector r\u00e1pido, para uma liga\u00e7\u00e3o r\u00e1pida sem ter que abrir a lumin\u00e1ria. O n\u00famero m\u00e1ximo de unidades de 18W ligadas online \u00e9 de 32. Equipada com tecnologia LED, \u00e9 uma lumin\u00e1ria de baixo consumo energ\u00e9tico, com 18W de pot\u00eancia a 230 Vca, e fluxo luminoso LED de 3.090 lumens. Equipado com 6.500K l\u00e2mpadas LED de temperatura de cor e tom de luz frio. Com boas qualidades de ilumina\u00e7\u00e3o, possui um \u00edndice de reprodu\u00e7\u00e3o de cores Ra&gt; 80, o que garante uma reprodu\u00e7\u00e3o fiel das cores dos objetos iluminados. Para maior conforto e durabilidade, D\u00c1CIL LED tem uma longa vida \u00fatil de L70&gt; 30.000h. Tem dimens\u00f5es de 600 x 84 x 71 mm.<\/p>\n","protected":false},"excerpt":{"rendered":"<p>A lumin\u00e1ria LED 18W D\u00c1CIL \u00e9 uma lumin\u00e1ria eficiente para a ilumina\u00e7\u00e3o de espa\u00e7os industriais, da fam\u00edlia PRILUX INDUSTRIAL INTERIOR LED. Adequado para espa\u00e7os exigentes, tanto interiores como exteriores, embora n\u00e3o seja adequado para exposi\u00e7\u00e3o aos raios UVA. A sua instala\u00e7\u00e3o \u00e9 efectuada \u00e0 superf\u00edcie, no tecto, utilizando o grampo de fixa\u00e7\u00e3o. Possui excelentes \u00edndices de prote\u00e7\u00e3o IP65 e IK07. A lumin\u00e1ria alongada tem um corpo de policarbonato branco e um difusor de policarbonato opalino de prote\u00e7\u00e3o. Adequado para liga\u00e7\u00e3o online, o D\u00c1CIL LED possui um conector r\u00e1pido, para uma liga\u00e7\u00e3o r\u00e1pida sem ter que abrir a lumin\u00e1ria. O n\u00famero m\u00e1ximo de unidades de 18W ligadas online \u00e9 de 32. Equipada com tecnologia LED, \u00e9 uma lumin\u00e1ria de baixo consumo energ\u00e9tico, com 18W de pot\u00eancia a 230 Vca, e fluxo luminoso LED de 3.090 lumens. Equipado com 6.500K l\u00e2mpadas LED de temperatura de cor e tom de luz frio. Com boas qualidades de ilumina\u00e7\u00e3o, possui um \u00edndice de reprodu\u00e7\u00e3o de cores Ra&gt; 80, o que garante uma reprodu\u00e7\u00e3o fiel das cores dos objetos iluminados. Para maior conforto e durabilidade, D\u00c1CIL LED tem uma longa vida \u00fatil de L70&gt; 30.000h. Tem dimens\u00f5es de 600 x 84 x 71 mm.<\/p>\n","protected":false},"featured_media":1703135,"template":"","meta":[],"product_cat":[6130,6134,6136],"product_tag":[],"familia":[{"id":6373,"name":"DACIL","slug":"dacil"}],"acf":{"codigo_corto_maestro":"534505","manual":"https:\/\/d7rh5s3nxmpy4.cloudfront.net\/CMP1303\/files\/6\/m-dacil-led.pdf","dc_eu":"https:\/\/d7rh5s3nxmpy4.cloudfront.net\/CMP1303\/files\/4\/dc-dacil-led.pdf","dossier":"https:\/\/d7rh5s3nxmpy4.cloudfront.net\/CMP1303\/files\/3\/ds-soluciones.pdf","grafico":"https:\/\/d7rh5s3nxmpy4.cloudfront.net\/CMP1303\/1\/gr-dacil-600.jpg","video":"","etiqueta_energetica":"https:\/\/d7rh5s3nxmpy4.cloudfront.net\/CMP1303\/files\/2\/gr-cee-luminaria-led.pdf","url_imagen_alta":"","informacion":"TXT012","descripcion_bc3_auto":"-","bloque_aplicaciones":"<div class=\"bloque_aplicaciones\">\n        <div><img class=\"bloque_imagen\" src=\"http:\/\/d7rh5s3nxmpy4.cloudfront.net\/CMP1303\/files\/gs-ico-grandes-superficies.svg\" alt=\"Grandes Superficies\">\n                        <p>Grandes superf\u00edcies<\/p>\n                        \n                    <\/div><div><img class=\"bloque_imagen\" src=\"http:\/\/d7rh5s3nxmpy4.cloudfront.net\/CMP1303\/files\/gs-ico-industria-logistica.svg\" alt=\"Industria\/Log\u00edstica\">\n                        <p>Ind\u00fastria\/Log\u00edstica<\/p>\n                        \n                    <\/div><div><img class=\"bloque_imagen\" src=\"http:\/\/d7rh5s3nxmpy4.cloudfront.net\/CMP1303\/files\/gs-ico-parking-cubierto.svg\" alt=\"Parkings cubiertos\">\n                        <p>Estacionamentos cobertos<\/p>\n                        \n                    <\/div>\n        <\/div>","bloque_dimensiones":"<div class=\"tabla_montaje\">\n                    <div>\n                        <p class=\"blockName\">Dimens\u00f5es e montagem<\/p>\n                        <div class=\"\">\n  <div>\n  \n      <table>\n        <tbody>\n        <tr>\n            <td><div><p><i aria-hidden=\"true\" class=\"prilux prilux-prilux_ico-peso\"><\/i>Peso<\/p><\/div><\/td>\n            <td>0.7Kg<\/td>\n          <\/tr><tr>\n            <td><div><p><i aria-hidden=\"true\" class=\"prilux prilux-prilux_ico-dimensiones\"><\/i>Dimens\u00e3o<\/p><\/div><\/td>\n            <td>600x84x71mm<\/td>\n          <\/tr><tr>\n            <td><div><p><i aria-hidden=\"true\" class=\"prilux prilux-prilux_ico-emalmable\"><\/i>Jun\u00e7\u00e3o<\/p><\/div><\/td>\n            <td>N\u00c3O<\/td>\n          <\/tr><tr>\n            <td><div><p><i aria-hidden=\"true\" class=\"prilux prilux-prilux_ico-iluminacion-directa-indirecta\"><\/i>Ilumina\u00e7\u00e3o<\/p><\/div><\/td>\n            <td>Directa<\/td>\n          <\/tr>\n        <\/tbody>\n      <\/table>\n  <\/div>\n  <\/div>\n                    <\/div>\n                    <div class=\"tabla_montaje_imgs\">\n                        <img src=\"https:\/\/d7rh5s3nxmpy4.cloudfront.net\/CMP1303\/files\/gr-dacil-600.svg\" alt=\"Avatar\">\n                        \n                    <\/div>\n                <\/div>","tabla_caracteristicas":"<div class=\"tabla_caracteristicas\">\n  <table>\n  <thead>\n    <tr>\n    <th><i aria-hidden=\"true\" class=\"prilux prilux-prilux_ico-codigo\"><\/i><\/th><th><i aria-hidden=\"true\" class=\"prilux prilux-prilux_ico-potencia_led_w\"><\/i><\/th><th><i aria-hidden=\"true\" class=\"prilux prilux-prilux_ico-potencia\"><\/i><\/th><th><i aria-hidden=\"true\" class=\"prilux prilux-prilux_ico-flujo-luminoso-led\"><\/i><\/th><th><i aria-hidden=\"true\" class=\"prilux prilux-prilux_ico-flujo-luminoso-luminaria\"><\/i><\/th><th><i aria-hidden=\"true\" class=\"prilux prilux-prilux_ico-cct\"><\/i><\/th><th><i aria-hidden=\"true\" class=\"prilux prilux-prilux_ico-cri\"><\/i><\/th><th><i aria-hidden=\"true\" class=\"prilux prilux-prilux_ico-dimensiones\"><\/i><\/th>\n    <\/tr>\n  <\/thead>\n  <tbody>\n    <tr>\n    <td>534505<\/td><td>16<\/td><td>18<\/td><td>2962<\/td><td>2512<\/td><td>6500K<\/td><td>80<\/td><td>600x84x71<\/td>\n    <\/tr>\n  <\/tbody>\n  <\/table>\n  <div\/>","tabla_descargas":"<div class=\"tabla_descargas\">\n        <div class=\"tabla_descargas_img\">\n        <img src=\"https:\/\/d7rh5s3nxmpy4.cloudfront.net\/CMP1303\/1\/prilux-dacil.jpg\" \/>\n        <\/div>\n        <div class=\"tabla_descargas_table\">\n          <table>\n          <tbody><tr>\n            <td><img src=\"https:\/\/www.prilux.es\/wp-content\/uploads\/2021\/12\/icono-catalogo-1.svg\"\/><p>C\u00f3digo SKU<\/p><\/td>\n            <td>534505<\/td>\n          <\/tr><tr>\n            <td><img src=\"https:\/\/www.prilux.es\/wp-content\/uploads\/2021\/12\/icono-catalogo-1.svg\"\/><p>Ficha t\u00e9cnica SKU<\/p><\/td>\n            <td><a title=\"Ficha t\u00e9cnica\" href=\"https:\/\/storage.googleapis.com\/prilux-web-fichas\/ft-534505-DACIL_600MM_pt.pdf\" class=\"DownloadButton\" target=\"_blank\" rel=\"noopener noreferrer\"><span>DOWNLOAD<\/span><i aria-hidden=\"true\" class=\"far fa-arrow-alt-circle-down\"><\/a><\/td>\n          <\/tr><tr>\n            <td><img src=\"https:\/\/www.prilux.es\/wp-content\/uploads\/2021\/12\/icono-catalogo-1.svg\"\/><p>Ficha T\u00e9cnica Modelo<\/p><\/td>\n            <td><a title=\"Ficha T\u00e9cnica modelo\" href=\"https:\/\/storage.googleapis.com\/prilux-web-fichas\/ft-DACIL_600MM_pt.pdf\" class=\"DownloadButton\" target=\"_blank\" rel=\"noopener noreferrer\"><span>DOWNLOAD<\/span><i aria-hidden=\"true\" class=\"far fa-arrow-alt-circle-down\"><\/a><\/td>\n          <\/tr><tr>\n            <td><img src=\"https:\/\/www.prilux.es\/wp-content\/uploads\/2021\/12\/icono-catalogo-1.svg\"\/><p>Curva fotom\u00e9trica SKU<\/p><\/td>\n            <td><a title=\"Curva fotom\u00e9trica\" href=\"https:\/\/d7rh5s3nxmpy4.cloudfront.net\/CMP1303\/files\/dacil_865_16w_600mm_ip65-534505.zip\" class=\"DownloadButton\" target=\"_blank\" rel=\"noopener noreferrer\"><span>DOWNLOAD<\/span><i aria-hidden=\"true\" class=\"far fa-arrow-alt-circle-down\"><\/a><\/td>\n          <\/tr><tr>\n            <td><img src=\"https:\/\/www.prilux.es\/wp-content\/uploads\/2021\/12\/icono-catalogo-1.svg\"\/><p>Curva fotom\u00e9trica modelo<\/p><\/td>\n            <td><a title=\"Curva fotom\u00e9trica modelo\" href=\"https:\/\/d7rh5s3nxmpy4.cloudfront.net\/CMP1303\/files\/2\/dacil.zip\" class=\"DownloadButton\" target=\"_blank\" rel=\"noopener noreferrer\"><span>DOWNLOAD<\/span><i aria-hidden=\"true\" class=\"far fa-arrow-alt-circle-down\"><\/a><\/td>\n          <\/tr><tr>\n            <td><img src=\"https:\/\/www.prilux.es\/wp-content\/uploads\/2021\/12\/icono-catalogo-1.svg\"\/><p>Declara\u00e7\u00e3o de conformidade<\/p><\/td>\n            <td><a title=\"Declaraci\u00f3n de conformidad\" href=\"https:\/\/d7rh5s3nxmpy4.cloudfront.net\/CMP1303\/files\/4\/dc-dacil-led.pdf\" class=\"DownloadButton\" target=\"_blank\" rel=\"noopener noreferrer\"><span>DOWNLOAD<\/span><i aria-hidden=\"true\" class=\"far fa-arrow-alt-circle-down\"><\/a><\/td>\n          <\/tr><tr>\n            <td><img src=\"https:\/\/www.prilux.es\/wp-content\/uploads\/2021\/12\/icono-catalogo-1.svg\"\/><p>Manual de instru\u00e7\u00f5es<\/p><\/td>\n            <td><a title=\"Manual\" href=\"https:\/\/d7rh5s3nxmpy4.cloudfront.net\/CMP1303\/files\/6\/m-dacil-led.pdf\" class=\"DownloadButton\" target=\"_blank\" rel=\"noopener noreferrer\"><span>DOWNLOAD<\/span><i aria-hidden=\"true\" class=\"far fa-arrow-alt-circle-down\"><\/a><\/td>\n          <\/tr><tr>\n          <td><img src=\"https:\/\/www.prilux.es\/wp-content\/uploads\/2021\/12\/icono-catalogo-1.svg\"\/><p>Gr\u00e1fico CAD<\/p><\/td>\n          <td><a title=\"Gr\u00e1fico CAD\" href=\"https:\/\/d7rh5s3nxmpy4.cloudfront.net\/CMP1303\/1\/gr-dacil-600.jpg\" class=\"DownloadButton\" target=\"_blank\" rel=\"noopener noreferrer\"><span>DOWNLOAD<\/span><i aria-hidden=\"true\" class=\"far fa-arrow-alt-circle-down\"><\/a><\/td>\n        <\/tr>\n          <\/tbody>\n          <\/table>\n        <\/div>\n        <\/div>\n        ","tabla_detalle_caracteristicas":"<div class=\"tabla_detalle_caracteristicas\">\n  <div>\n  <p class=\"blockName\">Dados el\u00e9tricos<\/p>\n      <table>\n        <tbody>\n        <tr>\n            <td><div><p><i aria-hidden=\"true\" class=\"prilux prilux-prilux_ico--tension\"><\/i>Tens\u00e3o (V)<\/p><\/div><\/td>\n            <td>230V<\/td>\n          <\/tr><tr>\n            <td><div><p><i aria-hidden=\"true\" class=\"prilux prilux-prilux_ico-frecuencia-segemnto\"><\/i>Frequ\u00eancia (Hz)<\/p><\/div><\/td>\n            <td>50\/60Hz<\/td>\n          <\/tr><tr>\n            <td><div><p><i aria-hidden=\"true\" class=\"prilux prilux-prilux_ico-factor-potencia\"><\/i>Fator de Pot\u00eancia (Cos fi)<\/p><\/div><\/td>\n            <td>\u22650,9<\/td>\n          <\/tr><tr>\n            <td><div><p><i aria-hidden=\"true\" class=\"prilux prilux-prilux_ico-protocolo-regulacion-reprogramacion\"><\/i>Regula\u00e7ao<\/p><\/div><\/td>\n            <td>N\u00c3O<\/td>\n          <\/tr>\n        <\/tbody>\n      <\/table>\n  <\/div><div>\n  <p class=\"blockName\">Dimens\u00f5es e montagem<\/p>\n      <table>\n        <tbody>\n        <tr>\n            <td><div><p><i aria-hidden=\"true\" class=\"prilux prilux-prilux_ico-peso\"><\/i>Peso<\/p><\/div><\/td>\n            <td>0.7Kg<\/td>\n          <\/tr><tr>\n            <td><div><p><i aria-hidden=\"true\" class=\"prilux prilux-prilux_ico-dimensiones\"><\/i>Dimens\u00e3o<\/p><\/div><\/td>\n            <td>600x84x71mm<\/td>\n          <\/tr><tr>\n            <td><div><p><i aria-hidden=\"true\" class=\"prilux prilux-prilux_ico-emalmable\"><\/i>Jun\u00e7\u00e3o<\/p><\/div><\/td>\n            <td>N\u00c3O<\/td>\n          <\/tr><tr>\n            <td><div><p><i aria-hidden=\"true\" class=\"prilux prilux-prilux_ico-iluminacion-directa-indirecta\"><\/i>Ilumina\u00e7\u00e3o<\/p><\/div><\/td>\n            <td>Directa<\/td>\n          <\/tr>\n        <\/tbody>\n      <\/table>\n  <\/div><div>\n  <p class=\"blockName\">Dados \u00f3pticos<\/p>\n      <table>\n        <tbody>\n        <tr>\n            <td><div><p><i aria-hidden=\"true\" class=\"prilux prilux-prilux_ico-cct\"><\/i>Temperatura de cor<\/p><\/div><\/td>\n            <td>6500K<\/td>\n          <\/tr><tr>\n            <td><div><p><i aria-hidden=\"true\" class=\"prilux prilux-prilux_ico-cri\"><\/i>CRI \u00cdndice de repr. crom\u00e1tica<\/p><\/div><\/td>\n            <td>80<\/td>\n          <\/tr>\n        <\/tbody>\n      <\/table>\n  <\/div><div>\n  <p class=\"blockName\">Carca\u00e7a e Acabamento<\/p>\n      <table>\n        <tbody>\n        <tr>\n            <td><div><p><i aria-hidden=\"true\" class=\"prilux prilux-prilux_ico-ik-luminaria\"><\/i>IK Prote\u00e7\u00e3o contra impactos<\/p><\/div><\/td>\n            <td>IK07<\/td>\n          <\/tr><tr>\n            <td><div><p><i aria-hidden=\"true\" class=\"prilux prilux-prilux_ico-ip-luminaria\"><\/i>\u00cdndice de estanqueidade IP<\/p><\/div><\/td>\n            <td>IP65<\/td>\n          <\/tr><tr>\n            <td><div><p><i aria-hidden=\"true\" class=\"prilux prilux-prilux_ico-color\"><\/i>Cor do corpo<\/p><\/div><\/td>\n            <td>Branco<\/td>\n          <\/tr><tr>\n            <td><div><p><i aria-hidden=\"true\" class=\"prilux prilux-prilux_ico-cuerpo\"><\/i>Corpo<\/p><\/div><\/td>\n            <td>PC<\/td>\n          <\/tr>\n        <\/tbody>\n      <\/table>\n  <\/div><div>\n  <p class=\"blockName\">Desempenho<\/p>\n      <table>\n        <tbody>\n        <tr>\n            <td><div><p><i aria-hidden=\"true\" class=\"prilux prilux-prilux_ico-flujo-luminoso-luminaria\"><\/i>Fluxo (lm)<\/p><\/div><\/td>\n            <td>2512lm<\/td>\n          <\/tr>\n        <\/tbody>\n      <\/table>\n  <\/div><div>\n  <p class=\"blockName\">Vida<\/p>\n      <table>\n        <tbody>\n        <tr>\n            <td><div><p><i aria-hidden=\"true\" class=\"prilux prilux-prilux_ico-vida-util\"><\/i>Vida<\/p><\/div><\/td>\n            <td>(L70B50>)30.000h<\/td>\n          <\/tr><tr>\n            <td><div><p><i aria-hidden=\"true\" class=\"prilux prilux-prilux_ico-vida-l70\"><\/i>Vida<\/p><\/div><\/td>\n            <td>(L70B50>)30.000h<\/td>\n          <\/tr>\n        <\/tbody>\n      <\/table>\n  <\/div><div>\n  <p class=\"blockName\">Prote\u00e7\u00f5es<\/p>\n      <table>\n        <tbody>\n        <tr>\n            <td><div><p><i aria-hidden=\"true\" class=\"prilux prilux-prilux_ico-proteccion-sobretensiones\"><\/i>Prote\u00e7\u00e3o surtos<\/p><\/div><\/td>\n            <td>N\u00c3O<\/td>\n          <\/tr>\n        <\/tbody>\n      <\/table>\n  <\/div><div>\n  <p class=\"blockName\">Dados gerais<\/p>\n      <table>\n        <tbody>\n        <tr>\n            <td><div><p><i aria-hidden=\"true\" class=\"prilux prilux-prilux_ico-clase-i\"><\/i>Isolamento el\u00e9trico<\/p><\/div><\/td>\n            <td>CCII<\/td>\n          <\/tr>\n        <\/tbody>\n      <\/table>\n  <\/div>\n  <\/div>","bloque_opticos":"<div class=\"tabla_detalle_caracteristicas\">\n            <div><img class=\"bloque_imagen\" src=\"http:\/\/d7rh5s3nxmpy4.cloudfront.net\/CMP1303\/origin\/image\/gr-avatar.jpg\" alt=\"Avatar\"><\/div>\n            <div class=\"\">\n  <div>\n  \n      <table>\n        <tbody>\n        <tr>\n            <td><div><p><i aria-hidden=\"true\" class=\"prilux prilux-prilux_ico-cct\"><\/i>Temperatura de cor<\/p><\/div><\/td>\n            <td>6500K<\/td>\n          <\/tr><tr>\n            <td><div><p><i aria-hidden=\"true\" class=\"prilux prilux-prilux_ico-cri\"><\/i>CRI \u00cdndice de repr. crom\u00e1tica<\/p><\/div><\/td>\n            <td>80<\/td>\n          <\/tr>\n        <\/tbody>\n      <\/table>\n  <\/div>\n  <\/div>\n            <\/div>","imagen_psd":"","curva_fotometrica_ldt":"https:\/\/d7rh5s3nxmpy4.cloudfront.net\/CMP1303\/files\/dacil_865_16w_600mm_ip65-534505.zip","descarga_ficha_tecnica":"https:\/\/storage.googleapis.com\/prilux-web-fichas\/ft-534505-DACIL_600MM_pt.pdf"},"_links":{"self":[{"href":"https:\/\/prilux.es\/pt-pt\/wp-json\/wp\/v2\/product\/1112529"}],"collection":[{"href":"https:\/\/prilux.es\/pt-pt\/wp-json\/wp\/v2\/product"}],"about":[{"href":"https:\/\/prilux.es\/pt-pt\/wp-json\/wp\/v2\/types\/product"}],"version-history":[{"count":0,"href":"https:\/\/prilux.es\/pt-pt\/wp-json\/wp\/v2\/product\/1112529\/revisions"}],"wp:featuredmedia":[{"embeddable":true,"href":"https:\/\/prilux.es\/pt-pt\/wp-json\/wp\/v2\/media\/1703135"}],"wp:attachment":[{"href":"https:\/\/prilux.es\/pt-pt\/wp-json\/wp\/v2\/media?parent=1112529"}],"wp:term":[{"taxonomy":"product_cat","embeddable":true,"href":"https:\/\/prilux.es\/pt-pt\/wp-json\/wp\/v2\/product_cat?post=1112529"},{"taxonomy":"product_tag","embeddable":true,"href":"https:\/\/prilux.es\/pt-pt\/wp-json\/wp\/v2\/product_tag?post=1112529"},{"taxonomy":"familia","embeddable":true,"href":"https:\/\/prilux.es\/pt-pt\/wp-json\/wp\/v2\/familia?post=1112529"}],"curies":[{"name":"wp","href":"https:\/\/api.w.org\/{rel}","templated":true}]}}