{"id":1112531,"date":"2021-10-25T13:57:46","date_gmt":"2021-10-25T12:57:46","guid":{"rendered":"https:\/\/www.prilux.es\/product\/dacil-60w-865-1500mm-ip65-2\/"},"modified":"2025-05-29T09:57:27","modified_gmt":"2025-05-29T08:57:27","slug":"dacil-60w-865-1500mm-ip65","status":"publish","type":"product","link":"https:\/\/prilux.es\/pt-pt\/produto\/dacil-60w-865-1500mm-ip65\/","title":{"rendered":"DACIL 60W 865 1500MM IP65"},"content":{"rendered":"<p>A lumin\u00e1ria 57W D\u00c1CIL LED \u00e9 uma lumin\u00e1ria eficiente para a ilumina\u00e7\u00e3o de espa\u00e7os industriais, da fam\u00edlia PRILUX INDUSTRIAL INTERIOR LED. Adequado para espa\u00e7os exigentes, tanto interiores como exteriores, embora n\u00e3o seja adequado para exposi\u00e7\u00e3o aos raios UVA. A sua instala\u00e7\u00e3o \u00e9 efectuada \u00e0 superf\u00edcie, no tecto, utilizando o grampo de fixa\u00e7\u00e3o. Possui excelentes \u00edndices de prote\u00e7\u00e3o IP65 e IK07. A lumin\u00e1ria alongada tem um corpo de policarbonato branco e um difusor de policarbonato opalino de prote\u00e7\u00e3o. Adequado para liga\u00e7\u00e3o online, o D\u00c1CIL LED possui um conector r\u00e1pido, para uma liga\u00e7\u00e3o r\u00e1pida sem ter que abrir a lumin\u00e1ria. O n\u00famero m\u00e1ximo de unidades de 57W ligadas online \u00e9 13. Equipada com tecnologia LED, \u00e9 uma lumin\u00e1ria de baixo consumo energ\u00e9tico, com 57W de pot\u00eancia a 230 Vca, e com fluxo luminoso LED de 8.364 l\u00famens. Equipado com 6.500K l\u00e2mpadas LED de temperatura de cor e tom de luz frio. Com boas qualidades de ilumina\u00e7\u00e3o, possui um \u00edndice de reprodu\u00e7\u00e3o de cores Ra&gt; 80, o que garante uma reprodu\u00e7\u00e3o fiel das cores dos objetos iluminados. Para maior conforto e durabilidade, D\u00c1CIL LED tem uma longa vida \u00fatil de L70&gt; 30.000h. Tem dimens\u00f5es de 1.500 x 84 x 71 mm.<\/p>\n","protected":false},"excerpt":{"rendered":"<p>A lumin\u00e1ria 57W D\u00c1CIL LED \u00e9 uma lumin\u00e1ria eficiente para a ilumina\u00e7\u00e3o de espa\u00e7os industriais, da fam\u00edlia PRILUX INDUSTRIAL INTERIOR LED. Adequado para espa\u00e7os exigentes, tanto interiores como exteriores, embora n\u00e3o seja adequado para exposi\u00e7\u00e3o aos raios UVA. A sua instala\u00e7\u00e3o \u00e9 efectuada \u00e0 superf\u00edcie, no tecto, utilizando o grampo de fixa\u00e7\u00e3o. Possui excelentes \u00edndices de prote\u00e7\u00e3o IP65 e IK07. A lumin\u00e1ria alongada tem um corpo de policarbonato branco e um difusor de policarbonato opalino de prote\u00e7\u00e3o. Adequado para liga\u00e7\u00e3o online, o D\u00c1CIL LED possui um conector r\u00e1pido, para uma liga\u00e7\u00e3o r\u00e1pida sem ter que abrir a lumin\u00e1ria. O n\u00famero m\u00e1ximo de unidades de 57W ligadas online \u00e9 13. Equipada com tecnologia LED, \u00e9 uma lumin\u00e1ria de baixo consumo energ\u00e9tico, com 57W de pot\u00eancia a 230 Vca, e com fluxo luminoso LED de 8.364 l\u00famens. Equipado com 6.500K l\u00e2mpadas LED de temperatura de cor e tom de luz frio. Com boas qualidades de ilumina\u00e7\u00e3o, possui um \u00edndice de reprodu\u00e7\u00e3o de cores Ra&gt; 80, o que garante uma reprodu\u00e7\u00e3o fiel das cores dos objetos iluminados. Para maior conforto e durabilidade, D\u00c1CIL LED tem uma longa vida \u00fatil de L70&gt; 30.000h. Tem dimens\u00f5es de 1.500 x 84 x 71 mm.<\/p>\n","protected":false},"featured_media":1703135,"template":"","meta":[],"product_cat":[6130,6134,6136],"product_tag":[],"familia":[{"id":6373,"name":"DACIL","slug":"dacil"}],"acf":[],"_links":{"self":[{"href":"https:\/\/prilux.es\/pt-pt\/wp-json\/wp\/v2\/product\/1112531"}],"collection":[{"href":"https:\/\/prilux.es\/pt-pt\/wp-json\/wp\/v2\/product"}],"about":[{"href":"https:\/\/prilux.es\/pt-pt\/wp-json\/wp\/v2\/types\/product"}],"version-history":[{"count":0,"href":"https:\/\/prilux.es\/pt-pt\/wp-json\/wp\/v2\/product\/1112531\/revisions"}],"wp:featuredmedia":[{"embeddable":true,"href":"https:\/\/prilux.es\/pt-pt\/wp-json\/wp\/v2\/media\/1703135"}],"wp:attachment":[{"href":"https:\/\/prilux.es\/pt-pt\/wp-json\/wp\/v2\/media?parent=1112531"}],"wp:term":[{"taxonomy":"product_cat","embeddable":true,"href":"https:\/\/prilux.es\/pt-pt\/wp-json\/wp\/v2\/product_cat?post=1112531"},{"taxonomy":"product_tag","embeddable":true,"href":"https:\/\/prilux.es\/pt-pt\/wp-json\/wp\/v2\/product_tag?post=1112531"},{"taxonomy":"familia","embeddable":true,"href":"https:\/\/prilux.es\/pt-pt\/wp-json\/wp\/v2\/familia?post=1112531"}],"curies":[{"name":"wp","href":"https:\/\/api.w.org\/{rel}","templated":true}]}}