{"id":1223057,"date":"2021-10-25T14:10:41","date_gmt":"2021-10-25T13:10:41","guid":{"rendered":"https:\/\/prilux.es\/product\/iconstar-g4-smart-15w-827-12v-ac-dc-erp-2\/"},"modified":"2024-10-28T10:46:52","modified_gmt":"2024-10-28T09:46:52","slug":"iconstar-g4-smart-15w-827-12v-ac-dc-erp-2","status":"publish","type":"product","link":"https:\/\/prilux.es\/pt-pt\/produto\/iconstar-g4-smart-15w-827-12v-ac-dc-erp-2\/","title":{"rendered":"ICONSTAR G4 SMART 1,5W 827 12V AC\/DC ERP"},"content":{"rendered":"<p>L\u00e2mpada LED inteligente IconSTAR G4 com 1,5W de pot\u00eancia, com tens\u00e3o de 12V AC, da fam\u00edlia PRILUX LED SMART. \u00c9 uma pequena l\u00e2mpada LED de elevada efici\u00eancia que proporciona significativas poupan\u00e7as de consumo gra\u00e7as \u00e0 sua tecnologia LED, e possui o excelente certificado de efici\u00eancia classe A ++ que a certifica. Isso se traduz em uma economia de consumo de 94% em rela\u00e7\u00e3o ao uso das tradicionais l\u00e2mpadas incandescentes. O IconSTAR G4 smart est\u00e1 equipado com 2.700K LEDs de temperatura de cor e tom de luz quente, e oferece um fluxo luminoso de 155 lumens. Al\u00e9m de economizar no consumo, essa l\u00e2mpada tem vida \u00fatil estendida para 30.000 horas, reduzindo ao m\u00ednimo seu custo de manuten\u00e7\u00e3o. A ilumina\u00e7\u00e3o do espa\u00e7o \u00e9 da mais alta qualidade gra\u00e7as ao \u00edndice de restitui\u00e7\u00e3o de cores Ra&gt; 80, que garante uma reprodu\u00e7\u00e3o fiel das cores dos objetos iluminados. Com um \u00e2ngulo de feixe de 240 \u00b0. A l\u00e2mpada inteligente iconSTAR G4 possui uma base G4 e difusor de opala. Pequeno em tamanho, mede \u00f810 x 37 mm.<\/p>\n","protected":false},"excerpt":{"rendered":"<p>L\u00e2mpada LED inteligente IconSTAR G4 com 1,5W de pot\u00eancia, com tens\u00e3o de 12V AC, da fam\u00edlia PRILUX LED SMART. \u00c9 uma pequena l\u00e2mpada LED de elevada efici\u00eancia que proporciona significativas poupan\u00e7as de consumo gra\u00e7as \u00e0 sua tecnologia LED, e possui o excelente certificado de efici\u00eancia classe A ++ que a certifica. Isso se traduz em uma economia de consumo de 94% em rela\u00e7\u00e3o ao uso das tradicionais l\u00e2mpadas incandescentes. O IconSTAR G4 smart est\u00e1 equipado com 2.700K LEDs de temperatura de cor e tom de luz quente, e oferece um fluxo luminoso de 155 lumens. Al\u00e9m de economizar no consumo, essa l\u00e2mpada tem vida \u00fatil estendida para 30.000 horas, reduzindo ao m\u00ednimo seu custo de manuten\u00e7\u00e3o. A ilumina\u00e7\u00e3o do espa\u00e7o \u00e9 da mais alta qualidade gra\u00e7as ao \u00edndice de restitui\u00e7\u00e3o de cores Ra&gt; 80, que garante uma reprodu\u00e7\u00e3o fiel das cores dos objetos iluminados. Com um \u00e2ngulo de feixe de 240 \u00b0. A l\u00e2mpada inteligente iconSTAR G4 possui uma base G4 e difusor de opala. Pequeno em tamanho, mede \u00f810 x 37 mm.<\/p>\n","protected":false},"featured_media":52607,"template":"","meta":[],"product_cat":[15],"product_tag":[],"familia":[{"id":25250,"name":"ICONSTAR","slug":"iconstar-pt"}],"acf":[],"_links":{"self":[{"href":"https:\/\/prilux.es\/pt-pt\/wp-json\/wp\/v2\/product\/1223057"}],"collection":[{"href":"https:\/\/prilux.es\/pt-pt\/wp-json\/wp\/v2\/product"}],"about":[{"href":"https:\/\/prilux.es\/pt-pt\/wp-json\/wp\/v2\/types\/product"}],"version-history":[{"count":0,"href":"https:\/\/prilux.es\/pt-pt\/wp-json\/wp\/v2\/product\/1223057\/revisions"}],"wp:featuredmedia":[{"embeddable":true,"href":"https:\/\/prilux.es\/pt-pt\/wp-json\/wp\/v2\/media\/52607"}],"wp:attachment":[{"href":"https:\/\/prilux.es\/pt-pt\/wp-json\/wp\/v2\/media?parent=1223057"}],"wp:term":[{"taxonomy":"product_cat","embeddable":true,"href":"https:\/\/prilux.es\/pt-pt\/wp-json\/wp\/v2\/product_cat?post=1223057"},{"taxonomy":"product_tag","embeddable":true,"href":"https:\/\/prilux.es\/pt-pt\/wp-json\/wp\/v2\/product_tag?post=1223057"},{"taxonomy":"familia","embeddable":true,"href":"https:\/\/prilux.es\/pt-pt\/wp-json\/wp\/v2\/familia?post=1223057"}],"curies":[{"name":"wp","href":"https:\/\/api.w.org\/{rel}","templated":true}]}}