{"id":1223141,"date":"2021-10-25T13:50:26","date_gmt":"2021-10-25T12:50:26","guid":{"rendered":"https:\/\/prilux.es\/product\/essense-standard-basic-105w-840-e27-230v-erp-2\/"},"modified":"2024-10-28T10:48:45","modified_gmt":"2024-10-28T09:48:45","slug":"essense-standard-basic-105w-840-e27-230v-erp-2","status":"publish","type":"product","link":"https:\/\/prilux.es\/pt-pt\/produto\/essense-standard-basic-105w-840-e27-230v-erp-2\/","title":{"rendered":"ESSENSE STANDARD BASIC 10,5W 840 E27 230V ERP"},"content":{"rendered":"<p>L\u00e2mpada b\u00e1sica EsSENSE STANDARD com 9,5W de pot\u00eancia, com tens\u00e3o de 230V AC, da fam\u00edlia PRILUX LED BASIC. \u00c9 uma l\u00e2mpada de formato standard que proporciona consider\u00e1veis poupan\u00e7as de consumo gra\u00e7as \u00e0 sua tecnologia LED, e possui o not\u00e1vel certificado de efici\u00eancia classe A +, que assim a certifica. Isso se traduz em uma grande economia de consumo e despesa em compara\u00e7\u00e3o com o uso de l\u00e2mpadas incandescentes tradicionais. esSENSE STANDARD basic est\u00e1 equipado com 5.000 K LEDs com temperatura de cor e tom de luz ligeiramente frio, e oferece um fluxo luminoso de 1.191 lumens. Al\u00e9m de economizar no consumo, essa l\u00e2mpada possui longa vida \u00fatil de 15.000 horas, reduzindo ao m\u00ednimo seu custo de manuten\u00e7\u00e3o. A ilumina\u00e7\u00e3o do espa\u00e7o \u00e9 da mais alta qualidade gra\u00e7as a um \u00e2ngulo de abertura muito amplo (180 \u00b0) e ao \u00edndice de reprodu\u00e7\u00e3o de cores Ra&gt; 80, que garante uma reprodu\u00e7\u00e3o fiel das cores dos objetos iluminados. A l\u00e2mpada b\u00e1sica esSENSE STANDARD possui um soquete E27, um difusor opalino e \u00e9 branca. Com um formato de l\u00e2mpada padr\u00e3o cl\u00e1ssico, suas dimens\u00f5es s\u00e3o \u00f870 x 129 mm.<\/p>\n","protected":false},"excerpt":{"rendered":"<p>L\u00e2mpada b\u00e1sica EsSENSE STANDARD com 9,5W de pot\u00eancia, com tens\u00e3o de 230V AC, da fam\u00edlia PRILUX LED BASIC. \u00c9 uma l\u00e2mpada de formato standard que proporciona consider\u00e1veis poupan\u00e7as de consumo gra\u00e7as \u00e0 sua tecnologia LED, e possui o not\u00e1vel certificado de efici\u00eancia classe A +, que assim a certifica. Isso se traduz em uma grande economia de consumo e despesa em compara\u00e7\u00e3o com o uso de l\u00e2mpadas incandescentes tradicionais. esSENSE STANDARD basic est\u00e1 equipado com 5.000 K LEDs com temperatura de cor e tom de luz ligeiramente frio, e oferece um fluxo luminoso de 1.191 lumens. Al\u00e9m de economizar no consumo, essa l\u00e2mpada possui longa vida \u00fatil de 15.000 horas, reduzindo ao m\u00ednimo seu custo de manuten\u00e7\u00e3o. A ilumina\u00e7\u00e3o do espa\u00e7o \u00e9 da mais alta qualidade gra\u00e7as a um \u00e2ngulo de abertura muito amplo (180 \u00b0) e ao \u00edndice de reprodu\u00e7\u00e3o de cores Ra&gt; 80, que garante uma reprodu\u00e7\u00e3o fiel das cores dos objetos iluminados. A l\u00e2mpada b\u00e1sica esSENSE STANDARD possui um soquete E27, um difusor opalino e \u00e9 branca. Com um formato de l\u00e2mpada padr\u00e3o cl\u00e1ssico, suas dimens\u00f5es s\u00e3o \u00f870 x 129 mm.<\/p>\n","protected":false},"featured_media":51507,"template":"","meta":[],"product_cat":[15],"product_tag":[],"familia":[{"id":25244,"name":"ESSENSE STANDARD","slug":"essense-standard-pt"}],"acf":[],"_links":{"self":[{"href":"https:\/\/prilux.es\/pt-pt\/wp-json\/wp\/v2\/product\/1223141"}],"collection":[{"href":"https:\/\/prilux.es\/pt-pt\/wp-json\/wp\/v2\/product"}],"about":[{"href":"https:\/\/prilux.es\/pt-pt\/wp-json\/wp\/v2\/types\/product"}],"version-history":[{"count":0,"href":"https:\/\/prilux.es\/pt-pt\/wp-json\/wp\/v2\/product\/1223141\/revisions"}],"wp:featuredmedia":[{"embeddable":true,"href":"https:\/\/prilux.es\/pt-pt\/wp-json\/wp\/v2\/media\/51507"}],"wp:attachment":[{"href":"https:\/\/prilux.es\/pt-pt\/wp-json\/wp\/v2\/media?parent=1223141"}],"wp:term":[{"taxonomy":"product_cat","embeddable":true,"href":"https:\/\/prilux.es\/pt-pt\/wp-json\/wp\/v2\/product_cat?post=1223141"},{"taxonomy":"product_tag","embeddable":true,"href":"https:\/\/prilux.es\/pt-pt\/wp-json\/wp\/v2\/product_tag?post=1223141"},{"taxonomy":"familia","embeddable":true,"href":"https:\/\/prilux.es\/pt-pt\/wp-json\/wp\/v2\/familia?post=1223141"}],"curies":[{"name":"wp","href":"https:\/\/api.w.org\/{rel}","templated":true}]}}