{"id":1223284,"date":"2023-08-09T13:21:59","date_gmt":"2023-08-09T12:21:59","guid":{"rendered":"https:\/\/prilux.es\/product\/icon-basic-65w-840-38o-gu10-230v-erp\/"},"modified":"2024-10-28T10:53:08","modified_gmt":"2024-10-28T09:53:08","slug":"icon-basic-65w-840-38o-gu10-230v-erp","status":"publish","type":"product","link":"https:\/\/prilux.es\/pt-pt\/produto\/icon-basic-65w-840-38o-gu10-230v-erp\/","title":{"rendered":"ICON BASIC 6,5W 840 38\u00ba GU10 230V ERP"},"content":{"rendered":"<p>\u00cdcone de l\u00e2mpada LED basic de baixo consumo, da fam\u00edlia Prilux LED BASIC. Com uma pot\u00eancia de 6,5W, a uma tens\u00e3o de 230V AC. A l\u00e2mpada economizadora oferece um fluxo luminoso de 600 lumens e est\u00e1 equipada com l\u00e2mpadas LED de 4000K com uma temperatura de cor e um tom de luz quente. Esta l\u00e2mpada, que tem um corpo branco, tem um soquete GU10 e o \u00e2ngulo de feixe \u00e9 38\u00b0. A excelente economia de consumo oferecida por esta l\u00e2mpada \u00e9 demonstrada pela sua classe de efici\u00eancia energ\u00e9tica, que corresponde \u00e0 classe F. Esta economia, aliada \u00e0 sua longa vida \u00fatil que ultrapassa 25.000 horas de uso, fazem dela uma l\u00e2mpada com custo m\u00ednimo de manuten\u00e7\u00e3o e que representa uma economia de consumo de 90% em rela\u00e7\u00e3o a uma l\u00e2mpada hal\u00f3gena. Com um \u00edndice de reprodu\u00e7\u00e3o de cores de Ra&gt; 80, esta l\u00e2mpada ilumina fielmente as cores dos objetos iluminados. Tem a capacidade de trabalhar em temperaturas que variam de -5 \u00b0 C a 35 \u00b0 C. As dimens\u00f5es desta l\u00e2mpada b\u00e1sica \u00edcone s\u00e3o \u00f850 x 58 mm.<\/p>\n","protected":false},"excerpt":{"rendered":"<p>\u00cdcone de l\u00e2mpada LED basic de baixo consumo, da fam\u00edlia Prilux LED BASIC. Com uma pot\u00eancia de 6,5W, a uma tens\u00e3o de 230V AC. A l\u00e2mpada economizadora oferece um fluxo luminoso de 600 lumens e est\u00e1 equipada com l\u00e2mpadas LED de 4000K com uma temperatura de cor e um tom de luz quente. Esta l\u00e2mpada, que tem um corpo branco, tem um soquete GU10 e o \u00e2ngulo de feixe \u00e9 38\u00b0. A excelente economia de consumo oferecida por esta l\u00e2mpada \u00e9 demonstrada pela sua classe de efici\u00eancia energ\u00e9tica, que corresponde \u00e0 classe F. Esta economia, aliada \u00e0 sua longa vida \u00fatil que ultrapassa 25.000 horas de uso, fazem dela uma l\u00e2mpada com custo m\u00ednimo de manuten\u00e7\u00e3o e que representa uma economia de consumo de 90% em rela\u00e7\u00e3o a uma l\u00e2mpada hal\u00f3gena. Com um \u00edndice de reprodu\u00e7\u00e3o de cores de Ra&gt; 80, esta l\u00e2mpada ilumina fielmente as cores dos objetos iluminados. Tem a capacidade de trabalhar em temperaturas que variam de -5 \u00b0 C a 35 \u00b0 C. As dimens\u00f5es desta l\u00e2mpada b\u00e1sica \u00edcone s\u00e3o \u00f850 x 58 mm.<\/p>\n","protected":false},"featured_media":50209,"template":"","meta":[],"product_cat":[15],"product_tag":[],"familia":[{"id":25247,"name":"ICON","slug":"icon-pt"}],"acf":[],"_links":{"self":[{"href":"https:\/\/prilux.es\/pt-pt\/wp-json\/wp\/v2\/product\/1223284"}],"collection":[{"href":"https:\/\/prilux.es\/pt-pt\/wp-json\/wp\/v2\/product"}],"about":[{"href":"https:\/\/prilux.es\/pt-pt\/wp-json\/wp\/v2\/types\/product"}],"version-history":[{"count":0,"href":"https:\/\/prilux.es\/pt-pt\/wp-json\/wp\/v2\/product\/1223284\/revisions"}],"wp:featuredmedia":[{"embeddable":true,"href":"https:\/\/prilux.es\/pt-pt\/wp-json\/wp\/v2\/media\/50209"}],"wp:attachment":[{"href":"https:\/\/prilux.es\/pt-pt\/wp-json\/wp\/v2\/media?parent=1223284"}],"wp:term":[{"taxonomy":"product_cat","embeddable":true,"href":"https:\/\/prilux.es\/pt-pt\/wp-json\/wp\/v2\/product_cat?post=1223284"},{"taxonomy":"product_tag","embeddable":true,"href":"https:\/\/prilux.es\/pt-pt\/wp-json\/wp\/v2\/product_tag?post=1223284"},{"taxonomy":"familia","embeddable":true,"href":"https:\/\/prilux.es\/pt-pt\/wp-json\/wp\/v2\/familia?post=1223284"}],"curies":[{"name":"wp","href":"https:\/\/api.w.org\/{rel}","templated":true}]}}