{"id":1223350,"date":"2021-10-25T13:48:29","date_gmt":"2021-10-25T12:48:29","guid":{"rendered":"https:\/\/prilux.es\/product\/essense-compact-smart-led-15w-842-e14-230v\/"},"modified":"2024-10-28T11:00:26","modified_gmt":"2024-10-28T10:00:26","slug":"essense-compact-smart-led-15w-842-e14-230v","status":"publish","type":"product","link":"https:\/\/prilux.es\/pt-pt\/produto\/essense-compact-smart-led-15w-842-e14-230v\/","title":{"rendered":"ESSENSE COMPACT SMART LED 1,5W 842 E14 230V"},"content":{"rendered":"<p>EsSENSE COMPACT L\u00e2mpada LED inteligente com 1,5W de pot\u00eancia, a uma tens\u00e3o de 230V AC, da fam\u00edlia PRILUX LED SMART. \u00c9 uma pequena l\u00e2mpada LED de elevada efici\u00eancia que proporciona significativas poupan\u00e7as de consumo gra\u00e7as \u00e0 sua tecnologia LED, e possui o excelente certificado de efici\u00eancia classe A ++ que a certifica. Isso se traduz em uma economia de consumo de 94% em rela\u00e7\u00e3o ao uso das tradicionais l\u00e2mpadas incandescentes. EsSENSE COMPACT smart est\u00e1 equipado com 4.200K LEDs com temperatura de cor e tom de luz neutro, e oferece um fluxo luminoso de 192 lumens. Al\u00e9m de economizar no consumo, essa l\u00e2mpada possui longa vida \u00fatil de 25.000 horas, reduzindo ao m\u00ednimo seu custo de manuten\u00e7\u00e3o. A ilumina\u00e7\u00e3o do espa\u00e7o \u00e9 da mais alta qualidade gra\u00e7as ao \u00edndice de restitui\u00e7\u00e3o de cores Ra&gt; 80, que garante uma reprodu\u00e7\u00e3o fiel das cores dos objetos iluminados. Com um \u00e2ngulo de feixe de 200 \u00b0. A l\u00e2mpada inteligente esSENSE COMPACT tem um soquete E14 e difusor de opala. Pequeno em tamanho, mede \u00f819 x 62 mm.<\/p>\n","protected":false},"excerpt":{"rendered":"<p>EsSENSE COMPACT L\u00e2mpada LED inteligente com 1,5W de pot\u00eancia, a uma tens\u00e3o de 230V AC, da fam\u00edlia PRILUX LED SMART. \u00c9 uma pequena l\u00e2mpada LED de elevada efici\u00eancia que proporciona significativas poupan\u00e7as de consumo gra\u00e7as \u00e0 sua tecnologia LED, e possui o excelente certificado de efici\u00eancia classe A ++ que a certifica. Isso se traduz em uma economia de consumo de 94% em rela\u00e7\u00e3o ao uso das tradicionais l\u00e2mpadas incandescentes. EsSENSE COMPACT smart est\u00e1 equipado com 4.200K LEDs com temperatura de cor e tom de luz neutro, e oferece um fluxo luminoso de 192 lumens. Al\u00e9m de economizar no consumo, essa l\u00e2mpada possui longa vida \u00fatil de 25.000 horas, reduzindo ao m\u00ednimo seu custo de manuten\u00e7\u00e3o. A ilumina\u00e7\u00e3o do espa\u00e7o \u00e9 da mais alta qualidade gra\u00e7as ao \u00edndice de restitui\u00e7\u00e3o de cores Ra&gt; 80, que garante uma reprodu\u00e7\u00e3o fiel das cores dos objetos iluminados. Com um \u00e2ngulo de feixe de 200 \u00b0. A l\u00e2mpada inteligente esSENSE COMPACT tem um soquete E14 e difusor de opala. Pequeno em tamanho, mede \u00f819 x 62 mm.<\/p>\n","protected":false},"featured_media":52044,"template":"","meta":[],"product_cat":[15],"product_tag":[],"familia":[{"id":25237,"name":"ESSENSE COMPACT","slug":"essense-compact-pt"}],"acf":[],"_links":{"self":[{"href":"https:\/\/prilux.es\/pt-pt\/wp-json\/wp\/v2\/product\/1223350"}],"collection":[{"href":"https:\/\/prilux.es\/pt-pt\/wp-json\/wp\/v2\/product"}],"about":[{"href":"https:\/\/prilux.es\/pt-pt\/wp-json\/wp\/v2\/types\/product"}],"version-history":[{"count":0,"href":"https:\/\/prilux.es\/pt-pt\/wp-json\/wp\/v2\/product\/1223350\/revisions"}],"wp:featuredmedia":[{"embeddable":true,"href":"https:\/\/prilux.es\/pt-pt\/wp-json\/wp\/v2\/media\/52044"}],"wp:attachment":[{"href":"https:\/\/prilux.es\/pt-pt\/wp-json\/wp\/v2\/media?parent=1223350"}],"wp:term":[{"taxonomy":"product_cat","embeddable":true,"href":"https:\/\/prilux.es\/pt-pt\/wp-json\/wp\/v2\/product_cat?post=1223350"},{"taxonomy":"product_tag","embeddable":true,"href":"https:\/\/prilux.es\/pt-pt\/wp-json\/wp\/v2\/product_tag?post=1223350"},{"taxonomy":"familia","embeddable":true,"href":"https:\/\/prilux.es\/pt-pt\/wp-json\/wp\/v2\/familia?post=1223350"}],"curies":[{"name":"wp","href":"https:\/\/api.w.org\/{rel}","templated":true}]}}