{"id":1223473,"date":"2021-10-25T13:58:48","date_gmt":"2021-10-25T12:58:48","guid":{"rendered":"https:\/\/prilux.es\/product\/essense-r80-smart-9w-850-e27-230v-2\/"},"modified":"2024-10-28T11:16:47","modified_gmt":"2024-10-28T10:16:47","slug":"essense-r80-smart-9w-850-e27-230v-2","status":"publish","type":"product","link":"https:\/\/prilux.es\/pt-pt\/produto\/essense-r80-smart-9w-850-e27-230v-2\/","title":{"rendered":"ESSENSE R80 SMART 9W 850 E27 230V"},"content":{"rendered":"<p>EsSENSE R80 l\u00e2mpada reflectora inteligente LED com 9 W de pot\u00eancia, 230 V CA, da fam\u00edlia PRILUX LED SMART. \u00c9 uma l\u00e2mpada R80 com tecnologia LED que proporciona excelente economia de consumo, e possui o excelente certificado de efici\u00eancia classe A +, que a atesta. Isso se traduz em uma grande economia de consumo de 80% em rela\u00e7\u00e3o ao uso das tradicionais l\u00e2mpadas incandescentes. EsSENSE R80 smart est\u00e1 equipado com 5.000 K LEDs com temperatura de cor e tom de luz ligeiramente frio, e oferece um fluxo luminoso de 763 lumens. Al\u00e9m de economizar no consumo, essa l\u00e2mpada possui longa vida \u00fatil que chega a 30.000 horas, reduzindo ao m\u00ednimo seu custo de manuten\u00e7\u00e3o. O \u00e2ngulo do feixe \u00e9 de 120 \u00b0 e a ilumina\u00e7\u00e3o do espa\u00e7o \u00e9 da mais alta qualidade gra\u00e7as ao seu \u00edndice de reprodu\u00e7\u00e3o de cores Ra&gt; 80, que garante uma reprodu\u00e7\u00e3o fiel das cores dos objetos iluminados. A l\u00e2mpada inteligente esSENSE R80 tem um soquete E27 e \u00e9 cinza. Tem a forma de uma l\u00e2mpada R80 e as dimens\u00f5es s\u00e3o \u00f880 x 116 mm.<\/p>\n","protected":false},"excerpt":{"rendered":"<p>EsSENSE R80 l\u00e2mpada reflectora inteligente LED com 9 W de pot\u00eancia, 230 V CA, da fam\u00edlia PRILUX LED SMART. \u00c9 uma l\u00e2mpada R80 com tecnologia LED que proporciona excelente economia de consumo, e possui o excelente certificado de efici\u00eancia classe A +, que a atesta. Isso se traduz em uma grande economia de consumo de 80% em rela\u00e7\u00e3o ao uso das tradicionais l\u00e2mpadas incandescentes. EsSENSE R80 smart est\u00e1 equipado com 5.000 K LEDs com temperatura de cor e tom de luz ligeiramente frio, e oferece um fluxo luminoso de 763 lumens. Al\u00e9m de economizar no consumo, essa l\u00e2mpada possui longa vida \u00fatil que chega a 30.000 horas, reduzindo ao m\u00ednimo seu custo de manuten\u00e7\u00e3o. O \u00e2ngulo do feixe \u00e9 de 120 \u00b0 e a ilumina\u00e7\u00e3o do espa\u00e7o \u00e9 da mais alta qualidade gra\u00e7as ao seu \u00edndice de reprodu\u00e7\u00e3o de cores Ra&gt; 80, que garante uma reprodu\u00e7\u00e3o fiel das cores dos objetos iluminados. A l\u00e2mpada inteligente esSENSE R80 tem um soquete E27 e \u00e9 cinza. Tem a forma de uma l\u00e2mpada R80 e as dimens\u00f5es s\u00e3o \u00f880 x 116 mm.<\/p>\n","protected":false},"featured_media":51228,"template":"","meta":[],"product_cat":[15],"product_tag":[],"familia":[{"id":25242,"name":"ESSENSE REFLECTOR","slug":"essense-reflector-pt"}],"acf":[],"_links":{"self":[{"href":"https:\/\/prilux.es\/pt-pt\/wp-json\/wp\/v2\/product\/1223473"}],"collection":[{"href":"https:\/\/prilux.es\/pt-pt\/wp-json\/wp\/v2\/product"}],"about":[{"href":"https:\/\/prilux.es\/pt-pt\/wp-json\/wp\/v2\/types\/product"}],"version-history":[{"count":0,"href":"https:\/\/prilux.es\/pt-pt\/wp-json\/wp\/v2\/product\/1223473\/revisions"}],"wp:featuredmedia":[{"embeddable":true,"href":"https:\/\/prilux.es\/pt-pt\/wp-json\/wp\/v2\/media\/51228"}],"wp:attachment":[{"href":"https:\/\/prilux.es\/pt-pt\/wp-json\/wp\/v2\/media?parent=1223473"}],"wp:term":[{"taxonomy":"product_cat","embeddable":true,"href":"https:\/\/prilux.es\/pt-pt\/wp-json\/wp\/v2\/product_cat?post=1223473"},{"taxonomy":"product_tag","embeddable":true,"href":"https:\/\/prilux.es\/pt-pt\/wp-json\/wp\/v2\/product_tag?post=1223473"},{"taxonomy":"familia","embeddable":true,"href":"https:\/\/prilux.es\/pt-pt\/wp-json\/wp\/v2\/familia?post=1223473"}],"curies":[{"name":"wp","href":"https:\/\/api.w.org\/{rel}","templated":true}]}}