{"id":1223579,"date":"2022-01-05T14:29:47","date_gmt":"2022-01-05T13:29:47","guid":{"rendered":"https:\/\/prilux.es\/product\/icon-evo-smart-7w-840-gu10-230v-35o-2\/"},"modified":"2026-01-22T08:03:04","modified_gmt":"2026-01-22T07:03:04","slug":"icon-evo-smart-7w-840-gu10-230v-35o","status":"publish","type":"product","link":"https:\/\/prilux.es\/pt-pt\/produto\/icon-evo-smart-7w-840-gu10-230v-35o\/","title":{"rendered":"ICON EVO SMART 7W 840 GU10 230V 35\u00ba"},"content":{"rendered":"<p>L\u00e2mpada LED economizadora de energia Icon EVO, da fam\u00edlia Prilux LED SMART. Com uma pot\u00eancia de 7W, a uma tens\u00e3o de 230V AC. A l\u00e2mpada economizadora oferece um fluxo luminoso de 608 lumens e est\u00e1 equipada com l\u00e2mpadas LED de 4.000K com temperatura de cor e tom de luz neutro. Esta l\u00e2mpada, que possui um corpo branco, possui um soquete GU10 e o \u00e2ngulo de feixe \u00e9 de 35 \u00b0. A excelente economia de consumo oferecida por esta l\u00e2mpada \u00e9 demonstrada pela sua classe de efici\u00eancia energ\u00e9tica, que corresponde \u00e0 classe A +. Esta economia, aliada \u00e0 sua longa vida \u00fatil que ultrapassa 40.000 horas de uso, fazem dela uma l\u00e2mpada com custo m\u00ednimo de manuten\u00e7\u00e3o e que representa uma economia de consumo de 90% em rela\u00e7\u00e3o a uma l\u00e2mpada hal\u00f3gena. Com um \u00edndice de reprodu\u00e7\u00e3o de cores de Ra&gt; 80, esta l\u00e2mpada ilumina fielmente as cores dos objetos iluminados. Tem a capacidade de trabalhar em temperaturas que variam de -5 \u00b0 C a 35 \u00b0 C. As dimens\u00f5es desta l\u00e2mpada inteligente EVO \u00edcone s\u00e3o \u00f850 x 58 mm.<\/p>\n","protected":false},"excerpt":{"rendered":"<p>L\u00e2mpada LED economizadora de energia Icon EVO, da fam\u00edlia Prilux LED SMART. Com uma pot\u00eancia de 7W, a uma tens\u00e3o de 230V AC. A l\u00e2mpada economizadora oferece um fluxo luminoso de 608 lumens e est\u00e1 equipada com l\u00e2mpadas LED de 4.000K com temperatura de cor e tom de luz neutro. Esta l\u00e2mpada, que possui um corpo branco, possui um soquete GU10 e o \u00e2ngulo de feixe \u00e9 de 35 \u00b0. A excelente economia de consumo oferecida por esta l\u00e2mpada \u00e9 demonstrada pela sua classe de efici\u00eancia energ\u00e9tica, que corresponde \u00e0 classe A +. Esta economia, aliada \u00e0 sua longa vida \u00fatil que ultrapassa 40.000 horas de uso, fazem dela uma l\u00e2mpada com custo m\u00ednimo de manuten\u00e7\u00e3o e que representa uma economia de consumo de 90% em rela\u00e7\u00e3o a uma l\u00e2mpada hal\u00f3gena. Com um \u00edndice de reprodu\u00e7\u00e3o de cores de Ra&gt; 80, esta l\u00e2mpada ilumina fielmente as cores dos objetos iluminados. Tem a capacidade de trabalhar em temperaturas que variam de -5 \u00b0 C a 35 \u00b0 C. As dimens\u00f5es desta l\u00e2mpada inteligente EVO \u00edcone s\u00e3o \u00f850 x 58 mm.<\/p>\n","protected":false},"featured_media":2304130,"template":"","meta":[],"product_cat":[15],"product_tag":[],"familia":[{"id":25247,"name":"ICON","slug":"icon-pt"}],"acf":[],"_links":{"self":[{"href":"https:\/\/prilux.es\/pt-pt\/wp-json\/wp\/v2\/product\/1223579"}],"collection":[{"href":"https:\/\/prilux.es\/pt-pt\/wp-json\/wp\/v2\/product"}],"about":[{"href":"https:\/\/prilux.es\/pt-pt\/wp-json\/wp\/v2\/types\/product"}],"version-history":[{"count":0,"href":"https:\/\/prilux.es\/pt-pt\/wp-json\/wp\/v2\/product\/1223579\/revisions"}],"wp:featuredmedia":[{"embeddable":true,"href":"https:\/\/prilux.es\/pt-pt\/wp-json\/wp\/v2\/media\/2304130"}],"wp:attachment":[{"href":"https:\/\/prilux.es\/pt-pt\/wp-json\/wp\/v2\/media?parent=1223579"}],"wp:term":[{"taxonomy":"product_cat","embeddable":true,"href":"https:\/\/prilux.es\/pt-pt\/wp-json\/wp\/v2\/product_cat?post=1223579"},{"taxonomy":"product_tag","embeddable":true,"href":"https:\/\/prilux.es\/pt-pt\/wp-json\/wp\/v2\/product_tag?post=1223579"},{"taxonomy":"familia","embeddable":true,"href":"https:\/\/prilux.es\/pt-pt\/wp-json\/wp\/v2\/familia?post=1223579"}],"curies":[{"name":"wp","href":"https:\/\/api.w.org\/{rel}","templated":true}]}}