{"id":1223636,"date":"2021-10-25T14:10:32","date_gmt":"2021-10-25T13:10:32","guid":{"rendered":"https:\/\/prilux.es\/product\/fisense-gold-drop-smart-4w-825-e27-dim-2\/"},"modified":"2026-01-30T10:40:34","modified_gmt":"2026-01-30T09:40:34","slug":"fisense-gold-drop-smart-4w-825-e27-dim","status":"publish","type":"product","link":"https:\/\/prilux.es\/pt-pt\/produto\/fisense-gold-drop-smart-4w-825-e27-dim\/","title":{"rendered":"FISENSE GOLD DROP SMART 4W 825 E27 DIM"},"content":{"rendered":"<p>A l\u00e2mpada LED b\u00e1sica fiSENSE GOLD DROP, com 4W de pot\u00eancia a 230V AC. \u00c9 uma l\u00e2mpada de baix\u00edssimo consumo e com alt\u00edssima capacidade de economia, certificada com o excelente n\u00edvel de efici\u00eancia energ\u00e9tica A ++ e que representa uma economia de 98% no consumo em rela\u00e7\u00e3o \u00e0s l\u00e2mpadas incandescentes. Seu custo de manuten\u00e7\u00e3o \u00e9 muito baixo, gra\u00e7as n\u00e3o s\u00f3 \u00e0 sua baixa pot\u00eancia, mas tamb\u00e9m \u00e0 sua vida \u00fatil prolongada, que ultrapassa 15.000 horas. Esta l\u00e2mpada LED b\u00e1sica fiSENSE GOLD DROP \u00e9 regul\u00e1vel, adequada para um dimmer incandescente convencional ou TRIAC. Esta l\u00e2mpada possui um filamento LED e um difusor transparente. Com um fluxo luminoso de 458 l\u00famens, que possui capacidades luminosas de primeira linha, como um \u00e2ngulo do feixe de at\u00e9 280 \u00b0, e um \u00edndice de restitui\u00e7\u00e3o de cor Ra&gt; 80, o que garante uma reprodu\u00e7\u00e3o fiel das cores dos objectos iluminados. Equipado com uma temperatura de cor de 2.500K e fonte de luz LED de tom de luz quente. Com formato tradicional de l\u00e2mpada incandescente, possui soquete E27 e suas dimens\u00f5es s\u00e3o \u00f858 x 134mm.<\/p>\n","protected":false},"excerpt":{"rendered":"<p>A l\u00e2mpada LED b\u00e1sica fiSENSE GOLD DROP, com 4W de pot\u00eancia a 230V AC. \u00c9 uma l\u00e2mpada de baix\u00edssimo consumo e com alt\u00edssima capacidade de economia, certificada com o excelente n\u00edvel de efici\u00eancia energ\u00e9tica A ++ e que representa uma economia de 98% no consumo em rela\u00e7\u00e3o \u00e0s l\u00e2mpadas incandescentes. Seu custo de manuten\u00e7\u00e3o \u00e9 muito baixo, gra\u00e7as n\u00e3o s\u00f3 \u00e0 sua baixa pot\u00eancia, mas tamb\u00e9m \u00e0 sua vida \u00fatil prolongada, que ultrapassa 15.000 horas. Esta l\u00e2mpada LED b\u00e1sica fiSENSE GOLD DROP \u00e9 regul\u00e1vel, adequada para um dimmer incandescente convencional ou TRIAC. Esta l\u00e2mpada possui um filamento LED e um difusor transparente. Com um fluxo luminoso de 458 l\u00famens, que possui capacidades luminosas de primeira linha, como um \u00e2ngulo do feixe de at\u00e9 280 \u00b0, e um \u00edndice de restitui\u00e7\u00e3o de cor Ra&gt; 80, o que garante uma reprodu\u00e7\u00e3o fiel das cores dos objectos iluminados. Equipado com uma temperatura de cor de 2.500K e fonte de luz LED de tom de luz quente. Com formato tradicional de l\u00e2mpada incandescente, possui soquete E27 e suas dimens\u00f5es s\u00e3o \u00f858 x 134mm.<\/p>\n","protected":false},"featured_media":0,"template":"","meta":[],"product_cat":[15],"product_tag":[],"familia":[{"id":6471,"name":"FISENSE GOLD","slug":"fisense-gold"}],"acf":[],"_links":{"self":[{"href":"https:\/\/prilux.es\/pt-pt\/wp-json\/wp\/v2\/product\/1223636"}],"collection":[{"href":"https:\/\/prilux.es\/pt-pt\/wp-json\/wp\/v2\/product"}],"about":[{"href":"https:\/\/prilux.es\/pt-pt\/wp-json\/wp\/v2\/types\/product"}],"version-history":[{"count":0,"href":"https:\/\/prilux.es\/pt-pt\/wp-json\/wp\/v2\/product\/1223636\/revisions"}],"wp:attachment":[{"href":"https:\/\/prilux.es\/pt-pt\/wp-json\/wp\/v2\/media?parent=1223636"}],"wp:term":[{"taxonomy":"product_cat","embeddable":true,"href":"https:\/\/prilux.es\/pt-pt\/wp-json\/wp\/v2\/product_cat?post=1223636"},{"taxonomy":"product_tag","embeddable":true,"href":"https:\/\/prilux.es\/pt-pt\/wp-json\/wp\/v2\/product_tag?post=1223636"},{"taxonomy":"familia","embeddable":true,"href":"https:\/\/prilux.es\/pt-pt\/wp-json\/wp\/v2\/familia?post=1223636"}],"curies":[{"name":"wp","href":"https:\/\/api.w.org\/{rel}","templated":true}]}}